{"id":1001107,"date":"2025-05-07T11:22:43","date_gmt":"2025-05-07T09:22:43","guid":{"rendered":"https:\/\/www.lenotti.com\/?page_id=1001107"},"modified":"2026-03-23T17:41:17","modified_gmt":"2026-03-23T16:41:17","slug":"i-menu-lenotti-costadoro","status":"publish","type":"page","link":"https:\/\/www.lenotti.com\/en\/i-menu-lenotti-costadoro\/","title":{"rendered":"I menu Lenotti Costadoro"},"content":{"rendered":"<div data-elementor-type=\"wp-page\" data-elementor-id=\"1001107\" class=\"elementor elementor-1001107\" data-elementor-post-type=\"page\">\n\t\t\t\t\t\t\t\t\t<section class=\"elementor-section elementor-top-section elementor-element elementor-element-6857dd5 elementor-section-height-min-height elementor-section-content-bottom elementor-section-boxed elementor-section-height-default elementor-section-items-middle\" data-id=\"6857dd5\" data-element_type=\"section\" data-settings=\"{&quot;background_background&quot;:&quot;classic&quot;}\">\n\t\t\t\t\t\t\t<div class=\"elementor-background-overlay\"><\/div>\n\t\t\t\t\t\t\t<div class=\"elementor-container elementor-column-gap-default\">\n\t\t\t\t\t<div class=\"elementor-column elementor-col-100 elementor-top-column elementor-element elementor-element-b7e47bc\" data-id=\"b7e47bc\" data-element_type=\"column\">\n\t\t\t<div class=\"elementor-widget-wrap elementor-element-populated\">\n\t\t\t\t\t\t\t\t<div class=\"elementor-element elementor-element-cff5de2 elementor-widget elementor-widget-heading\" data-id=\"cff5de2\" data-element_type=\"widget\" data-widget_type=\"heading.default\">\n\t\t\t\t<div class=\"elementor-widget-container\">\n\t\t\t<h1 class=\"elementor-heading-title elementor-size-default\">Menu Lenotti <br> Ristorante Costadoro<\/h1>\t\t<\/div>\n\t\t\t\t<\/div>\n\t\t\t\t\t<\/div>\n\t\t<\/div>\n\t\t\t\t\t\t\t<\/div>\n\t\t<\/section>\n\t\t<div class=\"elementor-element elementor-element-61d0963 e-flex e-con-boxed e-con\" data-id=\"61d0963\" data-element_type=\"container\" data-settings=\"{&quot;content_width&quot;:&quot;boxed&quot;}\">\n\t\t\t\t\t<div class=\"e-con-inner\">\n\t\t<div class=\"elementor-element elementor-element-923fb7b e-flex e-con-boxed e-con\" data-id=\"923fb7b\" data-element_type=\"container\" data-settings=\"{&quot;content_width&quot;:&quot;boxed&quot;}\">\n\t\t\t\t\t<div class=\"e-con-inner\">\n\t\t\t\t<div class=\"elementor-element elementor-element-46049df elementor-widget elementor-widget-text-editor\" data-id=\"46049df\" data-element_type=\"widget\" data-widget_type=\"text-editor.default\">\n\t\t\t\t<div class=\"elementor-widget-container\">\n\t\t\t\t\t\t\t<p style=\"text-align: center;\">Discover at the Ristorante Costadoro the two nuances of the Lenotti gastronomic experience we have created for you. The complete menu is an invitation to explore the depth and variety of flavors of our territory, a true journey for the most discerning palates.<\/p>\n<p style=\"text-align: center;\">For those who wish to savor our quality without the need for a full meal, the 'Light Menu' version offers the same attention to detail and taste in a lighter format, giving the option to choose between a first or a second course.<\/p>\t\t\t\t\t\t<\/div>\n\t\t\t\t<\/div>\n\t\t\t\t\t<\/div>\n\t\t\t\t<\/div>\n\t\t\t\t\t<\/div>\n\t\t\t\t<\/div>\n\t\t<div class=\"elementor-element elementor-element-3610f90 e-flex e-con-boxed e-con\" data-id=\"3610f90\" data-element_type=\"container\" data-settings=\"{&quot;content_width&quot;:&quot;boxed&quot;}\">\n\t\t\t\t\t<div class=\"e-con-inner\">\n\t\t<div class=\"elementor-element elementor-element-3f695b1 e-con-full e-flex e-con\" data-id=\"3f695b1\" data-element_type=\"container\" data-settings=\"{&quot;content_width&quot;:&quot;full&quot;}\">\n\t\t\t\t<div class=\"elementor-element elementor-element-4c70fdc elementor-cta--skin-classic elementor-animated-content elementor-bg-transform elementor-bg-transform-zoom-in elementor-widget elementor-widget-call-to-action\" data-id=\"4c70fdc\" data-element_type=\"widget\" data-widget_type=\"call-to-action.default\">\n\t\t\t\t<div class=\"elementor-widget-container\">\n\t\t\t\t\t<div class=\"elementor-cta\">\n\t\t\t\t\t<div class=\"elementor-cta__bg-wrapper\">\n\t\t\t\t<div class=\"elementor-cta__bg elementor-bg\" style=\"background-image: url(https:\/\/www.lenotti.com\/wp-content\/uploads\/2025\/04\/Menu-Lenotti-Ristorante-Costadoro-4-1024x768.jpeg);\" role=\"img\" aria-label=\"Menu Lenotti Ristorante Costadoro (4)\"><\/div>\n\t\t\t\t<div class=\"elementor-cta__bg-overlay\"><\/div>\n\t\t\t<\/div>\n\t\t\t\t\t\t\t<div class=\"elementor-cta__content\">\n\t\t\t\t\n\t\t\t\t<h2 class=\"elementor-cta__title elementor-cta__content-item elementor-content-item translation-block\">Full <br>  Menu<\/h2>\n\t\t\t\t\t\t\t\t\t<div class=\"elementor-cta__description elementor-cta__content-item elementor-content-item\">\n\t\t\t\t\t\t\u20ac 85 p.p<br>\n<strong><span style=\"color: #339966;\">Vegan option available<\/span><\/strong><\/p> <br>\n<strong><span style=\"color: #786208;\">Gluten-free option available<\/span><\/strong>\t\t\t\t\t<\/div>\n\t\t\t\t\n\t\t\t\t\t\t\t\t\t<div class=\"elementor-cta__button-wrapper elementor-cta__content-item elementor-content-item\">\n\t\t\t\t\t<a class=\"elementor-cta__button elementor-button elementor-size-sm\" href=\"https:\/\/www.lenotti.com\/en\/menu-lenotti-costadoro-bardolino\/\">\n\t\t\t\t\t\tSee the menu\t\t\t\t\t<\/a>\n\t\t\t\t\t<\/div>\n\t\t\t\t\t\t\t<\/div>\n\t\t\t\t\t\t<\/div>\n\t\t\t\t<\/div>\n\t\t\t\t<\/div>\n\t\t\t\t<\/div>\n\t\t<div class=\"elementor-element elementor-element-6f8386c e-con-full e-flex e-con\" data-id=\"6f8386c\" data-element_type=\"container\" data-settings=\"{&quot;content_width&quot;:&quot;full&quot;}\">\n\t\t\t\t<div class=\"elementor-element elementor-element-98c84e3 elementor-cta--skin-classic elementor-animated-content elementor-bg-transform elementor-bg-transform-zoom-in elementor-widget elementor-widget-call-to-action\" data-id=\"98c84e3\" data-element_type=\"widget\" data-widget_type=\"call-to-action.default\">\n\t\t\t\t<div class=\"elementor-widget-container\">\n\t\t\t\t\t<div class=\"elementor-cta\">\n\t\t\t\t\t<div class=\"elementor-cta__bg-wrapper\">\n\t\t\t\t<div class=\"elementor-cta__bg elementor-bg\" style=\"background-image: url(https:\/\/www.lenotti.com\/wp-content\/uploads\/2025\/04\/Menu-Lenotti-Ristorante-Costadoro-5-1024x768.jpeg);\" role=\"img\" aria-label=\"Menu Lenotti Ristorante Costadoro (5)\"><\/div>\n\t\t\t\t<div class=\"elementor-cta__bg-overlay\"><\/div>\n\t\t\t<\/div>\n\t\t\t\t\t\t\t<div class=\"elementor-cta__content\">\n\t\t\t\t\n\t\t\t\t<h2 class=\"elementor-cta__title elementor-cta__content-item elementor-content-item translation-block\">Light <br> Menu<\/h2>\n\t\t\t\t\t\t\t\t\t<div class=\"elementor-cta__description elementor-cta__content-item elementor-content-item\">\n\t\t\t\t\t\t\u20ac 65 p.p<br>\n<strong><span style=\"color: #339966;\">Vegan option available<\/span><\/strong><\/p><br>\n<strong><span style=\"color: #786208;\">Gluten-free option available<\/span><\/strong>\t\t\t\t\t<\/div>\n\t\t\t\t\n\t\t\t\t\t\t\t\t\t<div class=\"elementor-cta__button-wrapper elementor-cta__content-item elementor-content-item\">\n\t\t\t\t\t<a class=\"elementor-cta__button elementor-button elementor-size-sm\" href=\"https:\/\/www.lenotti.com\/en\/menu-lenotti-costadoro-bardolino-ridotto\/\">\n\t\t\t\t\t\tSee the menu\t\t\t\t\t<\/a>\n\t\t\t\t\t<\/div>\n\t\t\t\t\t\t\t<\/div>\n\t\t\t\t\t\t<\/div>\n\t\t\t\t<\/div>\n\t\t\t\t<\/div>\n\t\t\t\t<\/div>\n\t\t\t\t\t<\/div>\n\t\t\t\t<\/div>\n\t\t\t\t\t\t\t<\/div>","protected":false},"excerpt":{"rendered":"<p>Menu Lenotti Ristorante Costadoro Scoprite al Ristorante Costadoro le due sfumature dell&#8217;esperienza gastronomica Lenotti che abbiamo creato per voi. Il menu completo \u00e8 un invito a esplorare la profondit\u00e0 e la variet\u00e0 dei sapori del nostro territorio, un vero e proprio percorso per i palati pi\u00f9 esigenti. Per chi desidera assaporare la nostra qualit\u00e0 senza&#8230;<\/p>","protected":false},"author":1,"featured_media":0,"parent":0,"menu_order":0,"comment_status":"closed","ping_status":"closed","template":"","meta":{"_mo_disable_npp":"","footnotes":""},"class_list":["post-1001107","page","type-page","status-publish","hentry"],"_links":{"self":[{"href":"https:\/\/www.lenotti.com\/en\/wp-json\/wp\/v2\/pages\/1001107","targetHints":{"allow":["GET"]}}],"collection":[{"href":"https:\/\/www.lenotti.com\/en\/wp-json\/wp\/v2\/pages"}],"about":[{"href":"https:\/\/www.lenotti.com\/en\/wp-json\/wp\/v2\/types\/page"}],"author":[{"embeddable":true,"href":"https:\/\/www.lenotti.com\/en\/wp-json\/wp\/v2\/users\/1"}],"replies":[{"embeddable":true,"href":"https:\/\/www.lenotti.com\/en\/wp-json\/wp\/v2\/comments?post=1001107"}],"version-history":[{"count":12,"href":"https:\/\/www.lenotti.com\/en\/wp-json\/wp\/v2\/pages\/1001107\/revisions"}],"predecessor-version":[{"id":1003172,"href":"https:\/\/www.lenotti.com\/en\/wp-json\/wp\/v2\/pages\/1001107\/revisions\/1003172"}],"wp:attachment":[{"href":"https:\/\/www.lenotti.com\/en\/wp-json\/wp\/v2\/media?parent=1001107"}],"curies":[{"name":"wp","href":"https:\/\/api.w.org\/{rel}","templated":true}]}}