{"id":995797,"date":"2022-08-29T15:04:31","date_gmt":"2022-08-29T13:04:31","guid":{"rendered":"https:\/\/www.lenotti.com\/?post_type=product&#038;p=995797"},"modified":"2025-02-04T11:05:18","modified_gmt":"2025-02-04T10:05:18","slug":"lugana-doc-famiglia","status":"publish","type":"product","link":"https:\/\/www.lenotti.com\/de\/product\/lugana-doc-famiglia\/","title":{"rendered":"Lugana DOC &#8220;Collezione Famiglia Lenotti&#8221;"},"content":{"rendered":"<div data-elementor-type=\"product-post\" data-elementor-id=\"995797\" class=\"elementor elementor-995797\" data-elementor-post-type=\"product\">\n\t\t\t\t\t\t\t<div class=\"elementor-element elementor-element-46c372a e-flex e-con-boxed e-con\" data-id=\"46c372a\" data-element_type=\"container\" data-settings=\"{&quot;content_width&quot;:&quot;boxed&quot;}\">\n\t\t\t\t\t<div class=\"e-con-inner\">\n\t\t\t\t<div class=\"elementor-element elementor-element-7be73a5 elementor-align-center elementor-widget elementor-widget-button\" data-id=\"7be73a5\" data-element_type=\"widget\" data-widget_type=\"button.default\">\n\t\t\t\t<div class=\"elementor-widget-container\">\n\t\t\t\t\t<div class=\"elementor-button-wrapper\">\n\t\t\t<a class=\"elementor-button elementor-button-link elementor-size-xl\" href=\"https:\/\/shop.lenotti.com\/de\/\">\n\t\t\t\t\t\t<span class=\"elementor-button-content-wrapper\">\n\t\t\t\t\t\t<span class=\"elementor-button-text\">KAUFEN<\/span>\n\t\t<\/span>\n\t\t\t\t\t<\/a>\n\t\t<\/div>\n\t\t\t\t<\/div>\n\t\t\t\t<\/div>\n\t\t\t\t\t<\/div>\n\t\t\t\t<\/div>\n\t\t\t\t\t\t\t<\/div>","protected":false},"excerpt":{"rendered":"<p>Lugana Lugana \"Lenotti Family Collection\" ist ein einzigartiger Wein. Nicht jeder Jahrgang ist daf\u00fcr geeignet. Nur die besten Jahrg\u00e4nge, die wir als perfekt bewerten, werden f\u00fcr diesen Wein ausgew\u00e4hlt. Wir sind \u00e4u\u00dferst streng in unseren Produktionsentscheidungen und wollen Ihnen nur das Beste bieten.<\/p>\n<p>Stammend aus der Gegend s\u00fcdlich des Gardasees, ausgebaut aus der gro\u00dfartigen Turbiana-Traube, die nur in diesem italienischen Gebiet existiert, werden die Trauben manuell selektiert.<\/p>\n<p>Obst\u00e4hnliche, Sauvignon-\u00e4hnliche Aromen, roher Pfeffer, wei\u00dfer Pfirsich, Tomatenaroma, roter Apfel und Aprikose: alles konzentriert in diesem unglaublichen Wein. Am Gaumen ist er perfekt, mit einer Konzentration an reifen Fr\u00fcchten, unterst\u00fctzt durch eine ausgewogene S\u00e4ure und eine langes Aroma nach dem Genuss.<\/p>\n<p>Ein Wein, der anders als andere Wei\u00dfweine aus unserer Gegend, ein gutes Langlebigkeitspotenzial hat: bis zu 5-6 Jahre. Ein seltenes Merkmal f\u00fcr einen Wei\u00dfwein, das diesen Wein einzigartig und unnachahmlich macht.<\/p>\n<p>Die maximale Produktion betr\u00e4gt etwa 1.000 Flaschen, wobei jeder Jahrgang einzeln nummeriert ist. Finden Sie Ihre Lieblingsflaschennummer!<\/p>","protected":false},"featured_media":1000362,"template":"","meta":{"_mo_disable_npp":""},"product_brand":[],"product_cat":[127],"product_tag":[],"class_list":{"0":"post-995797","1":"product","2":"type-product","3":"status-publish","4":"has-post-thumbnail","6":"product_cat-collezione-famiglia","8":"first","9":"instock","10":"shipping-taxable","11":"product-type-simple"},"_links":{"self":[{"href":"https:\/\/www.lenotti.com\/de\/wp-json\/wp\/v2\/product\/995797","targetHints":{"allow":["GET"]}}],"collection":[{"href":"https:\/\/www.lenotti.com\/de\/wp-json\/wp\/v2\/product"}],"about":[{"href":"https:\/\/www.lenotti.com\/de\/wp-json\/wp\/v2\/types\/product"}],"version-history":[{"count":19,"href":"https:\/\/www.lenotti.com\/de\/wp-json\/wp\/v2\/product\/995797\/revisions"}],"predecessor-version":[{"id":1000363,"href":"https:\/\/www.lenotti.com\/de\/wp-json\/wp\/v2\/product\/995797\/revisions\/1000363"}],"wp:featuredmedia":[{"embeddable":true,"href":"https:\/\/www.lenotti.com\/de\/wp-json\/wp\/v2\/media\/1000362"}],"wp:attachment":[{"href":"https:\/\/www.lenotti.com\/de\/wp-json\/wp\/v2\/media?parent=995797"}],"wp:term":[{"taxonomy":"product_brand","embeddable":true,"href":"https:\/\/www.lenotti.com\/de\/wp-json\/wp\/v2\/product_brand?post=995797"},{"taxonomy":"product_cat","embeddable":true,"href":"https:\/\/www.lenotti.com\/de\/wp-json\/wp\/v2\/product_cat?post=995797"},{"taxonomy":"product_tag","embeddable":true,"href":"https:\/\/www.lenotti.com\/de\/wp-json\/wp\/v2\/product_tag?post=995797"}],"curies":[{"name":"wp","href":"https:\/\/api.w.org\/{rel}","templated":true}]}}