{"id":995791,"date":"2022-08-29T15:03:19","date_gmt":"2022-08-29T13:03:19","guid":{"rendered":"https:\/\/www.lenotti.com\/?post_type=product&#038;p=995791"},"modified":"2024-04-23T15:58:57","modified_gmt":"2024-04-23T13:58:57","slug":"soave-doc-classico-famiglia","status":"publish","type":"product","link":"https:\/\/www.lenotti.com\/de\/product\/soave-doc-classico-famiglia\/","title":{"rendered":"Soave DOC Classico &#8220;Collezione Famiglia Lenotti&#8221;"},"content":{"rendered":"<div data-elementor-type=\"product-post\" data-elementor-id=\"995791\" class=\"elementor elementor-995791\" data-elementor-post-type=\"product\">\n\t\t\t\t\t\t\t<div class=\"elementor-element elementor-element-0060d87 e-flex e-con-boxed e-con\" data-id=\"0060d87\" data-element_type=\"container\" data-settings=\"{&quot;content_width&quot;:&quot;boxed&quot;}\">\n\t\t\t\t\t<div class=\"e-con-inner\">\n\t\t\t\t<div class=\"elementor-element elementor-element-ed64fd7 elementor-align-center elementor-widget elementor-widget-button\" data-id=\"ed64fd7\" data-element_type=\"widget\" data-widget_type=\"button.default\">\n\t\t\t\t<div class=\"elementor-widget-container\">\n\t\t\t\t\t<div class=\"elementor-button-wrapper\">\n\t\t\t<a class=\"elementor-button elementor-button-link elementor-size-xl\" href=\"https:\/\/shop.lenotti.com\/de\/\">\n\t\t\t\t\t\t<span class=\"elementor-button-content-wrapper\">\n\t\t\t\t\t\t<span class=\"elementor-button-text\">KAUFEN<\/span>\n\t\t<\/span>\n\t\t\t\t\t<\/a>\n\t\t<\/div>\n\t\t\t\t<\/div>\n\t\t\t\t<\/div>\n\t\t\t\t\t<\/div>\n\t\t\t\t<\/div>\n\t\t\t\t\t\t\t<\/div>","protected":false},"excerpt":{"rendered":"<p>Der Soave \"Lenotti Family Collection\" ist ein excellenter Wein. Nicht jeder Jahrgang ist daf\u00fcr geeignet. Nur die besten Jahrg\u00e4nge, die wir als perfekt bewerten, werden f\u00fcr diesen Wein ausgew\u00e4hlt. Wir sind \u00e4u\u00dferst streng in unseren Produktionsentscheidungen und wollen Ihnen nur das Beste bieten.<\/p>\n<p>Er entsteht nach einer sorgf\u00e4ltigen manuellen Auswahl der Trauben aus der au\u00dfergew\u00f6hnlichen Garganega-Traube, die in unserem Weinberg \"Frosc\u00e0\" in Monteforte d'Alpone, im Herzen des Soave Classico Anbaugebiets, angebaut wird, der sich durch einen schwarzen vulkanischen Boden auszeichnet, der reich an Mikroelementen ist.<\/p>\n<p>Die besondere Lage des Weinbergs, auf der Spitze eines H\u00fcgels, st\u00e4ndig der Sonne ausgesetzt und gut bel\u00fcftet, in Verbindung mit den einzigartigen Eigenschaften des Bodens machen diesen Wein unvergleichlich in Bezug auf Aroma und Geschmack und er hat sich mit gro\u00dfem Verdienst unter den Weinen, die f\u00fcr unsere spezielle \"Collection Lenotti family\" ausgew\u00e4hlt wurden, eingetragen.<\/p>\n<p>Die maximale Produktion betr\u00e4gt etwa 1.000 Flaschen, wobei jeder Jahrgang einzeln nummeriert ist. Finden Sie Ihre Lieblingsflaschennummer!<\/p>","protected":false},"featured_media":995846,"template":"","meta":{"_mo_disable_npp":""},"product_brand":[],"product_cat":[127],"product_tag":[],"class_list":{"0":"post-995791","1":"product","2":"type-product","3":"status-publish","4":"has-post-thumbnail","6":"product_cat-collezione-famiglia","8":"first","9":"instock","10":"shipping-taxable","11":"product-type-simple"},"_links":{"self":[{"href":"https:\/\/www.lenotti.com\/de\/wp-json\/wp\/v2\/product\/995791","targetHints":{"allow":["GET"]}}],"collection":[{"href":"https:\/\/www.lenotti.com\/de\/wp-json\/wp\/v2\/product"}],"about":[{"href":"https:\/\/www.lenotti.com\/de\/wp-json\/wp\/v2\/types\/product"}],"version-history":[{"count":12,"href":"https:\/\/www.lenotti.com\/de\/wp-json\/wp\/v2\/product\/995791\/revisions"}],"predecessor-version":[{"id":999016,"href":"https:\/\/www.lenotti.com\/de\/wp-json\/wp\/v2\/product\/995791\/revisions\/999016"}],"wp:featuredmedia":[{"embeddable":true,"href":"https:\/\/www.lenotti.com\/de\/wp-json\/wp\/v2\/media\/995846"}],"wp:attachment":[{"href":"https:\/\/www.lenotti.com\/de\/wp-json\/wp\/v2\/media?parent=995791"}],"wp:term":[{"taxonomy":"product_brand","embeddable":true,"href":"https:\/\/www.lenotti.com\/de\/wp-json\/wp\/v2\/product_brand?post=995791"},{"taxonomy":"product_cat","embeddable":true,"href":"https:\/\/www.lenotti.com\/de\/wp-json\/wp\/v2\/product_cat?post=995791"},{"taxonomy":"product_tag","embeddable":true,"href":"https:\/\/www.lenotti.com\/de\/wp-json\/wp\/v2\/product_tag?post=995791"}],"curies":[{"name":"wp","href":"https:\/\/api.w.org\/{rel}","templated":true}]}}