{"id":995751,"date":"2022-08-29T15:06:44","date_gmt":"2022-08-29T13:06:44","guid":{"rendered":"https:\/\/www.lenotti.com\/product\/valpolicella-doc-classico-copy\/"},"modified":"2024-04-23T15:57:32","modified_gmt":"2024-04-23T13:57:32","slug":"valpolicella-doc-classico-famiglia","status":"publish","type":"product","link":"https:\/\/www.lenotti.com\/de\/product\/valpolicella-doc-classico-famiglia\/","title":{"rendered":"Valpolicella Doc Classico &#8220;Collezione Famiglia Lenotti&#8221;"},"content":{"rendered":"<div data-elementor-type=\"product-post\" data-elementor-id=\"995751\" class=\"elementor elementor-995751\" data-elementor-post-type=\"product\">\n\t\t\t\t\t\t\t<div class=\"elementor-element elementor-element-97b6500 e-flex e-con-boxed e-con\" data-id=\"97b6500\" data-element_type=\"container\" data-settings=\"{&quot;content_width&quot;:&quot;boxed&quot;}\">\n\t\t\t\t\t<div class=\"e-con-inner\">\n\t\t\t\t<div class=\"elementor-element elementor-element-d6248be elementor-align-center elementor-widget elementor-widget-button\" data-id=\"d6248be\" data-element_type=\"widget\" data-widget_type=\"button.default\">\n\t\t\t\t<div class=\"elementor-widget-container\">\n\t\t\t\t\t<div class=\"elementor-button-wrapper\">\n\t\t\t<a class=\"elementor-button elementor-button-link elementor-size-xl\" href=\"https:\/\/shop.lenotti.com\/de\/\">\n\t\t\t\t\t\t<span class=\"elementor-button-content-wrapper\">\n\t\t\t\t\t\t<span class=\"elementor-button-text\">KAUFEN<\/span>\n\t\t<\/span>\n\t\t\t\t\t<\/a>\n\t\t<\/div>\n\t\t\t\t<\/div>\n\t\t\t\t<\/div>\n\t\t\t\t\t<\/div>\n\t\t\t\t<\/div>\n\t\t\t\t\t\t\t<\/div>","protected":false},"excerpt":{"rendered":"<p>Der Valpolicella Classico \"Lenotti Family Collection\" ist ein einzigartiger Wein. Nicht jeder Jahrgang ist daf\u00fcr geeignet. Nur die besten Jahrg\u00e4nge, die wir als perfekt bewerten, werden f\u00fcr diesen Wein ausgew\u00e4hlt. Wir sind \u00e4u\u00dferst streng in unseren Produktionsentscheidungen und wollen Ihnen nur das Beste bieten.<\/p>\n<p>Es wird von einer unserer renommiertesten Lage angebaut: \"La Grola\". 13 Hektar im Herzen des Valpolicella Classico, kultiviert mit Corvina, Corvinone und Rondinella, mit einer perfekten Ausrichtung nach Westen, die vom positiven Einfluss der Winde aus dem Etschtal aus dem Norden profitiert.<\/p>\n<p>F\u00fcr diesen Valpolicella Classico \"Collezione Famiglia Lenotti\" werden die n\u00f6rdlichsten Reihen des Weinbergs ausgew\u00e4hlt, die historisch gesehen die Trauben hervorbringen, die w\u00e4hrend der Saison manuell ausged\u00fcnnt und vorsichtig von Hand geerntet werden, mit den besten Eigenschaften f\u00fcr die Herstellung eines Weins mit wirklich einzigartigem und intensiven Aroma und einem vollen Geschmack.<\/p>\n<p>Die maximale Produktion betr\u00e4gt etwa 1.000 Flaschen, wobei jeder Jahrgang einzeln nummeriert ist. Finden Sie Ihre Lieblingsflaschennummer!<\/p>","protected":false},"featured_media":995847,"template":"","meta":{"_mo_disable_npp":""},"product_brand":[],"product_cat":[127],"product_tag":[],"class_list":{"0":"post-995751","1":"product","2":"type-product","3":"status-publish","4":"has-post-thumbnail","6":"product_cat-collezione-famiglia","8":"first","9":"instock","10":"shipping-taxable","11":"product-type-simple"},"_links":{"self":[{"href":"https:\/\/www.lenotti.com\/de\/wp-json\/wp\/v2\/product\/995751","targetHints":{"allow":["GET"]}}],"collection":[{"href":"https:\/\/www.lenotti.com\/de\/wp-json\/wp\/v2\/product"}],"about":[{"href":"https:\/\/www.lenotti.com\/de\/wp-json\/wp\/v2\/types\/product"}],"version-history":[{"count":12,"href":"https:\/\/www.lenotti.com\/de\/wp-json\/wp\/v2\/product\/995751\/revisions"}],"predecessor-version":[{"id":999004,"href":"https:\/\/www.lenotti.com\/de\/wp-json\/wp\/v2\/product\/995751\/revisions\/999004"}],"wp:featuredmedia":[{"embeddable":true,"href":"https:\/\/www.lenotti.com\/de\/wp-json\/wp\/v2\/media\/995847"}],"wp:attachment":[{"href":"https:\/\/www.lenotti.com\/de\/wp-json\/wp\/v2\/media?parent=995751"}],"wp:term":[{"taxonomy":"product_brand","embeddable":true,"href":"https:\/\/www.lenotti.com\/de\/wp-json\/wp\/v2\/product_brand?post=995751"},{"taxonomy":"product_cat","embeddable":true,"href":"https:\/\/www.lenotti.com\/de\/wp-json\/wp\/v2\/product_cat?post=995751"},{"taxonomy":"product_tag","embeddable":true,"href":"https:\/\/www.lenotti.com\/de\/wp-json\/wp\/v2\/product_tag?post=995751"}],"curies":[{"name":"wp","href":"https:\/\/api.w.org\/{rel}","templated":true}]}}