{"id":995746,"date":"2022-08-29T15:05:43","date_gmt":"2022-08-29T13:05:43","guid":{"rendered":"https:\/\/www.lenotti.com\/product\/vigna-le-giare-collezione-bardolino-doc-copy\/"},"modified":"2024-11-27T09:33:16","modified_gmt":"2024-11-27T08:33:16","slug":"bardolino-doc-classico-famiglia","status":"publish","type":"product","link":"https:\/\/www.lenotti.com\/de\/product\/bardolino-doc-classico-famiglia\/","title":{"rendered":"Bardolino DOC Classico &#8220;Collezione Famiglia Lenotti&#8221;"},"content":{"rendered":"<div data-elementor-type=\"product-post\" data-elementor-id=\"995746\" class=\"elementor elementor-995746\" data-elementor-post-type=\"product\">\n\t\t\t\t\t\t\t<div class=\"elementor-element elementor-element-adc6101 e-flex e-con-boxed e-con\" data-id=\"adc6101\" data-element_type=\"container\" data-settings=\"{&quot;content_width&quot;:&quot;boxed&quot;}\">\n\t\t\t\t\t<div class=\"e-con-inner\">\n\t\t\t\t<div class=\"elementor-element elementor-element-11e095b elementor-align-center elementor-widget elementor-widget-button\" data-id=\"11e095b\" data-element_type=\"widget\" data-widget_type=\"button.default\">\n\t\t\t\t<div class=\"elementor-widget-container\">\n\t\t\t\t\t<div class=\"elementor-button-wrapper\">\n\t\t\t<a class=\"elementor-button elementor-button-link elementor-size-xl\" href=\"https:\/\/shop.lenotti.com\/de\/\">\n\t\t\t\t\t\t<span class=\"elementor-button-content-wrapper\">\n\t\t\t\t\t\t<span class=\"elementor-button-text\">KAUFEN<\/span>\n\t\t<\/span>\n\t\t\t\t\t<\/a>\n\t\t<\/div>\n\t\t\t\t<\/div>\n\t\t\t\t<\/div>\n\t\t\t\t\t<\/div>\n\t\t\t\t<\/div>\n\t\t\t\t\t\t\t<\/div>","protected":false},"excerpt":{"rendered":"<p>Der Bardolino Classico \"Lenotti Family Collection\" ist ein einzigartiger Wein. Nicht jeder Jahrgang ist daf\u00fcr geeignet. Nur die besten Jahrg\u00e4nge, die wir als perfekt bewerten, werden f\u00fcr diesen Wein ausgew\u00e4hlt. Wir sind \u00e4u\u00dferst streng in unseren Produktionsentscheidungen und wollen Ihnen nur das Beste bieten.<\/p>\n<p>Er stammt aus einem sch\u00f6nen Weinberg, der sich auf dem h\u00f6chsten Teil unseres Weinbergs \"La Pr\u00e0\" befindet, demselben, auf dem wir die Trauben f\u00fcr den ros\u00e8 Chiaretto Classico \"Collezione Famiglia Lenotti\" erzeugen. Sie k\u00f6nnen die Lage sehen, wenn Sie auf der Brennerautobahn Richtung S\u00fcden fahren, auf der rechten Seite nach ein paar Kilometern nach der Ausfahrt Affi. Die Besonderheit ist die herrliche Lage auf einer Anh\u00f6he, die einerseits vom milden Einfluss des Gardasees und andererseits von den k\u00fchlen Str\u00f6mungen des Monte Baldo profitiert, die daf\u00fcr sorgen, dass stets eine optimale Temperatur und Feuchtigkeit herrscht.<\/p>\n<p>Die Corvina- und Rondinella-Trauben ergeben nach sorgf\u00e4ltiger manueller Auswahl der besten Trauben, sanfter Pressung und G\u00e4rung in Kontakt mit den Schalen, einen duftenden und fruchtigen Bardolino Classico mit intensiver Farbe und einem vollen und harmonischen, typisch w\u00fcrzigen Geschmack: besondere und einzigartige Elemente, die uns dazu veranlasst haben, ihn in der exklusiven Linie \"Lenotti Family Collection\" zu pr\u00e4sentieren.<\/p>\n<p>Die maximale Produktion betr\u00e4gt etwa 1.000 Flaschen, wobei jeder Jahrgang einzeln nummeriert ist. Finden Sie Ihre Lieblingsflaschennummer!<\/p>","protected":false},"featured_media":995841,"template":"","meta":{"_mo_disable_npp":""},"product_brand":[],"product_cat":[127],"product_tag":[],"class_list":{"0":"post-995746","1":"product","2":"type-product","3":"status-publish","4":"has-post-thumbnail","6":"product_cat-collezione-famiglia","8":"first","9":"instock","10":"shipping-taxable","11":"product-type-simple"},"_links":{"self":[{"href":"https:\/\/www.lenotti.com\/de\/wp-json\/wp\/v2\/product\/995746","targetHints":{"allow":["GET"]}}],"collection":[{"href":"https:\/\/www.lenotti.com\/de\/wp-json\/wp\/v2\/product"}],"about":[{"href":"https:\/\/www.lenotti.com\/de\/wp-json\/wp\/v2\/types\/product"}],"version-history":[{"count":15,"href":"https:\/\/www.lenotti.com\/de\/wp-json\/wp\/v2\/product\/995746\/revisions"}],"predecessor-version":[{"id":1000210,"href":"https:\/\/www.lenotti.com\/de\/wp-json\/wp\/v2\/product\/995746\/revisions\/1000210"}],"wp:featuredmedia":[{"embeddable":true,"href":"https:\/\/www.lenotti.com\/de\/wp-json\/wp\/v2\/media\/995841"}],"wp:attachment":[{"href":"https:\/\/www.lenotti.com\/de\/wp-json\/wp\/v2\/media?parent=995746"}],"wp:term":[{"taxonomy":"product_brand","embeddable":true,"href":"https:\/\/www.lenotti.com\/de\/wp-json\/wp\/v2\/product_brand?post=995746"},{"taxonomy":"product_cat","embeddable":true,"href":"https:\/\/www.lenotti.com\/de\/wp-json\/wp\/v2\/product_cat?post=995746"},{"taxonomy":"product_tag","embeddable":true,"href":"https:\/\/www.lenotti.com\/de\/wp-json\/wp\/v2\/product_tag?post=995746"}],"curies":[{"name":"wp","href":"https:\/\/api.w.org\/{rel}","templated":true}]}}