{"id":995740,"date":"2022-08-29T15:09:31","date_gmt":"2022-08-29T13:09:31","guid":{"rendered":"https:\/\/www.lenotti.com\/product\/vigna-le-giare-collezione-bardolino-doc-classico-chiaretto-copy\/"},"modified":"2024-04-23T15:41:48","modified_gmt":"2024-04-23T13:41:48","slug":"collezione-chiaretto-famiglia","status":"publish","type":"product","link":"https:\/\/www.lenotti.com\/de\/product\/collezione-chiaretto-famiglia\/","title":{"rendered":"Chiaretto di Bardolino DOC Classico &#8220;Collezione Famiglia Lenotti&#8221;"},"content":{"rendered":"<div data-elementor-type=\"product-post\" data-elementor-id=\"995740\" class=\"elementor elementor-995740\" data-elementor-post-type=\"product\">\n\t\t\t\t\t\t\t<div class=\"elementor-element elementor-element-c596733 e-flex e-con-boxed e-con\" data-id=\"c596733\" data-element_type=\"container\" data-settings=\"{&quot;content_width&quot;:&quot;boxed&quot;}\">\n\t\t\t\t\t<div class=\"e-con-inner\">\n\t\t\t\t<div class=\"elementor-element elementor-element-05676e8 elementor-align-center elementor-widget elementor-widget-button\" data-id=\"05676e8\" data-element_type=\"widget\" data-widget_type=\"button.default\">\n\t\t\t\t<div class=\"elementor-widget-container\">\n\t\t\t\t\t<div class=\"elementor-button-wrapper\">\n\t\t\t<a class=\"elementor-button elementor-button-link elementor-size-xl\" href=\"https:\/\/shop.lenotti.com\/de\/\">\n\t\t\t\t\t\t<span class=\"elementor-button-content-wrapper\">\n\t\t\t\t\t\t<span class=\"elementor-button-text\">KAUFEN<\/span>\n\t\t<\/span>\n\t\t\t\t\t<\/a>\n\t\t<\/div>\n\t\t\t\t<\/div>\n\t\t\t\t<\/div>\n\t\t\t\t\t<\/div>\n\t\t\t\t<\/div>\n\t\t\t\t\t\t\t<\/div>","protected":false},"excerpt":{"rendered":"<p>Der Chiaretto Classico \"Lenotti Family Collection\" ist ein einzigartiger Wein. Sie werden ihn nicht immer auf dem Markt finden, nicht jeder Jahrgang ist daf\u00fcr geeignet. Nur die besten Jahrg\u00e4nge, die wir als perfekt bewerten, werden f\u00fcr diesen Wein ausgew\u00e4hlt. Wir sind \u00e4u\u00dferst streng in unseren Produktionsentscheidungen und wollen Ihnen nur das Beste bieten.<\/p>\n<p>Er stammt aus einem sch\u00f6nen Weinberg, der sich auf dem h\u00f6chsten Teil unseres Weinbergs \"La Pr\u00e0\" befindet, demselben, auf dem wir die Trauben f\u00fcr den roten Bardolino Classico \"Collezione Famiglia Lenotti\" erzeugen.<\/p>\n<p>Sie k\u00f6nnen die Lage sehen, wenn Sie auf der Brennerautobahn Richtung S\u00fcden fahren, auf der rechten Seite nach ein paar Kilometern nach der Ausfahrt Affi. Die Besonderheit ist die herrliche Lage auf einer Anh\u00f6he, die einerseits vom milden Einfluss des Gardasees und andererseits von den k\u00fchlen Str\u00f6mungen des Monte Baldo profitiert, die daf\u00fcr sorgen, dass stets eine optimale Temperatur und Feuchtigkeit herrscht.<\/p>\n<p>Die Corvina- und Rondinella-Trauben, nach sorgf\u00e4ltiger manueller Auswahl der besten Qualit\u00e4ten und sanfter Pressung in Kontakt mit den Schalen, ergeben einen duftenden und fruchtigen Chiaretto und einen vollen und harmonischen Geschmack, besondere geeignet, ihn in der exklusiven Linie \"Lenotti Family Collection\" zu pr\u00e4sentieren.<\/p>\n<p>Die maximale Produktion betr\u00e4gt etwa 1.000 Flaschen, wobei jeder Jahrgang einzeln nummeriert ist. Finden Sie Ihre Lieblingsflaschennummer!<\/p>","protected":false},"featured_media":995842,"template":"","meta":{"_mo_disable_npp":""},"product_brand":[],"product_cat":[127],"product_tag":[],"class_list":{"0":"post-995740","1":"product","2":"type-product","3":"status-publish","4":"has-post-thumbnail","6":"product_cat-collezione-famiglia","8":"first","9":"instock","10":"shipping-taxable","11":"product-type-simple"},"_links":{"self":[{"href":"https:\/\/www.lenotti.com\/de\/wp-json\/wp\/v2\/product\/995740","targetHints":{"allow":["GET"]}}],"collection":[{"href":"https:\/\/www.lenotti.com\/de\/wp-json\/wp\/v2\/product"}],"about":[{"href":"https:\/\/www.lenotti.com\/de\/wp-json\/wp\/v2\/types\/product"}],"version-history":[{"count":14,"href":"https:\/\/www.lenotti.com\/de\/wp-json\/wp\/v2\/product\/995740\/revisions"}],"predecessor-version":[{"id":998995,"href":"https:\/\/www.lenotti.com\/de\/wp-json\/wp\/v2\/product\/995740\/revisions\/998995"}],"wp:featuredmedia":[{"embeddable":true,"href":"https:\/\/www.lenotti.com\/de\/wp-json\/wp\/v2\/media\/995842"}],"wp:attachment":[{"href":"https:\/\/www.lenotti.com\/de\/wp-json\/wp\/v2\/media?parent=995740"}],"wp:term":[{"taxonomy":"product_brand","embeddable":true,"href":"https:\/\/www.lenotti.com\/de\/wp-json\/wp\/v2\/product_brand?post=995740"},{"taxonomy":"product_cat","embeddable":true,"href":"https:\/\/www.lenotti.com\/de\/wp-json\/wp\/v2\/product_cat?post=995740"},{"taxonomy":"product_tag","embeddable":true,"href":"https:\/\/www.lenotti.com\/de\/wp-json\/wp\/v2\/product_tag?post=995740"}],"curies":[{"name":"wp","href":"https:\/\/api.w.org\/{rel}","templated":true}]}}