{"id":988173,"date":"2021-05-04T10:39:20","date_gmt":"2021-05-04T08:39:20","guid":{"rendered":"http:\/\/lenotti.com\/product\/amarone-della-valpolicella-docg-classico-magnum-1-5-lt-copy\/"},"modified":"2024-04-23T17:15:24","modified_gmt":"2024-04-23T15:15:24","slug":"le-crosare-collezione-valpolicella-ripasso-doc-classico-superiore-1-5-lt","status":"publish","type":"product","link":"https:\/\/www.lenotti.com\/de\/product\/le-crosare-collezione-valpolicella-ripasso-doc-classico-superiore-1-5-lt\/","title":{"rendered":"&#8220;Le Crosare&#8221; Collezione Valpolicella Ripasso DOC Classico Superiore Magnum 1.5 lt"},"content":{"rendered":"<div data-elementor-type=\"product-post\" data-elementor-id=\"988173\" class=\"elementor elementor-988173\" data-elementor-post-type=\"product\">\n\t\t\t\t\t\t\t\t\t<section class=\"elementor-section elementor-top-section elementor-element elementor-element-4a724e9 elementor-section-boxed elementor-section-height-default elementor-section-height-default\" data-id=\"4a724e9\" data-element_type=\"section\">\n\t\t\t\t\t\t<div class=\"elementor-container elementor-column-gap-default\">\n\t\t\t\t\t<div class=\"elementor-column elementor-col-100 elementor-top-column elementor-element elementor-element-47444e8\" data-id=\"47444e8\" data-element_type=\"column\">\n\t\t\t<div class=\"elementor-widget-wrap elementor-element-populated\">\n\t\t\t\t\t\t\t\t<div class=\"elementor-element elementor-element-0579546 elementor-widget elementor-widget-toggle\" data-id=\"0579546\" data-element_type=\"widget\" data-widget_type=\"toggle.default\">\n\t\t\t\t<div class=\"elementor-widget-container\">\n\t\t\t\t\t<div class=\"elementor-toggle\">\n\t\t\t\t\t\t\t<div class=\"elementor-toggle-item\">\n\t\t\t\t\t<div id=\"elementor-tab-title-5731\" class=\"elementor-tab-title\" data-tab=\"1\" role=\"button\" aria-controls=\"elementor-tab-content-5731\" aria-expanded=\"false\">\n\t\t\t\t\t\t\t\t\t\t\t\t<span class=\"elementor-toggle-icon elementor-toggle-icon-left\" aria-hidden=\"true\">\n\t\t\t\t\t\t\t\t\t\t\t\t\t\t\t<span class=\"elementor-toggle-icon-closed\"><i class=\"fas fa-caret-right\"><\/i><\/span>\n\t\t\t\t\t\t\t\t<span class=\"elementor-toggle-icon-opened\"><i class=\"elementor-toggle-icon-opened fas fa-caret-up\"><\/i><\/span>\n\t\t\t\t\t\t\t\t\t\t\t\t\t<\/span>\n\t\t\t\t\t\t\t\t\t\t\t\t<a class=\"elementor-toggle-title\" tabindex=\"0\">TECHNISCHE DATEN<\/a>\n\t\t\t\t\t<\/div>\n\n\t\t\t\t\t<div id=\"elementor-tab-content-5731\" class=\"elementor-tab-content elementor-clearfix\" data-tab=\"1\" role=\"region\" aria-labelledby=\"elementor-tab-title-5731\"><table border=\"0\" width=\"100%\"><tbody><tr><td>Gesamts\u00e4ure:<\/td><td>5.40 g\/l<\/td><\/tr><tr><td>Zucker:<\/td><td>9.20 g\/l<\/td><\/tr><tr><td>Gesamt-SO2:<\/td><td>130 mg\/l<\/td><\/tr><tr><td>Freies SO2:<\/td><td>29 mg\/l<\/td><\/tr><tr><td>Netto-Trockenextrakt:<\/td><td>29.0 g\/l<\/td><\/tr><tr><td>Fl\u00fcchtige\/Volatile S\u00e4ure:<\/td><td>0.46 g\/l<\/td><\/tr><\/tbody><\/table><\/div>\n\t\t\t\t<\/div>\n\t\t\t\t\t\t\t<div class=\"elementor-toggle-item\">\n\t\t\t\t\t<div id=\"elementor-tab-title-5732\" class=\"elementor-tab-title\" data-tab=\"2\" role=\"button\" aria-controls=\"elementor-tab-content-5732\" aria-expanded=\"false\">\n\t\t\t\t\t\t\t\t\t\t\t\t<span class=\"elementor-toggle-icon elementor-toggle-icon-left\" aria-hidden=\"true\">\n\t\t\t\t\t\t\t\t\t\t\t\t\t\t\t<span class=\"elementor-toggle-icon-closed\"><i class=\"fas fa-caret-right\"><\/i><\/span>\n\t\t\t\t\t\t\t\t<span class=\"elementor-toggle-icon-opened\"><i class=\"elementor-toggle-icon-opened fas fa-caret-up\"><\/i><\/span>\n\t\t\t\t\t\t\t\t\t\t\t\t\t<\/span>\n\t\t\t\t\t\t\t\t\t\t\t\t<a class=\"elementor-toggle-title\" tabindex=\"0\">AUSZEICHNUNGEN UND ANERKENNUNGEN<\/a>\n\t\t\t\t\t<\/div>\n\n\t\t\t\t\t<div id=\"elementor-tab-content-5732\" class=\"elementor-tab-content elementor-clearfix\" data-tab=\"2\" role=\"region\" aria-labelledby=\"elementor-tab-title-5732\"><div class=\"vc_tta-panel-body\">\n<div class=\"vc_row wpb_row vc_inner vc_row-fluid\">\n<div class=\"wpb_column vc_column_container vc_col-sm-12\">\n<div class=\"vc_column-inner\">\n<div class=\"wpb_wrapper\">\n<div class=\"wpb_text_column wpb_content_element vc_custom_1607597208937\">\n<div class=\"wpb_wrapper\">\n\n<a href=\"https:\/\/www.lenotti.com\/wp-content\/uploads\/2021\/06\/LUCA-MARONI-2021-3.pdf\" target=\"_blank\" rel=\"noopener\">JAHRGANG 2017: 90\/100 \u201cLUCA MARONI 2021\u201d<\/a>\n\n<\/div>\n<\/div>\n<div class=\"wpb_text_column wpb_content_element vc_custom_1603783300913\">\n<div class=\"wpb_wrapper\">\n\n<a href=\"https:\/\/www.lenotti.com\/wp-content\/uploads\/2021\/06\/CAPOCOLLE-19-AMARONE-15-LUGANA-DECUS-19-CROSARE-17-SOAVE-19-VINIBUONI-DITALIA-2021.png\" target=\"_blank\" rel=\"noopener\">JAHRGANG 2017: 4 STELLE \u201cVINIBUONI D\u2019ITALIA 2021\u201d<\/a>\n\n<\/div>\n<\/div>\n<div class=\"wpb_text_column wpb_content_element vc_custom_1584093509117\">\n<div class=\"wpb_wrapper\">\n\n<a href=\"https:\/\/www.lenotti.com\/wp-content\/uploads\/2021\/06\/VINIBUONI_01-FILEminimizer-2.jpg\">JAHRGANG 2016: 4 STELLE \u201cVINIBUONI D\u2019ITALIA 2020\u201d<\/a>\n\n<\/div>\n<\/div>\n<div class=\"wpb_text_column wpb_content_element vc_custom_1569508034064\">\n<div class=\"wpb_wrapper\">\n\n<a href=\"https:\/\/www.lenotti.com\/wp-content\/uploads\/2021\/06\/punteggi-luca-maroni-2.pdf\">JAHRGANG 2016: 90\/100 \u201cLUCA MARONI 2020\u201d<\/a>\n\n<\/div>\n<\/div>\n<div class=\"wpb_text_column wpb_content_element vc_custom_1551890753547\">\n<div class=\"wpb_wrapper\">\n\n<a class=\"foobox fbx-link fbx-instance\" href=\"https:\/\/www.lenotti.com\/wp-content\/uploads\/2021\/06\/541logo-scaled.jpg\" target=\"_blank\" rel=\"noopener noreferrer\">JAHRGANG 2014: 3 ROSONI \u201cVINETIA 2018\"<\/a>\n\n<\/div>\n<\/div>\n<div class=\"wpb_text_column wpb_content_element vc_custom_1558338879611\">\n<div class=\"wpb_wrapper\">\n\n<a class=\"foobox fbx-link\" href=\"https:\/\/www.lenotti.com\/wp-content\/uploads\/2021\/06\/541logo-scaled.jpg\" target=\"_blank\" rel=\"noopener noreferrer\">JAHRGANG 2014: 88\/100 \u201cPROSIT-ONAV 2018\u201d<\/a>\n\n<\/div>\n<\/div>\n<div class=\"wpb_text_column wpb_content_element vc_custom_1511859476176\">\n<div class=\"wpb_wrapper\">\n\n<a class=\"foobox\" href=\"https:\/\/www.lenotti.com\/wp-content\/uploads\/2021\/06\/lc-2013-verona-wine-top-2016.pdf\" target=\"_blank\" rel=\"noopener noreferrer\">JAHRGANG 2013: \u201cDIPLOMA DI MERITO\u201d BEI DEM 13\u00b0 KONCURS \u201cVERONA WINE TOP 2016\u201d<\/a>\n\n<\/div>\n<\/div>\n<div class=\"wpb_text_column wpb_content_element vc_custom_1511859488230\">\n<div class=\"wpb_wrapper\">\n\n<a class=\"fbx-link\" href=\"https:\/\/www.lenotti.com\/wp-content\/uploads\/2021\/06\/lc-2009-2-bottiglie-espresso-2013.jpg\" target=\"_blank\" rel=\"noopener noreferrer\">JAHRGANG 2009: 2 BOTTIGLIE ESPRESSO 2013<\/a>\n\n<\/div>\n<\/div>\n<div class=\"wpb_text_column wpb_content_element vc_custom_1511859498016\">\n<div class=\"wpb_wrapper\">\n\n<a class=\"fbx-link\" href=\"https:\/\/lenotti.com\/wp-content\/uploads\/2017\/09\/lc-2009-4-grappoli-duemilavini-2013.jpg\" target=\"_blank\" rel=\"noopener noreferrer\">JAHRGANG 2009: 4 GRAPPOLI DUEMILAVINI AIS 2013<\/a>\n\n<\/div>\n<\/div>\n<div class=\"wpb_text_column wpb_content_element vc_custom_1511859509707\">\n<div class=\"wpb_wrapper\">\n\n<a class=\"fbx-link\" href=\"https:\/\/www.lenotti.com\/wp-content\/uploads\/2021\/06\/lc-2009-1-bicchiere-gambero-rosso-2013.jpg\" target=\"_blank\" rel=\"noopener noreferrer\">JAHRGANG 2009: 1 BICCHIERE GAMBERO ROSSO 2013<\/a>\n\n<\/div>\n<\/div>\n<div class=\"wpb_text_column wpb_content_element vc_custom_1511859520854\">\n<div class=\"wpb_wrapper\">\n\n<a class=\"fbx-link\" href=\"https:\/\/www.lenotti.com\/wp-content\/uploads\/2021\/06\/lc-2008-luca-maroni-2012.jpg\" target=\"_blank\" rel=\"noopener noreferrer\">JAHRGANG 2008: 86\/100 LUCA MARONI 2012<\/a>\n\n<\/div>\n<\/div>\n<div class=\"wpb_text_column wpb_content_element vc_custom_1511859531953\">\n<div class=\"wpb_wrapper\">\n\n<a class=\"fbx-link\" href=\"https:\/\/www.lenotti.com\/wp-content\/uploads\/2021\/06\/lc-2008-3-grappoli-duemilavini-2012.jpg\" target=\"_blank\" rel=\"noopener noreferrer\">JAHRGANG 2008: 3 GRAPPOLI DUEMILAVINI AIS 2012<\/a>\n\n<\/div>\n<\/div>\n<div class=\"wpb_text_column wpb_content_element vc_custom_1511859542777\">\n<div class=\"wpb_wrapper\">\n\n<a class=\"fbx-link\" href=\"https:\/\/www.lenotti.com\/wp-content\/uploads\/2021\/06\/lc-2008-veronelli-2012.jpg\" target=\"_blank\" rel=\"noopener noreferrer\">JAHRGANG 2008: 86\/100 VERONELLI 2012<\/a>\n\n<\/div>\n<\/div>\n<div class=\"wpb_text_column wpb_content_element vc_custom_1511859552048\">\n<div class=\"wpb_wrapper\">\n\n<a class=\"fbx-link\" href=\"https:\/\/www.lenotti.com\/wp-content\/uploads\/2021\/06\/lc-2008-2-bottiglie-espresso-2012.jpg\" target=\"_blank\" rel=\"noopener noreferrer\">JAHRGANG 2008: 2 BOTTIGLIE ESPRESSO 2012<\/a>\n\n<\/div>\n<\/div>\n<div class=\"wpb_text_column wpb_content_element vc_custom_1511859563581\">\n<div class=\"wpb_wrapper\">\n\n<a class=\"fbx-link\" href=\"https:\/\/www.lenotti.com\/wp-content\/uploads\/2021\/06\/lc-2008-2-bicchieri-gambero-rosso-2012.jpg\" target=\"_blank\" rel=\"noopener noreferrer\">JAHRGANG 2008: 2 BICCHIERI GAMBERO ROSSO 2012<\/a>\n\n<\/div>\n<\/div>\n<div class=\"wpb_text_column wpb_content_element vc_custom_1511859575186\">\n<div class=\"wpb_wrapper\">\n\n<a class=\"fbx-link\" href=\"https:\/\/www.lenotti.com\/wp-content\/uploads\/2021\/06\/lc-2007-veronelli-2011.jpg\" target=\"_blank\" rel=\"noopener noreferrer\">JAHRGANG 2007: 88\/100 VERONELLI 2011<\/a>\n\n<\/div>\n<\/div>\n<div class=\"wpb_text_column wpb_content_element vc_custom_1511859588733\">\n<div class=\"wpb_wrapper\">\n\n<a class=\"fbx-link\" href=\"https:\/\/www.lenotti.com\/wp-content\/uploads\/2021\/06\/lc-2007-3-grappoli-duemilavini-2011.jpg\" target=\"_blank\" rel=\"noopener noreferrer\">JAHRGANG 2007: 3 GRAPPOLI DUEMILAVINI AIS 2011<\/a>\n\n<\/div>\n<\/div>\n<div class=\"wpb_text_column wpb_content_element vc_custom_1511859600189\">\n<div class=\"wpb_wrapper\">\n\n<a class=\"fbx-link\" href=\"https:\/\/www.lenotti.com\/wp-content\/uploads\/2021\/06\/lc-2007-2-bicchieri-gambero-rosso-2011.jpg\" target=\"_blank\" rel=\"noopener noreferrer\">JAHRGANG 2007: 2 BICCHIERI GAMBERO ROSSO 2011<\/a>\n\n<\/div>\n<\/div>\n<div class=\"wpb_text_column wpb_content_element vc_custom_1511859612158\">\n<div class=\"wpb_wrapper\">\n\n<a class=\"fbx-link\" href=\"https:\/\/www.lenotti.com\/wp-content\/uploads\/2021\/06\/lc-2006-3-grappoli-duemilavini-2010.jpg\" target=\"_blank\" rel=\"noopener noreferrer\">JAHRGANG 2006: 3 GRAPPOLI DUEMILAVINI AIS 2010<\/a>\n\n<\/div>\n<\/div>\n<div class=\"wpb_text_column wpb_content_element vc_custom_1511859621842\">\n<div class=\"wpb_wrapper\">\n\n<a href=\"https:\/\/www.lenotti.com\/it\/prodotto\/le-crosare-selezione-valpolicella-ripasso-doc-classico-superiore\/#\">JAHRGANG 2005: 2 STELLE VERONELLI 2010<\/a>\n\n<\/div>\n<\/div>\n<div class=\"wpb_text_column wpb_content_element vc_custom_1511859641118\">\n<div class=\"wpb_wrapper\">\n\n<a class=\"fbx-link\" href=\"https:\/\/www.lenotti.com\/wp-content\/uploads\/2021\/06\/lc-2005-2-stelle-veronelli-2010.jpg\" target=\"_blank\" rel=\"noopener noreferrer\">JAHRGANG 2006: \u201cSILBERMEDAILLE\u201d BEIM \u201cDER GROSSE INTERNATIONALE WEINPREIS\u201d MUNDUS VINI 2009<\/a>\n\n<\/div>\n<\/div>\n<div class=\"wpb_text_column wpb_content_element vc_custom_1511859654053\">\n<div class=\"wpb_wrapper\">\n\n<a class=\"fbx-link\" href=\"https:\/\/www.lenotti.com\/wp-content\/uploads\/2021\/06\/lc-2005-medaglia-argento-mundus-germania-2008.jpg\" target=\"_blank\" rel=\"noopener noreferrer\">JAHRGANG 2005: \u201cDIPLOMA DI MERITO\u201d BEI DEM 5\u00b0 KONCURS \u201cVERONA WINE TOP 2008\u201d<\/a>\n\n<\/div>\n<\/div>\n<div class=\"wpb_text_column wpb_content_element vc_custom_1511859664443\">\n<div class=\"wpb_wrapper\">\n\n<a class=\"fbx-link\" href=\"https:\/\/www.lenotti.com\/wp-content\/uploads\/2021\/06\/lc-2005-verona-top-wine-2008.jpg\" target=\"_blank\" rel=\"noopener noreferrer\">JAHRGANG 2007: \u201cDIPLOMA DI MERITO\u201d BEI DEM 5\u00b0 KONCURS \u201cVERONA WINE TOP 2008\u201d<\/a>\n\n<\/div>\n<\/div>\n<div class=\"wpb_text_column wpb_content_element vc_custom_1511859675504\">\n<div class=\"wpb_wrapper\">\n\n<a class=\"fbx-link\" href=\"https:\/\/www.lenotti.com\/wp-content\/uploads\/2021\/06\/lc-2004-1-stella-vini-buoni-2007.jpg\" target=\"_blank\" rel=\"noopener noreferrer\">JAHRGANG 2004: 1 STELLA VINI BUONI D\u2019ITALIA 2007<\/a>\n\n<\/div>\n<\/div>\n<div class=\"wpb_text_column wpb_content_element vc_custom_1511859685503\">\n<div class=\"wpb_wrapper\">\n\n<a class=\"fbx-link\" href=\"https:\/\/www.lenotti.com\/wp-content\/uploads\/2021\/06\/lc-2004-gambero-rosso-2007.jpg\" target=\"_blank\" rel=\"noopener noreferrer\">JAHRGANG 2004: GAMBERO ROSSO 2007<\/a>\n\n<\/div>\n<\/div>\n<div class=\"wpb_text_column wpb_content_element vc_custom_1511859695932\">\n<div class=\"wpb_wrapper\">\n\n<a class=\"fbx-link\" href=\"https:\/\/www.lenotti.com\/wp-content\/uploads\/2021\/06\/lc-2003-luca-maroni-2007.jpg\" target=\"_blank\" rel=\"noopener noreferrer\">JAHRGANG 2003: LUCA MARONI 2007<\/a>\n\n<\/div>\n<\/div>\n<div class=\"wpb_text_column wpb_content_element vc_custom_1511859710306\">\n<div class=\"wpb_wrapper\">\n\n<a class=\"fbx-link\" href=\"https:\/\/www.lenotti.com\/wp-content\/uploads\/2021\/06\/lc-2003-4-grappoli-duemilavini-2007.jpg\" target=\"_blank\" rel=\"noopener noreferrer\">JAHRGANG 2003: 4 GRAPPOLI DUEMILAVINI AIS 2007<\/a>\n\n<\/div>\n<\/div>\n<div class=\"wpb_text_column wpb_content_element vc_custom_1511859723670\">\n<div class=\"wpb_wrapper\">\n\n<a class=\"fbx-link\" href=\"https:\/\/www.lenotti.com\/wp-content\/uploads\/2021\/06\/lc-2003-3-stelle-decanter.jpg\" target=\"_blank\" rel=\"noopener noreferrer\">JAHRGANG 2003: 3 STERNE BEIM DECANTER WEINPROBE IN ENGLAND<\/a>\n\n<\/div>\n<\/div>\n<div class=\"wpb_text_column wpb_content_element vc_custom_1511859734976\">\n<div class=\"wpb_wrapper\">\n\n<a class=\"fbx-link\" href=\"https:\/\/www.lenotti.com\/wp-content\/uploads\/2021\/06\/lc-2001-1-stella-veronelli-2005.jpg\" target=\"_blank\" rel=\"noopener noreferrer\">JAHRGANG 2001: 1 STELLA VERONELLI 2005<\/a>\n\n<\/div>\n<\/div>\n<div class=\"wpb_text_column wpb_content_element vc_custom_1511859749245\">\n<div class=\"wpb_wrapper\">\n\n<a class=\"fbx-link\" href=\"https:\/\/www.lenotti.com\/wp-content\/uploads\/2021\/06\/lc-2001-luca-maroni-2005.jpg\" target=\"_blank\" rel=\"noopener noreferrer\">JAHRGANG 2001: 73\/100 LUCA MARONI 2005<\/a>\n\n<\/div>\n<\/div>\n<div class=\"wpb_text_column wpb_content_element vc_custom_1511859768086\">\n<div class=\"wpb_wrapper\">\n\n<a class=\"fbx-link\" href=\"https:\/\/www.lenotti.com\/wp-content\/uploads\/2021\/06\/lc-2001-luca-maroni-2004.jpg\" target=\"_blank\" rel=\"noopener noreferrer\">JAHRGANG 2001: LUCA MARONI 2004<\/a>\n\n<\/div>\n<\/div>\n<div class=\"wpb_text_column wpb_content_element vc_custom_1511859839946\">\n<div class=\"wpb_wrapper\">\n\n<a class=\"fbx-link\" href=\"https:\/\/www.lenotti.com\/wp-content\/uploads\/2021\/06\/lc-2001-veronelli-2004.jpg\" target=\"_blank\" rel=\"noopener noreferrer\">JAHRGANG 2001: 85\/100 VERONELLI 2004<\/a>\n\n<\/div>\n<\/div>\n<div class=\"wpb_text_column wpb_content_element vc_custom_1511859852725\">\n<div class=\"wpb_wrapper\">\n\n<a class=\"fbx-link\" href=\"https:\/\/www.lenotti.com\/wp-content\/uploads\/2021\/06\/lc-2001-2-bottiglie-espresso-2004.jpg\" target=\"_blank\" rel=\"noopener noreferrer\">JAHRGANG 2001: 2 BOTTIGLIE ESPRESSO 2004<\/a>\n\n<\/div>\n<\/div>\n<div class=\"wpb_text_column wpb_content_element vc_custom_1511859862097\">\n<div class=\"wpb_wrapper\">\n\n<a class=\"fbx-link\" href=\"https:\/\/www.lenotti.com\/wp-content\/uploads\/2021\/06\/lc-2001-zurigo-2003.jpg\" target=\"_blank\" rel=\"noopener noreferrer\">JAHRGANG 2001: \u201cGOLDMEDAILLE\u201d BEI DEM \u201cCONCOURS INTERNATIONAL DES VINS SWITZERLAND 2003\u201d IN ZUERICH<\/a>\n\n<\/div>\n<\/div>\n<div class=\"wpb_text_column wpb_content_element vc_custom_1511859872536\">\n<div class=\"wpb_wrapper\">\n\n<a class=\"fbx-link\" href=\"https:\/\/www.lenotti.com\/wp-content\/uploads\/2021\/06\/lc-2000-1-bicchiere-gambero-rosso-2003.jpg\" target=\"_blank\" rel=\"noopener noreferrer\">JAHRGANG 2000: 1 BICCHIERE GAMBERO ROSSO 2003<\/a>\n\n<\/div>\n<\/div>\n<div class=\"wpb_text_column wpb_content_element vc_custom_1511859884395\">\n<div class=\"wpb_wrapper\">\n\n<a class=\"fbx-link\" href=\"https:\/\/www.lenotti.com\/wp-content\/uploads\/2021\/06\/lc-2000-espresso-2003.jpg\" target=\"_blank\" rel=\"noopener noreferrer\">JAHRGANG 2000: ESPRESSO 2003<\/a>\n\n<\/div>\n<\/div>\n<div class=\"wpb_text_column wpb_content_element vc_custom_1511859893441\">\n<div class=\"wpb_wrapper\">\n\n<a class=\"fbx-link\" href=\"https:\/\/www.lenotti.com\/wp-content\/uploads\/2021\/06\/lc-2000-veronelli-2003.jpg\" target=\"_blank\" rel=\"noopener noreferrer\">JAHRGANG 2000: 84\/100 VERONELLI 2003<\/a>\n\n<\/div>\n<\/div>\n<div class=\"wpb_text_column wpb_content_element vc_custom_1511859904989\">\n<div class=\"wpb_wrapper\">\n\n<a class=\"fbx-link\" href=\"https:\/\/www.lenotti.com\/wp-content\/uploads\/2021\/06\/lc-1999-medaglia-roro-valpolicella-2001.jpg\" target=\"_blank\" rel=\"noopener noreferrer\">JAHRGANG 1999: \u201cGOLDMEDAILLE DI MERITO\u201d BEIM \u201c4\u00b0 CONCORSO VINI CLASSICI DELLA VALPOLICELLA 2001\u201d<\/a>\n\n<\/div>\n<\/div>\n<div class=\"wpb_text_column wpb_content_element vc_custom_1511859915349\">\n<div class=\"wpb_wrapper\">\n\n<a class=\"fbx-link\" href=\"https:\/\/www.lenotti.com\/wp-content\/uploads\/2021\/06\/lc-1998-1-bicchiere-gmbero-rosso-2002.jpg\" target=\"_blank\" rel=\"noopener noreferrer\">JAHRGANG 1998: 1 BICCHIERE GAMBERO ROSSO 2002<\/a>\n\n<\/div>\n<\/div>\n<div class=\"wpb_text_column wpb_content_element vc_custom_1511859928894\">\n<div class=\"wpb_wrapper\">\n\n<a class=\"fbx-link\" href=\"https:\/\/www.lenotti.com\/wp-content\/uploads\/2021\/06\/lc-1998-1-grappolo-duemilavini-2002.jpg\" target=\"_blank\" rel=\"noopener noreferrer\">JAHRGANG 1998: 1 GRAPPOLO DUEMILAVINI AIS 2002<\/a>\n\n<\/div>\n<\/div>\n<div class=\"wpb_text_column wpb_content_element vc_custom_1511859941729\">\n<div class=\"wpb_wrapper\">\n\n<a class=\"fbx-link\" href=\"https:\/\/www.lenotti.com\/wp-content\/uploads\/2021\/06\/lc-1998-luca-maroni-2002.jpg\" target=\"_blank\" rel=\"noopener noreferrer\">JAHRGANG 1998: LUCA MARONI 2002<\/a>\n\n<\/div>\n<\/div>\n<div class=\"wpb_text_column wpb_content_element vc_custom_1511859953766\">\n<div class=\"wpb_wrapper\">\n\n<a class=\"fbx-link\" href=\"https:\/\/www.lenotti.com\/wp-content\/uploads\/2021\/06\/lc-1998-medaglia-oro-valpolicella-2000-scaled.jpg\" target=\"_blank\" rel=\"noopener noreferrer\">JAHRGANG 1998: 1 STELLA VERONELLI 2002<\/a>\n\n<\/div>\n<\/div>\n<div class=\"wpb_text_column wpb_content_element vc_custom_1511859963611\">\n<div class=\"wpb_wrapper\">\n\n<a class=\"fbx-link\" href=\"https:\/\/www.lenotti.com\/wp-content\/uploads\/2021\/06\/98-valpolicella-2000.jpg\" target=\"_blank\" rel=\"noopener noreferrer\">JAHRGANG 1998: \u201cGOLDENMEDAILLE DI ECCELLENZA\u201d BEI DEM \u201c3\u00b0 WETTBEWERB VINI CLASSICI DELLA VALPOLICELLA 2000\u201d<\/a>\n\n<\/div>\n<\/div>\n<div class=\"wpb_text_column wpb_content_element vc_custom_1511859975570\">\n<div class=\"wpb_wrapper\">\n\n<a class=\"fbx-link\" href=\"https:\/\/www.lenotti.com\/wp-content\/uploads\/2021\/06\/lc-1997-medaglia-argento-zurigo-2000.jpg\" target=\"_blank\" rel=\"noopener noreferrer\">JAHRGANG 1997: \u201cSILBERMEDAILLE\u201d BEI DEM \u201cCONCOURS INTERNATIONAL DES VINS SWITZERLAND 2000\u201d IN ZUERICH<\/a>\n\n<\/div>\n<\/div>\n<\/div>\n<\/div>\n<\/div>\n<\/div>\n<\/div><\/div>\n\t\t\t\t<\/div>\n\t\t\t\t\t\t\t\t<\/div>\n\t\t\t\t<\/div>\n\t\t\t\t<\/div>\n\t\t\t\t<div class=\"elementor-element elementor-element-c58a31b elementor-widget elementor-widget-button\" data-id=\"c58a31b\" data-element_type=\"widget\" data-widget_type=\"button.default\">\n\t\t\t\t<div class=\"elementor-widget-container\">\n\t\t\t\t\t<div class=\"elementor-button-wrapper\">\n\t\t\t<a class=\"elementor-button elementor-button-link elementor-size-md\" href=\"https:\/\/www.lenotti.com\/wp-content\/uploads\/2024\/03\/DEU-Decus-Ripasso-Technical-sheet.pdf\" target=\"_blank\">\n\t\t\t\t\t\t<span class=\"elementor-button-content-wrapper\">\n\t\t\t\t\t\t<span class=\"elementor-button-icon elementor-align-icon-left\">\n\t\t\t\t<i aria-hidden=\"true\" class=\"fas fa-file-pdf\"><\/i>\t\t\t<\/span>\n\t\t\t\t\t\t<span class=\"elementor-button-text\">PDF FILE<\/span>\n\t\t<\/span>\n\t\t\t\t\t<\/a>\n\t\t<\/div>\n\t\t\t\t<\/div>\n\t\t\t\t<\/div>\n\t\t\t\t\t<\/div>\n\t\t<\/div>\n\t\t\t\t\t\t\t<\/div>\n\t\t<\/section>\n\t\t<div class=\"elementor-element elementor-element-0c47928 e-flex e-con-boxed e-con\" data-id=\"0c47928\" data-element_type=\"container\" data-settings=\"{&quot;content_width&quot;:&quot;boxed&quot;}\">\n\t\t\t\t\t<div class=\"e-con-inner\">\n\t\t\t\t<div class=\"elementor-element elementor-element-362bf1f elementor-align-center elementor-widget elementor-widget-button\" data-id=\"362bf1f\" data-element_type=\"widget\" data-widget_type=\"button.default\">\n\t\t\t\t<div class=\"elementor-widget-container\">\n\t\t\t\t\t<div class=\"elementor-button-wrapper\">\n\t\t\t<a class=\"elementor-button elementor-button-link elementor-size-xl\" href=\"https:\/\/shop.lenotti.com\/de\/\">\n\t\t\t\t\t\t<span class=\"elementor-button-content-wrapper\">\n\t\t\t\t\t\t<span class=\"elementor-button-text\">KAUFEN<\/span>\n\t\t<\/span>\n\t\t\t\t\t<\/a>\n\t\t<\/div>\n\t\t\t\t<\/div>\n\t\t\t\t<\/div>\n\t\t\t\t\t<\/div>\n\t\t\t\t<\/div>\n\t\t\t\t\t\t\t<\/div>","protected":false},"excerpt":{"rendered":"<p style=\"text-align: left;\"><strong>Alkohol<\/strong>: 14,5% vol.<\/p>\n<p style=\"text-align: left;\"><strong>Anbaugebiet<\/strong>: Region: Veneto. Klassisches Anbaugebiet in der Valpolicellazone n\u00f6rdlich von Verona. In den H\u00fcgeln der Gemeinden von Negrar, Valgatara und Fumane.<\/p>\n<p style=\"text-align: left;\"><strong>Weintrauben<\/strong>: Die roten Trauben f\u00fcr diesen Wein sind streng selektiert und bestehen aus: Corvina (70%), Rondinella (25%) und Molinara (5%). Der Anbau erfolgt nach traditioneller Spalier- und Dachlaubenerziehung.<\/p>\n<p style=\"text-align: left;\"><strong>Boden<\/strong>: Calcareous and argillaceous grounds of glacial and alluvial origin.<\/p>\n<p style=\"text-align: left;\"><strong>Weinbereitungssystem<\/strong>: Die Trauben werden streng selektiert. Danach erfolgt im Oktober eine 8-10 Tage dauernde temperaturkontrollierte erste Verg\u00e4rung (24-25\u00b0C.). Anschlie\u00dfend ruht der Wein im Tank f\u00fcr 3 Monate in thermoklimatisierten Edelstahlbeh\u00e4ltern. Im Februar\/M\u00e4rz wird der Wein nach der \u201eRipasso\u201c-Methode ein zweites Mal vergoren. Dieses Mal wird der Trester des Amarone zugegeben. Es folgt ein einj\u00e4hriger Ausbau in Eichenholzf\u00e4ssern.<\/p>\n<p style=\"text-align: left;\"><strong>Beschreibung<\/strong>: Trockener, dunkler und k\u00f6rperreicher Rotwein, die Fasslagerung l\u00e4sst den Wein weicher wirken.<\/p>\n<p style=\"text-align: left;\"><strong>Farbe<\/strong>: Kr\u00e4ftiges rubinrot mit granatroten Nuancen.<\/p>\n<p style=\"text-align: left;\"><strong>Duft<\/strong>: F\u00fclliger und k\u00f6rperreicher Rotwein mit intensiven Fruchtnoten von dunklen Beeren, einem Hauch von Kaffee- und Schokoladennoten sowie die Aromen edler Gew\u00fcrze, wie Nelken und Vanille.<\/p>\n<p style=\"text-align: left;\"><strong>Geschmack<\/strong>: Sehr kraftvoll, geschmeidig und elegant.<\/p>\n<p style=\"text-align: left;\"><strong>Trinktemperatur<\/strong>: 18-19\u00b0C.<\/p>\n<p style=\"text-align: left;\"><strong>Lagerung<\/strong>: Er kann 7-8 Jahren nach der Weinlese lagern und sollte in einem trocken und dunklen Raum aufbewahrt werden.<\/p>\n<p style=\"text-align: left;\"><strong>Serviervorschlag<\/strong>: Der Wein eignet sich besonders zu Braten, gegrilltem Fleisch, Wild, Schmorgerichten und reifen K\u00e4sesorten.<\/p>","protected":false},"featured_media":988197,"template":"","meta":{"_mo_disable_npp":""},"product_brand":[],"product_cat":[54],"product_tag":[],"class_list":{"0":"post-988173","1":"product","2":"type-product","3":"status-publish","4":"has-post-thumbnail","6":"product_cat-confezioni-regalo","8":"first","9":"instock","10":"shipping-taxable","11":"product-type-simple"},"_links":{"self":[{"href":"https:\/\/www.lenotti.com\/de\/wp-json\/wp\/v2\/product\/988173","targetHints":{"allow":["GET"]}}],"collection":[{"href":"https:\/\/www.lenotti.com\/de\/wp-json\/wp\/v2\/product"}],"about":[{"href":"https:\/\/www.lenotti.com\/de\/wp-json\/wp\/v2\/types\/product"}],"version-history":[{"count":22,"href":"https:\/\/www.lenotti.com\/de\/wp-json\/wp\/v2\/product\/988173\/revisions"}],"predecessor-version":[{"id":999182,"href":"https:\/\/www.lenotti.com\/de\/wp-json\/wp\/v2\/product\/988173\/revisions\/999182"}],"wp:featuredmedia":[{"embeddable":true,"href":"https:\/\/www.lenotti.com\/de\/wp-json\/wp\/v2\/media\/988197"}],"wp:attachment":[{"href":"https:\/\/www.lenotti.com\/de\/wp-json\/wp\/v2\/media?parent=988173"}],"wp:term":[{"taxonomy":"product_brand","embeddable":true,"href":"https:\/\/www.lenotti.com\/de\/wp-json\/wp\/v2\/product_brand?post=988173"},{"taxonomy":"product_cat","embeddable":true,"href":"https:\/\/www.lenotti.com\/de\/wp-json\/wp\/v2\/product_cat?post=988173"},{"taxonomy":"product_tag","embeddable":true,"href":"https:\/\/www.lenotti.com\/de\/wp-json\/wp\/v2\/product_tag?post=988173"}],"curies":[{"name":"wp","href":"https:\/\/api.w.org\/{rel}","templated":true}]}}