{"id":988059,"date":"2021-05-03T10:45:07","date_gmt":"2021-05-03T08:45:07","guid":{"rendered":"http:\/\/lenotti.com\/product\/vigna-le-giare-collezione-bardolino-doc-classico-chiaretto-copy\/"},"modified":"2025-02-24T16:59:06","modified_gmt":"2025-02-24T15:59:06","slug":"decus-collezione-doc-classico-chiaretto","status":"publish","type":"product","link":"https:\/\/www.lenotti.com\/de\/product\/decus-collezione-doc-classico-chiaretto\/","title":{"rendered":"&#8220;Decus&#8221; Collezione Chiaretto di Bardolino DOC Classico"},"content":{"rendered":"<div data-elementor-type=\"product-post\" data-elementor-id=\"988059\" class=\"elementor elementor-988059\" data-elementor-post-type=\"product\">\n\t\t\t\t\t\t\t\t\t<section class=\"elementor-section elementor-top-section elementor-element elementor-element-4a724e9 elementor-section-boxed elementor-section-height-default elementor-section-height-default\" data-id=\"4a724e9\" data-element_type=\"section\">\n\t\t\t\t\t\t<div class=\"elementor-container elementor-column-gap-default\">\n\t\t\t\t\t<div class=\"elementor-column elementor-col-100 elementor-top-column elementor-element elementor-element-47444e8\" data-id=\"47444e8\" data-element_type=\"column\">\n\t\t\t<div class=\"elementor-widget-wrap elementor-element-populated\">\n\t\t\t\t\t\t\t\t<div class=\"elementor-element elementor-element-0579546 elementor-widget elementor-widget-toggle\" data-id=\"0579546\" data-element_type=\"widget\" data-widget_type=\"toggle.default\">\n\t\t\t\t<div class=\"elementor-widget-container\">\n\t\t\t\t\t<div class=\"elementor-toggle\">\n\t\t\t\t\t\t\t<div class=\"elementor-toggle-item\">\n\t\t\t\t\t<div id=\"elementor-tab-title-5731\" class=\"elementor-tab-title\" data-tab=\"1\" role=\"button\" aria-controls=\"elementor-tab-content-5731\" aria-expanded=\"false\">\n\t\t\t\t\t\t\t\t\t\t\t\t<span class=\"elementor-toggle-icon elementor-toggle-icon-left\" aria-hidden=\"true\">\n\t\t\t\t\t\t\t\t\t\t\t\t\t\t\t<span class=\"elementor-toggle-icon-closed\"><i class=\"fas fa-caret-right\"><\/i><\/span>\n\t\t\t\t\t\t\t\t<span class=\"elementor-toggle-icon-opened\"><i class=\"elementor-toggle-icon-opened fas fa-caret-up\"><\/i><\/span>\n\t\t\t\t\t\t\t\t\t\t\t\t\t<\/span>\n\t\t\t\t\t\t\t\t\t\t\t\t<a class=\"elementor-toggle-title\" tabindex=\"0\">TECHNISCHE DATEN<\/a>\n\t\t\t\t\t<\/div>\n\n\t\t\t\t\t<div id=\"elementor-tab-content-5731\" class=\"elementor-tab-content elementor-clearfix\" data-tab=\"1\" role=\"region\" aria-labelledby=\"elementor-tab-title-5731\"><table border=\"0\" width=\"100%\"><tbody><tr><td>Gesamts\u00e4ure:<\/td><td>5,70 g\/l<\/td><\/tr><tr><td>Zucker:<\/td><td>8.00 g\/l<\/td><\/tr><tr><td>Gesamt-SO2:<\/td><td>90 mg\/l<\/td><\/tr><tr><td>Freies SO2:<\/td><td>28 mg\/l<\/td><\/tr><tr><td>Netto-Trockenextrakt:<\/td><td>23,0 g\/l<\/td><\/tr><tr><td>Fl\u00fcchtige\/Volatile S\u00e4ure:<\/td><td>0,22 g\/l<\/td><\/tr><\/tbody><\/table><\/div>\n\t\t\t\t<\/div>\n\t\t\t\t\t\t\t<div class=\"elementor-toggle-item\">\n\t\t\t\t\t<div id=\"elementor-tab-title-5732\" class=\"elementor-tab-title\" data-tab=\"2\" role=\"button\" aria-controls=\"elementor-tab-content-5732\" aria-expanded=\"false\">\n\t\t\t\t\t\t\t\t\t\t\t\t<span class=\"elementor-toggle-icon elementor-toggle-icon-left\" aria-hidden=\"true\">\n\t\t\t\t\t\t\t\t\t\t\t\t\t\t\t<span class=\"elementor-toggle-icon-closed\"><i class=\"fas fa-caret-right\"><\/i><\/span>\n\t\t\t\t\t\t\t\t<span class=\"elementor-toggle-icon-opened\"><i class=\"elementor-toggle-icon-opened fas fa-caret-up\"><\/i><\/span>\n\t\t\t\t\t\t\t\t\t\t\t\t\t<\/span>\n\t\t\t\t\t\t\t\t\t\t\t\t<a class=\"elementor-toggle-title\" tabindex=\"0\">AUSZEICHNUNGEN UND ANERKENNUNGEN<\/a>\n\t\t\t\t\t<\/div>\n\n\t\t\t\t\t<div id=\"elementor-tab-content-5732\" class=\"elementor-tab-content elementor-clearfix\" data-tab=\"2\" role=\"region\" aria-labelledby=\"elementor-tab-title-5732\"><div class=\"vc_tta-panel-body\"><div class=\"vc_row wpb_row vc_inner vc_row-fluid\"><div class=\"wpb_column vc_column_container vc_col-sm-12\"><table style=\"border-collapse: collapse; width: 100%; height: 939px;\"><tbody><tr style=\"height: 40px;\"><td style=\"width: 13.245%; text-align: center; height: 40px;\">JAHRGANG<\/td><td style=\"width: 86.755%; text-align: center; height: 40px;\">AUSZEICHNUNG<\/td><\/tr><tr><td style=\"width: 13.245%; text-align: center;\">2023<\/td><td style=\"width: 86.755%;\">3 TRAUBEN <a href=\"https:\/\/www.lenotti.com\/wp-content\/uploads\/2025\/02\/5_grappoli_sardegna_bibenda_2025.jpg\" target=\"_blank\" rel=\"noopener\"><strong>&#8220;BIBENDA 2025&#8221;<\/strong><\/a><\/td><\/tr><tr><td style=\"width: 13.245%; text-align: center;\">2023<\/td><td style=\"width: 86.755%;\">94\/100 <a href=\"https:\/\/www.lenotti.com\/wp-content\/uploads\/2024\/10\/Luca-Maroni-2025_01-scaled.jpg\" target=\"_blank\" rel=\"noopener\"><strong>&#8220;LUCA MARONI 2025&#8221;<\/strong><\/a><\/td><\/tr><tr><td style=\"width: 13.245%; text-align: center;\">2023<\/td><td style=\"width: 86.755%;\">GOLDMEDAILLE BEIM<strong><a href=\"https:\/\/www.lenotti.com\/wp-content\/uploads\/2024\/06\/CHIARETTO-DECUS-2023-MEDAGLIA-DORO-PALIO-CHIARETTO-2024-scaled.jpg\" target=\"_blank\" rel=\"noopener\"> \u201cPALIO DEL CHIARETTO 2024&#8243;<\/a><\/strong><\/td><\/tr><tr><td style=\"width: 13.245%; text-align: center;\">2023<\/td><td style=\"width: 86.755%;\">91\/100 <a href=\"https:\/\/www.lenotti.com\/wp-content\/uploads\/2024\/11\/DECUS-CHIARETTO-2023-FALSTAFF-2024_01-scaled.jpg\" target=\"_blank\" rel=\"noopener\"><strong>&#8220;FALSTAFF TROPHY ROSE&#8217; ITALIA 2024&#8221;<\/strong><\/a><\/td><\/tr><tr><td style=\"width: 13.245%; text-align: center;\">2023<\/td><td style=\"width: 86.755%;\">1 GLAS <strong>&#8220;GAMBERO ROSSO 2025&#8221;<\/strong><\/td><\/tr><tr><td style=\"width: 13.245%; text-align: center;\">2022<\/td><td style=\"width: 86.755%;\">3 TRAUBEN <a href=\"https:\/\/www.lenotti.com\/wp-content\/uploads\/2024\/02\/bibenda-2024-1.jpg\" target=\"_blank\" rel=\"noopener\"><strong>&#8220;BIBENDA 2024&#8221;<\/strong><\/a><\/td><\/tr><tr><td style=\"width: 13.245%; text-align: center;\">2022<\/td><td style=\"width: 86.755%;\">95\/100 <a href=\"https:\/\/www.lenotti.com\/wp-content\/uploads\/2022\/10\/LUCA-MARONI-2023.pdf\" target=\"_blank\" rel=\"noopener\"><strong>&#8220;LUCA MARONI 2024&#8221;<\/strong><\/a><\/td><\/tr><tr><td style=\"width: 13.245%; text-align: center;\">2022<\/td><td style=\"width: 86.755%;\">4 STERNE <a href=\"https:\/\/www.lenotti.com\/wp-content\/uploads\/2023\/10\/AMARONE-2018-BARDOLINO-GIARE-2021-CHIARETTO-DECUS-2022-RIPASSO-DECUS-2019-LE-CROSARE-2020-VIONIBUONI-2024.png\" target=\"_blank\" rel=\"noopener\"><strong>&#8220;VINIBUONI D&#8217;ITALIA 2024&#8221;<\/strong><\/a><\/td><\/tr><tr style=\"height: 79px;\"><td style=\"width: 13.245%; text-align: center; height: 10px;\">2022<\/td><td style=\"width: 86.755%; height: 10px;\">GOLDMEDAILLE BEIM<strong><a href=\"https:\/\/www.lenotti.com\/wp-content\/uploads\/2023\/06\/DECUS-CHIARETTO-2022-MEDAGLIA-ORO-scaled.jpg\" target=\"_blank\" rel=\"noopener\"> \u201cPALIO DEL CHIARETTO 2023&#8243;<\/a><\/strong><\/td><\/tr><tr style=\"height: 78px;\"><td style=\"width: 13.245%; text-align: center; height: 78px;\">2022<\/td><td style=\"width: 86.755%; height: 78px;\"><a href=\"https:\/\/www.lenotti.com\/wp-content\/uploads\/2023\/06\/falstaff-decus_01-scaled.jpg\" target=\"_blank\" rel=\"noopener\">91\/100 <strong>&#8220;FALSTAFF ROSE&#8217; D&#8217;ITALIA 2023&#8221;<\/strong><\/a><\/td><\/tr><tr style=\"height: 10px;\"><td style=\"width: 13.245%; text-align: center; height: 10px;\">2021<\/td><td style=\"width: 86.755%; height: 10px;\">3 TRAUBEN <strong><a href=\"https:\/\/www.lenotti.com\/wp-content\/uploads\/2023\/02\/mini-thumb-2023-bibenda.jpg\">&#8220;BIBENDA 2023&#8221;<\/a><\/strong><\/td><\/tr><tr style=\"height: 74px;\"><td style=\"width: 13.245%; text-align: center; height: 74px;\">2021<\/td><td style=\"width: 86.755%; height: 74px;\">2 GL\u00c4SER <strong><a href=\"https:\/\/www.lenotti.com\/wp-content\/uploads\/2023\/02\/tre-bicchieri-2023-ingresso-scontato-produttore.webp\">&#8220;GAMBERO ROSSO 2023&#8221;<\/a><\/strong><\/td><\/tr><tr style=\"height: 40px;\"><td style=\"width: 13.245%; text-align: center; height: 40px;\">2021<\/td><td style=\"width: 86.755%; height: 40px;\"><a href=\"https:\/\/www.lenotti.com\/wp-content\/uploads\/2022\/10\/LUCA-MARONI-2023.pdf\">94\/100 <strong>&#8220;LUCA MARONI 2023&#8221;<\/strong><\/a><\/td><\/tr><tr style=\"height: 80px;\"><td style=\"width: 13.245%; text-align: center; height: 80px;\">2021<\/td><td style=\"width: 86.755%; height: 80px;\">GOLDMEDAILLE BEIM <a href=\"https:\/\/www.lenotti.com\/wp-content\/uploads\/2022\/06\/CHIARETTO-DECUS-2021-PALIO-CHIARETTO-2022.pdf\" target=\"_blank\" rel=\"noopener\"><strong>\u201cPALIO DEL CHIARETTO 2022\u201d<\/strong><\/a><\/td><\/tr><tr style=\"height: 40px;\"><td style=\"width: 13.245%; text-align: center; height: 40px;\">2020<\/td><td style=\"width: 86.755%; height: 40px;\">3 TRAUBEN <a href=\"https:\/\/www.lenotti.com\/wp-content\/uploads\/2022\/01\/Bibenda_2022_CinqueGrappoli_SommelierLife.jpg\"><strong>&#8220;BIBENDA 2022&#8221;<\/strong><\/a><\/td><\/tr><tr style=\"height: 40px;\"><td style=\"width: 13.245%; text-align: center; height: 40px;\">2020<\/td><td style=\"width: 86.755%; height: 40px;\">3 TRAUBEN <a href=\"https:\/\/www.lenotti.com\/wp-content\/uploads\/2022\/01\/Bibenda_2022_CinqueGrappoli_SommelierLife.jpg\"><strong>&#8220;BIBENDA 2022&#8221;<\/strong><\/a><\/td><\/tr><tr style=\"height: 40px;\"><td style=\"width: 13.245%; text-align: center; height: 40px;\">2020<\/td><td style=\"width: 86.755%; height: 40px;\">2 GL\u00c4SER<a href=\"https:\/\/www.lenotti.com\/wp-content\/uploads\/2021\/12\/9788866412274_0_424_0_75.jpg\" target=\"_blank\" rel=\"noopener\"><strong> &#8220;GAMBERO ROSSO 2022&#8221;<\/strong><\/a><\/td><\/tr><tr style=\"height: 40px;\"><td style=\"width: 13.245%; text-align: center; height: 40px;\">2020<\/td><td style=\"width: 86.755%; height: 40px;\">93\/100 <a href=\"https:\/\/www.lenotti.com\/wp-content\/uploads\/2021\/12\/LUCA-MARONI-2022.pdf\" target=\"_blank\" rel=\"noopener\"><strong>&#8220;LUCA MARONI 2022&#8221;<\/strong><\/a><\/td><\/tr><tr style=\"height: 29px;\"><td style=\"width: 13.245%; text-align: center; height: 29px;\">2020<\/td><td style=\"width: 86.755%; height: 29px;\">4 STERNE + KRONE <a href=\"https:\/\/www.lenotti.com\/wp-content\/uploads\/2021\/11\/CORONA-CHIARETTO-DECUS-2020-VINIBUONI-DITALIA-2022.png\" target=\"_blank\" rel=\"noopener\"><strong>&#8220;VINIBUONI D&#8217;ITALIA 2022&#8221;<\/strong><\/a><\/td><\/tr><tr style=\"height: 40px;\"><td style=\"width: 13.245%; text-align: center; height: 40px;\">2019<\/td><td style=\"width: 86.755%; height: 40px;\"><a href=\"https:\/\/www.lenotti.com\/wp-content\/uploads\/2021\/06\/LUCA-MARONI-2021-8.pdf\" target=\"_blank\" rel=\"noopener\">92\/100 <strong>\u201cLUCA MARONI 2021\u201d<\/strong><\/a><\/td><\/tr><tr style=\"height: 33px;\"><td style=\"width: 13.245%; text-align: center; height: 33px;\">2019<\/td><td style=\"width: 86.755%; height: 33px;\">1 GLAS <a href=\"https:\/\/www.lenotti.com\/wp-content\/uploads\/2021\/06\/GAMBERO-ROSSO-3.jpg\" target=\"_blank\" rel=\"noopener\"><strong>\u201cGAMBERO ROSSO 2021\u201d<\/strong><\/a><\/td><\/tr><tr style=\"height: 40px;\"><td style=\"width: 13.245%; text-align: center; height: 40px;\">2019<\/td><td style=\"width: 86.755%; height: 40px;\"><a href=\"https:\/\/www.lenotti.com\/wp-content\/uploads\/2021\/06\/CHIARETTO-DECUS-2019-Falstaff-2020.pdf\" target=\"_blank\" rel=\"noopener\">91\/100 &#8220;<strong>FALSTAFF ROS\u00c8 TROPHY&#8221;<\/strong><\/a><\/td><\/tr><tr style=\"height: 40px;\"><td style=\"width: 13.245%; text-align: center; height: 40px;\">2018<\/td><td style=\"width: 86.755%; height: 40px;\">3 TRAUBEN <a href=\"https:\/\/www.lenotti.com\/wp-content\/uploads\/2021\/06\/bibenda2020-10.png\"><strong>\u201cBIBENDA 2020\u201d<\/strong><\/a><\/td><\/tr><tr style=\"height: 40px;\"><td style=\"width: 13.245%; text-align: center; height: 40px;\">2018<\/td><td style=\"width: 86.755%; height: 40px;\">2 GL\u00c4SER <a href=\"https:\/\/www.lenotti.com\/wp-content\/uploads\/2021\/06\/tre-bicchieri-2020-gambero-rosso-768x576-3.jpg\"><strong>\u201cGAMBERO ROSSO 2020\u201d<\/strong><\/a><\/td><\/tr><tr style=\"height: 40px;\"><td style=\"width: 13.245%; text-align: center; height: 40px;\">2018<\/td><td style=\"width: 86.755%; height: 40px;\">91\/100 <a href=\"https:\/\/www.lenotti.com\/wp-content\/uploads\/2021\/06\/punteggi-luca-maroni-9.pdf\"><strong>\u201cLUCA MARONI 2020\u201d<\/strong><\/a><\/td><\/tr><tr style=\"height: 40px;\"><td style=\"width: 13.245%; text-align: center; height: 40px;\">2018<\/td><td style=\"width: 86.755%; height: 40px;\"><a href=\"https:\/\/www.lenotti.com\/wp-content\/uploads\/2021\/06\/DECUS-CHIARETTO-2018-ROSA-ROSATI-19-20.png\" target=\"_blank\" rel=\"noopener\">90\/100 <strong>\u201cROSA ROSATI ROSE\u2019 2019\/20\u201d<\/strong><\/a><\/td><\/tr><tr style=\"height: 25px;\"><td style=\"width: 13.245%; text-align: center; height: 25px;\">2018<\/td><td style=\"width: 86.755%; height: 25px;\">GOLDEN STAR <a href=\"https:\/\/www.lenotti.com\/wp-content\/uploads\/2021\/06\/CHIARETTO-DECUS-2018-VINIBUONI-DITALIA-2020-GOLDEN-STAR.png\" target=\"_blank\" rel=\"noopener\"><strong>\u201cVINIBUONI D\u2019ITALIA 2020\u201d<\/strong><\/a><\/td><\/tr><tr style=\"height: 40px;\"><td style=\"width: 13.245%; text-align: center; height: 40px;\">2017<\/td><td style=\"width: 86.755%; height: 40px;\">3 KOKARDEN <a href=\"https:\/\/www.lenotti.com\/wp-content\/uploads\/2021\/06\/diploma_ais_veneto8_01-FILEminimizer.jpg\" target=\"_blank\" rel=\"noopener\"><strong>\u201cVINETIA 2019\u201d<\/strong><\/a><\/td><\/tr><tr style=\"height: 40px;\"><td style=\"width: 13.245%; text-align: center; height: 40px;\">2017<\/td><td style=\"width: 86.755%; height: 40px;\"><a href=\"https:\/\/www.lenotti.com\/wp-content\/uploads\/2021\/06\/LUCAMARONI-6.pdf\" target=\"_blank\" rel=\"noopener\">92\/100 <strong>\u201cLUCA MARONI 2019\u201d<\/strong><\/a><\/td><\/tr><tr style=\"height: 40px;\"><td style=\"width: 13.245%; text-align: center; height: 40px;\">2016<\/td><td style=\"width: 86.755%; height: 40px;\"><a href=\"https:\/\/www.lenotti.com\/wp-content\/uploads\/2021\/06\/DECUS-CHIARETTO-2016.pdf\" target=\"_blank\" rel=\"noopener\">86\/100 <strong>\u201cPROSIT-ONAV 2018\u201d<\/strong><\/a><\/td><\/tr><\/tbody><\/table><\/div><\/div><div class=\"wpb_text_column wpb_content_element\"><div class=\"wpb_wrapper\">\u00a0<\/div><\/div><\/div><\/div>\n\t\t\t\t<\/div>\n\t\t\t\t\t\t\t\t<\/div>\n\t\t\t\t<\/div>\n\t\t\t\t<\/div>\n\t\t\t\t<div class=\"elementor-element elementor-element-c58a31b elementor-widget elementor-widget-button\" data-id=\"c58a31b\" data-element_type=\"widget\" data-widget_type=\"button.default\">\n\t\t\t\t<div class=\"elementor-widget-container\">\n\t\t\t\t\t<div class=\"elementor-button-wrapper\">\n\t\t\t<a class=\"elementor-button elementor-button-link elementor-size-md\" href=\"https:\/\/www.lenotti.com\/wp-content\/uploads\/2024\/03\/DEU-CHIARETTO-DECUS-Tecnical-sheet.pdf\" target=\"_blank\">\n\t\t\t\t\t\t<span class=\"elementor-button-content-wrapper\">\n\t\t\t\t\t\t<span class=\"elementor-button-icon elementor-align-icon-left\">\n\t\t\t\t<i aria-hidden=\"true\" class=\"fas fa-file-pdf\"><\/i>\t\t\t<\/span>\n\t\t\t\t\t\t<span class=\"elementor-button-text\">PDF FILE<\/span>\n\t\t<\/span>\n\t\t\t\t\t<\/a>\n\t\t<\/div>\n\t\t\t\t<\/div>\n\t\t\t\t<\/div>\n\t\t\t\t\t<\/div>\n\t\t<\/div>\n\t\t\t\t\t\t\t<\/div>\n\t\t<\/section>\n\t\t\t\t<section class=\"elementor-section elementor-top-section elementor-element elementor-element-a484f8b elementor-section-boxed elementor-section-height-default elementor-section-height-default\" data-id=\"a484f8b\" data-element_type=\"section\">\n\t\t\t\t\t\t<div class=\"elementor-container elementor-column-gap-default\">\n\t\t\t\t\t<div class=\"elementor-column elementor-col-100 elementor-top-column elementor-element elementor-element-ec7542b\" data-id=\"ec7542b\" data-element_type=\"column\">\n\t\t\t<div class=\"elementor-widget-wrap elementor-element-populated\">\n\t\t\t\t\t\t\t\t<div class=\"elementor-element elementor-element-d6317cc elementor-widget elementor-widget-spacer\" data-id=\"d6317cc\" data-element_type=\"widget\" data-widget_type=\"spacer.default\">\n\t\t\t\t<div class=\"elementor-widget-container\">\n\t\t\t\t\t<div class=\"elementor-spacer\">\n\t\t\t<div class=\"elementor-spacer-inner\"><\/div>\n\t\t<\/div>\n\t\t\t\t<\/div>\n\t\t\t\t<\/div>\n\t\t\t\t<div class=\"elementor-element elementor-element-a01c2b4 elementor-widget elementor-widget-video\" data-id=\"a01c2b4\" data-element_type=\"widget\" data-settings=\"{&quot;youtube_url&quot;:&quot;https:\\\/\\\/youtu.be\\\/1L9qfHHnJCs&quot;,&quot;video_type&quot;:&quot;youtube&quot;,&quot;controls&quot;:&quot;yes&quot;}\" data-widget_type=\"video.default\">\n\t\t\t\t<div class=\"elementor-widget-container\">\n\t\t\t\t\t<div class=\"elementor-wrapper elementor-open-inline\">\n\t\t\t<div class=\"elementor-video\"><\/div>\t\t<\/div>\n\t\t\t\t<\/div>\n\t\t\t\t<\/div>\n\t\t\t\t\t<\/div>\n\t\t<\/div>\n\t\t\t\t\t\t\t<\/div>\n\t\t<\/section>\n\t\t<div class=\"elementor-element elementor-element-807176b e-flex e-con-boxed e-con\" data-id=\"807176b\" data-element_type=\"container\" data-settings=\"{&quot;content_width&quot;:&quot;boxed&quot;}\">\n\t\t\t\t\t<div class=\"e-con-inner\">\n\t\t<div class=\"elementor-element elementor-element-45232e7 e-flex e-con-boxed e-con\" data-id=\"45232e7\" data-element_type=\"container\" data-settings=\"{&quot;content_width&quot;:&quot;boxed&quot;}\">\n\t\t\t\t\t<div class=\"e-con-inner\">\n\t\t\t\t<div class=\"elementor-element elementor-element-39b5270 elementor-widget elementor-widget-spacer\" data-id=\"39b5270\" data-element_type=\"widget\" data-widget_type=\"spacer.default\">\n\t\t\t\t<div class=\"elementor-widget-container\">\n\t\t\t\t\t<div class=\"elementor-spacer\">\n\t\t\t<div class=\"elementor-spacer-inner\"><\/div>\n\t\t<\/div>\n\t\t\t\t<\/div>\n\t\t\t\t<\/div>\n\t\t\t\t<div class=\"elementor-element elementor-element-d0216d5 elementor-align-center elementor-widget elementor-widget-button\" data-id=\"d0216d5\" data-element_type=\"widget\" data-widget_type=\"button.default\">\n\t\t\t\t<div class=\"elementor-widget-container\">\n\t\t\t\t\t<div class=\"elementor-button-wrapper\">\n\t\t\t<a class=\"elementor-button elementor-button-link elementor-size-xl\" href=\"https:\/\/shop.lenotti.com\/de\/\">\n\t\t\t\t\t\t<span class=\"elementor-button-content-wrapper\">\n\t\t\t\t\t\t<span class=\"elementor-button-text\">KAUFEN<\/span>\n\t\t<\/span>\n\t\t\t\t\t<\/a>\n\t\t<\/div>\n\t\t\t\t<\/div>\n\t\t\t\t<\/div>\n\t\t\t\t\t<\/div>\n\t\t\t\t<\/div>\n\t\t\t\t\t<\/div>\n\t\t\t\t<\/div>\n\t\t\t\t\t\t\t<\/div>","protected":false},"excerpt":{"rendered":"<p style=\"text-align: left;\"><strong>Alkohol<\/strong>: 12% vol.<\/p>\n<p style=\"text-align: left;\"><strong>Anbaugebiet<\/strong>: Region: Veneto. Typisches H\u00fcgelgebiet der \u00f6stlichen Seite des Gardasees.<\/p>\n<p style=\"text-align: left;\"><strong>Weintrauben<\/strong>: Corvina (40%), Rondinella (40%) und andere rote trauben (20%). Der Anbau erfolgt in traditioneller Spaliererziehung.<\/p>\n<p style=\"text-align: left;\"><strong>Boden<\/strong>: Steiniger Boden glazialem Ursprungs.<\/p>\n<p style=\"text-align: left;\"><strong>Weinbereitungssystem<\/strong>: Die geernteten Trauben werden sanft gepresst. Der Most hat nur einen kurzen Kontakt mit den Schalen (15-20 Stunden), um die Qualit\u00e4t in Geschmack und Farbe unseres Ros\u00e9 zu gew\u00e4hrleisten. Die Fermentation erfolgt bei 15-16\u00b0C in klimatisierten Edelstahltanks.<\/p>\n<p style=\"text-align: left;\"><strong>Beschreibung<\/strong>: Fruchtiger, trockener und leichter Ros\u00e9wein, Er sollte k\u00fchl (8-10\u00b0C) getrunken werden \u2013 ein idealer Wein f\u00fcr den Sommer.<\/p>\n<p style=\"text-align: left;\"><strong>Farbe<\/strong>: Light rose, with tendency to a delicate onion skin color.<\/p>\n<p style=\"text-align: left;\"><strong>Duft<\/strong>: Fruchtig, an Pfirsichblumen erinnernd.<\/p>\n<p style=\"text-align: left;\"><strong>Geschmack<\/strong>: Hellrosa.<\/p>\n<p style=\"text-align: left;\"><strong>Trinktemperatur<\/strong>: 8-10\u00b0C<\/p>\n<p style=\"text-align: left;\"><strong>Lagerung<\/strong>: In einem gut gel\u00fcfteten, trockenen und dunklen Raum aufbewahren. Er sollte jung getrunken werden.<\/p>\n<p style=\"text-align: left;\"><strong>Serviervorschlag<\/strong>: Der Wein eignet sich besonders gut zu Vorspeisen, leichten Speisen, gegrilltem Fisch und Pizza.<\/p>","protected":false},"featured_media":992332,"template":"","meta":{"_mo_disable_npp":""},"product_brand":[],"product_cat":[52],"product_tag":[],"class_list":{"0":"post-988059","1":"product","2":"type-product","3":"status-publish","4":"has-post-thumbnail","6":"product_cat-vini-rosati","8":"first","9":"instock","10":"shipping-taxable","11":"product-type-simple"},"_links":{"self":[{"href":"https:\/\/www.lenotti.com\/de\/wp-json\/wp\/v2\/product\/988059","targetHints":{"allow":["GET"]}}],"collection":[{"href":"https:\/\/www.lenotti.com\/de\/wp-json\/wp\/v2\/product"}],"about":[{"href":"https:\/\/www.lenotti.com\/de\/wp-json\/wp\/v2\/types\/product"}],"version-history":[{"count":131,"href":"https:\/\/www.lenotti.com\/de\/wp-json\/wp\/v2\/product\/988059\/revisions"}],"predecessor-version":[{"id":1000424,"href":"https:\/\/www.lenotti.com\/de\/wp-json\/wp\/v2\/product\/988059\/revisions\/1000424"}],"wp:featuredmedia":[{"embeddable":true,"href":"https:\/\/www.lenotti.com\/de\/wp-json\/wp\/v2\/media\/992332"}],"wp:attachment":[{"href":"https:\/\/www.lenotti.com\/de\/wp-json\/wp\/v2\/media?parent=988059"}],"wp:term":[{"taxonomy":"product_brand","embeddable":true,"href":"https:\/\/www.lenotti.com\/de\/wp-json\/wp\/v2\/product_brand?post=988059"},{"taxonomy":"product_cat","embeddable":true,"href":"https:\/\/www.lenotti.com\/de\/wp-json\/wp\/v2\/product_cat?post=988059"},{"taxonomy":"product_tag","embeddable":true,"href":"https:\/\/www.lenotti.com\/de\/wp-json\/wp\/v2\/product_tag?post=988059"}],"curies":[{"name":"wp","href":"https:\/\/api.w.org\/{rel}","templated":true}]}}