{"id":988057,"date":"2021-05-03T10:44:07","date_gmt":"2021-05-03T08:44:07","guid":{"rendered":"http:\/\/lenotti.com\/product\/bardolino-doc-classico-chiaretto-copy\/"},"modified":"2024-04-23T16:10:41","modified_gmt":"2024-04-23T14:10:41","slug":"vigna-le-giare-collezione-bardolino-doc-classico-chiaretto","status":"publish","type":"product","link":"https:\/\/www.lenotti.com\/de\/product\/vigna-le-giare-collezione-bardolino-doc-classico-chiaretto\/","title":{"rendered":"&#8220;Vigna Le Giare&#8221; Collezione Chiaretto di Bardolino DOC Classico"},"content":{"rendered":"<div data-elementor-type=\"product-post\" data-elementor-id=\"988057\" class=\"elementor elementor-988057\" data-elementor-post-type=\"product\">\n\t\t\t\t\t\t\t\t\t<section class=\"elementor-section elementor-top-section elementor-element elementor-element-4a724e9 elementor-section-boxed elementor-section-height-default elementor-section-height-default\" data-id=\"4a724e9\" data-element_type=\"section\">\n\t\t\t\t\t\t<div class=\"elementor-container elementor-column-gap-default\">\n\t\t\t\t\t<div class=\"elementor-column elementor-col-100 elementor-top-column elementor-element elementor-element-47444e8\" data-id=\"47444e8\" data-element_type=\"column\">\n\t\t\t<div class=\"elementor-widget-wrap elementor-element-populated\">\n\t\t\t\t\t\t\t\t<div class=\"elementor-element elementor-element-0579546 elementor-widget elementor-widget-toggle\" data-id=\"0579546\" data-element_type=\"widget\" data-widget_type=\"toggle.default\">\n\t\t\t\t<div class=\"elementor-widget-container\">\n\t\t\t\t\t<div class=\"elementor-toggle\">\n\t\t\t\t\t\t\t<div class=\"elementor-toggle-item\">\n\t\t\t\t\t<div id=\"elementor-tab-title-5731\" class=\"elementor-tab-title\" data-tab=\"1\" role=\"button\" aria-controls=\"elementor-tab-content-5731\" aria-expanded=\"false\">\n\t\t\t\t\t\t\t\t\t\t\t\t<span class=\"elementor-toggle-icon elementor-toggle-icon-left\" aria-hidden=\"true\">\n\t\t\t\t\t\t\t\t\t\t\t\t\t\t\t<span class=\"elementor-toggle-icon-closed\"><i class=\"fas fa-caret-right\"><\/i><\/span>\n\t\t\t\t\t\t\t\t<span class=\"elementor-toggle-icon-opened\"><i class=\"elementor-toggle-icon-opened fas fa-caret-up\"><\/i><\/span>\n\t\t\t\t\t\t\t\t\t\t\t\t\t<\/span>\n\t\t\t\t\t\t\t\t\t\t\t\t<a class=\"elementor-toggle-title\" tabindex=\"0\">TECHNISCHE DATEN<\/a>\n\t\t\t\t\t<\/div>\n\n\t\t\t\t\t<div id=\"elementor-tab-content-5731\" class=\"elementor-tab-content elementor-clearfix\" data-tab=\"1\" role=\"region\" aria-labelledby=\"elementor-tab-title-5731\"><table border=\"0\" width=\"100%\"><tbody><tr><td>Gesamts\u00e4ure:<\/td><td>5.60 g\/l<\/td><\/tr><tr><td>Zucker:<\/td><td>8.00 g\/l<\/td><\/tr><tr><td>Gesamt-SO2:<\/td><td><div class=\"wpb_column vc_column_container vc_col-sm-4\"><div class=\"vc_column-inner\"><div class=\"wpb_wrapper\"><div class=\"wpb_text_column wpb_content_element\"><div class=\"wpb_wrapper\"><p>89 mg\/l<\/p><\/div><\/div><\/div><\/div><\/div><\/td><\/tr><tr><td>Freies SO2:<\/td><td>28 mg\/l<\/td><\/tr><tr><td>Netto-Trockenextrakt:<\/td><td>22.7 g\/l<\/td><\/tr><tr><td>Fl\u00fcchtige\/Volatile S\u00e4ure:<\/td><td>0.25 g\/l<\/td><\/tr><\/tbody><\/table><\/div>\n\t\t\t\t<\/div>\n\t\t\t\t\t\t\t<div class=\"elementor-toggle-item\">\n\t\t\t\t\t<div id=\"elementor-tab-title-5732\" class=\"elementor-tab-title\" data-tab=\"2\" role=\"button\" aria-controls=\"elementor-tab-content-5732\" aria-expanded=\"false\">\n\t\t\t\t\t\t\t\t\t\t\t\t<span class=\"elementor-toggle-icon elementor-toggle-icon-left\" aria-hidden=\"true\">\n\t\t\t\t\t\t\t\t\t\t\t\t\t\t\t<span class=\"elementor-toggle-icon-closed\"><i class=\"fas fa-caret-right\"><\/i><\/span>\n\t\t\t\t\t\t\t\t<span class=\"elementor-toggle-icon-opened\"><i class=\"elementor-toggle-icon-opened fas fa-caret-up\"><\/i><\/span>\n\t\t\t\t\t\t\t\t\t\t\t\t\t<\/span>\n\t\t\t\t\t\t\t\t\t\t\t\t<a class=\"elementor-toggle-title\" tabindex=\"0\">AUSZEICHNUNGEN UND ANERKENNUNGEN<\/a>\n\t\t\t\t\t<\/div>\n\n\t\t\t\t\t<div id=\"elementor-tab-content-5732\" class=\"elementor-tab-content elementor-clearfix\" data-tab=\"2\" role=\"region\" aria-labelledby=\"elementor-tab-title-5732\"><div class=\"vc_tta-panel-body\"><div class=\"vc_row wpb_row vc_inner vc_row-fluid\"><div class=\"wpb_column vc_column_container vc_col-sm-12\"><div class=\"vc_column-inner\"><div class=\"wpb_wrapper\"><div class=\"wpb_text_column wpb_content_element vc_custom_1553075805196\"><div class=\"wpb_wrapper\"><table style=\"border-collapse: collapse; width: 100%; height: 478px;\"><tbody><tr style=\"height: 40px;\"><td style=\"width: 15.2742%; text-align: center; height: 40px;\">JAHRGANG<\/td><td style=\"width: 84.7258%; text-align: center; height: 40px;\">AUSZEICHNUNG<\/td><\/tr><tr style=\"height: 10px;\"><td style=\"width: 15.2742%; text-align: center; height: 10px;\">2011<\/td><td style=\"width: 84.7258%; height: 10px;\">1 GLAS <a class=\"foobox fbx-link fbx-instance\" href=\"https:\/\/www.lenotti.com\/wp-content\/uploads\/2021\/06\/vlg-2011-1-bicchiere-gambero-rosso-2013.jpg\" target=\"_blank\" rel=\"noopener noreferrer\"><strong>\u201cGAMBERO ROSSO 2013\u201d<\/strong><\/a><\/td><\/tr><tr style=\"height: 10px;\"><td style=\"width: 15.2742%; text-align: center; height: 10px;\">2011<\/td><td style=\"width: 84.7258%; height: 10px;\">3 TRAUBEN <a class=\"fbx-link\" href=\"https:\/\/www.lenotti.com\/wp-content\/uploads\/2021\/06\/vlg-2011-3-grappoli-duemilavini-2013.jpg\" target=\"_blank\" rel=\"noopener noreferrer\"><strong>\u201cDUEMILAVINI AIS 2013\u201d<\/strong><\/a><\/td><\/tr><tr style=\"height: 10px;\"><td style=\"width: 15.2742%; text-align: center; height: 10px;\">2008<\/td><td style=\"width: 84.7258%; height: 10px;\"><a class=\"fbx-link\" href=\"https:\/\/www.lenotti.com\/wp-content\/uploads\/2021\/06\/vlg-2008-luca-maroni-2011.jpg\" target=\"_blank\" rel=\"noopener noreferrer\">83\/100 <strong>\u201cLUCA MARONI 2011\u201d<\/strong><\/a><\/td><\/tr><tr style=\"height: 24px;\"><td style=\"width: 15.2742%; text-align: center; height: 24px;\">2007<\/td><td style=\"width: 84.7258%; height: 24px;\">1 STERN <a class=\"fbx-link\" href=\"https:\/\/www.lenotti.com\/wp-content\/uploads\/2021\/06\/vlg-2007-1-stella-veronelli-2010.jpg\" target=\"_blank\" rel=\"noopener noreferrer\"><strong>\u201cVERONELLI 2010<\/strong><\/a><strong>\u201c<\/strong><\/td><\/tr><tr style=\"height: 40px;\"><td style=\"width: 15.2742%; text-align: center; height: 40px;\">2007<\/td><td style=\"width: 84.7258%; height: 40px;\">GOLDMEDAILLE <a class=\"fbx-link\" href=\"https:\/\/www.lenotti.com\/wp-content\/uploads\/2021\/06\/vlg-2007-medaglia-oro-chiaretto.jpg\" target=\"_blank\" rel=\"noopener noreferrer\"><strong>\u201c15\u00b0 FESTA DEL BARDOLINO CHIARETTO DOC\u201d<\/strong><\/a><\/td><\/tr><tr style=\"height: 10px;\"><td style=\"width: 15.2742%; text-align: center; height: 10px;\">2006<\/td><td style=\"width: 84.7258%; height: 10px;\">DIPLOM<strong><a class=\"fbx-link\" href=\"https:\/\/www.lenotti.com\/wp-content\/uploads\/2021\/06\/vlg-2006-cucina-e-vini.jpg\" target=\"_blank\" rel=\"noopener noreferrer\"> &#8220;ROSATI D\u2019ITALIA 2007-2008&#8221;<\/a><\/strong><\/td><\/tr><tr style=\"height: 63px;\"><td style=\"width: 15.2742%; text-align: center; height: 63px;\">2006<\/td><td style=\"width: 84.7258%; height: 63px;\">GOLDMEDAILLE<strong><a class=\"fbx-link\" href=\"https:\/\/www.lenotti.com\/wp-content\/uploads\/2021\/06\/vlg-2006-medaglia-oro.jpg\" target=\"_blank\" rel=\"noopener noreferrer\"> \u201c14\u00b0 FESTA DEL BARDOLINO CHIARETTO DOC\u201d<\/a><\/strong><\/td><\/tr><tr style=\"height: 10px;\"><td style=\"width: 15.2742%; text-align: center; height: 10px;\">2005<\/td><td style=\"width: 84.7258%; height: 10px;\"><strong><a class=\"fbx-link\" href=\"https:\/\/www.lenotti.com\/wp-content\/uploads\/2021\/06\/vlg-2005-vini-rosati-gambero-rosso-2007.jpg\" target=\"_blank\" rel=\"noopener noreferrer\">I VINI ROSATI DEL GAMBERO ROSSO 2007<\/a><\/strong><\/td><\/tr><tr style=\"height: 65px;\"><td style=\"width: 15.2742%; text-align: center; height: 65px;\">2005<\/td><td style=\"width: 84.7258%; height: 65px;\">GOLDMEDAILLE<strong>\u00a0<a class=\"fbx-link\" href=\"https:\/\/www.lenotti.com\/wp-content\/uploads\/2021\/06\/vlg-2005-medaglia-oro-chiaretto.jpg\" target=\"_blank\" rel=\"noopener noreferrer\">\u201c13\u00b0 FESTA DEL BARDOLINO CHIARETTO DOC\u201d<\/a><\/strong><\/td><\/tr><tr style=\"height: 66px;\"><td style=\"width: 15.2742%; text-align: center; height: 66px;\">2004<\/td><td style=\"width: 84.7258%; height: 66px;\">GOLDMEDAILLE <a class=\"fbx-link\" href=\"https:\/\/www.lenotti.com\/wp-content\/uploads\/2021\/06\/vlg-2004-medaglia-oro-chiaretto.jpg\" target=\"_blank\" rel=\"noopener noreferrer\"><strong>\u201c12\u00b0 FESTA DEL BARDOLINO CHIARETTO DOC\u201d<\/strong><\/a><\/td><\/tr><tr style=\"height: 10px;\"><td style=\"width: 15.2742%; text-align: center; height: 10px;\">2004<\/td><td style=\"width: 84.7258%; height: 10px;\">MEDAGLIA D\u2019ORO AL 2\u00b0 CONCORSO <a class=\"fbx-link\" href=\"https:\/\/lenotti.com\/wp-content\/uploads\/2017\/09\/vlg-2004-verona-wine-top-2005.jpg\" target=\"_blank\" rel=\"noopener noreferrer\"><strong>\u201cVERONA WINE TOP 2005\u201d<\/strong><\/a><\/td><\/tr><tr style=\"height: 80px;\"><td style=\"width: 15.2742%; text-align: center; height: 80px;\">2003<\/td><td style=\"width: 84.7258%; height: 80px;\"><a class=\"fbx-link\" href=\"https:\/\/lenotti.com\/wp-content\/uploads\/2017\/09\/vlg-2003-luca-maroni-2005.jpg\" target=\"_blank\" rel=\"noopener noreferrer\">71\/100 <strong>&#8220;LUCA MARONI 2005<\/strong><\/a><strong>&#8220;<\/strong><\/td><\/tr><tr style=\"height: 10px;\"><td style=\"width: 15.2742%; text-align: center; height: 10px;\">2003<\/td><td style=\"width: 84.7258%; height: 10px;\">3 TRAUBEN <a class=\"fbx-link\" href=\"https:\/\/www.lenotti.com\/wp-content\/uploads\/2021\/06\/vlg-2003-3-grappoli-duemilavini-2005.jpg\" target=\"_blank\" rel=\"noopener noreferrer\"><strong>&#8220;DUEMILAVINI AIS 2005&#8221;<\/strong><\/a><\/td><\/tr><tr style=\"height: 10px;\"><td style=\"width: 15.2742%; text-align: center; height: 10px;\">2003<\/td><td style=\"width: 84.7258%; height: 10px;\">3 TRAUBEN <a class=\"fbx-link\" href=\"https:\/\/www.lenotti.com\/wp-content\/uploads\/2021\/06\/vlg-2003-3-grappoli-duemilavini-2005.jpg\" target=\"_blank\" rel=\"noopener noreferrer\"><strong>&#8220;DUEMILAVINI AIS 2005&#8221;<\/strong><\/a><\/td><\/tr><tr style=\"height: 10px;\"><td style=\"width: 15.2742%; text-align: center; height: 10px;\">2002<\/td><td style=\"width: 84.7258%; height: 10px;\">1 FLASCHE <a class=\"fbx-link\" href=\"https:\/\/www.lenotti.com\/wp-content\/uploads\/2021\/06\/vlg-2002-1-bott-espresso-2004.jpg\" target=\"_blank\" rel=\"noopener noreferrer\"><strong>&#8220;ESPRESSO 2004<\/strong><\/a><strong>&#8220;<\/strong><\/td><\/tr><tr style=\"height: 10px;\"><td style=\"width: 15.2742%; text-align: center; height: 10px;\">2002<\/td><td style=\"width: 84.7258%; height: 10px;\">3 TRAUBEN <strong>&#8220;DUEMILAVINI AIS 2004<\/strong><\/td><\/tr><tr><td style=\"width: 15.2742%; text-align: center;\">2002<\/td><td style=\"width: 84.7258%;\">GOLDMEDAILLE <a class=\"fbx-link\" href=\"https:\/\/www.lenotti.com\/wp-content\/uploads\/2021\/06\/vlg-2002-medaglia-oro-chiaretto.jpg\" target=\"_blank\" rel=\"noopener noreferrer\"><strong>\u201cBARDOLINO CHIARETTO DOC CLASSICO\u201d<\/strong><\/a><\/td><\/tr><tr><td style=\"width: 15.2742%; text-align: center;\">2001<\/td><td style=\"width: 84.7258%;\">3 TRAUBEN <a class=\"fbx-link\" href=\"https:\/\/www.lenotti.com\/wp-content\/uploads\/2021\/06\/vlg-2001-3-grappoli-duemilavini-2003.jpg\" target=\"_blank\" rel=\"noopener noreferrer\"><strong>&#8220;DUEMILAVINI AIS 2003<\/strong><\/a><strong>&#8220;<\/strong><\/td><\/tr><\/tbody><\/table><\/div><\/div><div class=\"wpb_text_column wpb_content_element vc_custom_1505920963484\"><div class=\"wpb_wrapper\">\u00a0<\/div><\/div><\/div><\/div><\/div><\/div><\/div><\/div>\n\t\t\t\t<\/div>\n\t\t\t\t\t\t\t<div class=\"elementor-toggle-item\">\n\t\t\t\t\t<div id=\"elementor-tab-title-5733\" class=\"elementor-tab-title\" data-tab=\"3\" role=\"button\" aria-controls=\"elementor-tab-content-5733\" aria-expanded=\"false\">\n\t\t\t\t\t\t\t\t\t\t\t\t<span class=\"elementor-toggle-icon elementor-toggle-icon-left\" aria-hidden=\"true\">\n\t\t\t\t\t\t\t\t\t\t\t\t\t\t\t<span class=\"elementor-toggle-icon-closed\"><i class=\"fas fa-caret-right\"><\/i><\/span>\n\t\t\t\t\t\t\t\t<span class=\"elementor-toggle-icon-opened\"><i class=\"elementor-toggle-icon-opened fas fa-caret-up\"><\/i><\/span>\n\t\t\t\t\t\t\t\t\t\t\t\t\t<\/span>\n\t\t\t\t\t\t\t\t\t\t\t\t<a class=\"elementor-toggle-title\" tabindex=\"0\">DIE GESCHICHTE DES NAMENS DIESES WEINES<\/a>\n\t\t\t\t\t<\/div>\n\n\t\t\t\t\t<div id=\"elementor-tab-content-5733\" class=\"elementor-tab-content elementor-clearfix\" data-tab=\"3\" role=\"region\" aria-labelledby=\"elementor-tab-title-5733\"><div class=\"vc_tta-panel-body\"><div class=\"vc_row wpb_row vc_inner vc_row-fluid\"><div class=\"wpb_column vc_column_container vc_col-sm-12\"><div class=\"vc_column-inner\"><div class=\"wpb_wrapper\">\u201cLe Giare\u201d ist der Name des Weinbergs, auf dem die, f\u00fcr diesen speziellen Rotwein verwendeten Trauben in sehr begrenzten Mengen wachsen. \u201cLe Giara\u201d bedeutet in unserem lokalen Dialekt \u201cder gro\u00dfer Stein\u201d. \u201cWeingut Le Giare\u201d ist also \u201cder Weinberg der gro\u00dfen Steine\u201d. Dieser Name r\u00fchrt daher, dass es in diesem Gebiet vor Millionen von Jahren einen Fluss gab, der von den H\u00fcgeln zum See floss. Der Fluss existiert immer noch, ist aber heute sehr viel kleiner und hat hier viele gro\u00dfe, runde Steine hinterlassen, die heute noch zum Bau von Mauern verwendet werden. In unserem Weinberg werden tats\u00e4chlich alle St\u00fctzmauern mit unseren eigenen Steinen gebaut\u2026oder besser\u2026.mit unseren eigenen \u201cgiare\u201d!!!<\/div><\/div><\/div><\/div><\/div><\/div>\n\t\t\t\t<\/div>\n\t\t\t\t\t\t\t\t<\/div>\n\t\t\t\t<\/div>\n\t\t\t\t<\/div>\n\t\t\t\t<div class=\"elementor-element elementor-element-c58a31b elementor-widget elementor-widget-button\" data-id=\"c58a31b\" data-element_type=\"widget\" data-widget_type=\"button.default\">\n\t\t\t\t<div class=\"elementor-widget-container\">\n\t\t\t\t\t<div class=\"elementor-button-wrapper\">\n\t\t\t<a class=\"elementor-button elementor-button-link elementor-size-md\" href=\"https:\/\/www.lenotti.com\/wp-content\/uploads\/2024\/03\/DEU-CHIARETTO-GIARE-Technical-sheet.pdf\" target=\"_blank\">\n\t\t\t\t\t\t<span class=\"elementor-button-content-wrapper\">\n\t\t\t\t\t\t<span class=\"elementor-button-icon elementor-align-icon-left\">\n\t\t\t\t<i aria-hidden=\"true\" class=\"fas fa-file-pdf\"><\/i>\t\t\t<\/span>\n\t\t\t\t\t\t<span class=\"elementor-button-text\">PDF FILE<\/span>\n\t\t<\/span>\n\t\t\t\t\t<\/a>\n\t\t<\/div>\n\t\t\t\t<\/div>\n\t\t\t\t<\/div>\n\t\t\t\t\t<\/div>\n\t\t<\/div>\n\t\t\t\t\t\t\t<\/div>\n\t\t<\/section>\n\t\t<div class=\"elementor-element elementor-element-b166eb0 e-flex e-con-boxed e-con\" data-id=\"b166eb0\" data-element_type=\"container\" data-settings=\"{&quot;content_width&quot;:&quot;boxed&quot;}\">\n\t\t\t\t\t<div class=\"e-con-inner\">\n\t\t<div class=\"elementor-element elementor-element-2c5a0f4 e-flex e-con-boxed e-con\" data-id=\"2c5a0f4\" data-element_type=\"container\" data-settings=\"{&quot;content_width&quot;:&quot;boxed&quot;}\">\n\t\t\t\t\t<div class=\"e-con-inner\">\n\t\t\t\t<div class=\"elementor-element elementor-element-eb8f4bf elementor-widget elementor-widget-spacer\" data-id=\"eb8f4bf\" data-element_type=\"widget\" data-widget_type=\"spacer.default\">\n\t\t\t\t<div class=\"elementor-widget-container\">\n\t\t\t\t\t<div class=\"elementor-spacer\">\n\t\t\t<div class=\"elementor-spacer-inner\"><\/div>\n\t\t<\/div>\n\t\t\t\t<\/div>\n\t\t\t\t<\/div>\n\t\t\t\t<div class=\"elementor-element elementor-element-4c3b391 elementor-align-center elementor-widget elementor-widget-button\" data-id=\"4c3b391\" data-element_type=\"widget\" data-widget_type=\"button.default\">\n\t\t\t\t<div class=\"elementor-widget-container\">\n\t\t\t\t\t<div class=\"elementor-button-wrapper\">\n\t\t\t<a class=\"elementor-button elementor-button-link elementor-size-xl\" href=\"https:\/\/shop.lenotti.com\/de\/\">\n\t\t\t\t\t\t<span class=\"elementor-button-content-wrapper\">\n\t\t\t\t\t\t<span class=\"elementor-button-text\">KAUFEN<\/span>\n\t\t<\/span>\n\t\t\t\t\t<\/a>\n\t\t<\/div>\n\t\t\t\t<\/div>\n\t\t\t\t<\/div>\n\t\t\t\t\t<\/div>\n\t\t\t\t<\/div>\n\t\t\t\t\t<\/div>\n\t\t\t\t<\/div>\n\t\t\t\t\t\t\t<\/div>","protected":false},"excerpt":{"rendered":"<p style=\"text-align: left;\"><strong>Alkohol<\/strong>: 12% vol.<\/p>\n<p style=\"text-align: left;\"><strong>Anbaugebiet<\/strong>: Region: Veneto. Der Weinberg Le Giare befindet sich in Bardolino, im typischen H\u00fcgelgebiet der \u00f6stlichen Seite des Gardasees.<\/p>\n<p style=\"text-align: left;\"><strong>Weintrauben<\/strong>: Der Wein wird aus roten Trauben und nur in einer begrenzten Menge hergestellt: Corvina (65%), Rondinella (25%) und andere (10%). Der Anbau erfolgt in Dachlaubenerziehung.<\/p>\n<p style=\"text-align: left;\"><strong>Boden<\/strong>: Besonders steiniger Boden mor\u00e4nischem Ursprungs. Daraus stammt der Name \u201cLe Giare\u201d : \u201cDie Steine\u201d.<\/p>\n<p style=\"text-align: left;\"><strong>Weinbereitungssystem<\/strong>: Getrennte Weinbereitung der einzelnen Rebsorten vom Weinberg Le Giare. Die geernteten Trauben werden sanft gepresst. Der Most hat nur einen kurzen Kontakt mit den Schalen (16-24 Stunden), um die Qualit\u00e4t in Geschmack und Farbe unseres Ros\u00e9 zu gew\u00e4hrleisten. Die Fermentation erfolgt bei 15-16\u00b0C in klimatisierten Edelstahltanks.<\/p>\n<p style=\"text-align: left;\"><strong>Beschreibung<\/strong>: Angenehm trockener, leichter, fruchtiger und harmonischer Ros\u00e9wein, der aus der besten Traubenselektion unseres Weinberges hergestellt wird.<\/p>\n<p style=\"text-align: left;\"><strong>Farbe<\/strong>: Rosa.<\/p>\n<p style=\"text-align: left;\"><strong>Duft<\/strong>: Fruchtig, an Pfirsichblumen erinnernd.<\/p>\n<p style=\"text-align: left;\"><strong>Geschmack<\/strong>: Frisch, trocken und lebhaft.<\/p>\n<p style=\"text-align: left;\"><strong>Trinktemperatur<\/strong>: 8-10\u00b0C<\/p>\n<p style=\"text-align: left;\"><strong>Lagerung<\/strong>: In einem gut gel\u00fcfteten, trockenen und dunklen Raum aufbewahren. Er sollte jung getrunken werden.<\/p>\n<p style=\"text-align: left;\"><strong>Serviervorschlag<\/strong>: Der Wein eignet sich besonders gut zu Vorspeisen, leichten Speisen, gegrilltem Fisch und Pizza.<\/p>","protected":false},"featured_media":992860,"template":"","meta":{"_mo_disable_npp":""},"product_brand":[],"product_cat":[52],"product_tag":[],"class_list":{"0":"post-988057","1":"product","2":"type-product","3":"status-publish","4":"has-post-thumbnail","6":"product_cat-vini-rosati","8":"first","9":"instock","10":"shipping-taxable","11":"product-type-simple"},"_links":{"self":[{"href":"https:\/\/www.lenotti.com\/de\/wp-json\/wp\/v2\/product\/988057","targetHints":{"allow":["GET"]}}],"collection":[{"href":"https:\/\/www.lenotti.com\/de\/wp-json\/wp\/v2\/product"}],"about":[{"href":"https:\/\/www.lenotti.com\/de\/wp-json\/wp\/v2\/types\/product"}],"version-history":[{"count":45,"href":"https:\/\/www.lenotti.com\/de\/wp-json\/wp\/v2\/product\/988057\/revisions"}],"predecessor-version":[{"id":999055,"href":"https:\/\/www.lenotti.com\/de\/wp-json\/wp\/v2\/product\/988057\/revisions\/999055"}],"wp:featuredmedia":[{"embeddable":true,"href":"https:\/\/www.lenotti.com\/de\/wp-json\/wp\/v2\/media\/992860"}],"wp:attachment":[{"href":"https:\/\/www.lenotti.com\/de\/wp-json\/wp\/v2\/media?parent=988057"}],"wp:term":[{"taxonomy":"product_brand","embeddable":true,"href":"https:\/\/www.lenotti.com\/de\/wp-json\/wp\/v2\/product_brand?post=988057"},{"taxonomy":"product_cat","embeddable":true,"href":"https:\/\/www.lenotti.com\/de\/wp-json\/wp\/v2\/product_cat?post=988057"},{"taxonomy":"product_tag","embeddable":true,"href":"https:\/\/www.lenotti.com\/de\/wp-json\/wp\/v2\/product_tag?post=988057"}],"curies":[{"name":"wp","href":"https:\/\/api.w.org\/{rel}","templated":true}]}}