{"id":988053,"date":"2021-05-03T10:39:36","date_gmt":"2021-05-03T08:39:36","guid":{"rendered":"http:\/\/lenotti.com\/product\/decus-collezione-lugana-doc-copy\/"},"modified":"2024-04-23T16:12:03","modified_gmt":"2024-04-23T14:12:03","slug":"blush-pinot-grigio-delle-venezie-doc","status":"publish","type":"product","link":"https:\/\/www.lenotti.com\/de\/product\/blush-pinot-grigio-delle-venezie-doc\/","title":{"rendered":"\u201cBlush\u201d Pinot Grigio delle Venezie DOC"},"content":{"rendered":"<div data-elementor-type=\"product-post\" data-elementor-id=\"988053\" class=\"elementor elementor-988053\" data-elementor-post-type=\"product\">\n\t\t\t\t\t\t\t\t\t<section class=\"elementor-section elementor-top-section elementor-element elementor-element-4a724e9 elementor-section-boxed elementor-section-height-default elementor-section-height-default\" data-id=\"4a724e9\" data-element_type=\"section\">\n\t\t\t\t\t\t<div class=\"elementor-container elementor-column-gap-default\">\n\t\t\t\t\t<div class=\"elementor-column elementor-col-100 elementor-top-column elementor-element elementor-element-47444e8\" data-id=\"47444e8\" data-element_type=\"column\">\n\t\t\t<div class=\"elementor-widget-wrap elementor-element-populated\">\n\t\t\t\t\t\t\t\t<div class=\"elementor-element elementor-element-0579546 elementor-widget elementor-widget-toggle\" data-id=\"0579546\" data-element_type=\"widget\" data-widget_type=\"toggle.default\">\n\t\t\t\t<div class=\"elementor-widget-container\">\n\t\t\t\t\t<div class=\"elementor-toggle\">\n\t\t\t\t\t\t\t<div class=\"elementor-toggle-item\">\n\t\t\t\t\t<div id=\"elementor-tab-title-5731\" class=\"elementor-tab-title\" data-tab=\"1\" role=\"button\" aria-controls=\"elementor-tab-content-5731\" aria-expanded=\"false\">\n\t\t\t\t\t\t\t\t\t\t\t\t<span class=\"elementor-toggle-icon elementor-toggle-icon-left\" aria-hidden=\"true\">\n\t\t\t\t\t\t\t\t\t\t\t\t\t\t\t<span class=\"elementor-toggle-icon-closed\"><i class=\"fas fa-caret-right\"><\/i><\/span>\n\t\t\t\t\t\t\t\t<span class=\"elementor-toggle-icon-opened\"><i class=\"elementor-toggle-icon-opened fas fa-caret-up\"><\/i><\/span>\n\t\t\t\t\t\t\t\t\t\t\t\t\t<\/span>\n\t\t\t\t\t\t\t\t\t\t\t\t<a class=\"elementor-toggle-title\" tabindex=\"0\">TECHNISCHE DATEN<\/a>\n\t\t\t\t\t<\/div>\n\n\t\t\t\t\t<div id=\"elementor-tab-content-5731\" class=\"elementor-tab-content elementor-clearfix\" data-tab=\"1\" role=\"region\" aria-labelledby=\"elementor-tab-title-5731\"><table border=\"0\" width=\"100%\"><tbody><tr><td>Gesamts\u00e4ure:<\/td><td>5.70 g\/l<\/td><\/tr><tr><td>Zucker:<\/td><td>8.00 g\/l<\/td><\/tr><tr><td>Gesamt-SO2:<\/td><td>96 mg\/l<\/td><\/tr><tr><td>Freies SO2:<\/td><td><div class=\"wpb_column vc_column_container vc_col-sm-4\"><div class=\"vc_column-inner\"><div class=\"wpb_wrapper\"><div class=\"wpb_text_column wpb_content_element\"><div class=\"wpb_wrapper\"><p>27 mg\/l<\/p><\/div><\/div><\/div><\/div><\/div><\/td><\/tr><tr><td>Netto-Trockenextrakt:<\/td><td>23.0 g\/l<\/td><\/tr><tr><td>Fl\u00fcchtige\/Volatile S\u00e4ure:<\/td><td>0.18 g\/l<\/td><\/tr><\/tbody><\/table><\/div>\n\t\t\t\t<\/div>\n\t\t\t\t\t\t\t<div class=\"elementor-toggle-item\">\n\t\t\t\t\t<div id=\"elementor-tab-title-5732\" class=\"elementor-tab-title\" data-tab=\"2\" role=\"button\" aria-controls=\"elementor-tab-content-5732\" aria-expanded=\"false\">\n\t\t\t\t\t\t\t\t\t\t\t\t<span class=\"elementor-toggle-icon elementor-toggle-icon-left\" aria-hidden=\"true\">\n\t\t\t\t\t\t\t\t\t\t\t\t\t\t\t<span class=\"elementor-toggle-icon-closed\"><i class=\"fas fa-caret-right\"><\/i><\/span>\n\t\t\t\t\t\t\t\t<span class=\"elementor-toggle-icon-opened\"><i class=\"elementor-toggle-icon-opened fas fa-caret-up\"><\/i><\/span>\n\t\t\t\t\t\t\t\t\t\t\t\t\t<\/span>\n\t\t\t\t\t\t\t\t\t\t\t\t<a class=\"elementor-toggle-title\" tabindex=\"0\">AUSZEICHNUNGEN UND ANERKENNUNGEN<\/a>\n\t\t\t\t\t<\/div>\n\n\t\t\t\t\t<div id=\"elementor-tab-content-5732\" class=\"elementor-tab-content elementor-clearfix\" data-tab=\"2\" role=\"region\" aria-labelledby=\"elementor-tab-title-5732\"><p>Kein Auszeichnungen bis heute<\/p><\/div>\n\t\t\t\t<\/div>\n\t\t\t\t\t\t\t\t<\/div>\n\t\t\t\t<\/div>\n\t\t\t\t<\/div>\n\t\t\t\t<div class=\"elementor-element elementor-element-c58a31b elementor-widget elementor-widget-button\" data-id=\"c58a31b\" data-element_type=\"widget\" data-widget_type=\"button.default\">\n\t\t\t\t<div class=\"elementor-widget-container\">\n\t\t\t\t\t<div class=\"elementor-button-wrapper\">\n\t\t\t<a class=\"elementor-button elementor-button-link elementor-size-md\" href=\"https:\/\/www.lenotti.com\/wp-content\/uploads\/2024\/03\/DEU-Blush-Technical-sheet.pdf\" target=\"_blank\">\n\t\t\t\t\t\t<span class=\"elementor-button-content-wrapper\">\n\t\t\t\t\t\t<span class=\"elementor-button-icon elementor-align-icon-left\">\n\t\t\t\t<i aria-hidden=\"true\" class=\"fas fa-file-pdf\"><\/i>\t\t\t<\/span>\n\t\t\t\t\t\t<span class=\"elementor-button-text\">PDF FILE<\/span>\n\t\t<\/span>\n\t\t\t\t\t<\/a>\n\t\t<\/div>\n\t\t\t\t<\/div>\n\t\t\t\t<\/div>\n\t\t\t\t\t<\/div>\n\t\t<\/div>\n\t\t\t\t\t\t\t<\/div>\n\t\t<\/section>\n\t\t<div class=\"elementor-element elementor-element-57f65c1 e-flex e-con-boxed e-con\" data-id=\"57f65c1\" data-element_type=\"container\" data-settings=\"{&quot;content_width&quot;:&quot;boxed&quot;}\">\n\t\t\t\t\t<div class=\"e-con-inner\">\n\t\t<div class=\"elementor-element elementor-element-cbd629f e-flex e-con-boxed e-con\" data-id=\"cbd629f\" data-element_type=\"container\" data-settings=\"{&quot;content_width&quot;:&quot;boxed&quot;}\">\n\t\t\t\t\t<div class=\"e-con-inner\">\n\t\t\t\t<div class=\"elementor-element elementor-element-db63f0e elementor-widget elementor-widget-spacer\" data-id=\"db63f0e\" data-element_type=\"widget\" data-widget_type=\"spacer.default\">\n\t\t\t\t<div class=\"elementor-widget-container\">\n\t\t\t\t\t<div class=\"elementor-spacer\">\n\t\t\t<div class=\"elementor-spacer-inner\"><\/div>\n\t\t<\/div>\n\t\t\t\t<\/div>\n\t\t\t\t<\/div>\n\t\t\t\t<div class=\"elementor-element elementor-element-600e90e elementor-align-center elementor-widget elementor-widget-button\" data-id=\"600e90e\" data-element_type=\"widget\" data-widget_type=\"button.default\">\n\t\t\t\t<div class=\"elementor-widget-container\">\n\t\t\t\t\t<div class=\"elementor-button-wrapper\">\n\t\t\t<a class=\"elementor-button elementor-button-link elementor-size-xl\" href=\"https:\/\/shop.lenotti.com\/de\/\">\n\t\t\t\t\t\t<span class=\"elementor-button-content-wrapper\">\n\t\t\t\t\t\t<span class=\"elementor-button-text\">KAUFEN<\/span>\n\t\t<\/span>\n\t\t\t\t\t<\/a>\n\t\t<\/div>\n\t\t\t\t<\/div>\n\t\t\t\t<\/div>\n\t\t\t\t\t<\/div>\n\t\t\t\t<\/div>\n\t\t\t\t\t<\/div>\n\t\t\t\t<\/div>\n\t\t\t\t\t\t\t<\/div>","protected":false},"excerpt":{"rendered":"<p style=\"text-align: left;\"><strong>Alkohol<\/strong>: 12.5% vol.<\/p>\n<p style=\"text-align: left;\"><strong>Anbaugebiet<\/strong>: Veneto. H\u00fcgelgebiet am \u00f6stlichen Ufer des Gardasees.<\/p>\n<p style=\"text-align: left;\"><strong>Weintrauben<\/strong>: Aus weissen \u201cPINOT GRIGIO\u201c Trauben (100%) hergestellt. Vinifiziert mit der nat\u00fcrlichen grauen Farbe (grau = grigio), in traditioneller Spalier- oder Dachlaubenerziehung.<\/p>\n<p style=\"text-align: left;\"><strong>Boden<\/strong>: Boden glazialem und alluvialem Ursprungs.<\/p>\n<p style=\"text-align: left;\"><strong>Weinbereitungssystem<\/strong>: Die Maischeg\u00e4rung erfolgt mit f\u00fcr 5 Tage mit Schalenkontakt und wird in dieser Zeit mazeriert, d.h. die Farbe und Frucht aus der Beerenhaut und dem Fruchtfleisch wird w\u00e4hrend der G\u00e4rung ausgel\u00f6st, um die originale graue Farbe der Traube zu erhalten. Die Fermentierung erfolgt bei konstanter Temperatur ( 15-16\u00b0) in thermoklimatisierten Edelstahlbeh\u00e4ltern.<\/p>\n<p style=\"text-align: left;\"><strong>Beschreibung<\/strong>: Frisch, fruchtig und angenehm trocken.<\/p>\n<p style=\"text-align: left;\"><strong>Farbe<\/strong>: Helles Ros\u00e8<\/p>\n<p style=\"text-align: left;\"><strong>Duft<\/strong>: Das feine Bouquet duftet nach Birne und Apfel sowie einem Hauch Bl\u00fctenwiese.<\/p>\n<p style=\"text-align: left;\"><strong>Geschmack<\/strong>: Harmonisch, frisch, fruchtig und angenehm trocken.<\/p>\n<p style=\"text-align: left;\"><strong>Trinktemperatur<\/strong>: Ideale Trinktemperatur: 8-10\u00b0C.<\/p>\n<p style=\"text-align: left;\"><strong>Lagerung<\/strong>: In einem gut gel\u00fcfteten, trockenen und dunklen Raum aufbewahren. Er sollte jung getrunken werden.<\/p>\n<p style=\"text-align: left;\"><strong>Serviervorschlag<\/strong>: Ein idealer Sommerwein, der gut zu knackigen Salaten oder frischen Antipasti passt.<\/p>","protected":false},"featured_media":992209,"template":"","meta":{"_mo_disable_npp":""},"product_brand":[],"product_cat":[51],"product_tag":[],"class_list":{"0":"post-988053","1":"product","2":"type-product","3":"status-publish","4":"has-post-thumbnail","6":"product_cat-vini-bianchi","8":"first","9":"instock","10":"shipping-taxable","11":"product-type-simple"},"_links":{"self":[{"href":"https:\/\/www.lenotti.com\/de\/wp-json\/wp\/v2\/product\/988053","targetHints":{"allow":["GET"]}}],"collection":[{"href":"https:\/\/www.lenotti.com\/de\/wp-json\/wp\/v2\/product"}],"about":[{"href":"https:\/\/www.lenotti.com\/de\/wp-json\/wp\/v2\/types\/product"}],"version-history":[{"count":31,"href":"https:\/\/www.lenotti.com\/de\/wp-json\/wp\/v2\/product\/988053\/revisions"}],"predecessor-version":[{"id":999062,"href":"https:\/\/www.lenotti.com\/de\/wp-json\/wp\/v2\/product\/988053\/revisions\/999062"}],"wp:featuredmedia":[{"embeddable":true,"href":"https:\/\/www.lenotti.com\/de\/wp-json\/wp\/v2\/media\/992209"}],"wp:attachment":[{"href":"https:\/\/www.lenotti.com\/de\/wp-json\/wp\/v2\/media?parent=988053"}],"wp:term":[{"taxonomy":"product_brand","embeddable":true,"href":"https:\/\/www.lenotti.com\/de\/wp-json\/wp\/v2\/product_brand?post=988053"},{"taxonomy":"product_cat","embeddable":true,"href":"https:\/\/www.lenotti.com\/de\/wp-json\/wp\/v2\/product_cat?post=988053"},{"taxonomy":"product_tag","embeddable":true,"href":"https:\/\/www.lenotti.com\/de\/wp-json\/wp\/v2\/product_tag?post=988053"}],"curies":[{"name":"wp","href":"https:\/\/api.w.org\/{rel}","templated":true}]}}