{"id":988051,"date":"2021-05-03T10:38:51","date_gmt":"2021-05-03T08:38:51","guid":{"rendered":"http:\/\/lenotti.com\/product\/murlongo-collezione-lugana-doc-copy\/"},"modified":"2025-10-09T14:39:05","modified_gmt":"2025-10-09T12:39:05","slug":"decus-collezione-lugana-doc","status":"publish","type":"product","link":"https:\/\/www.lenotti.com\/de\/product\/decus-collezione-lugana-doc\/","title":{"rendered":"\u201cDecus\u201d Collezione Lugana DOC"},"content":{"rendered":"<div data-elementor-type=\"product-post\" data-elementor-id=\"988051\" class=\"elementor elementor-988051\" data-elementor-post-type=\"product\">\n\t\t\t\t\t\t\t\t\t<section class=\"elementor-section elementor-top-section elementor-element elementor-element-4a724e9 elementor-section-boxed elementor-section-height-default elementor-section-height-default\" data-id=\"4a724e9\" data-element_type=\"section\">\n\t\t\t\t\t\t<div class=\"elementor-container elementor-column-gap-default\">\n\t\t\t\t\t<div class=\"elementor-column elementor-col-100 elementor-top-column elementor-element elementor-element-47444e8\" data-id=\"47444e8\" data-element_type=\"column\">\n\t\t\t<div class=\"elementor-widget-wrap elementor-element-populated\">\n\t\t\t\t\t\t\t\t<div class=\"elementor-element elementor-element-0579546 elementor-widget elementor-widget-toggle\" data-id=\"0579546\" data-element_type=\"widget\" data-widget_type=\"toggle.default\">\n\t\t\t\t<div class=\"elementor-widget-container\">\n\t\t\t\t\t<div class=\"elementor-toggle\">\n\t\t\t\t\t\t\t<div class=\"elementor-toggle-item\">\n\t\t\t\t\t<div id=\"elementor-tab-title-5731\" class=\"elementor-tab-title\" data-tab=\"1\" role=\"button\" aria-controls=\"elementor-tab-content-5731\" aria-expanded=\"false\">\n\t\t\t\t\t\t\t\t\t\t\t\t<span class=\"elementor-toggle-icon elementor-toggle-icon-left\" aria-hidden=\"true\">\n\t\t\t\t\t\t\t\t\t\t\t\t\t\t\t<span class=\"elementor-toggle-icon-closed\"><i class=\"fas fa-caret-right\"><\/i><\/span>\n\t\t\t\t\t\t\t\t<span class=\"elementor-toggle-icon-opened\"><i class=\"elementor-toggle-icon-opened fas fa-caret-up\"><\/i><\/span>\n\t\t\t\t\t\t\t\t\t\t\t\t\t<\/span>\n\t\t\t\t\t\t\t\t\t\t\t\t<a class=\"elementor-toggle-title\" tabindex=\"0\">TECHNISCHE DATEN<\/a>\n\t\t\t\t\t<\/div>\n\n\t\t\t\t\t<div id=\"elementor-tab-content-5731\" class=\"elementor-tab-content elementor-clearfix\" data-tab=\"1\" role=\"region\" aria-labelledby=\"elementor-tab-title-5731\"><table border=\"0\" width=\"100%\"><tbody><tr><td>Gesamts\u00e4ure:<\/td><td>5.70 g\/l<\/td><\/tr><tr><td>Zucker:<\/td><td>8.50 g\/l<\/td><\/tr><tr><td>Gesamt-SO2:<\/td><td>96 mg\/l<\/td><\/tr><tr><td>Freies SO2:<\/td><td>28 mg\/l<\/td><\/tr><tr><td>Netto-Trockenextrakt:<\/td><td>23.0 g\/l<\/td><\/tr><tr><td>Fl\u00fcchtige\/Volatile S\u00e4ure:<\/td><td>0.26 g\/l<\/td><\/tr><\/tbody><\/table><\/div>\n\t\t\t\t<\/div>\n\t\t\t\t\t\t\t<div class=\"elementor-toggle-item\">\n\t\t\t\t\t<div id=\"elementor-tab-title-5732\" class=\"elementor-tab-title\" data-tab=\"2\" role=\"button\" aria-controls=\"elementor-tab-content-5732\" aria-expanded=\"false\">\n\t\t\t\t\t\t\t\t\t\t\t\t<span class=\"elementor-toggle-icon elementor-toggle-icon-left\" aria-hidden=\"true\">\n\t\t\t\t\t\t\t\t\t\t\t\t\t\t\t<span class=\"elementor-toggle-icon-closed\"><i class=\"fas fa-caret-right\"><\/i><\/span>\n\t\t\t\t\t\t\t\t<span class=\"elementor-toggle-icon-opened\"><i class=\"elementor-toggle-icon-opened fas fa-caret-up\"><\/i><\/span>\n\t\t\t\t\t\t\t\t\t\t\t\t\t<\/span>\n\t\t\t\t\t\t\t\t\t\t\t\t<a class=\"elementor-toggle-title\" tabindex=\"0\">AUSZEICHNUNGEN UND ANERKENNUNGEN<\/a>\n\t\t\t\t\t<\/div>\n\n\t\t\t\t\t<div id=\"elementor-tab-content-5732\" class=\"elementor-tab-content elementor-clearfix\" data-tab=\"2\" role=\"region\" aria-labelledby=\"elementor-tab-title-5732\"><div class=\"vc_row wpb_row vc_inner vc_row-fluid\"><div class=\"wpb_column vc_column_container vc_col-sm-12\"><table style=\"border-collapse: collapse; width: 84.1803%; height: 169px;\"><tbody><tr style=\"height: 40px;\"><td style=\"width: 10.9375%; height: 40px; text-align: center;\">JAHRGANG<\/td><td style=\"width: 78.9609%; height: 40px; text-align: center;\">AUSZEICHNUNG<\/td><\/tr><tr><td style=\"width: 10.9375%; text-align: center;\">2024<\/td><td style=\"width: 78.9609%;\">4 STERNE\u00a0<a href=\"https:\/\/www.lenotti.com\/wp-content\/uploads\/2025\/10\/autoctoni-vinibuoni-10146.png\" target=\"_blank\" rel=\"noopener\"><strong>\u201cVINIBUONI D\u2019ITALIA 2026\u201d<\/strong><\/a><\/td><\/tr><tr><td style=\"width: 10.9375%; text-align: center;\">2023<\/td><td style=\"width: 78.9609%;\">3 TRAUBEN <a href=\"https:\/\/www.lenotti.com\/wp-content\/uploads\/2025\/02\/5_grappoli_sardegna_bibenda_2025.jpg\" target=\"_blank\" rel=\"noopener\"><strong>&#8220;BIBENDA 2025&#8221;<\/strong><\/a><\/td><\/tr><tr><td style=\"width: 10.9375%; text-align: center;\">2023<\/td><td style=\"width: 78.9609%;\">93\/100 <a href=\"https:\/\/www.lenotti.com\/wp-content\/uploads\/2024\/10\/Luca-Maroni-2025_01-scaled.jpg\" target=\"_blank\" rel=\"noopener\"><strong>&#8220;LUCA MARONI 2025&#8221;<\/strong><\/a><\/td><\/tr><tr><td style=\"width: 10.9375%; text-align: center;\">2023<\/td><td style=\"width: 78.9609%;\">4 STERNE\u00a0<a href=\"https:\/\/www.lenotti.com\/wp-content\/uploads\/2024\/10\/Vinibuoni-2025.png\" target=\"_blank\" rel=\"noopener\"><strong>\u201cVINIBUONI D\u2019ITALIA 2025\u201d<\/strong><\/a><\/td><\/tr><tr><td style=\"width: 10.9375%; text-align: center;\">2022<\/td><td style=\"width: 78.9609%;\">3 TRAUBEN <a href=\"https:\/\/www.lenotti.com\/wp-content\/uploads\/2024\/02\/bibenda-2024-1.jpg\" target=\"_blank\" rel=\"noopener\"><strong>&#8220;BIBENDA 2024&#8221;<\/strong><\/a><\/td><\/tr><tr><td style=\"width: 10.9375%; text-align: center;\">2022<\/td><td style=\"width: 78.9609%;\">93\/100 <a href=\"https:\/\/www.lenotti.com\/wp-content\/uploads\/2023\/10\/DECUS-LUGANA-2022-TOP-100-2024_01.jpg\" target=\"_blank\" rel=\"noopener\"><strong>&#8220;TOP 100 &#8211; GUIDA AI VINI DI VERONA 2024&#8221;<\/strong><\/a><\/td><\/tr><tr><td style=\"width: 10.9375%; text-align: center;\">2022<\/td><td style=\"width: 78.9609%;\">94\/100 <a href=\"https:\/\/www.lenotti.com\/wp-content\/uploads\/2022\/10\/LUCA-MARONI-2023.pdf\" target=\"_blank\" rel=\"noopener\"><strong>&#8220;LUCA MARONI 2024&#8221;<\/strong><\/a><\/td><\/tr><tr style=\"height: 10px;\"><td style=\"width: 10.9375%; height: 10px; text-align: center;\">2021<\/td><td style=\"width: 78.9609%; height: 10px;\">3 TRAUBEN <a href=\"https:\/\/www.lenotti.com\/wp-content\/uploads\/2023\/02\/mini-thumb-2023-bibenda.jpg\"><strong>&#8220;BIBENDA 2023&#8221;<\/strong><\/a><\/td><\/tr><tr style=\"height: 32px;\"><td style=\"width: 10.9375%; text-align: center; height: 32px;\">2021<\/td><td style=\"width: 78.9609%; height: 32px;\"><a href=\"https:\/\/www.lenotti.com\/wp-content\/uploads\/2022\/10\/LUCA-MARONI-2023.pdf\">92\/100 <strong>&#8220;LUCA MARONI 2023&#8221;<\/strong><\/a><\/td><\/tr><tr style=\"height: 47px;\"><td style=\"width: 10.9375%; text-align: center; height: 47px;\">2021<\/td><td style=\"width: 78.9609%; height: 47px;\">4 STERNE <a href=\"https:\/\/www.lenotti.com\/wp-content\/uploads\/2022\/09\/AMARONE-17-DECUS-LUGANA-21-FOLAGHE-21-SOAVE-21-VINIBUONI-DITALIA-2023.png\"><strong>&#8220;VINIBUONI D&#8217;ITALIA 2023&#8221;<\/strong><\/a><\/td><\/tr><tr style=\"height: 40px;\"><td style=\"width: 10.9375%; text-align: center; height: 40px;\">2020<\/td><td style=\"width: 78.9609%; height: 40px;\">3 TRAUBEN <a href=\"https:\/\/www.lenotti.com\/wp-content\/uploads\/2022\/01\/Bibenda_2022_CinqueGrappoli_SommelierLife.jpg\"><strong>&#8220;BIBENDA 2022&#8221;<\/strong><\/a><\/td><\/tr><tr><td style=\"width: 10.9375%; text-align: center;\">2020<\/td><td style=\"width: 78.9609%;\"><a href=\"https:\/\/www.lenotti.com\/wp-content\/uploads\/2021\/12\/LUCA-MARONI-2022.pdf\" target=\"_blank\" rel=\"noopener\">93\/100 <strong>&#8220;LUCA MARONI 2022&#8221;<\/strong><\/a><\/td><\/tr><tr><td style=\"width: 10.9375%; text-align: center;\">2020<\/td><td style=\"width: 78.9609%;\">4 STERNE <a href=\"https:\/\/www.lenotti.com\/wp-content\/uploads\/2021\/11\/BARDOLINO-2019-CHARETTO-DECUS-2020-LUGANA-DECUS-2020-CHIARETTO-2020-VINIBUONI-DITALIA-2022.png\" target=\"_blank\" rel=\"noopener\"><strong>&#8220;VINIBUONI D&#8217;ITALIA 2022&#8221;<\/strong><\/a><\/td><\/tr><tr><td style=\"width: 10.9375%; text-align: center;\">2019<\/td><td style=\"width: 78.9609%;\">3 TRAUBEN <a href=\"https:\/\/www.lenotti.com\/wp-content\/uploads\/2021\/06\/00_banner_5Grappoli2021_tracciato_ROSSO-6-scaled.jpg\" target=\"_blank\" rel=\"noopener\"><strong>\u201cBIBENDA 2021\u201d<\/strong><\/a><\/td><\/tr><tr><td style=\"width: 10.9375%; text-align: center;\">2019<\/td><td style=\"width: 78.9609%;\"><a href=\"https:\/\/www.lenotti.com\/wp-content\/uploads\/2021\/06\/LUCA-MARONI-2021-6.pdf\" target=\"_blank\" rel=\"noopener\">92\/100 <strong>\u201cLUCA MARONI 2021\u201d<\/strong><\/a><\/td><\/tr><tr><td style=\"width: 10.9375%; text-align: center;\">2019<\/td><td style=\"width: 78.9609%;\">1 GLAS <a class=\"foobox fbx-link fbx-instance\" href=\"https:\/\/www.lenotti.com\/wp-content\/uploads\/2021\/06\/GAMBERO-ROSSO-2.jpg\" target=\"_blank\" rel=\"noopener noreferrer\"><strong>\u201cGAMBERO ROSSO 2021&#8243;<\/strong><\/a><\/td><\/tr><tr><td style=\"width: 10.9375%; text-align: center;\">2019<\/td><td style=\"width: 78.9609%;\">4 STERNE <a href=\"https:\/\/www.lenotti.com\/wp-content\/uploads\/2021\/06\/CAPOCOLLE-19-AMARONE-15-LUGANA-DECUS-19-CROSARE-17-SOAVE-19-VINIBUONI-DITALIA-2021-4.png\" target=\"_blank\" rel=\"noopener\"><strong>\u201cVINIBUONI D\u2019ITALIA 2021\u201d<\/strong><\/a><\/td><\/tr><tr><td style=\"width: 10.9375%; text-align: center;\">2018<\/td><td style=\"width: 78.9609%;\">3 TRAUBEN <a href=\"https:\/\/www.lenotti.com\/wp-content\/uploads\/2021\/06\/bibenda2020-8.png\" target=\"_blank\" rel=\"noopener\"><strong>\u201cBIBENDA 2020\u201d<\/strong><\/a><\/td><\/tr><tr><td style=\"width: 10.9375%; text-align: center;\">2018<\/td><td style=\"width: 78.9609%;\"><a href=\"https:\/\/www.lenotti.com\/wp-content\/uploads\/2021\/06\/punteggi-luca-maroni-7.pdf\" target=\"_blank\" rel=\"noopener\">90\/100 <strong>\u201cLUCA MARONI 2020\u201d<\/strong><\/a><\/td><\/tr><tr><td style=\"width: 10.9375%; text-align: center;\">2017<\/td><td style=\"width: 78.9609%;\">3 TRAUBEN <a href=\"https:\/\/www.lenotti.com\/wp-content\/uploads\/2021\/06\/Bibenda2019-5.jpg\"><strong>\u201cBIBENDA 2019\u201d<\/strong><\/a><\/td><\/tr><tr><td style=\"width: 10.9375%; text-align: center;\">2017<\/td><td style=\"width: 78.9609%;\">3 KOKARDEN <a href=\"https:\/\/www.lenotti.com\/wp-content\/uploads\/2021\/06\/diploma_ais_veneto11_01-FILEminimizer.jpg\" target=\"_blank\" rel=\"noopener\"><strong>\u201cVINETIA 2019\u201d<\/strong><\/a><\/td><\/tr><tr><td style=\"width: 10.9375%; text-align: center;\">2017<\/td><td style=\"width: 78.9609%;\"><a href=\"https:\/\/www.lenotti.com\/wp-content\/uploads\/2021\/06\/LUCAMARONI-4.pdf\" target=\"_blank\" rel=\"noopener\">91\/100 <strong>\u201cLUCA MARONI 2019\u201d<\/strong><\/a><\/td><\/tr><tr><td style=\"width: 10.9375%; text-align: center;\">2016<\/td><td style=\"width: 78.9609%;\">DIPLOM <a href=\"https:\/\/www.lenotti.com\/wp-content\/uploads\/2021\/06\/lenotti2016-lugana-doc-decus-veneto-en_01.jpg\" target=\"_blank\" rel=\"noopener\"><strong>\u201cWINE-PLUS\u201d<\/strong><\/a><\/td><\/tr><tr><td style=\"width: 10.9375%; text-align: center;\">2016<\/td><td style=\"width: 78.9609%;\">3 TRAUBEN <a href=\"https:\/\/www.lenotti.com\/wp-content\/uploads\/2021\/06\/bibenda-2018-8.jpg\"><strong>\u201cBIBENDA 2018\u201d<\/strong><\/a><\/td><\/tr><tr><td style=\"width: 10.9375%; text-align: center;\">2016<\/td><td style=\"width: 78.9609%;\">1 GLAS <a href=\"https:\/\/www.lenotti.com\/wp-content\/uploads\/2021\/06\/DECUS-LUGANA-2016.pdf\" target=\"_blank\" rel=\"noopener\"><strong>\u201cPROSIT-ONAV 2018\u201d<\/strong><\/a><\/td><\/tr><tr><td style=\"width: 10.9375%; text-align: center;\">2016<\/td><td style=\"width: 78.9609%;\"><a class=\"foobox fbx-link\" href=\"https:\/\/www.lenotti.com\/wp-content\/uploads\/2021\/06\/547logo-3.jpg\" target=\"_blank\" rel=\"noopener noreferrer\">90\/100 <strong>\u201cLUCA MARONI 2018\u201d<\/strong><\/a><\/td><\/tr><tr><td style=\"width: 10.9375%; text-align: center;\">2016<\/td><td style=\"width: 78.9609%;\">2 GL\u00c4SER <a class=\"foobox fbx-link\" href=\"https:\/\/www.lenotti.com\/wp-content\/uploads\/2021\/06\/543logo-1.jpg\" target=\"_blank\" rel=\"noopener noreferrer\"><strong>\u201cGAMBERO ROSSO 2018&#8243;<\/strong><\/a><\/td><\/tr><tr><td style=\"width: 10.9375%; text-align: center;\">2016<\/td><td style=\"width: 78.9609%;\">3 KOKARDEN <a href=\"https:\/\/www.lenotti.com\/wp-content\/uploads\/2021\/06\/540logo-scaled.jpg\"><strong>\u201cVINETIA\u00a02018\u201d<\/strong><\/a><\/td><\/tr><tr><td style=\"width: 10.9375%; text-align: center;\">2015<\/td><td style=\"width: 78.9609%;\">3 TRAUBEN <a class=\"foobox fbx-link\" href=\"https:\/\/www.lenotti.com\/wp-content\/uploads\/2021\/06\/dl-2015-3-grappoli-2017.jpg\" target=\"_blank\" rel=\"noopener noreferrer\"><strong>\u201cBIBENDA AIS 2017\u201d<\/strong><\/a><\/td><\/tr><tr><td style=\"width: 10.9375%; text-align: center;\">2015<\/td><td style=\"width: 78.9609%;\">1 GLAS <a class=\"fbx-link\" href=\"https:\/\/www.lenotti.com\/wp-content\/uploads\/2021\/06\/dl-2015-1-bicc-gambero-rosso-2017-scaled.jpg\" target=\"_blank\" rel=\"noopener noreferrer\"><strong>\u201cGAMBERO ROSSO 2017\u201d<\/strong><\/a><\/td><\/tr><tr><td style=\"width: 10.9375%; text-align: center;\">2015<\/td><td style=\"width: 78.9609%;\"><a class=\"fbx-link\" href=\"https:\/\/www.lenotti.com\/wp-content\/uploads\/2021\/06\/dl-2015-luca-maroni-2017.jpg\" target=\"_blank\" rel=\"noopener noreferrer\">86\/100 <strong>\u201cLUCA MARONI 2017\u201d<\/strong><\/a><\/td><\/tr><tr><td style=\"width: 10.9375%; text-align: center;\">2014<\/td><td style=\"width: 78.9609%;\"><a class=\"fbx-link\" href=\"https:\/\/www.lenotti.com\/wp-content\/uploads\/2021\/06\/dl-2014-luca-maroni-2016.jpg\" target=\"_blank\" rel=\"noopener noreferrer\">87\/100 <strong>\u201cLUCA MARONI 2016\u201d<\/strong><\/a><\/td><\/tr><tr><td style=\"width: 10.9375%; text-align: center;\">2014<\/td><td style=\"width: 78.9609%;\">2 TRAUBEN <a class=\"fbx-link\" href=\"https:\/\/www.lenotti.com\/wp-content\/uploads\/2021\/06\/dl-2014-2-grappoli-bibenda-2016.jpg\" target=\"_blank\" rel=\"noopener noreferrer\"><strong>\u201cBIBENDA AIS 2016\u201d<\/strong><\/a><\/td><\/tr><tr><td style=\"width: 10.9375%; text-align: center;\">2013<\/td><td style=\"width: 78.9609%;\"><a class=\"fbx-link\" href=\"https:\/\/www.lenotti.com\/wp-content\/uploads\/2021\/06\/dl-2013-luca-maroni-2015.jpg\" target=\"_blank\" rel=\"noopener noreferrer\">85\/100 <strong>\u201cLUCA MARONI 2015\u201d<\/strong><\/a><\/td><\/tr><tr><td style=\"width: 10.9375%; text-align: center;\">2013<\/td><td style=\"width: 78.9609%;\">DIPLOM\u00a0 <a class=\"fbx-link\" href=\"https:\/\/www.lenotti.com\/wp-content\/uploads\/2021\/06\/dl-2013-verona-wie-top-2014-scaled.jpg\" target=\"_blank\" rel=\"noopener noreferrer\"><strong>\u201cVERONA WINE TOP 2014\u201d<\/strong><\/a><\/td><\/tr><tr><td style=\"width: 10.9375%; text-align: center;\">2013<\/td><td style=\"width: 78.9609%;\">1 GLAS <a class=\"fbx-link\" href=\"https:\/\/www.lenotti.com\/wp-content\/uploads\/2021\/06\/dl-2013-1-bicc-gambero-rosso-2015-scaled.jpg\" target=\"_blank\" rel=\"noopener noreferrer\"><strong>\u201cGAMBERO ROSSO 2015\u201d<\/strong><\/a><\/td><\/tr><tr><td style=\"width: 10.9375%; text-align: center;\">2013<\/td><td style=\"width: 78.9609%;\">3 TRAUBEN <a class=\"fbx-link\" href=\"https:\/\/www.lenotti.com\/wp-content\/uploads\/2021\/06\/dl-3-grappoli-bibenda-2015.jpg\" target=\"_blank\" rel=\"noopener noreferrer\"><strong>\u201cBIBENDA AIS 2015\u201d<\/strong><\/a><\/td><\/tr><\/tbody><\/table><\/div><\/div><div class=\"wpb_text_column wpb_content_element vc_custom_1551798408710\"><div class=\"wpb_wrapper\">\u00a0<\/div><\/div><div class=\"wpb_text_column wpb_content_element vc_custom_1551798418157\"><div class=\"wpb_wrapper\">\u00a0<\/div><\/div><\/div>\n\t\t\t\t<\/div>\n\t\t\t\t\t\t\t\t<\/div>\n\t\t\t\t<\/div>\n\t\t\t\t<\/div>\n\t\t\t\t<div class=\"elementor-element elementor-element-c58a31b elementor-widget elementor-widget-button\" data-id=\"c58a31b\" data-element_type=\"widget\" data-widget_type=\"button.default\">\n\t\t\t\t<div class=\"elementor-widget-container\">\n\t\t\t\t\t<div class=\"elementor-button-wrapper\">\n\t\t\t<a class=\"elementor-button elementor-button-link elementor-size-md\" href=\"https:\/\/www.lenotti.com\/wp-content\/uploads\/2024\/03\/DEU-Decus-Lugana-Technical-sheet.pdf\" target=\"_blank\">\n\t\t\t\t\t\t<span class=\"elementor-button-content-wrapper\">\n\t\t\t\t\t\t<span class=\"elementor-button-icon elementor-align-icon-left\">\n\t\t\t\t<i aria-hidden=\"true\" class=\"fas fa-file-pdf\"><\/i>\t\t\t<\/span>\n\t\t\t\t\t\t<span class=\"elementor-button-text\">PDF FILE<\/span>\n\t\t<\/span>\n\t\t\t\t\t<\/a>\n\t\t<\/div>\n\t\t\t\t<\/div>\n\t\t\t\t<\/div>\n\t\t\t\t\t<\/div>\n\t\t<\/div>\n\t\t\t\t\t\t\t<\/div>\n\t\t<\/section>\n\t\t\t\t<section class=\"elementor-section elementor-top-section elementor-element elementor-element-e0162e2 elementor-section-boxed elementor-section-height-default elementor-section-height-default\" data-id=\"e0162e2\" data-element_type=\"section\">\n\t\t\t\t\t\t<div class=\"elementor-container elementor-column-gap-default\">\n\t\t\t\t\t<div class=\"elementor-column elementor-col-100 elementor-top-column elementor-element elementor-element-e22c582\" data-id=\"e22c582\" data-element_type=\"column\">\n\t\t\t<div class=\"elementor-widget-wrap elementor-element-populated\">\n\t\t\t\t\t\t\t\t<div class=\"elementor-element elementor-element-8695e37 elementor-widget elementor-widget-spacer\" data-id=\"8695e37\" data-element_type=\"widget\" data-widget_type=\"spacer.default\">\n\t\t\t\t<div class=\"elementor-widget-container\">\n\t\t\t\t\t<div class=\"elementor-spacer\">\n\t\t\t<div class=\"elementor-spacer-inner\"><\/div>\n\t\t<\/div>\n\t\t\t\t<\/div>\n\t\t\t\t<\/div>\n\t\t\t\t<div class=\"elementor-element elementor-element-ee3b77a elementor-widget elementor-widget-video\" data-id=\"ee3b77a\" data-element_type=\"widget\" data-settings=\"{&quot;youtube_url&quot;:&quot;https:\\\/\\\/youtu.be\\\/GxTQI4D_4uk&quot;,&quot;video_type&quot;:&quot;youtube&quot;,&quot;controls&quot;:&quot;yes&quot;}\" data-widget_type=\"video.default\">\n\t\t\t\t<div class=\"elementor-widget-container\">\n\t\t\t\t\t<div class=\"elementor-wrapper elementor-open-inline\">\n\t\t\t<div class=\"elementor-video\"><\/div>\t\t<\/div>\n\t\t\t\t<\/div>\n\t\t\t\t<\/div>\n\t\t\t\t\t<\/div>\n\t\t<\/div>\n\t\t\t\t\t\t\t<\/div>\n\t\t<\/section>\n\t\t<div class=\"elementor-element elementor-element-11a007b e-flex e-con-boxed e-con\" data-id=\"11a007b\" data-element_type=\"container\" data-settings=\"{&quot;content_width&quot;:&quot;boxed&quot;}\">\n\t\t\t\t\t<div class=\"e-con-inner\">\n\t\t<div class=\"elementor-element elementor-element-bdf1787 e-flex e-con-boxed e-con\" data-id=\"bdf1787\" data-element_type=\"container\" data-settings=\"{&quot;content_width&quot;:&quot;boxed&quot;}\">\n\t\t\t\t\t<div class=\"e-con-inner\">\n\t\t\t\t<div class=\"elementor-element elementor-element-5a8302e elementor-widget elementor-widget-spacer\" data-id=\"5a8302e\" data-element_type=\"widget\" data-widget_type=\"spacer.default\">\n\t\t\t\t<div class=\"elementor-widget-container\">\n\t\t\t\t\t<div class=\"elementor-spacer\">\n\t\t\t<div class=\"elementor-spacer-inner\"><\/div>\n\t\t<\/div>\n\t\t\t\t<\/div>\n\t\t\t\t<\/div>\n\t\t\t\t<div class=\"elementor-element elementor-element-d4f3346 elementor-align-center elementor-widget elementor-widget-button\" data-id=\"d4f3346\" data-element_type=\"widget\" data-widget_type=\"button.default\">\n\t\t\t\t<div class=\"elementor-widget-container\">\n\t\t\t\t\t<div class=\"elementor-button-wrapper\">\n\t\t\t<a class=\"elementor-button elementor-button-link elementor-size-xl\" href=\"https:\/\/shop.lenotti.com\/de\/\">\n\t\t\t\t\t\t<span class=\"elementor-button-content-wrapper\">\n\t\t\t\t\t\t<span class=\"elementor-button-text\">KAUFEN<\/span>\n\t\t<\/span>\n\t\t\t\t\t<\/a>\n\t\t<\/div>\n\t\t\t\t<\/div>\n\t\t\t\t<\/div>\n\t\t\t\t\t<\/div>\n\t\t\t\t<\/div>\n\t\t\t\t\t<\/div>\n\t\t\t\t<\/div>\n\t\t\t\t\t\t\t<\/div>","protected":false},"excerpt":{"rendered":"<p style=\"text-align: left;\"><strong>Alkohol<\/strong>: 12.5% vol.<\/p>\n<p style=\"text-align: left;\"><strong>Anbaugebiet<\/strong>: Region: Veneto. Mor\u00e4nische H\u00fcgel s\u00fcdlich des Gardasees.<\/p>\n<p style=\"text-align: left;\"><strong>Weintrauben<\/strong>: Aus weissen Turbiana (100%) Trauben. Der Anbau erfolgt nach traditioneller Spaliererziehung.<\/p>\n<p style=\"text-align: left;\"><strong>Boden<\/strong>: Tonboden, der aus der Glazialzeit stammt.<\/p>\n<p style=\"text-align: left;\"><strong>Weinbereitungssystem<\/strong>: Die Trauben werden leicht gepresst und die\nSchalen werden entfernt. Die G\u00e4rung erfolgt unter st\u00e4ndiger\nTemperaturkontrolle (15-16\u00b0C.), in thermoklimatisierten Edelstahlbeh\u00e4ltern.<\/p>\n<p style=\"text-align: left;\"><strong>Beschreibung<\/strong>: Trockener Wei\u00dfwein, weich und gut strukturiert, mit einem intensiv fruchtigen Aroma.<\/p>\n<p style=\"text-align: left;\"><strong>Farbe<\/strong>: Leichtes strohgelb mit gr\u00fcnen Reflexen.<\/p>\n<p style=\"text-align: left;\"><strong>Duft<\/strong>: Aromen heller Fr\u00fcchte wie Apfel, Birne und Quitte.<\/p>\n<p style=\"text-align: left;\"><strong>Geschmack<\/strong>: Frisch und k\u00f6rperreich und angenehm weich.<\/p>\n<p style=\"text-align: left;\"><strong>Trinktemperatur<\/strong>: 8-10\u00b0C<\/p>\n<p style=\"text-align: left;\"><strong>Lagerung<\/strong>: Soll jung getrunken werden. In einem gut gel\u00fcfteten, trockenen\nund dunklen Raum aufbewahren.<\/p>\n<p style=\"text-align: left;\"><strong>Serviervorschlag<\/strong>: Als Aperitif, er passt auch hervorragend zu Antipasti, zu\nSushi, Fisch und Meeresfr\u00fcchten.<\/p>","protected":false},"featured_media":992207,"template":"","meta":{"_mo_disable_npp":""},"product_brand":[],"product_cat":[51],"product_tag":[],"class_list":{"0":"post-988051","1":"product","2":"type-product","3":"status-publish","4":"has-post-thumbnail","6":"product_cat-vini-bianchi","8":"first","9":"instock","10":"shipping-taxable","11":"product-type-simple"},"_links":{"self":[{"href":"https:\/\/www.lenotti.com\/de\/wp-json\/wp\/v2\/product\/988051","targetHints":{"allow":["GET"]}}],"collection":[{"href":"https:\/\/www.lenotti.com\/de\/wp-json\/wp\/v2\/product"}],"about":[{"href":"https:\/\/www.lenotti.com\/de\/wp-json\/wp\/v2\/types\/product"}],"version-history":[{"count":104,"href":"https:\/\/www.lenotti.com\/de\/wp-json\/wp\/v2\/product\/988051\/revisions"}],"predecessor-version":[{"id":1001946,"href":"https:\/\/www.lenotti.com\/de\/wp-json\/wp\/v2\/product\/988051\/revisions\/1001946"}],"wp:featuredmedia":[{"embeddable":true,"href":"https:\/\/www.lenotti.com\/de\/wp-json\/wp\/v2\/media\/992207"}],"wp:attachment":[{"href":"https:\/\/www.lenotti.com\/de\/wp-json\/wp\/v2\/media?parent=988051"}],"wp:term":[{"taxonomy":"product_brand","embeddable":true,"href":"https:\/\/www.lenotti.com\/de\/wp-json\/wp\/v2\/product_brand?post=988051"},{"taxonomy":"product_cat","embeddable":true,"href":"https:\/\/www.lenotti.com\/de\/wp-json\/wp\/v2\/product_cat?post=988051"},{"taxonomy":"product_tag","embeddable":true,"href":"https:\/\/www.lenotti.com\/de\/wp-json\/wp\/v2\/product_tag?post=988051"}],"curies":[{"name":"wp","href":"https:\/\/api.w.org\/{rel}","templated":true}]}}