{"id":988049,"date":"2021-05-03T10:38:19","date_gmt":"2021-05-03T08:38:19","guid":{"rendered":"http:\/\/lenotti.com\/product\/le-folaghe-collezione-lugana-doc-copy\/"},"modified":"2025-01-27T12:11:03","modified_gmt":"2025-01-27T11:11:03","slug":"murlongo-collezione-lugana-doc","status":"publish","type":"product","link":"https:\/\/www.lenotti.com\/de\/product\/murlongo-collezione-lugana-doc\/","title":{"rendered":"\u201cMurlongo\u201d Collezione Lugana DOC"},"content":{"rendered":"<div data-elementor-type=\"product-post\" data-elementor-id=\"988049\" class=\"elementor elementor-988049\" data-elementor-post-type=\"product\">\n\t\t\t\t\t\t\t\t\t<section class=\"elementor-section elementor-top-section elementor-element elementor-element-4a724e9 elementor-section-boxed elementor-section-height-default elementor-section-height-default\" data-id=\"4a724e9\" data-element_type=\"section\">\n\t\t\t\t\t\t<div class=\"elementor-container elementor-column-gap-default\">\n\t\t\t\t\t<div class=\"elementor-column elementor-col-100 elementor-top-column elementor-element elementor-element-47444e8\" data-id=\"47444e8\" data-element_type=\"column\">\n\t\t\t<div class=\"elementor-widget-wrap elementor-element-populated\">\n\t\t\t\t\t\t\t\t<div class=\"elementor-element elementor-element-0579546 elementor-widget elementor-widget-toggle\" data-id=\"0579546\" data-element_type=\"widget\" data-widget_type=\"toggle.default\">\n\t\t\t\t<div class=\"elementor-widget-container\">\n\t\t\t\t\t<div class=\"elementor-toggle\">\n\t\t\t\t\t\t\t<div class=\"elementor-toggle-item\">\n\t\t\t\t\t<div id=\"elementor-tab-title-5731\" class=\"elementor-tab-title\" data-tab=\"1\" role=\"button\" aria-controls=\"elementor-tab-content-5731\" aria-expanded=\"false\">\n\t\t\t\t\t\t\t\t\t\t\t\t<span class=\"elementor-toggle-icon elementor-toggle-icon-left\" aria-hidden=\"true\">\n\t\t\t\t\t\t\t\t\t\t\t\t\t\t\t<span class=\"elementor-toggle-icon-closed\"><i class=\"fas fa-caret-right\"><\/i><\/span>\n\t\t\t\t\t\t\t\t<span class=\"elementor-toggle-icon-opened\"><i class=\"elementor-toggle-icon-opened fas fa-caret-up\"><\/i><\/span>\n\t\t\t\t\t\t\t\t\t\t\t\t\t<\/span>\n\t\t\t\t\t\t\t\t\t\t\t\t<a class=\"elementor-toggle-title\" tabindex=\"0\">TECHNISCHE DATEN<\/a>\n\t\t\t\t\t<\/div>\n\n\t\t\t\t\t<div id=\"elementor-tab-content-5731\" class=\"elementor-tab-content elementor-clearfix\" data-tab=\"1\" role=\"region\" aria-labelledby=\"elementor-tab-title-5731\"><table border=\"0\" width=\"100%\"><tbody><tr><td>Gesamts\u00e4ure:<\/td><td>5.60 g\/l<\/td><\/tr><tr><td>Zucker:<\/td><td>8.00 g\/l<\/td><\/tr><tr><td>Gesamt-SO2:<\/td><td>100 mg\/l<\/td><\/tr><tr><td>Freies SO2:<\/td><td>29 mg\/l<\/td><\/tr><tr><td>Netto-Trockenextrakt:<\/td><td>22.1 g\/l<\/td><\/tr><tr><td>Fl\u00fcchtige\/Volatile S\u00e4ure:<\/td><td>0.26 g\/l<\/td><\/tr><\/tbody><\/table><\/div>\n\t\t\t\t<\/div>\n\t\t\t\t\t\t\t<div class=\"elementor-toggle-item\">\n\t\t\t\t\t<div id=\"elementor-tab-title-5732\" class=\"elementor-tab-title\" data-tab=\"2\" role=\"button\" aria-controls=\"elementor-tab-content-5732\" aria-expanded=\"false\">\n\t\t\t\t\t\t\t\t\t\t\t\t<span class=\"elementor-toggle-icon elementor-toggle-icon-left\" aria-hidden=\"true\">\n\t\t\t\t\t\t\t\t\t\t\t\t\t\t\t<span class=\"elementor-toggle-icon-closed\"><i class=\"fas fa-caret-right\"><\/i><\/span>\n\t\t\t\t\t\t\t\t<span class=\"elementor-toggle-icon-opened\"><i class=\"elementor-toggle-icon-opened fas fa-caret-up\"><\/i><\/span>\n\t\t\t\t\t\t\t\t\t\t\t\t\t<\/span>\n\t\t\t\t\t\t\t\t\t\t\t\t<a class=\"elementor-toggle-title\" tabindex=\"0\">AUSZEICHNUNGEN UND ANERKENNUNGEN<\/a>\n\t\t\t\t\t<\/div>\n\n\t\t\t\t\t<div id=\"elementor-tab-content-5732\" class=\"elementor-tab-content elementor-clearfix\" data-tab=\"2\" role=\"region\" aria-labelledby=\"elementor-tab-title-5732\"><div class=\"vc_tta-panel-body\"><div class=\"vc_row wpb_row vc_inner vc_row-fluid\"><div class=\"wpb_column vc_column_container vc_col-sm-12\"><div class=\"vc_column-inner\"><div class=\"wpb_wrapper\"><div class=\"wpb_text_column wpb_content_element vc_custom_1553077731444\"><div class=\"wpb_wrapper\"><table style=\"border-collapse: collapse; width: 100%; height: 87px;\"><tbody><tr style=\"height: 10px;\"><td style=\"width: 26.9531%; text-align: center; height: 10px;\">JAHRGANG<\/td><td style=\"width: 73.0469%; text-align: center; height: 10px;\">AUSZEICHNUNG<\/td><\/tr><tr style=\"height: 10px;\"><td style=\"width: 26.9531%; text-align: center; height: 10px;\">2021<\/td><td style=\"width: 73.0469%; height: 10px;\">2 GL\u00c4SER <a href=\"https:\/\/www.lenotti.com\/wp-content\/uploads\/2023\/02\/tre-bicchieri-2023-ingresso-scontato-produttore.webp\"><strong>&#8220;GAMBERO ROSSO 2023&#8221;<\/strong><\/a><\/td><\/tr><tr style=\"height: 15px;\"><td style=\"width: 26.9531%; text-align: center; height: 15px;\">2013<\/td><td style=\"width: 73.0469%; height: 15px;\">1 GLAS <a class=\"foobox fbx-link fbx-instance\" href=\"https:\/\/www.lenotti.com\/wp-content\/uploads\/2021\/06\/ml-2013-1-bicc-gambero-rosso-2015-scaled.jpg\" target=\"_blank\" rel=\"noopener noreferrer\"><strong>\u201cGAMBERO ROSSO 2015\u201d<\/strong><\/a><\/td><\/tr><tr style=\"height: 40px;\"><td style=\"width: 26.9531%; text-align: center; height: 40px;\">2007<\/td><td style=\"width: 73.0469%; height: 40px;\">2 STERNE <a class=\"fbx-link\" href=\"https:\/\/www.lenotti.com\/wp-content\/uploads\/2021\/06\/ml-2007-2-stelle-veronelli-2010.jpg\" target=\"_blank\" rel=\"noopener noreferrer\"><strong>\u201cVERONELLI 2010\u201d<\/strong><\/a><\/td><\/tr><tr style=\"height: 12px;\"><td style=\"width: 26.9531%; text-align: center; height: 12px;\">2005<\/td><td style=\"width: 73.0469%; height: 12px;\">3 TRAUBEN <a class=\"fbx-link\" href=\"https:\/\/www.lenotti.com\/wp-content\/uploads\/2021\/06\/ml-2005-3-grappoli-duemilavini-2007.jpg\" target=\"_blank\" rel=\"noopener noreferrer\"><strong>\u201cDUEMILAVINI AIS 2007\u201d<\/strong><\/a><\/td><\/tr><tr><td style=\"width: 26.9531%; text-align: center;\">2003<\/td><td style=\"width: 73.0469%;\"><a class=\"fbx-link\" href=\"https:\/\/www.lenotti.com\/wp-content\/uploads\/2021\/06\/ml-2003-luca-maroni-2005.jpg\" target=\"_blank\" rel=\"noopener noreferrer\">71\/100 <strong>\u201cLUCA MARONI 2005\u201d<\/strong><\/a><\/td><\/tr><tr><td style=\"width: 26.9531%; text-align: center;\">2003<\/td><td style=\"width: 73.0469%;\">3 TRAUBEN <a class=\"fbx-link\" href=\"https:\/\/www.lenotti.com\/wp-content\/uploads\/2021\/06\/ml-2003-3-grappoli-duemilavini-2005.jpg\" target=\"_blank\" rel=\"noopener noreferrer\"><strong>\u201cDUEMILAVINI AIS 2005\u201d<\/strong><\/a><\/td><\/tr><tr><td style=\"width: 26.9531%; text-align: center;\">2002<\/td><td style=\"width: 73.0469%;\">1 FLASCHE <a class=\"fbx-link\" href=\"https:\/\/www.lenotti.com\/wp-content\/uploads\/2021\/06\/ml-2002-1-bott-espresso-2004.jpg\" target=\"_blank\" rel=\"noopener noreferrer\"><strong>\u201cESPRESSO 2004\u201d<\/strong><\/a><\/td><\/tr><tr><td style=\"width: 26.9531%; text-align: center;\">2002<\/td><td style=\"width: 73.0469%;\">3 TRAUBEN <a class=\"fbx-link\" href=\"https:\/\/www.lenotti.com\/wp-content\/uploads\/2021\/06\/ml-2002-3-grappoli-duemilavini-2004-1.jpg\" target=\"_blank\" rel=\"noopener noreferrer\"><strong>\u201cDUEMILAVINI AIS 2004\u201d<\/strong><\/a><\/td><\/tr><tr><td style=\"width: 26.9531%; text-align: center;\">2002<\/td><td style=\"width: 73.0469%;\">DIPLOM <strong><a class=\"fbx-link\" href=\"https:\/\/www.lenotti.com\/wp-content\/uploads\/2021\/06\/ml-2002-gran-priorato-2003.jpg\" target=\"_blank\" rel=\"noopener noreferrer\">\u201cSELEZIONE DEL LUGANA DEL GRAN PRIORATO 2003\u201d<\/a><\/strong><\/td><\/tr><tr><td style=\"width: 26.9531%; text-align: center;\">2001<\/td><td style=\"width: 73.0469%;\">3 TRAUBEN <a class=\"fbx-link\" href=\"https:\/\/www.lenotti.com\/wp-content\/uploads\/2021\/06\/ml-2001-3-grappoli-duemilavini-2003.jpg\" target=\"_blank\" rel=\"noopener noreferrer\"><strong>\u201cDUEMILAVINI AIS 2003\u201d<\/strong><\/a><\/td><\/tr><\/tbody><\/table><\/div><\/div><div class=\"wpb_text_column wpb_content_element vc_custom_1553077745105\"><div class=\"wpb_wrapper\"><p>\u00a0<\/p><\/div><\/div><\/div><\/div><\/div><\/div><\/div><\/div>\n\t\t\t\t<\/div>\n\t\t\t\t\t\t\t\t<\/div>\n\t\t\t\t<\/div>\n\t\t\t\t<\/div>\n\t\t\t\t<div class=\"elementor-element elementor-element-c58a31b elementor-widget elementor-widget-button\" data-id=\"c58a31b\" data-element_type=\"widget\" data-widget_type=\"button.default\">\n\t\t\t\t<div class=\"elementor-widget-container\">\n\t\t\t\t\t<div class=\"elementor-button-wrapper\">\n\t\t\t<a class=\"elementor-button elementor-button-link elementor-size-md\" href=\"https:\/\/www.lenotti.com\/wp-content\/uploads\/2025\/01\/DEU-Murlongo-Tecnical-sheet.pdf\" target=\"_blank\">\n\t\t\t\t\t\t<span class=\"elementor-button-content-wrapper\">\n\t\t\t\t\t\t<span class=\"elementor-button-icon elementor-align-icon-left\">\n\t\t\t\t<i aria-hidden=\"true\" class=\"fas fa-file-pdf\"><\/i>\t\t\t<\/span>\n\t\t\t\t\t\t<span class=\"elementor-button-text\">PDF FILE<\/span>\n\t\t<\/span>\n\t\t\t\t\t<\/a>\n\t\t<\/div>\n\t\t\t\t<\/div>\n\t\t\t\t<\/div>\n\t\t\t\t\t<\/div>\n\t\t<\/div>\n\t\t\t\t\t\t\t<\/div>\n\t\t<\/section>\n\t\t\t\t<section class=\"elementor-section elementor-top-section elementor-element elementor-element-f2a7c4c elementor-section-boxed elementor-section-height-default elementor-section-height-default\" data-id=\"f2a7c4c\" data-element_type=\"section\">\n\t\t\t\t\t\t<div class=\"elementor-container elementor-column-gap-default\">\n\t\t\t\t\t<div class=\"elementor-column elementor-col-100 elementor-top-column elementor-element elementor-element-8267604\" data-id=\"8267604\" data-element_type=\"column\">\n\t\t\t<div class=\"elementor-widget-wrap elementor-element-populated\">\n\t\t\t\t\t\t\t\t<div class=\"elementor-element elementor-element-8be2827 elementor-widget elementor-widget-spacer\" data-id=\"8be2827\" data-element_type=\"widget\" data-widget_type=\"spacer.default\">\n\t\t\t\t<div class=\"elementor-widget-container\">\n\t\t\t\t\t<div class=\"elementor-spacer\">\n\t\t\t<div class=\"elementor-spacer-inner\"><\/div>\n\t\t<\/div>\n\t\t\t\t<\/div>\n\t\t\t\t<\/div>\n\t\t\t\t<div class=\"elementor-element elementor-element-e5ec232 elementor-widget elementor-widget-video\" data-id=\"e5ec232\" data-element_type=\"widget\" data-settings=\"{&quot;youtube_url&quot;:&quot;https:\\\/\\\/youtu.be\\\/PBpzHhSdbng&quot;,&quot;video_type&quot;:&quot;youtube&quot;,&quot;controls&quot;:&quot;yes&quot;}\" data-widget_type=\"video.default\">\n\t\t\t\t<div class=\"elementor-widget-container\">\n\t\t\t\t\t<div class=\"elementor-wrapper elementor-open-inline\">\n\t\t\t<div class=\"elementor-video\"><\/div>\t\t<\/div>\n\t\t\t\t<\/div>\n\t\t\t\t<\/div>\n\t\t\t\t\t<\/div>\n\t\t<\/div>\n\t\t\t\t\t\t\t<\/div>\n\t\t<\/section>\n\t\t<div class=\"elementor-element elementor-element-e2b473f e-flex e-con-boxed e-con\" data-id=\"e2b473f\" data-element_type=\"container\" data-settings=\"{&quot;content_width&quot;:&quot;boxed&quot;}\">\n\t\t\t\t\t<div class=\"e-con-inner\">\n\t\t<div class=\"elementor-element elementor-element-0db0a8d e-flex e-con-boxed e-con\" data-id=\"0db0a8d\" data-element_type=\"container\" data-settings=\"{&quot;content_width&quot;:&quot;boxed&quot;}\">\n\t\t\t\t\t<div class=\"e-con-inner\">\n\t\t\t\t<div class=\"elementor-element elementor-element-f7cd04f elementor-widget elementor-widget-spacer\" data-id=\"f7cd04f\" data-element_type=\"widget\" data-widget_type=\"spacer.default\">\n\t\t\t\t<div class=\"elementor-widget-container\">\n\t\t\t\t\t<div class=\"elementor-spacer\">\n\t\t\t<div class=\"elementor-spacer-inner\"><\/div>\n\t\t<\/div>\n\t\t\t\t<\/div>\n\t\t\t\t<\/div>\n\t\t\t\t<div class=\"elementor-element elementor-element-4a467b6 elementor-align-center elementor-widget elementor-widget-button\" data-id=\"4a467b6\" data-element_type=\"widget\" data-widget_type=\"button.default\">\n\t\t\t\t<div class=\"elementor-widget-container\">\n\t\t\t\t\t<div class=\"elementor-button-wrapper\">\n\t\t\t<a class=\"elementor-button elementor-button-link elementor-size-xl\" href=\"https:\/\/shop.lenotti.com\/de\/\">\n\t\t\t\t\t\t<span class=\"elementor-button-content-wrapper\">\n\t\t\t\t\t\t<span class=\"elementor-button-text\">KAUFEN<\/span>\n\t\t<\/span>\n\t\t\t\t\t<\/a>\n\t\t<\/div>\n\t\t\t\t<\/div>\n\t\t\t\t<\/div>\n\t\t\t\t\t<\/div>\n\t\t\t\t<\/div>\n\t\t\t\t\t<\/div>\n\t\t\t\t<\/div>\n\t\t\t\t\t\t\t<\/div>","protected":false},"excerpt":{"rendered":"<p style=\"text-align: left;\"><strong>Alkohol<\/strong>: 12.5% vol.<\/p>\n<p style=\"text-align: left;\"><strong>Anbaugebiet<\/strong>: Region: Veneto. Mor\u00e4nische H\u00fcgel s\u00fcdlich des Gardasees.<\/p>\n<p style=\"text-align: left;\"><strong>Weintrauben<\/strong>: Aus weissen Turbiana (100%) Trauben. Der Anbau erfolgt nach traditioneller Spaliererziehung.<\/p>\n<p style=\"text-align: left;\"><strong>Boden<\/strong>: Tonboden, der aus der Glazialzeit stammt.<\/p>\n<p style=\"text-align: left;\"><strong>Weinbereitungssystem<\/strong>: Die Trauben werden leicht gepresst und die\nSchalen werden entfernt. Die G\u00e4rung erfolgt unter st\u00e4ndiger\nTemperaturkontrolle (15-16\u00b0C.), in thermoklimatisierten Edelstahlbeh\u00e4ltern.<\/p>\n<p style=\"text-align: left;\"><strong>Beschreibung<\/strong>: Trockener Wei\u00dfwein, weich und gut strukturiert, mit einem intensiv fruchtigen Aroma.<\/p>\n<p style=\"text-align: left;\"><strong>Farbe<\/strong>: Leichtes strohgelb mit gr\u00fcnen Reflexen.<\/p>\n<p style=\"text-align: left;\"><strong>Duft<\/strong>: Aromen heller Fr\u00fcchte wie Apfel, Birne und Quitte.<\/p>\n<p style=\"text-align: left;\"><strong>Geschmack<\/strong>: Frisch und k\u00f6rperreich und angenehm weich.<\/p>\n<p style=\"text-align: left;\"><strong>Trinktemperatur<\/strong>: 8-10\u00b0C<\/p>\n<p style=\"text-align: left;\"><strong>Lagerung<\/strong>: In einem gut gel\u00fcfteten, trockenen und dunklen Raum aufbewahren. Er sollte jung getrunken werden.<\/p>\n<p style=\"text-align: left;\"><strong>Serviervorschlag<\/strong>: Als Aperitif, er passt auch hervorragend zu Antipasti, zu\nSushi, Fisch und Meeresfr\u00fcchten.<\/p>","protected":false},"featured_media":1000307,"template":"","meta":{"_mo_disable_npp":""},"product_brand":[],"product_cat":[51],"product_tag":[],"class_list":{"0":"post-988049","1":"product","2":"type-product","3":"status-publish","4":"has-post-thumbnail","6":"product_cat-vini-bianchi","8":"first","9":"instock","10":"shipping-taxable","11":"product-type-simple"},"_links":{"self":[{"href":"https:\/\/www.lenotti.com\/de\/wp-json\/wp\/v2\/product\/988049","targetHints":{"allow":["GET"]}}],"collection":[{"href":"https:\/\/www.lenotti.com\/de\/wp-json\/wp\/v2\/product"}],"about":[{"href":"https:\/\/www.lenotti.com\/de\/wp-json\/wp\/v2\/types\/product"}],"version-history":[{"count":46,"href":"https:\/\/www.lenotti.com\/de\/wp-json\/wp\/v2\/product\/988049\/revisions"}],"predecessor-version":[{"id":1000328,"href":"https:\/\/www.lenotti.com\/de\/wp-json\/wp\/v2\/product\/988049\/revisions\/1000328"}],"wp:featuredmedia":[{"embeddable":true,"href":"https:\/\/www.lenotti.com\/de\/wp-json\/wp\/v2\/media\/1000307"}],"wp:attachment":[{"href":"https:\/\/www.lenotti.com\/de\/wp-json\/wp\/v2\/media?parent=988049"}],"wp:term":[{"taxonomy":"product_brand","embeddable":true,"href":"https:\/\/www.lenotti.com\/de\/wp-json\/wp\/v2\/product_brand?post=988049"},{"taxonomy":"product_cat","embeddable":true,"href":"https:\/\/www.lenotti.com\/de\/wp-json\/wp\/v2\/product_cat?post=988049"},{"taxonomy":"product_tag","embeddable":true,"href":"https:\/\/www.lenotti.com\/de\/wp-json\/wp\/v2\/product_tag?post=988049"}],"curies":[{"name":"wp","href":"https:\/\/api.w.org\/{rel}","templated":true}]}}