{"id":988022,"date":"2021-04-29T16:01:49","date_gmt":"2021-04-29T14:01:49","guid":{"rendered":"http:\/\/lenotti.com\/product\/di-carlo-collezione-carlo-lenotti-amarone-della-valpolicella-docg-classico-copy\/"},"modified":"2024-11-27T08:17:30","modified_gmt":"2024-11-27T07:17:30","slug":"recioto-della-valpolicella-docg-classico","status":"publish","type":"product","link":"https:\/\/www.lenotti.com\/de\/product\/recioto-della-valpolicella-docg-classico\/","title":{"rendered":"Recioto della Valpolicella DOCG Classico"},"content":{"rendered":"<div data-elementor-type=\"product-post\" data-elementor-id=\"988022\" class=\"elementor elementor-988022\" data-elementor-post-type=\"product\">\n\t\t\t\t\t\t\t\t\t<section class=\"elementor-section elementor-top-section elementor-element elementor-element-4a724e9 elementor-section-boxed elementor-section-height-default elementor-section-height-default\" data-id=\"4a724e9\" data-element_type=\"section\">\n\t\t\t\t\t\t<div class=\"elementor-container elementor-column-gap-default\">\n\t\t\t\t\t<div class=\"elementor-column elementor-col-100 elementor-top-column elementor-element elementor-element-47444e8\" data-id=\"47444e8\" data-element_type=\"column\">\n\t\t\t<div class=\"elementor-widget-wrap elementor-element-populated\">\n\t\t\t\t\t\t\t\t<div class=\"elementor-element elementor-element-0579546 elementor-widget elementor-widget-toggle\" data-id=\"0579546\" data-element_type=\"widget\" data-widget_type=\"toggle.default\">\n\t\t\t\t<div class=\"elementor-widget-container\">\n\t\t\t\t\t<div class=\"elementor-toggle\">\n\t\t\t\t\t\t\t<div class=\"elementor-toggle-item\">\n\t\t\t\t\t<div id=\"elementor-tab-title-5731\" class=\"elementor-tab-title\" data-tab=\"1\" role=\"button\" aria-controls=\"elementor-tab-content-5731\" aria-expanded=\"false\">\n\t\t\t\t\t\t\t\t\t\t\t\t<span class=\"elementor-toggle-icon elementor-toggle-icon-left\" aria-hidden=\"true\">\n\t\t\t\t\t\t\t\t\t\t\t\t\t\t\t<span class=\"elementor-toggle-icon-closed\"><i class=\"fas fa-caret-right\"><\/i><\/span>\n\t\t\t\t\t\t\t\t<span class=\"elementor-toggle-icon-opened\"><i class=\"elementor-toggle-icon-opened fas fa-caret-up\"><\/i><\/span>\n\t\t\t\t\t\t\t\t\t\t\t\t\t<\/span>\n\t\t\t\t\t\t\t\t\t\t\t\t<a class=\"elementor-toggle-title\" tabindex=\"0\">TECHNISCHE DATEN<\/a>\n\t\t\t\t\t<\/div>\n\n\t\t\t\t\t<div id=\"elementor-tab-content-5731\" class=\"elementor-tab-content elementor-clearfix\" data-tab=\"1\" role=\"region\" aria-labelledby=\"elementor-tab-title-5731\"><table border=\"0\" width=\"100%\"><tbody><tr><td>Gesamts\u00e4ure:<\/td><td>5.50 g\/l<\/td><\/tr><tr><td>Zucker:<\/td><td>149.00 g\/l<\/td><\/tr><tr><td>Gesamt-SO2:<\/td><td><div class=\"wpb_column vc_column_container vc_col-sm-8\"><div class=\"vc_column-inner\"><div class=\"wpb_wrapper\"><div class=\"wpb_text_column wpb_content_element\"><div class=\"wpb_wrapper\"><p>96 mg\/l<\/p><\/div><\/div><\/div><\/div><\/div><\/td><\/tr><tr><td>Freies SO2:<\/td><td>22 mg\/l<\/td><\/tr><tr><td>Netto-Trockenextrakt:<\/td><td>33.0 g\/l<\/td><\/tr><tr><td>Fl\u00fcchtige\/Volatile S\u00e4ure:<\/td><td>0.60 g\/l<\/td><\/tr><\/tbody><\/table><\/div>\n\t\t\t\t<\/div>\n\t\t\t\t\t\t\t<div class=\"elementor-toggle-item\">\n\t\t\t\t\t<div id=\"elementor-tab-title-5732\" class=\"elementor-tab-title\" data-tab=\"2\" role=\"button\" aria-controls=\"elementor-tab-content-5732\" aria-expanded=\"false\">\n\t\t\t\t\t\t\t\t\t\t\t\t<span class=\"elementor-toggle-icon elementor-toggle-icon-left\" aria-hidden=\"true\">\n\t\t\t\t\t\t\t\t\t\t\t\t\t\t\t<span class=\"elementor-toggle-icon-closed\"><i class=\"fas fa-caret-right\"><\/i><\/span>\n\t\t\t\t\t\t\t\t<span class=\"elementor-toggle-icon-opened\"><i class=\"elementor-toggle-icon-opened fas fa-caret-up\"><\/i><\/span>\n\t\t\t\t\t\t\t\t\t\t\t\t\t<\/span>\n\t\t\t\t\t\t\t\t\t\t\t\t<a class=\"elementor-toggle-title\" tabindex=\"0\">AUSZEICHNUNGEN UND ANERKENNUNGEN<\/a>\n\t\t\t\t\t<\/div>\n\n\t\t\t\t\t<div id=\"elementor-tab-content-5732\" class=\"elementor-tab-content elementor-clearfix\" data-tab=\"2\" role=\"region\" aria-labelledby=\"elementor-tab-title-5732\"><div class=\"vc_tta-panel-body\"><div class=\"vc_row wpb_row vc_inner vc_row-fluid\"><div class=\"wpb_column vc_column_container vc_col-sm-12\"><div class=\"vc_column-inner\"><div class=\"wpb_wrapper\"><div class=\"wpb_text_column wpb_content_element vc_custom_1510065754520\"><div><table style=\"border-collapse: collapse; width: 100%; height: 120px;\"><tbody><tr style=\"height: 40px;\"><td style=\"width: 12.4021%; text-align: center; height: 40px;\">JAHRGANG<\/td><td style=\"width: 87.5979%; text-align: center; height: 40px;\">AUSZEICHNUNG<\/td><\/tr><tr style=\"height: 40px;\"><td style=\"width: 12.4021%; text-align: center; height: 40px;\">2000<\/td><td style=\"width: 87.5979%; height: 40px;\"><strong><a class=\"foobox fbx-link fbx-instance\" href=\"https:\/\/www.lenotti.com\/wp-content\/uploads\/2021\/06\/rv-2000-luca-maroni-2004.jpg\" target=\"_blank\" rel=\"noopener noreferrer\">&#8220;LUCA MARONI 2004&#8221;<\/a><\/strong><\/td><\/tr><tr style=\"height: 40px;\"><td style=\"width: 12.4021%; text-align: center; height: 40px;\">2000<\/td><td style=\"width: 87.5979%; height: 40px;\"><strong><a class=\"fbx-link\" style=\"letter-spacing: var(--vamtam-primary-font-letter-spacing-desktop,normal); text-transform: var(--vamtam-primary-font-transform,none);\" href=\"https:\/\/www.lenotti.com\/wp-content\/uploads\/2021\/06\/rv-2000-espresso-2003.jpg\" target=\"_blank\" rel=\"noopener noreferrer\">&#8220;ESPRESSO 2003&#8221;<\/a><\/strong><\/td><\/tr><tr><td style=\"width: 12.4021%; text-align: center;\">2000<\/td><td style=\"width: 87.5979%;\">3 TRAUBEN <a class=\"fbx-link\" href=\"https:\/\/www.lenotti.com\/wp-content\/uploads\/2021\/06\/rv-2000-3-grappoli-duemilavini-2003.jpg\" target=\"_blank\" rel=\"noopener noreferrer\"><strong>&#8220;DUEMILAVINI AIS 2003&#8221;<\/strong><\/a><\/td><\/tr><tr><td style=\"width: 12.4021%; text-align: center;\">1999<\/td><td style=\"width: 87.5979%;\"><strong><a class=\"fbx-link\" href=\"https:\/\/www.lenotti.com\/wp-content\/uploads\/2021\/06\/rv-1999-luca-maroni-2002.jpg\" target=\"_blank\" rel=\"noopener noreferrer\">&#8220;LUCA MARONI 2002<\/a>&#8220;<\/strong><\/td><\/tr><\/tbody><\/table><\/div><\/div><\/div><\/div><\/div><\/div><\/div><\/div>\n\t\t\t\t<\/div>\n\t\t\t\t\t\t\t<div class=\"elementor-toggle-item\">\n\t\t\t\t\t<div id=\"elementor-tab-title-5733\" class=\"elementor-tab-title\" data-tab=\"3\" role=\"button\" aria-controls=\"elementor-tab-content-5733\" aria-expanded=\"false\">\n\t\t\t\t\t\t\t\t\t\t\t\t<span class=\"elementor-toggle-icon elementor-toggle-icon-left\" aria-hidden=\"true\">\n\t\t\t\t\t\t\t\t\t\t\t\t\t\t\t<span class=\"elementor-toggle-icon-closed\"><i class=\"fas fa-caret-right\"><\/i><\/span>\n\t\t\t\t\t\t\t\t<span class=\"elementor-toggle-icon-opened\"><i class=\"elementor-toggle-icon-opened fas fa-caret-up\"><\/i><\/span>\n\t\t\t\t\t\t\t\t\t\t\t\t\t<\/span>\n\t\t\t\t\t\t\t\t\t\t\t\t<a class=\"elementor-toggle-title\" tabindex=\"0\">DIE GESCHICHTE DES NAMENS DIESES WEINES<\/a>\n\t\t\t\t\t<\/div>\n\n\t\t\t\t\t<div id=\"elementor-tab-content-5733\" class=\"elementor-tab-content elementor-clearfix\" data-tab=\"3\" role=\"region\" aria-labelledby=\"elementor-tab-title-5733\"><p>Die R\u00f6mer nannten den Wein \"Acinaticum\", abgeleitet von \"acino\", weil sie glaubten, dass sein Geheimnis in den Eigenschaften und der Auswahl der besten Trauben f\u00fcr seine Herstellung lag. Der Name \"Acinaticum\" wurde zumindest bis zum 19. Jahrhundert beibehalten, als sich ein neuer Begriff durchsetzte: \"Recioto\", der von den Veroneser Weinbauern erfunden und verbreitet wurde. \nAber warum Recioto? Woher kommt der Begriff und was bedeutet er?<\/p><p>Die Trauben, die urspr\u00fcnglich f\u00fcr die Herstellung von Recioto-Wein verwendet wurden, sind seit jeher mit gro\u00dfer Sorgfalt ausgew\u00e4hlt worden, wobei die qualitativ besten Trauben bevorzugt wurden. Insbesondere die so genannten \"Recie\", w\u00f6rtlich \"\u00c4hren\" im Dialekt, also die Fl\u00fcgel der Trauben, die so genannt werden, weil sie seitlich liegen und mit der Pflanze am h\u00f6chsten Punkt der Traube verbunden sind. Da die \"Recie\" st\u00e4ndig der Sonne ausgesetzt sind, mit dem Stamm der Traube verbunden sind und den Pflanzensaft zuerst aufnehmen, sind sie s\u00fc\u00dfer als die anderen Teile der Traube und daher von h\u00f6herer Qualit\u00e4t, ideal zum Trocknen und zur Herstellung eines S\u00fc\u00dfweins.\n Aus dem mundartlichen Begriff \"Recie\" entstand so der \"Recioto\"-Wein, der aus den \"\u00c4hren\" der Traube hergestellt wird.<\/p><\/div>\n\t\t\t\t<\/div>\n\t\t\t\t\t\t\t\t<\/div>\n\t\t\t\t<\/div>\n\t\t\t\t<\/div>\n\t\t\t\t<div class=\"elementor-element elementor-element-c58a31b elementor-widget elementor-widget-button\" data-id=\"c58a31b\" data-element_type=\"widget\" data-widget_type=\"button.default\">\n\t\t\t\t<div class=\"elementor-widget-container\">\n\t\t\t\t\t<div class=\"elementor-button-wrapper\">\n\t\t\t<a class=\"elementor-button elementor-button-link elementor-size-md\" href=\"https:\/\/www.lenotti.com\/wp-content\/uploads\/2024\/03\/DEU-RECIOTO-Technical-sheet.pdf\" target=\"_blank\">\n\t\t\t\t\t\t<span class=\"elementor-button-content-wrapper\">\n\t\t\t\t\t\t<span class=\"elementor-button-icon elementor-align-icon-left\">\n\t\t\t\t<i aria-hidden=\"true\" class=\"fas fa-file-pdf\"><\/i>\t\t\t<\/span>\n\t\t\t\t\t\t<span class=\"elementor-button-text\">PDF FILE<\/span>\n\t\t<\/span>\n\t\t\t\t\t<\/a>\n\t\t<\/div>\n\t\t\t\t<\/div>\n\t\t\t\t<\/div>\n\t\t\t\t\t<\/div>\n\t\t<\/div>\n\t\t\t\t\t\t\t<\/div>\n\t\t<\/section>\n\t\t\t\t<section class=\"elementor-section elementor-top-section elementor-element elementor-element-97a7498 elementor-section-boxed elementor-section-height-default elementor-section-height-default\" data-id=\"97a7498\" data-element_type=\"section\">\n\t\t\t\t\t\t<div class=\"elementor-container elementor-column-gap-default\">\n\t\t\t\t\t<div class=\"elementor-column elementor-col-100 elementor-top-column elementor-element elementor-element-8a168ca\" data-id=\"8a168ca\" data-element_type=\"column\">\n\t\t\t<div class=\"elementor-widget-wrap elementor-element-populated\">\n\t\t\t\t\t\t\t\t<div class=\"elementor-element elementor-element-2b3b272 elementor-widget elementor-widget-spacer\" data-id=\"2b3b272\" data-element_type=\"widget\" data-widget_type=\"spacer.default\">\n\t\t\t\t<div class=\"elementor-widget-container\">\n\t\t\t\t\t<div class=\"elementor-spacer\">\n\t\t\t<div class=\"elementor-spacer-inner\"><\/div>\n\t\t<\/div>\n\t\t\t\t<\/div>\n\t\t\t\t<\/div>\n\t\t\t\t<div class=\"elementor-element elementor-element-8fafa8a elementor-widget elementor-widget-video\" data-id=\"8fafa8a\" data-element_type=\"widget\" data-settings=\"{&quot;youtube_url&quot;:&quot;https:\\\/\\\/youtu.be\\\/HqS7n28v49k&quot;,&quot;video_type&quot;:&quot;youtube&quot;,&quot;controls&quot;:&quot;yes&quot;}\" data-widget_type=\"video.default\">\n\t\t\t\t<div class=\"elementor-widget-container\">\n\t\t\t\t\t<div class=\"elementor-wrapper elementor-open-inline\">\n\t\t\t<div class=\"elementor-video\"><\/div>\t\t<\/div>\n\t\t\t\t<\/div>\n\t\t\t\t<\/div>\n\t\t\t\t\t<\/div>\n\t\t<\/div>\n\t\t\t\t\t\t\t<\/div>\n\t\t<\/section>\n\t\t<div class=\"elementor-element elementor-element-0cfad31 e-flex e-con-boxed e-con\" data-id=\"0cfad31\" data-element_type=\"container\" data-settings=\"{&quot;content_width&quot;:&quot;boxed&quot;}\">\n\t\t\t\t\t<div class=\"e-con-inner\">\n\t\t<div class=\"elementor-element elementor-element-e2e0316 e-flex e-con-boxed e-con\" data-id=\"e2e0316\" data-element_type=\"container\" data-settings=\"{&quot;content_width&quot;:&quot;boxed&quot;}\">\n\t\t\t\t\t<div class=\"e-con-inner\">\n\t\t\t\t<div class=\"elementor-element elementor-element-a0b9c03 elementor-widget elementor-widget-spacer\" data-id=\"a0b9c03\" data-element_type=\"widget\" data-widget_type=\"spacer.default\">\n\t\t\t\t<div class=\"elementor-widget-container\">\n\t\t\t\t\t<div class=\"elementor-spacer\">\n\t\t\t<div class=\"elementor-spacer-inner\"><\/div>\n\t\t<\/div>\n\t\t\t\t<\/div>\n\t\t\t\t<\/div>\n\t\t\t\t<div class=\"elementor-element elementor-element-e7e51b4 elementor-align-center elementor-widget elementor-widget-button\" data-id=\"e7e51b4\" data-element_type=\"widget\" data-widget_type=\"button.default\">\n\t\t\t\t<div class=\"elementor-widget-container\">\n\t\t\t\t\t<div class=\"elementor-button-wrapper\">\n\t\t\t<a class=\"elementor-button elementor-button-link elementor-size-xl\" href=\"https:\/\/shop.lenotti.com\/de\/\">\n\t\t\t\t\t\t<span class=\"elementor-button-content-wrapper\">\n\t\t\t\t\t\t<span class=\"elementor-button-text\">KAUFEN<\/span>\n\t\t<\/span>\n\t\t\t\t\t<\/a>\n\t\t<\/div>\n\t\t\t\t<\/div>\n\t\t\t\t<\/div>\n\t\t\t\t\t<\/div>\n\t\t\t\t<\/div>\n\t\t\t\t\t<\/div>\n\t\t\t\t<\/div>\n\t\t\t\t\t\t\t<\/div>","protected":false},"excerpt":{"rendered":"<p style=\"text-align: left;\"><strong>Alkohol<\/strong>: 12.5% vol.<\/p>\n<p style=\"text-align: left;\"><strong>Anbaugebiet<\/strong>: Region: Veneto. Klassisches Anbaugebiet in der Valpolicellazone n\u00f6rdlich von Verona. In den H\u00fcgeln der Gemeinden von Negrar, Valgatara und Fumane.<\/p>\n<p style=\"text-align: left;\"><strong>Weintrauben<\/strong>: Handgelesene Trauben der Sorten Corvina (50%), Rondinella (40%) und andere rote Trauben (10%) werden ges\u00e4ubert und in Obstkisten in speziell bel\u00fcfteten R\u00e4umen langsam getrocknet. Danach werden die inzwischen teilrosinierten Trauben zu einem trockenen, hochkonzentrierten Wein nach einem traditionellen Verfahren verarbeitet. Dabei wird dieser Wein nur in den besten Jahrg\u00e4ngen produziert.<\/p>\n<p style=\"text-align: left;\"><strong>Boden<\/strong>: Kalk- und Tonboden glazialem und alluvialem Ursprungs.<\/p>\n<p style=\"text-align: left;\"><strong>Weinbereitungssystem<\/strong>: Leichte Pressung der Trauben, sehr langsame G\u00e4rung (die auch einige Monaten dauern kann) mit Schalenkontakt unter st\u00e4ndiger Temperaturkontrolle (22-23\u00b0C.) in thermoklimatisierten Edelstahlbeh\u00e4ltern.<\/p>\n<p style=\"text-align: left;\"><strong>Beschreibung<\/strong>: Dessertwein, k\u00f6rperreich, fruchtig mit einer feine S\u00fc\u00dfe.<\/p>\n<p style=\"text-align: left;\"><strong>Farbe<\/strong>: Funkelndes rubinrot, zum granatrot neigend.<\/p>\n<p style=\"text-align: left;\"><strong>Duft<\/strong>: Intensiv, fein, duftend, erinnert an Bittermandeln.<\/p>\n<p style=\"text-align: left;\"><strong>Geschmack<\/strong>: Blumig, frisch, intensiv und fruchtig.<\/p>\n<p style=\"text-align: left;\"><strong>Trinktemperatur<\/strong>: 18-19\u00b0C.<\/p>\n<p style=\"text-align: left;\"><strong>Lagerung<\/strong>: Er kann mehrere Jahre gelagert werden und sollte in einem dunklen, trockenen und gut gel\u00fcfteten Raum lagern.<\/p>\n<p style=\"text-align: left;\"><strong>Serviervorschlag<\/strong>: Dessertwein, eignet sich besonders zu Keksen und Suessspeisen oder auch -als Dessert- allein.<\/p>","protected":false},"featured_media":996609,"template":"","meta":{"_mo_disable_npp":""},"product_brand":[],"product_cat":[50],"product_tag":[],"class_list":{"0":"post-988022","1":"product","2":"type-product","3":"status-publish","4":"has-post-thumbnail","6":"product_cat-vini-rossi","8":"first","9":"instock","10":"shipping-taxable","11":"product-type-simple"},"_links":{"self":[{"href":"https:\/\/www.lenotti.com\/de\/wp-json\/wp\/v2\/product\/988022","targetHints":{"allow":["GET"]}}],"collection":[{"href":"https:\/\/www.lenotti.com\/de\/wp-json\/wp\/v2\/product"}],"about":[{"href":"https:\/\/www.lenotti.com\/de\/wp-json\/wp\/v2\/types\/product"}],"version-history":[{"count":39,"href":"https:\/\/www.lenotti.com\/de\/wp-json\/wp\/v2\/product\/988022\/revisions"}],"predecessor-version":[{"id":1000204,"href":"https:\/\/www.lenotti.com\/de\/wp-json\/wp\/v2\/product\/988022\/revisions\/1000204"}],"wp:featuredmedia":[{"embeddable":true,"href":"https:\/\/www.lenotti.com\/de\/wp-json\/wp\/v2\/media\/996609"}],"wp:attachment":[{"href":"https:\/\/www.lenotti.com\/de\/wp-json\/wp\/v2\/media?parent=988022"}],"wp:term":[{"taxonomy":"product_brand","embeddable":true,"href":"https:\/\/www.lenotti.com\/de\/wp-json\/wp\/v2\/product_brand?post=988022"},{"taxonomy":"product_cat","embeddable":true,"href":"https:\/\/www.lenotti.com\/de\/wp-json\/wp\/v2\/product_cat?post=988022"},{"taxonomy":"product_tag","embeddable":true,"href":"https:\/\/www.lenotti.com\/de\/wp-json\/wp\/v2\/product_tag?post=988022"}],"curies":[{"name":"wp","href":"https:\/\/api.w.org\/{rel}","templated":true}]}}