{"id":988020,"date":"2021-04-29T16:01:04","date_gmt":"2021-04-29T14:01:04","guid":{"rendered":"http:\/\/lenotti.com\/product\/amarone-della-valpolicella-docg-classico-copy\/"},"modified":"2025-02-24T17:01:02","modified_gmt":"2025-02-24T16:01:02","slug":"di-carlo-collezione-carlo-lenotti-amarone-della-valpolicella-docg-classico","status":"publish","type":"product","link":"https:\/\/www.lenotti.com\/de\/product\/di-carlo-collezione-carlo-lenotti-amarone-della-valpolicella-docg-classico\/","title":{"rendered":"\u201cDi Carlo\u201d Collezione Carlo Lenotti Amarone della Valpolicella DOCG Classico"},"content":{"rendered":"<div data-elementor-type=\"product-post\" data-elementor-id=\"988020\" class=\"elementor elementor-988020\" data-elementor-post-type=\"product\">\n\t\t\t\t\t\t\t<div class=\"elementor-element elementor-element-0e69917 e-flex e-con-boxed e-con\" data-id=\"0e69917\" data-element_type=\"container\" data-settings=\"{&quot;content_width&quot;:&quot;boxed&quot;}\">\n\t\t\t\t\t<div class=\"e-con-inner\">\n\t\t<div class=\"elementor-element elementor-element-09c7e4c e-flex e-con-boxed e-con\" data-id=\"09c7e4c\" data-element_type=\"container\" data-settings=\"{&quot;content_width&quot;:&quot;boxed&quot;}\">\n\t\t\t\t\t<div class=\"e-con-inner\">\n\t\t\t\t<div class=\"elementor-element elementor-element-f823672 elementor-widget elementor-widget-alert\" data-id=\"f823672\" data-element_type=\"widget\" data-widget_type=\"alert.default\">\n\t\t\t\t<div class=\"elementor-widget-container\">\n\t\t\t\t\t<div class=\"elementor-alert elementor-alert-warning\" role=\"alert\">\n\t\t\t<span class=\"elementor-alert-title\">Achtung!<\/span>\n\t\t\t\t\t\t\t<span class=\"elementor-alert-description\">Wir haben vor kurzem die Flasche unseres 'Di Carlo' Amarone della Valpolicella DOCG Classico wie auf dem nebenstehenden Foto ge\u00e4ndert.\nWir hoffen, dass Ihnen diese Entwicklung gef\u00e4llt.<br>\nZum Anzeigen der vorherigen Version <strong><a href=\"https:\/\/www.lenotti.com\/wp-content\/uploads\/2021\/04\/DICARLO.png\" target=\"_blank\" rel=\"noopener\">hier klicken<\/a><\/strong>!<\/span>\n\t\t\t\t\t\t\t\t<\/div>\n\t\t\t\t<\/div>\n\t\t\t\t<\/div>\n\t\t\t\t\t<\/div>\n\t\t\t\t<\/div>\n\t\t\t\t\t<\/div>\n\t\t\t\t<\/div>\n\t\t<div class=\"elementor-element elementor-element-c2ddea6 e-flex e-con-boxed e-con\" data-id=\"c2ddea6\" data-element_type=\"container\" data-settings=\"{&quot;content_width&quot;:&quot;boxed&quot;}\">\n\t\t\t\t\t<div class=\"e-con-inner\">\n\t\t\t\t<div class=\"elementor-element elementor-element-a7a701f elementor-widget elementor-widget-spacer\" data-id=\"a7a701f\" data-element_type=\"widget\" data-widget_type=\"spacer.default\">\n\t\t\t\t<div class=\"elementor-widget-container\">\n\t\t\t\t\t<div class=\"elementor-spacer\">\n\t\t\t<div class=\"elementor-spacer-inner\"><\/div>\n\t\t<\/div>\n\t\t\t\t<\/div>\n\t\t\t\t<\/div>\n\t\t\t\t\t<\/div>\n\t\t\t\t<\/div>\n\t\t\t\t<section class=\"elementor-section elementor-top-section elementor-element elementor-element-4a724e9 elementor-section-boxed elementor-section-height-default elementor-section-height-default\" data-id=\"4a724e9\" data-element_type=\"section\">\n\t\t\t\t\t\t<div class=\"elementor-container elementor-column-gap-default\">\n\t\t\t\t\t<div class=\"elementor-column elementor-col-100 elementor-top-column elementor-element elementor-element-47444e8\" data-id=\"47444e8\" data-element_type=\"column\">\n\t\t\t<div class=\"elementor-widget-wrap elementor-element-populated\">\n\t\t\t\t\t\t\t\t<div class=\"elementor-element elementor-element-0579546 elementor-widget elementor-widget-toggle\" data-id=\"0579546\" data-element_type=\"widget\" data-widget_type=\"toggle.default\">\n\t\t\t\t<div class=\"elementor-widget-container\">\n\t\t\t\t\t<div class=\"elementor-toggle\">\n\t\t\t\t\t\t\t<div class=\"elementor-toggle-item\">\n\t\t\t\t\t<div id=\"elementor-tab-title-5731\" class=\"elementor-tab-title\" data-tab=\"1\" role=\"button\" aria-controls=\"elementor-tab-content-5731\" aria-expanded=\"false\">\n\t\t\t\t\t\t\t\t\t\t\t\t<span class=\"elementor-toggle-icon elementor-toggle-icon-left\" aria-hidden=\"true\">\n\t\t\t\t\t\t\t\t\t\t\t\t\t\t\t<span class=\"elementor-toggle-icon-closed\"><i class=\"fas fa-caret-right\"><\/i><\/span>\n\t\t\t\t\t\t\t\t<span class=\"elementor-toggle-icon-opened\"><i class=\"elementor-toggle-icon-opened fas fa-caret-up\"><\/i><\/span>\n\t\t\t\t\t\t\t\t\t\t\t\t\t<\/span>\n\t\t\t\t\t\t\t\t\t\t\t\t<a class=\"elementor-toggle-title\" tabindex=\"0\">TECHNISCHE DATEN<\/a>\n\t\t\t\t\t<\/div>\n\n\t\t\t\t\t<div id=\"elementor-tab-content-5731\" class=\"elementor-tab-content elementor-clearfix\" data-tab=\"1\" role=\"region\" aria-labelledby=\"elementor-tab-title-5731\"><table border=\"0\" width=\"100%\"><tbody><tr><td>Gesamts\u00e4ure:<\/td><td>5.40 g\/l<\/td><\/tr><tr><td>Zucker:<\/td><td>9.00 g\/l<\/td><\/tr><tr><td>Gesamt-SO2:<\/td><td>110 mg\/l<\/td><\/tr><tr><td>Freies SO2:<\/td><td>28 mg\/l<\/td><\/tr><tr><td>Netto-Trockenextrakt:<\/td><td>31.0 g\/l<\/td><\/tr><tr><td>Fl\u00fcchtige\/Volatile S\u00e4ure:<\/td><td>0.48 g\/l<\/td><\/tr><\/tbody><\/table><\/div>\n\t\t\t\t<\/div>\n\t\t\t\t\t\t\t<div class=\"elementor-toggle-item\">\n\t\t\t\t\t<div id=\"elementor-tab-title-5732\" class=\"elementor-tab-title\" data-tab=\"2\" role=\"button\" aria-controls=\"elementor-tab-content-5732\" aria-expanded=\"false\">\n\t\t\t\t\t\t\t\t\t\t\t\t<span class=\"elementor-toggle-icon elementor-toggle-icon-left\" aria-hidden=\"true\">\n\t\t\t\t\t\t\t\t\t\t\t\t\t\t\t<span class=\"elementor-toggle-icon-closed\"><i class=\"fas fa-caret-right\"><\/i><\/span>\n\t\t\t\t\t\t\t\t<span class=\"elementor-toggle-icon-opened\"><i class=\"elementor-toggle-icon-opened fas fa-caret-up\"><\/i><\/span>\n\t\t\t\t\t\t\t\t\t\t\t\t\t<\/span>\n\t\t\t\t\t\t\t\t\t\t\t\t<a class=\"elementor-toggle-title\" tabindex=\"0\">AUSZEICHNUNGEN UND ANERKENNUNGEN<\/a>\n\t\t\t\t\t<\/div>\n\n\t\t\t\t\t<div id=\"elementor-tab-content-5732\" class=\"elementor-tab-content elementor-clearfix\" data-tab=\"2\" role=\"region\" aria-labelledby=\"elementor-tab-title-5732\"><div class=\"vc_tta-panel-body\"><div class=\"vc_row wpb_row vc_inner vc_row-fluid\"><div class=\"wpb_column vc_column_container vc_col-sm-12\"><div class=\"vc_column-inner\"><div class=\"wpb_wrapper\"><div class=\"wpb_text_column wpb_content_element vc_custom_1579534390090\"><div class=\"wpb_wrapper\"><table style=\"border-collapse: collapse; width: 100%; height: 77px;\"><tbody><tr style=\"height: 40px;\"><td style=\"width: 9.45205%; text-align: center; height: 40px;\">JAHRGANG<\/td><td style=\"width: 90.5479%; text-align: center; height: 40px;\">AUSZEICHNUNG<\/td><\/tr><tr><td style=\"width: 9.45205%; text-align: center;\">2016<\/td><td style=\"width: 90.5479%;\"><p>4 TRAUBEN\u00a0<a href=\"https:\/\/www.lenotti.com\/wp-content\/uploads\/2025\/02\/5_grappoli_sardegna_bibenda_2025.jpg\" target=\"_blank\" rel=\"noopener\"><strong>&#8220;BIBENDA 2025&#8221;<\/strong><\/a><\/p><\/td><\/tr><tr><td style=\"width: 9.45205%; text-align: center;\">2016<\/td><td style=\"width: 90.5479%;\"><a class=\"fbx-link\" href=\"https:\/\/www.lenotti.com\/wp-content\/uploads\/2024\/10\/Luca-Maroni-2025_01-scaled.jpg\" target=\"_blank\" rel=\"noopener noreferrer\">95\/100 <strong>&#8220;LUCA MARONI 2025&#8221;<\/strong><\/a><\/td><\/tr><tr><td style=\"width: 9.45205%; text-align: center;\">2016<\/td><td style=\"width: 90.5479%;\">2 GL\u00c4SER <strong>\u201cGAMBERO ROSSO 2025\u201d<\/strong><\/td><\/tr><tr style=\"height: 37px;\"><td style=\"width: 9.45205%; text-align: center; height: 37px;\">2011<\/td><td style=\"width: 90.5479%; height: 37px;\">4 TRAUBEN <a href=\"https:\/\/www.lenotti.com\/wp-content\/uploads\/2021\/06\/bibenda2020-5.png\"><strong>\u201cBIBENDA 2020\u201d<\/strong><\/a><\/td><\/tr><tr><td style=\"width: 9.45205%; text-align: center;\">2011<\/td><td style=\"width: 90.5479%;\">2 GL\u00c4SER <a href=\"https:\/\/www.lenotti.com\/wp-content\/uploads\/2021\/06\/tre-bicchieri-2020-gambero-rosso-768x576-2.jpg\"><strong>\u201cGAMBERO ROSSO 2020\u201d<\/strong><\/a><\/td><\/tr><tr><td style=\"width: 9.45205%; text-align: center;\">2011<\/td><td style=\"width: 90.5479%;\"><a href=\"https:\/\/www.lenotti.com\/wp-content\/uploads\/2021\/06\/punteggi-luca-maroni-4.pdf\" target=\"_blank\" rel=\"noopener\">94\/100 <strong>\u201cLUCA MARONI 2020\u201d<\/strong><\/a><\/td><\/tr><tr><td style=\"width: 9.45205%; text-align: center;\">2010<\/td><td style=\"width: 90.5479%;\"><a href=\"https:\/\/www.lenotti.com\/wp-content\/uploads\/2021\/06\/DI-CARLO-2010.pdf\" target=\"_blank\" rel=\"noopener noreferrer\">84\/100 <strong>\u201cPROSIT-ONAV 2018\u201d<\/strong><\/a><\/td><\/tr><tr><td style=\"width: 9.45205%; text-align: center;\">2010<\/td><td style=\"width: 90.5479%;\"><a class=\"foobox fbx-link fbx-instance\" href=\"https:\/\/www.lenotti.com\/wp-content\/uploads\/2021\/06\/dc-2010-4-grappoli-2017.jpg\" target=\"_blank\" rel=\"noopener noreferrer\">4 TRAUBEN <strong>\u201cBIBENDA AIS 2017\u201d<\/strong><\/a><\/td><\/tr><tr><td style=\"width: 9.45205%; text-align: center;\">2010<\/td><td style=\"width: 90.5479%;\"><a class=\"fbx-link\" style=\"font-family: inherit; font-size: inherit; font-style: inherit; font-variant-ligatures: inherit; font-variant-caps: inherit; font-weight: inherit; letter-spacing: var(--vamtam-primary-font-letter-spacing-desktop,normal); text-transform: var(--vamtam-primary-font-transform,none);\" href=\"https:\/\/www.lenotti.com\/wp-content\/uploads\/2021\/06\/dc-2010-luca-maroni-2017.jpg\" target=\"_blank\" rel=\"noopener noreferrer\">90\/100 <strong>\u201cLUCA MARONI 2017\u201d<\/strong><\/a><\/td><\/tr><tr><td style=\"width: 9.45205%; text-align: center;\">2010<\/td><td style=\"width: 90.5479%;\">2 GL\u00c4SER <a class=\"fbx-link\" href=\"https:\/\/www.lenotti.com\/wp-content\/uploads\/2021\/06\/dc-2010-2-bicchieri-gambero-rosso-2017-scaled.jpg\" target=\"_blank\" rel=\"noopener noreferrer\"><strong>\u201cGAMBERO ROSSO 2017\u201d<\/strong><\/a><\/td><\/tr><tr><td style=\"width: 9.45205%; text-align: center;\">2007<\/td><td style=\"width: 90.5479%;\">2 FLASCHEN <a class=\"fbx-link\" href=\"https:\/\/www.lenotti.com\/wp-content\/uploads\/2021\/06\/dc-2007-2-bottiglie-espresso-2013.jpg\" target=\"_blank\" rel=\"noopener noreferrer\"><strong>\u201cESPRESSO 2013\u201d<\/strong><\/a><\/td><\/tr><tr><td style=\"width: 9.45205%; text-align: center;\">2007<\/td><td style=\"width: 90.5479%;\">4 TRAUBEN <a class=\"fbx-link\" href=\"https:\/\/www.lenotti.com\/wp-content\/uploads\/2021\/06\/dc-2007-4-grappoli-duemilavini-2013.jpg\" target=\"_blank\" rel=\"noopener noreferrer\"><strong>\u201cDUEMILAVINI AIS 2013\u201d<\/strong><\/a><\/td><\/tr><tr><td style=\"width: 9.45205%; text-align: center;\">2007<\/td><td style=\"width: 90.5479%;\">2 GL\u00c4SER <a class=\"fbx-link\" href=\"https:\/\/www.lenotti.com\/wp-content\/uploads\/2021\/06\/dc-2007-2-bicchieri-gambero-rosso-2013.jpg\" target=\"_blank\" rel=\"noopener noreferrer\"><strong>\u201cGAMBERO ROSSO 2013\u201d<\/strong><\/a><\/td><\/tr><tr><td style=\"width: 9.45205%; text-align: center;\">2007<\/td><td style=\"width: 90.5479%;\">DIPLOM <a class=\"fbx-link\" href=\"https:\/\/www.lenotti.com\/wp-content\/uploads\/2021\/06\/dc-2007-verona-top-wine-2012-scaled.jpg\" target=\"_blank\" rel=\"noopener noreferrer\"><strong>\u201cVERONA WINE TOP 2012\u201d<\/strong><\/a><\/td><\/tr><tr><td style=\"width: 9.45205%; text-align: center;\">2007<\/td><td style=\"width: 90.5479%;\"><a class=\"fbx-link\" href=\"https:\/\/www.lenotti.com\/wp-content\/uploads\/2021\/06\/dc-2007-veronelli-2012.jpg\" target=\"_blank\" rel=\"noopener noreferrer\">89\/100 <strong>\u201cVERONELLI 2012\u201d<\/strong><\/a><\/td><\/tr><tr><td style=\"width: 9.45205%; text-align: center;\">2007<\/td><td style=\"width: 90.5479%;\">1 FLASCHE <a class=\"fbx-link\" href=\"https:\/\/www.lenotti.com\/wp-content\/uploads\/2021\/06\/dc-2007-1-bottiglia-espresso-2012.jpg\" target=\"_blank\" rel=\"noopener noreferrer\"><strong>\u201cESPRESSO 2012\u201d<\/strong><\/a><\/td><\/tr><tr><td style=\"width: 9.45205%; text-align: center;\">2005<\/td><td style=\"width: 90.5479%;\"><a class=\"fbx-link\" href=\"https:\/\/www.lenotti.com\/wp-content\/uploads\/2021\/06\/dc-2005-veronelli-2011.jpg\" target=\"_blank\" rel=\"noopener noreferrer\">90\/100\u00a0<\/a><strong><a class=\"fbx-link\" href=\"https:\/\/www.lenotti.com\/wp-content\/uploads\/2021\/06\/dc-2005-veronelli-2011.jpg\" target=\"_blank\" rel=\"noopener noreferrer\">\u201cVERONELLI 2011\u201d<\/a><\/strong><\/td><\/tr><tr><td style=\"width: 9.45205%; text-align: center;\">2005<\/td><td style=\"width: 90.5479%;\"><a class=\"fbx-link\" href=\"https:\/\/www.lenotti.com\/wp-content\/uploads\/2021\/06\/dc-2005-luca-maroni-2011.jpg\" target=\"_blank\" rel=\"noopener noreferrer\">87\/100 <strong>\u201cLUCA MARONI 2011\u201d<\/strong><\/a><\/td><\/tr><tr><td style=\"width: 9.45205%; text-align: center;\">2005<\/td><td style=\"width: 90.5479%;\">4 TRAUBEN <a class=\"fbx-link\" href=\"https:\/\/www.lenotti.com\/wp-content\/uploads\/2021\/06\/dc-2005-4-grappoli-duemilavini-2011.jpg\" target=\"_blank\" rel=\"noopener noreferrer\"><strong>\u201cDUEMILAVINI AIS 2011\u201d<\/strong><\/a><\/td><\/tr><tr><td style=\"width: 9.45205%; text-align: center;\">2005<\/td><td style=\"width: 90.5479%;\">2 GL\u00c4SER <a class=\"fbx-link\" href=\"https:\/\/www.lenotti.com\/wp-content\/uploads\/2021\/06\/dc-2005-2-bicchieri-gambero-rosso-2011.jpg\" target=\"_blank\" rel=\"noopener noreferrer\"><strong>\u201cGAMBERO ROSSO 2011\u201d<\/strong><\/a><\/td><\/tr><tr><td style=\"width: 9.45205%; text-align: center;\">2003<\/td><td style=\"width: 90.5479%;\">2 GL\u00c4SER <a class=\"fbx-link\" href=\"https:\/\/www.lenotti.com\/wp-content\/uploads\/2021\/06\/dc-2003-2-bicchieri-gambero-rosso-2010.jpg\" target=\"_blank\" rel=\"noopener noreferrer\"><strong>\u201cGAMBERO ROSSO 2010\u201d<\/strong><\/a><\/td><\/tr><tr><td style=\"width: 9.45205%; text-align: center;\">2003<\/td><td style=\"width: 90.5479%;\"><a class=\"fbx-link\" href=\"https:\/\/www.lenotti.com\/wp-content\/uploads\/2021\/06\/dc-2003-veronelli-2010.jpg\" target=\"_blank\" rel=\"noopener noreferrer\">90\/100 <strong>\u201cVERONELLI 2010\u201d<\/strong><\/a><\/td><\/tr><tr><td style=\"width: 9.45205%; text-align: center;\">2000<\/td><td style=\"width: 90.5479%;\">4 TRAUBEN <a class=\"fbx-link\" href=\"https:\/\/www.lenotti.com\/wp-content\/uploads\/2021\/06\/dc-2000-4-grappoli-duemilavini-2007.jpg\" target=\"_blank\" rel=\"noopener noreferrer\"><strong>\u201cDUEMILAVINI AIS 2007\u201d<\/strong><\/a><\/td><\/tr><tr><td style=\"width: 9.45205%; text-align: center;\">1999<\/td><td style=\"width: 90.5479%;\"><a class=\"fbx-link\" href=\"https:\/\/www.lenotti.com\/wp-content\/uploads\/2021\/06\/dc-1999-luca-maroni-2005.jpg\" target=\"_blank\" rel=\"noopener noreferrer\">81\/100 <strong>&#8220;LUCA MARONI 2005&#8221;<\/strong><\/a><\/td><\/tr><tr><td style=\"width: 9.45205%; text-align: center;\">1999<\/td><td style=\"width: 90.5479%;\">3 TRAUBEN <a class=\"fbx-link\" href=\"https:\/\/www.lenotti.com\/wp-content\/uploads\/2021\/06\/dc-1999-luca-maroni-2005.jpg\" target=\"_blank\" rel=\"noopener noreferrer\"><strong>&#8220;DUEMILAVINI AIS 2005&#8221;<\/strong><\/a><\/td><\/tr><tr><td style=\"width: 9.45205%; text-align: center;\">1999<\/td><td style=\"width: 90.5479%;\"><a class=\"fbx-link\" href=\"https:\/\/www.lenotti.com\/wp-content\/uploads\/2021\/06\/dc-1999-veronelli-2005.jpg\" target=\"_blank\" rel=\"noopener noreferrer\">89\/100 <strong>&#8220;VERONELLI 2005<\/strong><\/a><strong>&#8220;<\/strong><\/td><\/tr><tr><td style=\"width: 9.45205%; text-align: center;\">1999<\/td><td style=\"width: 90.5479%;\">3 FLASHEN <a class=\"fbx-link\" href=\"https:\/\/www.lenotti.com\/wp-content\/uploads\/2021\/06\/dc-1998-3-bottiglie-espresso-2004.jpg\" target=\"_blank\" rel=\"noopener noreferrer\"><strong>&#8220;ESPRESSO 2005&#8221;<\/strong><\/a><\/td><\/tr><tr><td style=\"width: 9.45205%; text-align: center;\">1998<\/td><td style=\"width: 90.5479%;\"><a class=\"fbx-link\" href=\"https:\/\/www.lenotti.com\/wp-content\/uploads\/2021\/06\/dc-1998-veronelli-2004.jpg\" target=\"_blank\" rel=\"noopener noreferrer\">90\/100 <strong>&#8220;VERONELLI 2004&#8221;<\/strong><\/a><\/td><\/tr><tr><td style=\"width: 9.45205%; text-align: center;\">1998<\/td><td style=\"width: 90.5479%;\">3 FLASHEN <a class=\"fbx-link\" href=\"https:\/\/www.lenotti.com\/wp-content\/uploads\/2021\/06\/dc-1998-3-bottiglie-espresso-2004-1.jpg\" target=\"_blank\" rel=\"noopener noreferrer\"><strong>&#8220;ESPRESSO 2004<\/strong><\/a><strong>&#8220;<\/strong><\/td><\/tr><tr><td style=\"width: 9.45205%; text-align: center;\">1998<\/td><td style=\"width: 90.5479%;\">GOLDMEDAILLE <a class=\"fbx-link\" href=\"https:\/\/www.lenotti.com\/wp-content\/uploads\/2021\/06\/1998-medaglia-oro-zurigo-2003.jpg\" target=\"_blank\" rel=\"noopener noreferrer\"><strong>\u201cCONCORSO INTERNAZIONALE DEI VINI 2003 ZURIGO&#8221;<\/strong><\/a><\/td><\/tr><tr><td style=\"width: 9.45205%; text-align: center;\">1998<\/td><td style=\"width: 90.5479%;\">DIPLOM <a class=\"fbx-link\" href=\"https:\/\/www.lenotti.com\/wp-content\/uploads\/2021\/06\/dc-1998-germania-2003.jpg\" target=\"_blank\" rel=\"noopener noreferrer\"><strong>\u201cGREAT INTERNATIONAL WINE AWARD MONDUS VINI 2003\u201d<\/strong><\/a><\/td><\/tr><tr><td style=\"width: 9.45205%; text-align: center;\">1997<\/td><td style=\"width: 90.5479%;\">3 TRAUBEN <a class=\"fbx-link\" href=\"https:\/\/www.lenotti.com\/wp-content\/uploads\/2021\/06\/dc-1997-3-grappoli-duemilavini-2003.jpg\" target=\"_blank\" rel=\"noopener noreferrer\"><strong>&#8220;DUEMILAVINI AIS 2003&#8221;<\/strong><\/a><\/td><\/tr><tr><td style=\"width: 9.45205%; text-align: center;\">1997<\/td><td style=\"width: 90.5479%;\"><a class=\"fbx-link\" href=\"https:\/\/www.lenotti.com\/wp-content\/uploads\/2021\/06\/dc-1997-vinitaly-2002.jpg\" target=\"_blank\" rel=\"noopener noreferrer\">\u00a0DIPLOM <strong>\u201cCONCORSO ENOLOGICO INTERNAZIONALE VINITALY 2002&#8243;<\/strong><\/a><\/td><\/tr><\/tbody><\/table><\/div><\/div><\/div><\/div><\/div><\/div><\/div><\/div>\n\t\t\t\t<\/div>\n\t\t\t\t\t\t\t<div class=\"elementor-toggle-item\">\n\t\t\t\t\t<div id=\"elementor-tab-title-5733\" class=\"elementor-tab-title\" data-tab=\"3\" role=\"button\" aria-controls=\"elementor-tab-content-5733\" aria-expanded=\"false\">\n\t\t\t\t\t\t\t\t\t\t\t\t<span class=\"elementor-toggle-icon elementor-toggle-icon-left\" aria-hidden=\"true\">\n\t\t\t\t\t\t\t\t\t\t\t\t\t\t\t<span class=\"elementor-toggle-icon-closed\"><i class=\"fas fa-caret-right\"><\/i><\/span>\n\t\t\t\t\t\t\t\t<span class=\"elementor-toggle-icon-opened\"><i class=\"elementor-toggle-icon-opened fas fa-caret-up\"><\/i><\/span>\n\t\t\t\t\t\t\t\t\t\t\t\t\t<\/span>\n\t\t\t\t\t\t\t\t\t\t\t\t<a class=\"elementor-toggle-title\" tabindex=\"0\">DIE GESCHICHTE DES NAMENS DIESES WEINES<\/a>\n\t\t\t\t\t<\/div>\n\n\t\t\t\t\t<div id=\"elementor-tab-content-5733\" class=\"elementor-tab-content elementor-clearfix\" data-tab=\"3\" role=\"region\" aria-labelledby=\"elementor-tab-title-5733\"><p>Dieser Wein wird immer und nur nach der endg\u00fcltigen Zustimmung unseres Winzers Giancarlo Massimo Lenotti hergestellt.<\/p><p>Er hat das letzte Wort dar\u00fcber, ob ein Jahrgang es verdient, Di Carlo zu werden oder nicht, es ist seine unanfechtbare Entscheidung und sein Geheimnis!<\/p><p>Daher auch der Name DI CARLO... das ist DER Wein von GIANCARLO MASSIMO LENOTTI.\nDer Wein, \u00fcber den er entscheidet!<\/p><p>Um herauszufinden, warum der Name \"Amarone\" verwendet wird, lese bitte die gleiche Beschreibung f\u00fcr unseren \"<a href=\"https:\/\/www.lenotti.com\/de\/product\/amarone-della-valpolicella-docg-classico\/\" target=\"_blank\" rel=\"noopener\">Amarone Doc Classico<\/a>\u201d<\/p><\/div>\n\t\t\t\t<\/div>\n\t\t\t\t\t\t\t\t<\/div>\n\t\t\t\t<\/div>\n\t\t\t\t<\/div>\n\t\t\t\t<div class=\"elementor-element elementor-element-c58a31b elementor-widget elementor-widget-button\" data-id=\"c58a31b\" data-element_type=\"widget\" data-widget_type=\"button.default\">\n\t\t\t\t<div class=\"elementor-widget-container\">\n\t\t\t\t\t<div class=\"elementor-button-wrapper\">\n\t\t\t<a class=\"elementor-button elementor-button-link elementor-size-md\" href=\"https:\/\/www.lenotti.com\/wp-content\/uploads\/2024\/11\/DEU-DI-CARLO-Technical-sheet-NEW-BOTTLE.pdf\" target=\"_blank\">\n\t\t\t\t\t\t<span class=\"elementor-button-content-wrapper\">\n\t\t\t\t\t\t<span class=\"elementor-button-icon elementor-align-icon-left\">\n\t\t\t\t<i aria-hidden=\"true\" class=\"fas fa-file-pdf\"><\/i>\t\t\t<\/span>\n\t\t\t\t\t\t<span class=\"elementor-button-text\">PDF FILE<\/span>\n\t\t<\/span>\n\t\t\t\t\t<\/a>\n\t\t<\/div>\n\t\t\t\t<\/div>\n\t\t\t\t<\/div>\n\t\t\t\t\t<\/div>\n\t\t<\/div>\n\t\t\t\t\t\t\t<\/div>\n\t\t<\/section>\n\t\t<div class=\"elementor-element elementor-element-e2f0588 e-flex e-con-boxed e-con\" data-id=\"e2f0588\" data-element_type=\"container\" data-settings=\"{&quot;content_width&quot;:&quot;boxed&quot;}\">\n\t\t\t\t\t<div class=\"e-con-inner\">\n\t\t<div class=\"elementor-element elementor-element-f9146a9 e-flex e-con-boxed e-con\" data-id=\"f9146a9\" data-element_type=\"container\" data-settings=\"{&quot;content_width&quot;:&quot;boxed&quot;}\">\n\t\t\t\t\t<div class=\"e-con-inner\">\n\t\t\t\t<div class=\"elementor-element elementor-element-bac7322 elementor-widget elementor-widget-spacer\" data-id=\"bac7322\" data-element_type=\"widget\" data-widget_type=\"spacer.default\">\n\t\t\t\t<div class=\"elementor-widget-container\">\n\t\t\t\t\t<div class=\"elementor-spacer\">\n\t\t\t<div class=\"elementor-spacer-inner\"><\/div>\n\t\t<\/div>\n\t\t\t\t<\/div>\n\t\t\t\t<\/div>\n\t\t\t\t<div class=\"elementor-element elementor-element-8f00259 elementor-align-center elementor-widget elementor-widget-button\" data-id=\"8f00259\" data-element_type=\"widget\" data-widget_type=\"button.default\">\n\t\t\t\t<div class=\"elementor-widget-container\">\n\t\t\t\t\t<div class=\"elementor-button-wrapper\">\n\t\t\t<a class=\"elementor-button elementor-button-link elementor-size-xl\" href=\"https:\/\/shop.lenotti.com\/de\/\">\n\t\t\t\t\t\t<span class=\"elementor-button-content-wrapper\">\n\t\t\t\t\t\t<span class=\"elementor-button-text\">KAUFEN<\/span>\n\t\t<\/span>\n\t\t\t\t\t<\/a>\n\t\t<\/div>\n\t\t\t\t<\/div>\n\t\t\t\t<\/div>\n\t\t\t\t\t<\/div>\n\t\t\t\t<\/div>\n\t\t\t\t\t<\/div>\n\t\t\t\t<\/div>\n\t\t\t\t\t\t\t<\/div>","protected":false},"excerpt":{"rendered":"<p style=\"text-align: left;\"><strong>Alkohol<\/strong>: 15,5% vol.<\/p>\n<p style=\"text-align: left;\"><strong>Anbaugebiet<\/strong>: Region: Veneto. Klassisches Anbaugebiet in der Valpolicellazone n\u00f6rdlich von Verona. In den H\u00fcgeln der Gemeinden von Negrar, Valgatara und Fumane.<\/p>\n<p style=\"text-align: left;\"><strong>Weintrauben<\/strong>: Dieser Wein wird nur in den besten Jahrg\u00e4ngen und in sehr limitierter Menge hergestellt. Nach der Auslese der besten roten Valpolicella-Trauben (Corvina 70%, Rondinella 25%, 5% Oseleta) werden diese in Kisten zum sp\u00e4ten Winter getrocknet und nach einem traditionellen Verfahren verarbeitet.<\/p>\n<p style=\"text-align: left;\"><strong>Boden<\/strong>: Kalk- und Tonboden glazialem und alluvialem Ursprungs.<\/p>\n<p style=\"text-align: left;\"><strong>Weinbereitungssystem<\/strong>: Sanfte Pressung, langsame G\u00e4rung (die auch einige Monate dauern kann) in Rot bei niedriger Temperatur, mehrj\u00e4hrige Reifung in Eichenf\u00e4ssern. Auswahl und pers\u00f6nliche Kontrolle des leidenschaftlichen Produzenten Carlo Lenotti der einzelnen F\u00e4sser und Barriques, die f\u00fcr dieses Produkt verwendet werden. Kaltabf\u00fcllung in steriler Linie.<\/p>\n<p style=\"text-align: left;\"><strong>Beschreibung<\/strong>: Ein ausgezeichneter und einzigartiger Wein mit einer limitierten Produktion (6.500 Flaschen). Unser \u201eAmarone Di Carlo\u201c wird mit gr\u00f6sster Sorgfalt und Leidenschaft, verbunden mit einer traditionellen Verarbeitung hergestellt. Die aussergew\u00f6hnliche Qualit\u00e4t der handverlesenen, perfekt angetrockneten Trauben und die lange und sorgf\u00e4ltige Reifung in Eichenholzf\u00e4ssern verleihen unserem \u201eDi Carlo\u201c einzigartige und unvergleichbare Charakteristiken.<\/p>\n<p style=\"text-align: left;\"><strong>Farbe<\/strong>: Buntes und ziegelrotes Rubinrot.<\/p>\n<p style=\"text-align: left;\"><strong>Duft<\/strong>: \u00c4therisch, intensiv, typisch f\u00fcr Amarone.<\/p>\n<p style=\"text-align: left;\"><strong>Geschmack<\/strong>: Intensiv, kr\u00e4ftig und samtig.<\/p>\n<p style=\"text-align: left;\"><strong>Trinktemperatur<\/strong>: 18-19\u00b0 C. Die Flasche sollte eine Stunde vor dem Geniessen entkorkt werden.<\/p>\n<p style=\"text-align: left;\"><strong>Lagerung<\/strong>: Unser \u201cDi Carlo\u201d kann f\u00fcr viele Jahre in einem dunklen, trockenen und gut gel\u00fcfteten Raum gelagert werden und steigert durch die Lagerung weiter seine aussergew\u00f6hnliche Qualit\u00e4t.<\/p>\n<p style=\"text-align: left;\"><strong>Serviervorschlag<\/strong>: Dieser Wein passt hervorragend zu rotem Fleisch und Wild, sowie nach dem Essen zu reifen K\u00e4sesorten.<\/p>","protected":false},"featured_media":1000165,"template":"","meta":{"_mo_disable_npp":""},"product_brand":[],"product_cat":[50],"product_tag":[],"class_list":{"0":"post-988020","1":"product","2":"type-product","3":"status-publish","4":"has-post-thumbnail","6":"product_cat-vini-rossi","8":"first","9":"instock","10":"shipping-taxable","11":"product-type-simple"},"_links":{"self":[{"href":"https:\/\/www.lenotti.com\/de\/wp-json\/wp\/v2\/product\/988020","targetHints":{"allow":["GET"]}}],"collection":[{"href":"https:\/\/www.lenotti.com\/de\/wp-json\/wp\/v2\/product"}],"about":[{"href":"https:\/\/www.lenotti.com\/de\/wp-json\/wp\/v2\/types\/product"}],"version-history":[{"count":69,"href":"https:\/\/www.lenotti.com\/de\/wp-json\/wp\/v2\/product\/988020\/revisions"}],"predecessor-version":[{"id":1000427,"href":"https:\/\/www.lenotti.com\/de\/wp-json\/wp\/v2\/product\/988020\/revisions\/1000427"}],"wp:featuredmedia":[{"embeddable":true,"href":"https:\/\/www.lenotti.com\/de\/wp-json\/wp\/v2\/media\/1000165"}],"wp:attachment":[{"href":"https:\/\/www.lenotti.com\/de\/wp-json\/wp\/v2\/media?parent=988020"}],"wp:term":[{"taxonomy":"product_brand","embeddable":true,"href":"https:\/\/www.lenotti.com\/de\/wp-json\/wp\/v2\/product_brand?post=988020"},{"taxonomy":"product_cat","embeddable":true,"href":"https:\/\/www.lenotti.com\/de\/wp-json\/wp\/v2\/product_cat?post=988020"},{"taxonomy":"product_tag","embeddable":true,"href":"https:\/\/www.lenotti.com\/de\/wp-json\/wp\/v2\/product_tag?post=988020"}],"curies":[{"name":"wp","href":"https:\/\/api.w.org\/{rel}","templated":true}]}}