{"id":988016,"date":"2021-04-29T15:59:44","date_gmt":"2021-04-29T13:59:44","guid":{"rendered":"http:\/\/lenotti.com\/product\/massimo-veneto-igt-rosso-copy\/"},"modified":"2025-10-09T14:42:54","modified_gmt":"2025-10-09T12:42:54","slug":"decus-collezione-valpolicella-ripasso-doc-classico-superiore","status":"publish","type":"product","link":"https:\/\/www.lenotti.com\/de\/product\/decus-collezione-valpolicella-ripasso-doc-classico-superiore\/","title":{"rendered":"\u201cDecus\u201d Collezione Valpolicella Ripasso DOC Classico Superiore"},"content":{"rendered":"<div data-elementor-type=\"product-post\" data-elementor-id=\"988016\" class=\"elementor elementor-988016\" data-elementor-post-type=\"product\">\n\t\t\t\t\t\t\t\t\t<section class=\"elementor-section elementor-top-section elementor-element elementor-element-4a724e9 elementor-section-boxed elementor-section-height-default elementor-section-height-default\" data-id=\"4a724e9\" data-element_type=\"section\">\n\t\t\t\t\t\t<div class=\"elementor-container elementor-column-gap-default\">\n\t\t\t\t\t<div class=\"elementor-column elementor-col-100 elementor-top-column elementor-element elementor-element-47444e8\" data-id=\"47444e8\" data-element_type=\"column\">\n\t\t\t<div class=\"elementor-widget-wrap elementor-element-populated\">\n\t\t\t\t\t\t\t\t<div class=\"elementor-element elementor-element-0579546 elementor-widget elementor-widget-toggle\" data-id=\"0579546\" data-element_type=\"widget\" data-widget_type=\"toggle.default\">\n\t\t\t\t<div class=\"elementor-widget-container\">\n\t\t\t\t\t<div class=\"elementor-toggle\">\n\t\t\t\t\t\t\t<div class=\"elementor-toggle-item\">\n\t\t\t\t\t<div id=\"elementor-tab-title-5731\" class=\"elementor-tab-title\" data-tab=\"1\" role=\"button\" aria-controls=\"elementor-tab-content-5731\" aria-expanded=\"false\">\n\t\t\t\t\t\t\t\t\t\t\t\t<span class=\"elementor-toggle-icon elementor-toggle-icon-left\" aria-hidden=\"true\">\n\t\t\t\t\t\t\t\t\t\t\t\t\t\t\t<span class=\"elementor-toggle-icon-closed\"><i class=\"fas fa-caret-right\"><\/i><\/span>\n\t\t\t\t\t\t\t\t<span class=\"elementor-toggle-icon-opened\"><i class=\"elementor-toggle-icon-opened fas fa-caret-up\"><\/i><\/span>\n\t\t\t\t\t\t\t\t\t\t\t\t\t<\/span>\n\t\t\t\t\t\t\t\t\t\t\t\t<a class=\"elementor-toggle-title\" tabindex=\"0\">TECHNISCHE DATEN<\/a>\n\t\t\t\t\t<\/div>\n\n\t\t\t\t\t<div id=\"elementor-tab-content-5731\" class=\"elementor-tab-content elementor-clearfix\" data-tab=\"1\" role=\"region\" aria-labelledby=\"elementor-tab-title-5731\"><table border=\"0\" width=\"100%\"><tbody><tr><td>Gesamts\u00e4ure:<\/td><td>5.40 g\/l<\/td><\/tr><tr><td>Zucker:<\/td><td>10.0 g\/l<\/td><\/tr><tr><td>Gesamt-SO2:<\/td><td>90 mg\/l<\/td><\/tr><tr><td>Freies SO2:<\/td><td>28 mg\/l<\/td><\/tr><tr><td>Netto-Trockenextrakt:<\/td><td>29.5 g\/l<\/td><\/tr><tr><td>Fl\u00fcchtige\/Volatile S\u00e4ure:<\/td><td><div class=\"wpb_column vc_column_container vc_col-sm-8\"><div class=\"vc_column-inner\"><div class=\"wpb_wrapper\"><div class=\"wpb_text_column wpb_content_element\"><div class=\"wpb_wrapper\"><p>0,41 g\/l<\/p><\/div><\/div><\/div><\/div><\/div><\/td><\/tr><\/tbody><\/table><\/div>\n\t\t\t\t<\/div>\n\t\t\t\t\t\t\t<div class=\"elementor-toggle-item\">\n\t\t\t\t\t<div id=\"elementor-tab-title-5732\" class=\"elementor-tab-title\" data-tab=\"2\" role=\"button\" aria-controls=\"elementor-tab-content-5732\" aria-expanded=\"false\">\n\t\t\t\t\t\t\t\t\t\t\t\t<span class=\"elementor-toggle-icon elementor-toggle-icon-left\" aria-hidden=\"true\">\n\t\t\t\t\t\t\t\t\t\t\t\t\t\t\t<span class=\"elementor-toggle-icon-closed\"><i class=\"fas fa-caret-right\"><\/i><\/span>\n\t\t\t\t\t\t\t\t<span class=\"elementor-toggle-icon-opened\"><i class=\"elementor-toggle-icon-opened fas fa-caret-up\"><\/i><\/span>\n\t\t\t\t\t\t\t\t\t\t\t\t\t<\/span>\n\t\t\t\t\t\t\t\t\t\t\t\t<a class=\"elementor-toggle-title\" tabindex=\"0\">AUSZEICHNUNGEN UND ANERKENNUNGEN<\/a>\n\t\t\t\t\t<\/div>\n\n\t\t\t\t\t<div id=\"elementor-tab-content-5732\" class=\"elementor-tab-content elementor-clearfix\" data-tab=\"2\" role=\"region\" aria-labelledby=\"elementor-tab-title-5732\"><div class=\"vc_tta-panel-body\"><div class=\"vc_row wpb_row vc_inner vc_row-fluid\"><div class=\"wpb_column vc_column_container vc_col-sm-12\"><div class=\"vc_column-inner\"><div class=\"wpb_wrapper\"><div class=\"wpb_text_column wpb_content_element\"><div class=\"wpb_wrapper\"><table style=\"border-collapse: collapse; width: 100%;\"><tbody><tr><td style=\"width: 12.5%; text-align: center;\">JAHRGANG<\/td><td style=\"width: 87.5%; text-align: center;\">AUSZEICHNUNG<\/td><\/tr><tr><td style=\"width: 12.5%; text-align: center;\">2021<\/td><td style=\"width: 87.5%;\">4 STERNE<a href=\"https:\/\/www.lenotti.com\/wp-content\/uploads\/2025\/10\/autoctoni-vinibuoni-10146.png\" target=\"_blank\" rel=\"noopener\"><strong> &#8220;VINIBUONI D&#8217;ITALIA 2026&#8221;<\/strong><\/a><\/td><\/tr><tr><td style=\"width: 12.5%; text-align: center;\">2020<\/td><td style=\"width: 87.5%;\"><a class=\"fbx-link\" href=\"https:\/\/www.lenotti.com\/wp-content\/uploads\/2024\/10\/Luca-Maroni-2025_01-scaled.jpg\" target=\"_blank\" rel=\"noopener noreferrer\">93\/100 <strong>&#8220;LUCA MARONI 2025&#8221;<\/strong><\/a><\/td><\/tr><tr><td style=\"width: 12.5%; text-align: center;\">2019<\/td><td style=\"width: 87.5%;\">94\/100 <a href=\"https:\/\/www.lenotti.com\/wp-content\/uploads\/2022\/10\/LUCA-MARONI-2023.pdf\" target=\"_blank\" rel=\"noopener\"><strong>&#8220;LUCA MARONI 2024&#8221;<\/strong><\/a><\/td><\/tr><tr><td style=\"width: 12.5%; text-align: center;\">2019<\/td><td style=\"width: 87.5%;\">4 STERNE<a href=\"https:\/\/www.lenotti.com\/wp-content\/uploads\/2023\/10\/AMARONE-2018-BARDOLINO-GIARE-2021-CHIARETTO-DECUS-2022-RIPASSO-DECUS-2019-LE-CROSARE-2020-VIONIBUONI-2024.png\" target=\"_blank\" rel=\"noopener\"><strong> &#8220;VINIBUONI D&#8217;ITALIA 2024&#8221;<\/strong><\/a><\/td><\/tr><tr><td style=\"width: 12.5%; text-align: center;\">2016<\/td><td style=\"width: 87.5%;\"><a href=\"https:\/\/www.lenotti.com\/wp-content\/uploads\/2021\/06\/punteggi-luca-maroni-3.pdf\">93\/100 <strong>\u201cLUCA MARONI 2020\u201d<\/strong><\/a><\/td><\/tr><tr><td style=\"width: 12.5%; text-align: center;\">2015<\/td><td style=\"width: 87.5%;\">3 KOKARDEN <a href=\"https:\/\/www.lenotti.com\/wp-content\/uploads\/2021\/06\/diploma_ais_veneto9_01-FILEminimizer.jpg\"><strong>\u201cVINETIA 2019\u201d<\/strong><\/a><\/td><\/tr><tr><td style=\"width: 12.5%; text-align: center;\">2015<\/td><td style=\"width: 87.5%;\"><a href=\"https:\/\/www.lenotti.com\/wp-content\/uploads\/2021\/06\/LUCAMARONI.pdf\">90\/100 <strong>\u201cLUCA MARONI 2019\u201d<\/strong><\/a><\/td><\/tr><tr><td style=\"width: 12.5%; text-align: center;\">2015<\/td><td style=\"width: 87.5%;\">GOLDMEDAILLE <a href=\"https:\/\/www.lenotti.com\/wp-content\/uploads\/2021\/06\/Decus-Ripasso-2015-Gold_Medal_AIN_Wine_Challenge_2018.pdf\"><strong>\u201cASIA IMPORT NEWS WINE CHALLENGE\u201d<\/strong><\/a><\/td><\/tr><\/tbody><\/table><\/div><\/div><\/div><\/div><\/div><\/div><\/div><\/div>\n\t\t\t\t<\/div>\n\t\t\t\t\t\t\t\t<\/div>\n\t\t\t\t<\/div>\n\t\t\t\t<\/div>\n\t\t\t\t<div class=\"elementor-element elementor-element-c58a31b elementor-widget elementor-widget-button\" data-id=\"c58a31b\" data-element_type=\"widget\" data-widget_type=\"button.default\">\n\t\t\t\t<div class=\"elementor-widget-container\">\n\t\t\t\t\t<div class=\"elementor-button-wrapper\">\n\t\t\t<a class=\"elementor-button elementor-button-link elementor-size-md\" href=\"https:\/\/www.lenotti.com\/wp-content\/uploads\/2024\/03\/DEU-Decus-Ripasso-Technical-sheet.pdf\" target=\"_blank\">\n\t\t\t\t\t\t<span class=\"elementor-button-content-wrapper\">\n\t\t\t\t\t\t<span class=\"elementor-button-icon elementor-align-icon-left\">\n\t\t\t\t<i aria-hidden=\"true\" class=\"fas fa-file-pdf\"><\/i>\t\t\t<\/span>\n\t\t\t\t\t\t<span class=\"elementor-button-text\">PDF FILE<\/span>\n\t\t<\/span>\n\t\t\t\t\t<\/a>\n\t\t<\/div>\n\t\t\t\t<\/div>\n\t\t\t\t<\/div>\n\t\t\t\t\t<\/div>\n\t\t<\/div>\n\t\t\t\t\t\t\t<\/div>\n\t\t<\/section>\n\t\t\t\t<section class=\"elementor-section elementor-top-section elementor-element elementor-element-a3cd872 elementor-section-boxed elementor-section-height-default elementor-section-height-default\" data-id=\"a3cd872\" data-element_type=\"section\">\n\t\t\t\t\t\t<div class=\"elementor-container elementor-column-gap-default\">\n\t\t\t\t\t<div class=\"elementor-column elementor-col-100 elementor-top-column elementor-element elementor-element-4bc63d3\" data-id=\"4bc63d3\" data-element_type=\"column\">\n\t\t\t<div class=\"elementor-widget-wrap elementor-element-populated\">\n\t\t\t\t\t\t\t\t<div class=\"elementor-element elementor-element-9bac0ec elementor-widget elementor-widget-spacer\" data-id=\"9bac0ec\" data-element_type=\"widget\" data-widget_type=\"spacer.default\">\n\t\t\t\t<div class=\"elementor-widget-container\">\n\t\t\t\t\t<div class=\"elementor-spacer\">\n\t\t\t<div class=\"elementor-spacer-inner\"><\/div>\n\t\t<\/div>\n\t\t\t\t<\/div>\n\t\t\t\t<\/div>\n\t\t\t\t<div class=\"elementor-element elementor-element-1acdaf4 elementor-widget elementor-widget-video\" data-id=\"1acdaf4\" data-element_type=\"widget\" data-settings=\"{&quot;youtube_url&quot;:&quot;https:\\\/\\\/youtu.be\\\/ZmlZv7CrxAc&quot;,&quot;video_type&quot;:&quot;youtube&quot;,&quot;controls&quot;:&quot;yes&quot;}\" data-widget_type=\"video.default\">\n\t\t\t\t<div class=\"elementor-widget-container\">\n\t\t\t\t\t<div class=\"elementor-wrapper elementor-open-inline\">\n\t\t\t<div class=\"elementor-video\"><\/div>\t\t<\/div>\n\t\t\t\t<\/div>\n\t\t\t\t<\/div>\n\t\t\t\t\t<\/div>\n\t\t<\/div>\n\t\t\t\t\t\t\t<\/div>\n\t\t<\/section>\n\t\t<div class=\"elementor-element elementor-element-18051b9 e-flex e-con-boxed e-con\" data-id=\"18051b9\" data-element_type=\"container\" data-settings=\"{&quot;content_width&quot;:&quot;boxed&quot;}\">\n\t\t\t\t\t<div class=\"e-con-inner\">\n\t\t<div class=\"elementor-element elementor-element-0d9a176 e-flex e-con-boxed e-con\" data-id=\"0d9a176\" data-element_type=\"container\" data-settings=\"{&quot;content_width&quot;:&quot;boxed&quot;}\">\n\t\t\t\t\t<div class=\"e-con-inner\">\n\t\t\t\t<div class=\"elementor-element elementor-element-e5bbaa9 elementor-widget elementor-widget-spacer\" data-id=\"e5bbaa9\" data-element_type=\"widget\" data-widget_type=\"spacer.default\">\n\t\t\t\t<div class=\"elementor-widget-container\">\n\t\t\t\t\t<div class=\"elementor-spacer\">\n\t\t\t<div class=\"elementor-spacer-inner\"><\/div>\n\t\t<\/div>\n\t\t\t\t<\/div>\n\t\t\t\t<\/div>\n\t\t\t\t<div class=\"elementor-element elementor-element-03b1b3d elementor-align-center elementor-widget elementor-widget-button\" data-id=\"03b1b3d\" data-element_type=\"widget\" data-widget_type=\"button.default\">\n\t\t\t\t<div class=\"elementor-widget-container\">\n\t\t\t\t\t<div class=\"elementor-button-wrapper\">\n\t\t\t<a class=\"elementor-button elementor-button-link elementor-size-xl\" href=\"https:\/\/shop.lenotti.com\/de\/\">\n\t\t\t\t\t\t<span class=\"elementor-button-content-wrapper\">\n\t\t\t\t\t\t<span class=\"elementor-button-text\">KAUFEN<\/span>\n\t\t<\/span>\n\t\t\t\t\t<\/a>\n\t\t<\/div>\n\t\t\t\t<\/div>\n\t\t\t\t<\/div>\n\t\t\t\t\t<\/div>\n\t\t\t\t<\/div>\n\t\t\t\t\t<\/div>\n\t\t\t\t<\/div>\n\t\t\t\t\t\t\t<\/div>","protected":false},"excerpt":{"rendered":"<p style=\"text-align: left;\"><strong>Alkohol<\/strong>: 14,5% vol.<\/p>\n<p style=\"text-align: left;\"><strong>Anbaugebiet<\/strong>: Region: Veneto. Klassisches Anbaugebiet in der Valpolicellaregion n\u00f6rdlich von Verona.<\/p>\n<p style=\"text-align: left;\"><strong>Weintrauben<\/strong>: Dieser Wein wird in limitierter Menge aus roten Trauben hergestellt: Corvina (40%), Corvinone (40%),  Rondinella (20%). Der Anbau erfolgt nach traditioneller Spalier- und Dachlaubenerziehung.<\/p>\n<p style=\"text-align: left;\"><strong>Boden<\/strong>: Calcareous and argillaceous grounds of glacial and alluvial origin.<\/p>\n<p style=\"text-align: left;\"><strong>Weinbereitungssystem<\/strong>: Die ausgelesenen Trauben werden leicht gepresst. Danach erfolgt im Oktober eine 10-12 Tage dauernde temperaturkontrollierte erste Verg\u00e4rung (24-25\u00b0C.). Dann ruht der Wein f\u00fcr 3 Monate in thermoklimatisierten Edelstahlbeh\u00e4ltern. Im Februar\/M\u00e4rz wird der bereits einmal vergorene Most ein zweites Mal vergoren. Dieses Mal wird der Trester des Amarone zugegeben. Die Besonderheit dieses Weines ist die Zugabe erlesener getrockneter Trauben w\u00e4hrend der 2. G\u00e4rung. Dies verleiht dem DECUS Ripasso seinen einzigartigen Charakter. Der Wein reift danach f\u00fcr etwa ein Jahr in Eichenholzf\u00e4ssern und f\u00fcr mindestens 6 Monate in der Flasche.<\/p>\n<p style=\"text-align: left;\"><strong>Beschreibung<\/strong>: Trockener, dunkler und k\u00f6rperreicher Rotwein.<\/p>\n<p style=\"text-align: left;\"><strong>Farbe<\/strong>: Kr\u00e4ftiges rubinrot mit granatroten Nuancen.<\/p>\n<p style=\"text-align: left;\"><strong>Duft<\/strong>Intensive Fruchtnoten von dunklen Beeren, Kaffee- und Schokoladennoten sowie Nelken und Vanille mit einem Hauch von edlen Holznoten, in denen der Wein gelagert hat.<\/p>\n<p style=\"text-align: left;\"><strong>Geschmack<\/strong>: Trocken, s\u00fcffig, voller Geschmack, vollmundig und samtig.<\/p>\n<p style=\"text-align: left;\"><strong>Trinktemperatur<\/strong>: 18-19\u00b0C.<\/p>\n<p style=\"text-align: left;\"><strong>Lagerung<\/strong>: Er kann 8-10 Jahren nach der Weinlese lagern und in einem trockenen, dunklen und gut gel\u00fcfteten Raum lagern.<\/p>\n<p style=\"text-align: left;\"><strong>Serviervorschlag<\/strong>: Der Wein eignet sich besonders zu Braten, gegrilltem Fleisch, Wild, Schmorgerichten und reifen K\u00e4sesorten.<\/p>","protected":false},"featured_media":996599,"template":"","meta":{"_mo_disable_npp":""},"product_brand":[],"product_cat":[50],"product_tag":[],"class_list":{"0":"post-988016","1":"product","2":"type-product","3":"status-publish","4":"has-post-thumbnail","6":"product_cat-vini-rossi","8":"first","9":"instock","10":"shipping-taxable","11":"product-type-simple"},"_links":{"self":[{"href":"https:\/\/www.lenotti.com\/de\/wp-json\/wp\/v2\/product\/988016","targetHints":{"allow":["GET"]}}],"collection":[{"href":"https:\/\/www.lenotti.com\/de\/wp-json\/wp\/v2\/product"}],"about":[{"href":"https:\/\/www.lenotti.com\/de\/wp-json\/wp\/v2\/types\/product"}],"version-history":[{"count":48,"href":"https:\/\/www.lenotti.com\/de\/wp-json\/wp\/v2\/product\/988016\/revisions"}],"predecessor-version":[{"id":1001953,"href":"https:\/\/www.lenotti.com\/de\/wp-json\/wp\/v2\/product\/988016\/revisions\/1001953"}],"wp:featuredmedia":[{"embeddable":true,"href":"https:\/\/www.lenotti.com\/de\/wp-json\/wp\/v2\/media\/996599"}],"wp:attachment":[{"href":"https:\/\/www.lenotti.com\/de\/wp-json\/wp\/v2\/media?parent=988016"}],"wp:term":[{"taxonomy":"product_brand","embeddable":true,"href":"https:\/\/www.lenotti.com\/de\/wp-json\/wp\/v2\/product_brand?post=988016"},{"taxonomy":"product_cat","embeddable":true,"href":"https:\/\/www.lenotti.com\/de\/wp-json\/wp\/v2\/product_cat?post=988016"},{"taxonomy":"product_tag","embeddable":true,"href":"https:\/\/www.lenotti.com\/de\/wp-json\/wp\/v2\/product_tag?post=988016"}],"curies":[{"name":"wp","href":"https:\/\/api.w.org\/{rel}","templated":true}]}}