{"id":988010,"date":"2021-04-29T15:57:18","date_gmt":"2021-04-29T13:57:18","guid":{"rendered":"http:\/\/lenotti.com\/product\/le-olle-bardolino-superiore-docg-classico-copy\/"},"modified":"2024-11-05T08:59:29","modified_gmt":"2024-11-05T07:59:29","slug":"le-crosare-collezione-valpolicella-ripasso-doc-classico-superiore","status":"publish","type":"product","link":"https:\/\/www.lenotti.com\/de\/product\/le-crosare-collezione-valpolicella-ripasso-doc-classico-superiore\/","title":{"rendered":"&#8220;Le Crosare&#8221; Collezione Valpolicella Ripasso DOC Classico Superiore"},"content":{"rendered":"<div data-elementor-type=\"product-post\" data-elementor-id=\"988010\" class=\"elementor elementor-988010\" data-elementor-post-type=\"product\">\n\t\t\t\t\t\t\t\t\t<section class=\"elementor-section elementor-top-section elementor-element elementor-element-4a724e9 elementor-section-boxed elementor-section-height-default elementor-section-height-default\" data-id=\"4a724e9\" data-element_type=\"section\">\n\t\t\t\t\t\t<div class=\"elementor-container elementor-column-gap-default\">\n\t\t\t\t\t<div class=\"elementor-column elementor-col-100 elementor-top-column elementor-element elementor-element-47444e8\" data-id=\"47444e8\" data-element_type=\"column\">\n\t\t\t<div class=\"elementor-widget-wrap elementor-element-populated\">\n\t\t\t\t\t\t\t\t<div class=\"elementor-element elementor-element-0579546 elementor-widget elementor-widget-toggle\" data-id=\"0579546\" data-element_type=\"widget\" data-widget_type=\"toggle.default\">\n\t\t\t\t<div class=\"elementor-widget-container\">\n\t\t\t\t\t<div class=\"elementor-toggle\">\n\t\t\t\t\t\t\t<div class=\"elementor-toggle-item\">\n\t\t\t\t\t<div id=\"elementor-tab-title-5731\" class=\"elementor-tab-title\" data-tab=\"1\" role=\"button\" aria-controls=\"elementor-tab-content-5731\" aria-expanded=\"false\">\n\t\t\t\t\t\t\t\t\t\t\t\t<span class=\"elementor-toggle-icon elementor-toggle-icon-left\" aria-hidden=\"true\">\n\t\t\t\t\t\t\t\t\t\t\t\t\t\t\t<span class=\"elementor-toggle-icon-closed\"><i class=\"fas fa-caret-right\"><\/i><\/span>\n\t\t\t\t\t\t\t\t<span class=\"elementor-toggle-icon-opened\"><i class=\"elementor-toggle-icon-opened fas fa-caret-up\"><\/i><\/span>\n\t\t\t\t\t\t\t\t\t\t\t\t\t<\/span>\n\t\t\t\t\t\t\t\t\t\t\t\t<a class=\"elementor-toggle-title\" tabindex=\"0\">TECHNISCHE DATEN<\/a>\n\t\t\t\t\t<\/div>\n\n\t\t\t\t\t<div id=\"elementor-tab-content-5731\" class=\"elementor-tab-content elementor-clearfix\" data-tab=\"1\" role=\"region\" aria-labelledby=\"elementor-tab-title-5731\"><table border=\"0\" width=\"100%\"><tbody><tr><td>Gesamts\u00e4ure:<\/td><td>5.50 g\/l<\/td><\/tr><tr><td>Zucker:<\/td><td>9.00 g\/l<\/td><\/tr><tr><td>Gesamt-SO2:<\/td><td>110 mg\/l<\/td><\/tr><tr><td>Freies SO2:<\/td><td>28 mg\/l<\/td><\/tr><tr><td>Netto-Trockenextrakt:<\/td><td>29.0 g\/l<\/td><\/tr><tr><td>Fl\u00fcchtige\/Volatile S\u00e4ure:<\/td><td>0.46 g\/l<\/td><\/tr><\/tbody><\/table><\/div>\n\t\t\t\t<\/div>\n\t\t\t\t\t\t\t<div class=\"elementor-toggle-item\">\n\t\t\t\t\t<div id=\"elementor-tab-title-5732\" class=\"elementor-tab-title\" data-tab=\"2\" role=\"button\" aria-controls=\"elementor-tab-content-5732\" aria-expanded=\"false\">\n\t\t\t\t\t\t\t\t\t\t\t\t<span class=\"elementor-toggle-icon elementor-toggle-icon-left\" aria-hidden=\"true\">\n\t\t\t\t\t\t\t\t\t\t\t\t\t\t\t<span class=\"elementor-toggle-icon-closed\"><i class=\"fas fa-caret-right\"><\/i><\/span>\n\t\t\t\t\t\t\t\t<span class=\"elementor-toggle-icon-opened\"><i class=\"elementor-toggle-icon-opened fas fa-caret-up\"><\/i><\/span>\n\t\t\t\t\t\t\t\t\t\t\t\t\t<\/span>\n\t\t\t\t\t\t\t\t\t\t\t\t<a class=\"elementor-toggle-title\" tabindex=\"0\">AUSZEICHNUNGEN UND ANERKENNUNGEN<\/a>\n\t\t\t\t\t<\/div>\n\n\t\t\t\t\t<div id=\"elementor-tab-content-5732\" class=\"elementor-tab-content elementor-clearfix\" data-tab=\"2\" role=\"region\" aria-labelledby=\"elementor-tab-title-5732\"><div class=\"vc_tta-panel-body\"><div class=\"vc_row wpb_row vc_inner vc_row-fluid\"><div class=\"wpb_column vc_column_container vc_col-sm-12\"><div class=\"vc_column-inner\"><div class=\"wpb_wrapper\"><div class=\"wpb_text_column wpb_content_element vc_custom_1607597208937\"><div class=\"wpb_wrapper\"><table style=\"border-collapse: collapse; width: 101.302%; height: 80px;\"><tbody><tr style=\"height: 40px;\"><td style=\"width: 25.5208%; text-align: center; height: 40px;\">JAHRGANG<\/td><td style=\"width: 75.5302%; text-align: center; height: 40px;\">AUSZEICHNUNG<\/td><\/tr><tr><td style=\"width: 25.5208%; text-align: center;\">2021<\/td><td style=\"width: 75.5302%;\"><a class=\"fbx-link\" href=\"https:\/\/www.lenotti.com\/wp-content\/uploads\/2024\/10\/Luca-Maroni-2025_01-scaled.jpg\" target=\"_blank\" rel=\"noopener noreferrer\">92\/100 <strong>&#8220;LUCA MARONI 2025&#8221;<\/strong><\/a><\/td><\/tr><tr><td style=\"width: 25.5208%; text-align: center;\">2020<\/td><td style=\"width: 75.5302%;\">94\/100 <a href=\"https:\/\/www.lenotti.com\/wp-content\/uploads\/2022\/10\/LUCA-MARONI-2023.pdf\" target=\"_blank\" rel=\"noopener\"><strong>&#8220;LUCA MARONI 2024&#8221;<\/strong><\/a><\/td><\/tr><tr><td style=\"width: 25.5208%; text-align: center;\">2020<\/td><td style=\"width: 75.5302%;\">4\u00a0 STELLE <a href=\"https:\/\/www.lenotti.com\/wp-content\/uploads\/2023\/10\/AMARONE-2018-BARDOLINO-GIARE-2021-CHIARETTO-DECUS-2022-RIPASSO-DECUS-2019-LE-CROSARE-2020-VIONIBUONI-2024.png\" target=\"_blank\" rel=\"noopener\"><strong>&#8220;VINIBUONI D&#8217;ITALIA 2024&#8221;<\/strong><\/a><\/td><\/tr><tr style=\"height: 40px;\"><td style=\"width: 25.5208%; text-align: center; height: 40px;\">2019<\/td><td style=\"width: 75.5302%; height: 40px;\"><a href=\"https:\/\/www.lenotti.com\/wp-content\/uploads\/2022\/10\/LUCA-MARONI-2023.pdf\">92\/100 <strong>&#8220;LUCA MARONI 2023&#8221;<\/strong><\/a><\/td><\/tr><tr><td style=\"width: 25.5208%; text-align: center;\">2018<\/td><td style=\"width: 75.5302%;\"><a href=\"https:\/\/www.lenotti.com\/wp-content\/uploads\/2021\/12\/LUCA-MARONI-2022.pdf\" target=\"_blank\" rel=\"noopener\">94\/100 <strong>&#8220;LUCA MARONI 2022&#8221;<\/strong><\/a><\/td><\/tr><tr><td style=\"width: 25.5208%; text-align: center;\">2017<\/td><td style=\"width: 75.5302%;\"><a href=\"https:\/\/www.lenotti.com\/wp-content\/uploads\/2021\/06\/LUCA-MARONI-2021-3.pdf\" target=\"_blank\" rel=\"noopener\">90\/100 <strong>\u201cLUCA MARONI 2021\u201d<\/strong><\/a><\/td><\/tr><tr><td style=\"width: 25.5208%; text-align: center;\">2017<\/td><td style=\"width: 75.5302%;\">4 STERNE <a href=\"https:\/\/www.lenotti.com\/wp-content\/uploads\/2021\/06\/CAPOCOLLE-19-AMARONE-15-LUGANA-DECUS-19-CROSARE-17-SOAVE-19-VINIBUONI-DITALIA-2021.png\" target=\"_blank\" rel=\"noopener\"><strong>\u201cVINIBUONI D\u2019ITALIA 2021\u201d<\/strong><\/a><\/td><\/tr><tr><td style=\"width: 25.5208%; text-align: center;\">2016<\/td><td style=\"width: 75.5302%;\">4 STERNE <strong><a href=\"https:\/\/www.lenotti.com\/wp-content\/uploads\/2021\/06\/VINIBUONI_01-FILEminimizer-2.jpg\">\u201cVINIBUONI D\u2019ITALIA 2020\u201d<\/a><\/strong><\/td><\/tr><tr><td style=\"width: 25.5208%; text-align: center;\">2016<\/td><td style=\"width: 75.5302%;\"><a href=\"https:\/\/www.lenotti.com\/wp-content\/uploads\/2021\/06\/punteggi-luca-maroni-2.pdf\">90\/100 <strong>\u201cLUCA MARONI 2020\u201d<\/strong><\/a><\/td><\/tr><tr><td style=\"width: 25.5208%; text-align: center;\">2014<\/td><td style=\"width: 75.5302%;\">3 KOKARDEN <a class=\"foobox fbx-link fbx-instance\" href=\"https:\/\/www.lenotti.com\/wp-content\/uploads\/2021\/06\/541logo-scaled.jpg\" target=\"_blank\" rel=\"noopener noreferrer\"><strong>\u201cVINETIA 2018\u201d<\/strong><\/a><\/td><\/tr><tr><td style=\"width: 25.5208%; text-align: center;\">2014<\/td><td style=\"width: 75.5302%;\"><a class=\"foobox fbx-link\" href=\"https:\/\/www.lenotti.com\/wp-content\/uploads\/2021\/06\/541logo-scaled.jpg\" target=\"_blank\" rel=\"noopener noreferrer\">88\/100 <strong>\u201cPROSIT-ONAV 2018\u201d<\/strong><\/a><\/td><\/tr><tr><td style=\"width: 25.5208%; text-align: center;\">2013<\/td><td style=\"width: 75.5302%;\">DIPLOM <strong><a class=\"foobox\" href=\"https:\/\/www.lenotti.com\/wp-content\/uploads\/2021\/06\/lc-2013-verona-wine-top-2016.pdf\" target=\"_blank\" rel=\"noopener noreferrer\">\u201cVERONA WINE TOP 2016\u201d<\/a><\/strong><\/td><\/tr><tr><td style=\"width: 25.5208%; text-align: center;\">2009<\/td><td style=\"width: 75.5302%;\">2 FLASCHEN <a class=\"fbx-link\" href=\"https:\/\/www.lenotti.com\/wp-content\/uploads\/2021\/06\/lc-2009-2-bottiglie-espresso-2013.jpg\" target=\"_blank\" rel=\"noopener noreferrer\"><strong>&#8220;ESPRESSO 2013&#8221;<\/strong><\/a><\/td><\/tr><tr><td style=\"width: 25.5208%; text-align: center;\">2009<\/td><td style=\"width: 75.5302%;\">4 TRAUBEN <a class=\"fbx-link\" href=\"https:\/\/lenotti.com\/wp-content\/uploads\/2017\/09\/lc-2009-4-grappoli-duemilavini-2013.jpg\" target=\"_blank\" rel=\"noopener noreferrer\"><strong>&#8220;DUEMILAVINI AIS 2013&#8221;<\/strong><\/a><\/td><\/tr><tr><td style=\"width: 25.5208%; text-align: center;\">2009<\/td><td style=\"width: 75.5302%;\">1 GLAS <a class=\"fbx-link\" href=\"https:\/\/www.lenotti.com\/wp-content\/uploads\/2021\/06\/lc-2009-1-bicchiere-gambero-rosso-2013.jpg\" target=\"_blank\" rel=\"noopener noreferrer\"><strong>&#8220;GAMBERO ROSSO 2013&#8221;<\/strong><\/a><\/td><\/tr><tr><td style=\"width: 25.5208%; text-align: center;\">2008<\/td><td style=\"width: 75.5302%;\"><a class=\"fbx-link\" href=\"https:\/\/www.lenotti.com\/wp-content\/uploads\/2021\/06\/lc-2008-luca-maroni-2012.jpg\" target=\"_blank\" rel=\"noopener noreferrer\">86\/100 <strong>&#8220;LUCA MARONI 2012&#8221;<\/strong><\/a><\/td><\/tr><tr><td style=\"width: 25.5208%; text-align: center;\">2008<\/td><td style=\"width: 75.5302%;\">3 TRAUBEN<strong><a class=\"fbx-link\" href=\"https:\/\/www.lenotti.com\/wp-content\/uploads\/2021\/06\/lc-2008-3-grappoli-duemilavini-2012.jpg\" target=\"_blank\" rel=\"noopener noreferrer\"> &#8220;DUEMILAVINI AIS 2012<\/a>&#8220;<\/strong><\/td><\/tr><tr><td style=\"width: 25.5208%; text-align: center;\">2008<\/td><td style=\"width: 75.5302%;\"><a class=\"fbx-link\" href=\"https:\/\/www.lenotti.com\/wp-content\/uploads\/2021\/06\/lc-2008-veronelli-2012.jpg\" target=\"_blank\" rel=\"noopener noreferrer\">86\/100 <strong>&#8220;VERONELLI 2012<\/strong><\/a><strong>&#8220;<\/strong><\/td><\/tr><tr><td style=\"width: 25.5208%; text-align: center;\">2008<\/td><td style=\"width: 75.5302%;\">2 FLASCHEN <a class=\"fbx-link\" href=\"https:\/\/www.lenotti.com\/wp-content\/uploads\/2021\/06\/lc-2008-2-bottiglie-espresso-2012.jpg\" target=\"_blank\" rel=\"noopener noreferrer\"><strong>&#8220;ESPRESSO 2012<\/strong><\/a><strong>&#8220;<\/strong><\/td><\/tr><tr><td style=\"width: 25.5208%; text-align: center;\">2008<\/td><td style=\"width: 75.5302%;\">2 GL\u00c4SER <strong><a class=\"fbx-link\" href=\"https:\/\/www.lenotti.com\/wp-content\/uploads\/2021\/06\/lc-2008-2-bicchieri-gambero-rosso-2012.jpg\" target=\"_blank\" rel=\"noopener noreferrer\">&#8220;GAMBERO ROSSO 2012&#8221;<\/a><\/strong><\/td><\/tr><tr><td style=\"width: 25.5208%; text-align: center;\">2007<\/td><td style=\"width: 75.5302%;\"><a class=\"fbx-link\" href=\"https:\/\/www.lenotti.com\/wp-content\/uploads\/2021\/06\/lc-2007-veronelli-2011.jpg\" target=\"_blank\" rel=\"noopener noreferrer\">88\/100 <strong>&#8220;VERONELLI 2011&#8221;<\/strong><\/a><\/td><\/tr><tr><td style=\"width: 25.5208%; text-align: center;\">2007<\/td><td style=\"width: 75.5302%;\">3 TRAUBEN <a class=\"fbx-link\" href=\"https:\/\/www.lenotti.com\/wp-content\/uploads\/2021\/06\/lc-2007-3-grappoli-duemilavini-2011.jpg\" target=\"_blank\" rel=\"noopener noreferrer\"><strong>&#8220;DUEMILAVINI AIS 2011&#8221;<\/strong><\/a><\/td><\/tr><tr><td style=\"width: 25.5208%; text-align: center;\">2007<\/td><td style=\"width: 75.5302%;\">2 GL\u00c4SER <a class=\"fbx-link\" href=\"https:\/\/www.lenotti.com\/wp-content\/uploads\/2021\/06\/lc-2007-2-bicchieri-gambero-rosso-2011.jpg\" target=\"_blank\" rel=\"noopener noreferrer\"><strong>&#8220;GAMBERO ROSSO 2011&#8221;<\/strong><\/a><\/td><\/tr><tr><td style=\"width: 25.5208%; text-align: center;\">2006<\/td><td style=\"width: 75.5302%;\">3 TRAUBEN <a class=\"fbx-link\" href=\"https:\/\/www.lenotti.com\/wp-content\/uploads\/2021\/06\/lc-2006-3-grappoli-duemilavini-2010.jpg\" target=\"_blank\" rel=\"noopener noreferrer\"><strong>&#8220;DUEMILAVINI AIS 2010&#8221;<\/strong><\/a><\/td><\/tr><tr><td style=\"width: 25.5208%; text-align: center;\">2005<\/td><td style=\"width: 75.5302%;\">2 STERNE <a href=\"https:\/\/www.lenotti.com\/it\/prodotto\/le-crosare-selezione-valpolicella-ripasso-doc-classico-superiore\/#\"><strong>&#8220;VERONELLI 2010<\/strong><\/a><strong>&#8220;<\/strong><\/td><\/tr><tr><td style=\"width: 25.5208%; text-align: center;\">2006<\/td><td style=\"width: 75.5302%;\">SILBERMEDAILLE <a class=\"fbx-link\" href=\"https:\/\/www.lenotti.com\/wp-content\/uploads\/2021\/06\/lc-2005-2-stelle-veronelli-2010.jpg\" target=\"_blank\" rel=\"noopener noreferrer\"><strong>\u201cMUNDUS VINI 2009\u201d<\/strong><\/a><\/td><\/tr><tr><td style=\"width: 25.5208%; text-align: center;\">2005<\/td><td style=\"width: 75.5302%;\">SILBERMEDAILLE <a class=\"fbx-link\" href=\"https:\/\/www.lenotti.com\/wp-content\/uploads\/2021\/06\/lc-2005-medaglia-argento-mundus-germania-2008.jpg\" target=\"_blank\" rel=\"noopener noreferrer\"><strong>\u201cMUNDUS VINI 2008\u201d\u00a0<\/strong><\/a><\/td><\/tr><tr><td style=\"width: 25.5208%; text-align: center;\">2005<\/td><td style=\"width: 75.5302%;\">DIPLOM <strong><a class=\"fbx-link\" href=\"https:\/\/www.lenotti.com\/wp-content\/uploads\/2021\/06\/lc-2005-verona-top-wine-2008.jpg\" target=\"_blank\" rel=\"noopener noreferrer\">\u201cVERONA WINE TOP 2008\u201d<\/a><\/strong><\/td><\/tr><tr><td style=\"width: 25.5208%; text-align: center;\">2004<\/td><td style=\"width: 75.5302%;\">1 STERN <a class=\"fbx-link\" href=\"https:\/\/www.lenotti.com\/wp-content\/uploads\/2021\/06\/lc-2004-1-stella-vini-buoni-2007.jpg\" target=\"_blank\" rel=\"noopener noreferrer\"><strong>&#8220;VINI BUONI D\u2019ITALIA 2007&#8221;<\/strong><\/a><\/td><\/tr><tr><td style=\"width: 25.5208%; text-align: center;\">2003<\/td><td style=\"width: 75.5302%;\">4 TRAUBEN <strong><a class=\"fbx-link\" href=\"https:\/\/www.lenotti.com\/wp-content\/uploads\/2021\/06\/lc-2003-4-grappoli-duemilavini-2007.jpg\" target=\"_blank\" rel=\"noopener noreferrer\">&#8220;DUEMILAVINI AIS 2007&#8221;<\/a><\/strong><\/td><\/tr><tr><td style=\"width: 25.5208%; text-align: center;\">2003<\/td><td style=\"width: 75.5302%;\"><a class=\"fbx-link\" href=\"https:\/\/www.lenotti.com\/wp-content\/uploads\/2021\/06\/lc-2003-3-stelle-decanter.jpg\" target=\"_blank\" rel=\"noopener noreferrer\">3 STERNE <strong>&#8220;DECANTER&#8221;<\/strong><\/a><\/td><\/tr><tr><td style=\"width: 25.5208%; text-align: center;\">2001<\/td><td style=\"width: 75.5302%;\">1 STERN <strong><a class=\"fbx-link\" href=\"https:\/\/www.lenotti.com\/wp-content\/uploads\/2021\/06\/lc-2001-1-stella-veronelli-2005.jpg\" target=\"_blank\" rel=\"noopener noreferrer\">&#8220;VERONELLI 2005&#8221;<\/a><\/strong><\/td><\/tr><tr><td style=\"width: 25.5208%; text-align: center;\">2001<\/td><td style=\"width: 75.5302%;\"><a class=\"fbx-link\" href=\"https:\/\/www.lenotti.com\/wp-content\/uploads\/2021\/06\/lc-2001-luca-maroni-2005.jpg\" target=\"_blank\" rel=\"noopener noreferrer\">73\/100 <strong>&#8220;LUCA MARONI 2005&#8221;<\/strong><\/a><\/td><\/tr><tr><td style=\"width: 25.5208%; text-align: center;\">2001<\/td><td style=\"width: 75.5302%;\"><a class=\"fbx-link\" href=\"https:\/\/www.lenotti.com\/wp-content\/uploads\/2021\/06\/lc-2001-veronelli-2004.jpg\" target=\"_blank\" rel=\"noopener noreferrer\">85\/100 <strong>&#8220;VERONELLI 2004&#8221;<\/strong><\/a><\/td><\/tr><tr><td style=\"width: 25.5208%; text-align: center;\">2001<\/td><td style=\"width: 75.5302%;\">2 FLASCHEN <a class=\"fbx-link\" href=\"https:\/\/www.lenotti.com\/wp-content\/uploads\/2021\/06\/lc-2001-2-bottiglie-espresso-2004.jpg\" target=\"_blank\" rel=\"noopener noreferrer\"><strong>&#8220;ESPRESSO 2004&#8221;<\/strong><\/a><\/td><\/tr><tr><td style=\"width: 25.5208%; text-align: center;\">2001<\/td><td style=\"width: 75.5302%;\">GOLDMEDAILLE BEIM<strong><a class=\"fbx-link\" href=\"https:\/\/www.lenotti.com\/wp-content\/uploads\/2021\/06\/lc-2001-zurigo-2003.jpg\" target=\"_blank\" rel=\"noopener noreferrer\"> \u201cCONCORSO INTERNAZIONALE DEI VINI 2003 ZURIGO<\/a>&#8220;<\/strong><\/td><\/tr><tr><td style=\"width: 25.5208%; text-align: center;\">2000<\/td><td style=\"width: 75.5302%;\">1 GLAS<strong><a class=\"fbx-link\" href=\"https:\/\/www.lenotti.com\/wp-content\/uploads\/2021\/06\/lc-2000-1-bicchiere-gambero-rosso-2003.jpg\" target=\"_blank\" rel=\"noopener noreferrer\"> &#8220;GAMBERO ROSSO 2003&#8221;<\/a><\/strong><\/td><\/tr><tr><td style=\"width: 25.5208%; text-align: center;\">2000<\/td><td style=\"width: 75.5302%;\"><a class=\"fbx-link\" href=\"https:\/\/www.lenotti.com\/wp-content\/uploads\/2021\/06\/lc-2000-veronelli-2003.jpg\" target=\"_blank\" rel=\"noopener noreferrer\">84\/100 <strong>&#8220;VERONELLI 2003<\/strong><\/a><strong>&#8220;<\/strong><\/td><\/tr><tr><td style=\"width: 25.5208%; text-align: center;\">1999<\/td><td style=\"width: 75.5302%;\">GOLDMEDAILLE BEIM <a class=\"fbx-link\" href=\"https:\/\/www.lenotti.com\/wp-content\/uploads\/2021\/06\/lc-1999-medaglia-roro-valpolicella-2001.jpg\" target=\"_blank\" rel=\"noopener noreferrer\"><strong>\u201c4\u00b0 CONCORSO VINI CLASSICI DELLA VALPOLICELLA 2001\u201d<\/strong><\/a><\/td><\/tr><tr><td style=\"width: 25.5208%; text-align: center;\">1998<\/td><td style=\"width: 75.5302%;\">1 GLAS <a class=\"fbx-link\" href=\"https:\/\/www.lenotti.com\/wp-content\/uploads\/2021\/06\/lc-1998-1-bicchiere-gmbero-rosso-2002.jpg\" target=\"_blank\" rel=\"noopener noreferrer\"><strong>&#8220;GAMBERO ROSSO 2002&#8221;<\/strong><\/a><\/td><\/tr><tr><td style=\"width: 25.5208%; text-align: center;\">1998<\/td><td style=\"width: 75.5302%;\">1 GRAPPOLO<strong><a class=\"fbx-link\" href=\"https:\/\/www.lenotti.com\/wp-content\/uploads\/2021\/06\/lc-1998-1-grappolo-duemilavini-2002.jpg\" target=\"_blank\" rel=\"noopener noreferrer\"> &#8220;DUEMILAVINI AIS 2002&#8221;<\/a><\/strong><\/td><\/tr><tr><td style=\"width: 25.5208%; text-align: center;\">1998<\/td><td style=\"width: 75.5302%;\">1 STERN <a class=\"fbx-link\" href=\"https:\/\/www.lenotti.com\/wp-content\/uploads\/2021\/06\/lc-1998-medaglia-oro-valpolicella-2000-scaled.jpg\" target=\"_blank\" rel=\"noopener noreferrer\"><strong>&#8220;VERONELLI 2002&#8221;<\/strong><\/a><\/td><\/tr><tr><td style=\"width: 25.5208%; text-align: center;\">1998<\/td><td style=\"width: 75.5302%;\">GOLDMEDAILLE BEIM<strong><a class=\"fbx-link\" href=\"https:\/\/www.lenotti.com\/wp-content\/uploads\/2021\/06\/98-valpolicella-2000.jpg\" target=\"_blank\" rel=\"noopener noreferrer\"> \u201c3\u00b0CONCORSO VINI CLASSICI DELLA VALPOLICELLA 2000\u201d<\/a><\/strong><\/td><\/tr><tr><td style=\"width: 25.5208%; text-align: center;\">1997<\/td><td style=\"width: 75.5302%;\">MEDAGLIA D\u2019ARGENTO AL <a class=\"fbx-link\" href=\"https:\/\/www.lenotti.com\/wp-content\/uploads\/2021\/06\/lc-1997-medaglia-argento-zurigo-2000.jpg\" target=\"_blank\" rel=\"noopener noreferrer\"><strong>\u201cCONCORSO INTERNAZIONALE DEI VINI 2000 ZURIGO&#8221;\u00a0<\/strong><\/a><\/td><\/tr><\/tbody><\/table><\/div><\/div><\/div><\/div><\/div><\/div><\/div><\/div>\n\t\t\t\t<\/div>\n\t\t\t\t\t\t\t\t<\/div>\n\t\t\t\t<\/div>\n\t\t\t\t<\/div>\n\t\t\t\t<div class=\"elementor-element elementor-element-c58a31b elementor-widget elementor-widget-button\" data-id=\"c58a31b\" data-element_type=\"widget\" data-widget_type=\"button.default\">\n\t\t\t\t<div class=\"elementor-widget-container\">\n\t\t\t\t\t<div class=\"elementor-button-wrapper\">\n\t\t\t<a class=\"elementor-button elementor-button-link elementor-size-md\" href=\"https:\/\/www.lenotti.com\/wp-content\/uploads\/2024\/03\/DEU-Le-Crosare-Technical-sheet.pdf\" target=\"_blank\">\n\t\t\t\t\t\t<span class=\"elementor-button-content-wrapper\">\n\t\t\t\t\t\t<span class=\"elementor-button-icon elementor-align-icon-left\">\n\t\t\t\t<i aria-hidden=\"true\" class=\"fas fa-file-pdf\"><\/i>\t\t\t<\/span>\n\t\t\t\t\t\t<span class=\"elementor-button-text\">PDF FILE<\/span>\n\t\t<\/span>\n\t\t\t\t\t<\/a>\n\t\t<\/div>\n\t\t\t\t<\/div>\n\t\t\t\t<\/div>\n\t\t\t\t\t<\/div>\n\t\t<\/div>\n\t\t\t\t\t\t\t<\/div>\n\t\t<\/section>\n\t\t\t\t<section class=\"elementor-section elementor-top-section elementor-element elementor-element-57ceb82 elementor-section-boxed elementor-section-height-default elementor-section-height-default\" data-id=\"57ceb82\" data-element_type=\"section\">\n\t\t\t\t\t\t<div class=\"elementor-container elementor-column-gap-default\">\n\t\t\t\t\t<div class=\"elementor-column elementor-col-100 elementor-top-column elementor-element elementor-element-16df5a7\" data-id=\"16df5a7\" data-element_type=\"column\">\n\t\t\t<div class=\"elementor-widget-wrap elementor-element-populated\">\n\t\t\t\t\t\t\t\t<div class=\"elementor-element elementor-element-e105e44 elementor-widget elementor-widget-spacer\" data-id=\"e105e44\" data-element_type=\"widget\" data-widget_type=\"spacer.default\">\n\t\t\t\t<div class=\"elementor-widget-container\">\n\t\t\t\t\t<div class=\"elementor-spacer\">\n\t\t\t<div class=\"elementor-spacer-inner\"><\/div>\n\t\t<\/div>\n\t\t\t\t<\/div>\n\t\t\t\t<\/div>\n\t\t\t\t<div class=\"elementor-element elementor-element-7532aac elementor-widget elementor-widget-video\" data-id=\"7532aac\" data-element_type=\"widget\" data-settings=\"{&quot;youtube_url&quot;:&quot;https:\\\/\\\/youtu.be\\\/JENG_5BuEJM&quot;,&quot;video_type&quot;:&quot;youtube&quot;,&quot;controls&quot;:&quot;yes&quot;}\" data-widget_type=\"video.default\">\n\t\t\t\t<div class=\"elementor-widget-container\">\n\t\t\t\t\t<div class=\"elementor-wrapper elementor-open-inline\">\n\t\t\t<div class=\"elementor-video\"><\/div>\t\t<\/div>\n\t\t\t\t<\/div>\n\t\t\t\t<\/div>\n\t\t\t\t\t<\/div>\n\t\t<\/div>\n\t\t\t\t\t\t\t<\/div>\n\t\t<\/section>\n\t\t<div class=\"elementor-element elementor-element-6d33062 e-flex e-con-boxed e-con\" data-id=\"6d33062\" data-element_type=\"container\" data-settings=\"{&quot;content_width&quot;:&quot;boxed&quot;}\">\n\t\t\t\t\t<div class=\"e-con-inner\">\n\t\t<div class=\"elementor-element elementor-element-99ec455 e-flex e-con-boxed e-con\" data-id=\"99ec455\" data-element_type=\"container\" data-settings=\"{&quot;content_width&quot;:&quot;boxed&quot;}\">\n\t\t\t\t\t<div class=\"e-con-inner\">\n\t\t\t\t<div class=\"elementor-element elementor-element-c76b060 elementor-widget elementor-widget-spacer\" data-id=\"c76b060\" data-element_type=\"widget\" data-widget_type=\"spacer.default\">\n\t\t\t\t<div class=\"elementor-widget-container\">\n\t\t\t\t\t<div class=\"elementor-spacer\">\n\t\t\t<div class=\"elementor-spacer-inner\"><\/div>\n\t\t<\/div>\n\t\t\t\t<\/div>\n\t\t\t\t<\/div>\n\t\t\t\t<div class=\"elementor-element elementor-element-ccd23f2 elementor-align-center elementor-widget elementor-widget-button\" data-id=\"ccd23f2\" data-element_type=\"widget\" data-widget_type=\"button.default\">\n\t\t\t\t<div class=\"elementor-widget-container\">\n\t\t\t\t\t<div class=\"elementor-button-wrapper\">\n\t\t\t<a class=\"elementor-button elementor-button-link elementor-size-xl\" href=\"https:\/\/shop.lenotti.com\/de\/\">\n\t\t\t\t\t\t<span class=\"elementor-button-content-wrapper\">\n\t\t\t\t\t\t<span class=\"elementor-button-text\">KAUFEN<\/span>\n\t\t<\/span>\n\t\t\t\t\t<\/a>\n\t\t<\/div>\n\t\t\t\t<\/div>\n\t\t\t\t<\/div>\n\t\t\t\t\t<\/div>\n\t\t\t\t<\/div>\n\t\t\t\t\t<\/div>\n\t\t\t\t<\/div>\n\t\t\t\t\t\t\t<\/div>","protected":false},"excerpt":{"rendered":"<p style=\"text-align: left;\"><strong>Alkohol<\/strong>: 14,5% vol.<\/p>\n<p style=\"text-align: left;\"><strong>Anbaugebiet<\/strong>: Region: Veneto. Klassisches Anbaugebiet in der Valpolicellazone n\u00f6rdlich von Verona. In den H\u00fcgeln der Gemeinden von Negrar, Valgatara und Fumane.<\/p>\n<p style=\"text-align: left;\"><strong>Weintrauben<\/strong>: Dieser Wein wird in limitierter Menge aus roten Trauben hergestellt: Corvina (70%), Rondinella (25%) und andere rote trauben (5%). Der Anbau erfolgt nach traditioneller Spalier- und Dachlaubenerziehung.<\/p>\n<p style=\"text-align: left;\"><strong>Boden<\/strong>: Calcareous and argillaceous grounds of glacial and alluvial origin.<\/p>\n<p style=\"text-align: left;\"><strong>Weinbereitungssystem<\/strong>: Die Trauben werden streng selektiert. Danach erfolgt im Oktober eine 8-10 Tage dauernde temperaturkontrollierte erste Verg\u00e4rung (24-25\u00b0C.). Anschlie\u00dfend ruht der Wein im Tank f\u00fcr 3 Monate in thermoklimatisierten Edelstahlbeh\u00e4ltern. Im Februar\/M\u00e4rz wird der Wein nach der \u201eRipasso\u201c-Methode ein zweites Mal vergoren. Dieses Mal wird der Trester des Amarone zugegeben. Es folgt ein einj\u00e4hriger Ausbau in Eichenholzf\u00e4ssern.<\/p>\n<p style=\"text-align: left;\"><strong>Beschreibung<\/strong>: Trockener, dunkler und k\u00f6rperreicher Rotwein, die Fasslagerung l\u00e4sst den Wein weicher wirken.<\/p>\n<p style=\"text-align: left;\"><strong>Farbe<\/strong>: Kr\u00e4ftiges rubinrot mit granatroten Nuancen.<\/p>\n<p style=\"text-align: left;\"><strong>Duft<\/strong>: F\u00fclliger und k\u00f6rperreicher Rotwein mit intensiven Fruchtnoten von dunklen Beeren, einem Hauch von Kaffee- und Schokoladennoten sowie die Aromen edler Gew\u00fcrze, wie Nelken und Vanille.<\/p>\n<p style=\"text-align: left;\"><strong>Geschmack<\/strong>: Sehr kraftvoll, geschmeidig und elegant.<\/p>\n<p style=\"text-align: left;\"><strong>Trinktemperatur<\/strong>: 18-19\u00b0C.<\/p>\n<p style=\"text-align: left;\"><strong>Lagerung<\/strong>: Er kann 7-8 Jahren nach der Weinlese lagern und sollte in einem trocken und dunklen Raum aufbewahrt werden.<\/p>\n<p style=\"text-align: left;\"><strong>Serviervorschlag<\/strong>: Der Wein eignet sich besonders zu Braten, gegrilltem Fleisch, Wild, Schmorgerichten und reifen K\u00e4sesorten.<\/p>","protected":false},"featured_media":992167,"template":"","meta":{"_mo_disable_npp":""},"product_brand":[],"product_cat":[50],"product_tag":[],"class_list":{"0":"post-988010","1":"product","2":"type-product","3":"status-publish","4":"has-post-thumbnail","6":"product_cat-vini-rossi","8":"first","9":"instock","10":"shipping-taxable","11":"product-type-simple"},"_links":{"self":[{"href":"https:\/\/www.lenotti.com\/de\/wp-json\/wp\/v2\/product\/988010","targetHints":{"allow":["GET"]}}],"collection":[{"href":"https:\/\/www.lenotti.com\/de\/wp-json\/wp\/v2\/product"}],"about":[{"href":"https:\/\/www.lenotti.com\/de\/wp-json\/wp\/v2\/types\/product"}],"version-history":[{"count":124,"href":"https:\/\/www.lenotti.com\/de\/wp-json\/wp\/v2\/product\/988010\/revisions"}],"predecessor-version":[{"id":1000035,"href":"https:\/\/www.lenotti.com\/de\/wp-json\/wp\/v2\/product\/988010\/revisions\/1000035"}],"wp:featuredmedia":[{"embeddable":true,"href":"https:\/\/www.lenotti.com\/de\/wp-json\/wp\/v2\/media\/992167"}],"wp:attachment":[{"href":"https:\/\/www.lenotti.com\/de\/wp-json\/wp\/v2\/media?parent=988010"}],"wp:term":[{"taxonomy":"product_brand","embeddable":true,"href":"https:\/\/www.lenotti.com\/de\/wp-json\/wp\/v2\/product_brand?post=988010"},{"taxonomy":"product_cat","embeddable":true,"href":"https:\/\/www.lenotti.com\/de\/wp-json\/wp\/v2\/product_cat?post=988010"},{"taxonomy":"product_tag","embeddable":true,"href":"https:\/\/www.lenotti.com\/de\/wp-json\/wp\/v2\/product_tag?post=988010"}],"curies":[{"name":"wp","href":"https:\/\/api.w.org\/{rel}","templated":true}]}}