{"id":988004,"date":"2021-04-29T15:54:53","date_gmt":"2021-04-29T13:54:53","guid":{"rendered":"http:\/\/lenotti.com\/product\/rosso-passo-collezione-in-botte-veneto-igt-rosso-copy\/"},"modified":"2024-04-23T17:07:20","modified_gmt":"2024-04-23T15:07:20","slug":"terre-di-pra-collezione-cabernet-sauvignon-veneto-igt","status":"publish","type":"product","link":"https:\/\/www.lenotti.com\/de\/product\/terre-di-pra-collezione-cabernet-sauvignon-veneto-igt\/","title":{"rendered":"\u201cTerre di Pr\u00e0\u201d Collezione Cabernet Sauvignon Veneto IGT"},"content":{"rendered":"<div data-elementor-type=\"product-post\" data-elementor-id=\"988004\" class=\"elementor elementor-988004\" data-elementor-post-type=\"product\">\n\t\t\t\t\t\t\t\t\t<section class=\"elementor-section elementor-top-section elementor-element elementor-element-4a724e9 elementor-section-boxed elementor-section-height-default elementor-section-height-default\" data-id=\"4a724e9\" data-element_type=\"section\">\n\t\t\t\t\t\t<div class=\"elementor-container elementor-column-gap-default\">\n\t\t\t\t\t<div class=\"elementor-column elementor-col-100 elementor-top-column elementor-element elementor-element-47444e8\" data-id=\"47444e8\" data-element_type=\"column\">\n\t\t\t<div class=\"elementor-widget-wrap elementor-element-populated\">\n\t\t\t\t\t\t\t\t<div class=\"elementor-element elementor-element-0579546 elementor-widget elementor-widget-toggle\" data-id=\"0579546\" data-element_type=\"widget\" data-widget_type=\"toggle.default\">\n\t\t\t\t<div class=\"elementor-widget-container\">\n\t\t\t\t\t<div class=\"elementor-toggle\">\n\t\t\t\t\t\t\t<div class=\"elementor-toggle-item\">\n\t\t\t\t\t<div id=\"elementor-tab-title-5731\" class=\"elementor-tab-title\" data-tab=\"1\" role=\"button\" aria-controls=\"elementor-tab-content-5731\" aria-expanded=\"false\">\n\t\t\t\t\t\t\t\t\t\t\t\t<span class=\"elementor-toggle-icon elementor-toggle-icon-left\" aria-hidden=\"true\">\n\t\t\t\t\t\t\t\t\t\t\t\t\t\t\t<span class=\"elementor-toggle-icon-closed\"><i class=\"fas fa-caret-right\"><\/i><\/span>\n\t\t\t\t\t\t\t\t<span class=\"elementor-toggle-icon-opened\"><i class=\"elementor-toggle-icon-opened fas fa-caret-up\"><\/i><\/span>\n\t\t\t\t\t\t\t\t\t\t\t\t\t<\/span>\n\t\t\t\t\t\t\t\t\t\t\t\t<a class=\"elementor-toggle-title\" tabindex=\"0\">TECHNISCHE DATEN<\/a>\n\t\t\t\t\t<\/div>\n\n\t\t\t\t\t<div id=\"elementor-tab-content-5731\" class=\"elementor-tab-content elementor-clearfix\" data-tab=\"1\" role=\"region\" aria-labelledby=\"elementor-tab-title-5731\"><table border=\"0\" width=\"100%\"><tbody><tr><td>Gesamts\u00e4ure:<\/td><td>5.25 g\/l<\/td><\/tr><tr><td>Zucker:<\/td><td>9.00 g\/l<\/td><\/tr><tr><td>Gesamt-SO2:<\/td><td>87 mg\/l<\/td><\/tr><tr><td>Freies SO2:<\/td><td>28 mg\/l<\/td><\/tr><tr><td>Netto-Trockenextrakt:<\/td><td>28.4 g\/l<\/td><\/tr><tr><td>Fl\u00fcchtige\/Volatile S\u00e4ure:<\/td><td>0.35 g\/l<\/td><\/tr><\/tbody><\/table><\/div>\n\t\t\t\t<\/div>\n\t\t\t\t\t\t\t<div class=\"elementor-toggle-item\">\n\t\t\t\t\t<div id=\"elementor-tab-title-5732\" class=\"elementor-tab-title\" data-tab=\"2\" role=\"button\" aria-controls=\"elementor-tab-content-5732\" aria-expanded=\"false\">\n\t\t\t\t\t\t\t\t\t\t\t\t<span class=\"elementor-toggle-icon elementor-toggle-icon-left\" aria-hidden=\"true\">\n\t\t\t\t\t\t\t\t\t\t\t\t\t\t\t<span class=\"elementor-toggle-icon-closed\"><i class=\"fas fa-caret-right\"><\/i><\/span>\n\t\t\t\t\t\t\t\t<span class=\"elementor-toggle-icon-opened\"><i class=\"elementor-toggle-icon-opened fas fa-caret-up\"><\/i><\/span>\n\t\t\t\t\t\t\t\t\t\t\t\t\t<\/span>\n\t\t\t\t\t\t\t\t\t\t\t\t<a class=\"elementor-toggle-title\" tabindex=\"0\">AUSZEICHNUNGEN UND ANERKENNUNGEN<\/a>\n\t\t\t\t\t<\/div>\n\n\t\t\t\t\t<div id=\"elementor-tab-content-5732\" class=\"elementor-tab-content elementor-clearfix\" data-tab=\"2\" role=\"region\" aria-labelledby=\"elementor-tab-title-5732\"><table style=\"border-collapse: collapse; width: 100%; height: 611px;\"><tbody><tr style=\"height: 40px;\"><td style=\"width: 28.7013%; text-align: center; height: 40px;\">JAHRGANG<\/td><td style=\"width: 71.2987%; text-align: center; height: 40px;\">AUSZEICHNUNG<\/td><\/tr><tr style=\"height: 17px;\"><td style=\"width: 28.7013%; text-align: center; height: 17px;\">2007<\/td><td style=\"width: 71.2987%; height: 17px;\"><a class=\"foobox fbx-link fbx-instance\" href=\"https:\/\/www.lenotti.com\/wp-content\/uploads\/2021\/06\/pm-2007-luca-maroni-2011.jpg\" target=\"_blank\" rel=\"noopener noreferrer\">86\/100 <strong>&#8220;LUCA MARONI 2011&#8221;<\/strong><\/a><\/td><\/tr><tr style=\"height: 28px;\"><td style=\"width: 28.7013%; text-align: center; height: 28px;\">2007<\/td><td style=\"width: 71.2987%; height: 28px;\">1 GLAS <a class=\"fbx-link\" href=\"https:\/\/www.lenotti.com\/wp-content\/uploads\/2021\/06\/pm-2007-1-bicchiere-gambero-rosso-2011.jpg\" target=\"_blank\" rel=\"noopener noreferrer\"><strong>&#8220;GAMBERO ROSSO 2011&#8221;<\/strong><\/a><\/td><\/tr><tr style=\"height: 31px;\"><td style=\"width: 28.7013%; text-align: center; height: 31px;\">2005<\/td><td style=\"width: 71.2987%; height: 31px;\">2 STERNE <a class=\"fbx-link\" href=\"https:\/\/www.lenotti.com\/wp-content\/uploads\/2021\/06\/pm-2005-2-stelle-veronelli-2010.jpg\" target=\"_blank\" rel=\"noopener noreferrer\"><strong>&#8220;VERONELLI 2010&#8221;<\/strong><\/a><\/td><\/tr><tr style=\"height: 10px;\"><td style=\"width: 28.7013%; text-align: center; height: 10px;\">2003<\/td><td style=\"width: 71.2987%; height: 10px;\">3 TRAUBEN <a class=\"fbx-link\" href=\"https:\/\/www.lenotti.com\/wp-content\/uploads\/2021\/06\/pm-2003-3-grappoli-duemilavini-2007.jpg\" target=\"_blank\" rel=\"noopener noreferrer\"><strong>&#8220;DUEMILAVINI AIS 2007&#8221;<\/strong><\/a><\/td><\/tr><tr style=\"height: 10px;\"><td style=\"width: 28.7013%; text-align: center; height: 10px;\">2001<\/td><td style=\"width: 71.2987%; height: 10px;\"><a class=\"fbx-link\" href=\"https:\/\/www.lenotti.com\/wp-content\/uploads\/2021\/06\/pm-2001-veronelli-2005.jpg\" target=\"_blank\" rel=\"noopener noreferrer\">86\/100 <strong>&#8220;VERONELLI 2005<\/strong><\/a><strong>&#8220;<\/strong><\/td><\/tr><tr style=\"height: 42px;\"><td style=\"width: 28.7013%; text-align: center; height: 42px;\">2001<\/td><td style=\"width: 71.2987%; height: 42px;\"><a class=\"fbx-link\" href=\"https:\/\/www.lenotti.com\/wp-content\/uploads\/2021\/06\/pm-2001-luca-maroni-2005.jpg\" target=\"_blank\" rel=\"noopener noreferrer\">79\/100 <strong>&#8220;LUCA MARONI 2005&#8221;<\/strong><\/a><\/td><\/tr><tr style=\"height: 36px;\"><td style=\"width: 28.7013%; text-align: center; height: 36px;\">2001<\/td><td style=\"width: 71.2987%; height: 36px;\">2 FLASCHEN <a class=\"fbx-link\" href=\"https:\/\/www.lenotti.com\/wp-content\/uploads\/2021\/06\/pm-2001-2-bottiglie-espresso-2004.jpg\" target=\"_blank\" rel=\"noopener noreferrer\"><strong>&#8220;ESPRESSO 2004&#8221;<\/strong><\/a><\/td><\/tr><tr style=\"height: 38px;\"><td style=\"width: 28.7013%; text-align: center; height: 38px;\">2001<\/td><td style=\"width: 71.2987%; height: 38px;\">3 TRAUBEN <a class=\"fbx-link\" href=\"https:\/\/www.lenotti.com\/wp-content\/uploads\/2021\/06\/pm-2001-3-grappoli-duemilavini-2004.jpg\" target=\"_blank\" rel=\"noopener noreferrer\"><strong>&#8220;DUEMILAVINI AIS 2004&#8221;<\/strong><\/a><\/td><\/tr><tr style=\"height: 80px;\"><td style=\"width: 28.7013%; text-align: center; height: 80px;\">2000<\/td><td style=\"width: 71.2987%; height: 80px;\">3 TRAUBEN <a class=\"fbx-link\" href=\"https:\/\/www.lenotti.com\/wp-content\/uploads\/2021\/06\/pm-2000-3-grappoli-duemilavini-2003.jpg\" target=\"_blank\" rel=\"noopener noreferrer\"><strong>&#8220;DUEMILAVINI AIS 2003&#8221;<\/strong><\/a><\/td><\/tr><tr style=\"height: 40px;\"><td style=\"width: 28.7013%; text-align: center; height: 40px;\">2000<\/td><td style=\"width: 71.2987%; height: 40px;\"><a class=\"fbx-link\" href=\"https:\/\/www.lenotti.com\/wp-content\/uploads\/2021\/06\/pm-2000-veronelli-2003.jpg\" target=\"_blank\" rel=\"noopener noreferrer\">83\/100 <strong>&#8220;VERONELLI 2003<\/strong><\/a><strong>&#8220;<\/strong><\/td><\/tr><\/tbody><\/table><\/div>\n\t\t\t\t<\/div>\n\t\t\t\t\t\t\t\t<\/div>\n\t\t\t\t<\/div>\n\t\t\t\t<\/div>\n\t\t\t\t<div class=\"elementor-element elementor-element-c58a31b elementor-widget elementor-widget-button\" data-id=\"c58a31b\" data-element_type=\"widget\" data-widget_type=\"button.default\">\n\t\t\t\t<div class=\"elementor-widget-container\">\n\t\t\t\t\t<div class=\"elementor-button-wrapper\">\n\t\t\t<a class=\"elementor-button elementor-button-link elementor-size-md\" href=\"https:\/\/www.lenotti.com\/wp-content\/uploads\/2024\/03\/DEU-Terre-di-Pra-Technical-sheet.pdf\" target=\"_blank\">\n\t\t\t\t\t\t<span class=\"elementor-button-content-wrapper\">\n\t\t\t\t\t\t<span class=\"elementor-button-icon elementor-align-icon-left\">\n\t\t\t\t<i aria-hidden=\"true\" class=\"fas fa-file-pdf\"><\/i>\t\t\t<\/span>\n\t\t\t\t\t\t<span class=\"elementor-button-text\">PDF FILE<\/span>\n\t\t<\/span>\n\t\t\t\t\t<\/a>\n\t\t<\/div>\n\t\t\t\t<\/div>\n\t\t\t\t<\/div>\n\t\t\t\t\t<\/div>\n\t\t<\/div>\n\t\t\t\t\t\t\t<\/div>\n\t\t<\/section>\n\t\t<div class=\"elementor-element elementor-element-8ee3ea6 e-flex e-con-boxed e-con\" data-id=\"8ee3ea6\" data-element_type=\"container\" data-settings=\"{&quot;content_width&quot;:&quot;boxed&quot;}\">\n\t\t\t\t\t<div class=\"e-con-inner\">\n\t\t<div class=\"elementor-element elementor-element-e70192c e-flex e-con-boxed e-con\" data-id=\"e70192c\" data-element_type=\"container\" data-settings=\"{&quot;content_width&quot;:&quot;boxed&quot;}\">\n\t\t\t\t\t<div class=\"e-con-inner\">\n\t\t\t\t<div class=\"elementor-element elementor-element-c955464 elementor-widget elementor-widget-spacer\" data-id=\"c955464\" data-element_type=\"widget\" data-widget_type=\"spacer.default\">\n\t\t\t\t<div class=\"elementor-widget-container\">\n\t\t\t\t\t<div class=\"elementor-spacer\">\n\t\t\t<div class=\"elementor-spacer-inner\"><\/div>\n\t\t<\/div>\n\t\t\t\t<\/div>\n\t\t\t\t<\/div>\n\t\t\t\t<div class=\"elementor-element elementor-element-1b8bd66 elementor-align-center elementor-widget elementor-widget-button\" data-id=\"1b8bd66\" data-element_type=\"widget\" data-widget_type=\"button.default\">\n\t\t\t\t<div class=\"elementor-widget-container\">\n\t\t\t\t\t<div class=\"elementor-button-wrapper\">\n\t\t\t<a class=\"elementor-button elementor-button-link elementor-size-xl\" href=\"https:\/\/shop.lenotti.com\/de\/\">\n\t\t\t\t\t\t<span class=\"elementor-button-content-wrapper\">\n\t\t\t\t\t\t<span class=\"elementor-button-text\">KAUFEN<\/span>\n\t\t<\/span>\n\t\t\t\t\t<\/a>\n\t\t<\/div>\n\t\t\t\t<\/div>\n\t\t\t\t<\/div>\n\t\t\t\t\t<\/div>\n\t\t\t\t<\/div>\n\t\t\t\t\t<\/div>\n\t\t\t\t<\/div>\n\t\t\t\t\t\t\t<\/div>","protected":false},"excerpt":{"rendered":"<p style=\"text-align: left;\"><strong>Alkohol:<\/strong> 13,5% vol.<\/p>\n<p style=\"text-align: left;\"><strong>Anbaugebiet:<\/strong> Region: Veneto. Der Weinberg \"La Pra\" liegt im typischen H\u00fcgelgebiet der \u00f6stlichen Seite des Gardasees.<\/p>\n<p style=\"text-align: left;\"><strong>Rebsorten:<\/strong> Cabernet Sauvignon (100%). Der Anbau erfolgt nach traditioneller Spalier- oder Dachlaubenerziehung.<\/p>\n<p style=\"text-align: left;\"><strong>Boden:<\/strong> Mor\u00e4nischer steiniger Boden.<\/p>\n<p style=\"text-align: left;\"><strong>Weinbereitung und Herstellung:<\/strong> Die Trauben werden nach der Lese f\u00fcr mehrere Tage getrocknet und anschlie\u00dfend leicht gepresst. Die G\u00e4rung erfolgt mit Schalenkontakt f\u00fcr 6-7 Tagen unter st\u00e4ndiger Temperaturkontrolle (20-22\u00b0C.) in thermoklimatisierten Edelstahlbehltern. Danach reift der Wein f\u00fcr etwa ein Jahr in Eichenholzf\u00e4ssern.<\/p>\n<p style=\"text-align: left;\"><strong>Beschreibung:<\/strong> Trockener Rotwein, k\u00f6rperreich, kr\u00e4ftig und elegant.<\/p>\n<p style=\"text-align: left;\"><strong>Farbe:<\/strong> Intensives rubinrot, zum granatrot neigend.<\/p>\n<p style=\"text-align: left;\"><strong>Duft:<\/strong> Im Bouquet zeigt sich deutlich der Cabernet Sauvignon mit den typischen Aromen von kleinen schwarzen Beeren sowie leicht w\u00fcrzigen Noten.<\/p>\n<p style=\"text-align: left;\"><strong>Geschmack:<\/strong> Trocken, rund und samtig.<\/p>\n<p style=\"text-align: left;\"><strong>Trinktemperatur:<\/strong> 18-19\u00b0C.<\/p>\n<p style=\"text-align: left;\"><strong>Lagerung:<\/strong> Er kann 3-4 Jahre nach der Weinlese lagern. Er soll in einem gut gel\u00fcfteten, trockenen und dunklen Raum gelagert werden.<\/p>\n<p style=\"text-align: left;\"><strong>Serviervorschlag:<\/strong> Dieser Wein eignet sich zu Braten, gegrilltem Fleisch, Wild und reifen K\u00e4sesorten.<\/p>","protected":false},"featured_media":992162,"template":"","meta":{"_mo_disable_npp":""},"product_brand":[],"product_cat":[50],"product_tag":[],"class_list":{"0":"post-988004","1":"product","2":"type-product","3":"status-publish","4":"has-post-thumbnail","6":"product_cat-vini-rossi","8":"first","9":"instock","10":"shipping-taxable","11":"product-type-simple"},"_links":{"self":[{"href":"https:\/\/www.lenotti.com\/de\/wp-json\/wp\/v2\/product\/988004","targetHints":{"allow":["GET"]}}],"collection":[{"href":"https:\/\/www.lenotti.com\/de\/wp-json\/wp\/v2\/product"}],"about":[{"href":"https:\/\/www.lenotti.com\/de\/wp-json\/wp\/v2\/types\/product"}],"version-history":[{"count":46,"href":"https:\/\/www.lenotti.com\/de\/wp-json\/wp\/v2\/product\/988004\/revisions"}],"predecessor-version":[{"id":999131,"href":"https:\/\/www.lenotti.com\/de\/wp-json\/wp\/v2\/product\/988004\/revisions\/999131"}],"wp:featuredmedia":[{"embeddable":true,"href":"https:\/\/www.lenotti.com\/de\/wp-json\/wp\/v2\/media\/992162"}],"wp:attachment":[{"href":"https:\/\/www.lenotti.com\/de\/wp-json\/wp\/v2\/media?parent=988004"}],"wp:term":[{"taxonomy":"product_brand","embeddable":true,"href":"https:\/\/www.lenotti.com\/de\/wp-json\/wp\/v2\/product_brand?post=988004"},{"taxonomy":"product_cat","embeddable":true,"href":"https:\/\/www.lenotti.com\/de\/wp-json\/wp\/v2\/product_cat?post=988004"},{"taxonomy":"product_tag","embeddable":true,"href":"https:\/\/www.lenotti.com\/de\/wp-json\/wp\/v2\/product_tag?post=988004"}],"curies":[{"name":"wp","href":"https:\/\/api.w.org\/{rel}","templated":true}]}}