{"id":988002,"date":"2021-04-29T15:53:06","date_gmt":"2021-04-29T13:53:06","guid":{"rendered":"http:\/\/lenotti.com\/product\/capomastro-veneto-igt-rosso-copy\/"},"modified":"2025-02-24T17:01:55","modified_gmt":"2025-02-24T16:01:55","slug":"rosso-passo-collezione-in-botte-veneto-igt-rosso","status":"publish","type":"product","link":"https:\/\/www.lenotti.com\/de\/product\/rosso-passo-collezione-in-botte-veneto-igt-rosso\/","title":{"rendered":"&#8220;Rosso Passo Collezione in Botte&#8221; Veneto IGT Rosso"},"content":{"rendered":"<div data-elementor-type=\"product-post\" data-elementor-id=\"988002\" class=\"elementor elementor-988002\" data-elementor-post-type=\"product\">\n\t\t\t\t\t\t\t\t\t<section class=\"elementor-section elementor-top-section elementor-element elementor-element-4a724e9 elementor-section-boxed elementor-section-height-default elementor-section-height-default\" data-id=\"4a724e9\" data-element_type=\"section\">\n\t\t\t\t\t\t<div class=\"elementor-container elementor-column-gap-default\">\n\t\t\t\t\t<div class=\"elementor-column elementor-col-100 elementor-top-column elementor-element elementor-element-47444e8\" data-id=\"47444e8\" data-element_type=\"column\">\n\t\t\t<div class=\"elementor-widget-wrap elementor-element-populated\">\n\t\t\t\t\t\t\t\t<div class=\"elementor-element elementor-element-0579546 elementor-widget elementor-widget-toggle\" data-id=\"0579546\" data-element_type=\"widget\" data-widget_type=\"toggle.default\">\n\t\t\t\t<div class=\"elementor-widget-container\">\n\t\t\t\t\t<div class=\"elementor-toggle\">\n\t\t\t\t\t\t\t<div class=\"elementor-toggle-item\">\n\t\t\t\t\t<div id=\"elementor-tab-title-5731\" class=\"elementor-tab-title\" data-tab=\"1\" role=\"button\" aria-controls=\"elementor-tab-content-5731\" aria-expanded=\"false\">\n\t\t\t\t\t\t\t\t\t\t\t\t<span class=\"elementor-toggle-icon elementor-toggle-icon-left\" aria-hidden=\"true\">\n\t\t\t\t\t\t\t\t\t\t\t\t\t\t\t<span class=\"elementor-toggle-icon-closed\"><i class=\"fas fa-caret-right\"><\/i><\/span>\n\t\t\t\t\t\t\t\t<span class=\"elementor-toggle-icon-opened\"><i class=\"elementor-toggle-icon-opened fas fa-caret-up\"><\/i><\/span>\n\t\t\t\t\t\t\t\t\t\t\t\t\t<\/span>\n\t\t\t\t\t\t\t\t\t\t\t\t<a class=\"elementor-toggle-title\" tabindex=\"0\">TECHNISCHE DATEN<\/a>\n\t\t\t\t\t<\/div>\n\n\t\t\t\t\t<div id=\"elementor-tab-content-5731\" class=\"elementor-tab-content elementor-clearfix\" data-tab=\"1\" role=\"region\" aria-labelledby=\"elementor-tab-title-5731\"><table border=\"0\" width=\"100%\"><tbody><tr><td>Gesamts\u00e4ure:<\/td><td>5,25 g\/l<\/td><\/tr><tr><td>Zucker:<\/td><td>13 g\/l<\/td><\/tr><tr><td>Gesamt-SO2:<\/td><td>120 mg\/l<\/td><\/tr><tr><td>Freies SO2:<\/td><td>30 mg\/l<\/td><\/tr><tr><td>Netto-Trockenextrakt:<\/td><td>27.8 g\/l<\/td><\/tr><tr><td>Fl\u00fcchtige\/Volatile S\u00e4ure:<\/td><td>0.34 g\/l<\/td><\/tr><\/tbody><\/table><\/div>\n\t\t\t\t<\/div>\n\t\t\t\t\t\t\t<div class=\"elementor-toggle-item\">\n\t\t\t\t\t<div id=\"elementor-tab-title-5732\" class=\"elementor-tab-title\" data-tab=\"2\" role=\"button\" aria-controls=\"elementor-tab-content-5732\" aria-expanded=\"false\">\n\t\t\t\t\t\t\t\t\t\t\t\t<span class=\"elementor-toggle-icon elementor-toggle-icon-left\" aria-hidden=\"true\">\n\t\t\t\t\t\t\t\t\t\t\t\t\t\t\t<span class=\"elementor-toggle-icon-closed\"><i class=\"fas fa-caret-right\"><\/i><\/span>\n\t\t\t\t\t\t\t\t<span class=\"elementor-toggle-icon-opened\"><i class=\"elementor-toggle-icon-opened fas fa-caret-up\"><\/i><\/span>\n\t\t\t\t\t\t\t\t\t\t\t\t\t<\/span>\n\t\t\t\t\t\t\t\t\t\t\t\t<a class=\"elementor-toggle-title\" tabindex=\"0\">AUSZEICHNUNGEN UND ANERKENNUNGEN<\/a>\n\t\t\t\t\t<\/div>\n\n\t\t\t\t\t<div id=\"elementor-tab-content-5732\" class=\"elementor-tab-content elementor-clearfix\" data-tab=\"2\" role=\"region\" aria-labelledby=\"elementor-tab-title-5732\"><div class=\"vc_tta-panel-body\"><div class=\"vc_row wpb_row vc_inner vc_row-fluid\"><div class=\"wpb_column vc_column_container vc_col-sm-12\"><div class=\"vc_column-inner\"><div class=\"wpb_wrapper\"><div class=\"wpb_text_column wpb_content_element\"><div class=\"wpb_wrapper\"><table style=\"border-collapse: collapse; width: 100%; height: 80px;\"><tbody><tr style=\"height: 40px;\"><td style=\"width: 23.4229%; text-align: center; height: 40px;\">JAHRGANG<\/td><td style=\"width: 76.5771%; text-align: center; height: 40px;\">AUSZEICHNUNG<\/td><\/tr><tr><td style=\"width: 23.4229%; text-align: center;\">2021<\/td><td style=\"width: 76.5771%;\">3 TRAUBEN <a href=\"https:\/\/www.lenotti.com\/wp-content\/uploads\/2025\/02\/5_grappoli_sardegna_bibenda_2025.jpg\" target=\"_blank\" rel=\"noopener\"><strong>&#8220;BIBENDA 2025&#8221;<\/strong><\/a><\/td><\/tr><tr><td style=\"width: 23.4229%; text-align: center;\">2021<\/td><td style=\"width: 76.5771%;\"><a class=\"fbx-link\" href=\"https:\/\/www.lenotti.com\/wp-content\/uploads\/2024\/10\/Luca-Maroni-2025_01-scaled.jpg\" target=\"_blank\" rel=\"noopener noreferrer\">94\/100 <strong>&#8220;LUCA MARONI 2025&#8221;<\/strong><\/a><\/td><\/tr><tr><td style=\"width: 23.4229%; text-align: center;\">2020<\/td><td style=\"width: 76.5771%;\">3 TRAUBEN <a href=\"https:\/\/www.lenotti.com\/wp-content\/uploads\/2024\/02\/bibenda-2024-1.jpg\"><strong>&#8220;BIBENDA 2024&#8221;<\/strong><\/a><\/td><\/tr><tr style=\"height: 40px;\"><td style=\"width: 23.4229%; height: 40px; text-align: center;\">2019<\/td><td style=\"width: 76.5771%; height: 40px;\">3 TRAUBEN <a href=\"https:\/\/www.lenotti.com\/wp-content\/uploads\/2023\/02\/mini-thumb-2023-bibenda.jpg\"><strong>&#8220;BIBENDA 2023&#8221;<\/strong><\/a><\/td><\/tr><tr><td style=\"width: 23.4229%; text-align: center;\">2019<\/td><td style=\"width: 76.5771%;\"><a href=\"https:\/\/www.lenotti.com\/wp-content\/uploads\/2022\/10\/LUCA-MARONI-2023.pdf\">94\/100 <strong>&#8220;LUCA MARONI 2023&#8221;<\/strong><\/a><\/td><\/tr><tr><td style=\"width: 23.4229%; text-align: center;\">2018<\/td><td style=\"width: 76.5771%;\">3 TRAUBEN <a href=\"https:\/\/www.lenotti.com\/wp-content\/uploads\/2022\/01\/Bibenda_2022_CinqueGrappoli_SommelierLife.jpg\"><strong>&#8220;BIBENDA 2022&#8221;<\/strong><\/a><\/td><\/tr><tr><td style=\"width: 23.4229%; text-align: center;\">2018<\/td><td style=\"width: 76.5771%;\"><a href=\"https:\/\/www.lenotti.com\/wp-content\/uploads\/2021\/12\/LUCA-MARONI-2022.pdf\" target=\"_blank\" rel=\"noopener\">95\/100 <strong>&#8220;LUCA MARONI 2022&#8221;<\/strong><\/a><\/td><\/tr><tr><td style=\"width: 23.4229%; text-align: center;\">2017<\/td><td style=\"width: 76.5771%;\"><a href=\"https:\/\/www.lenotti.com\/wp-content\/uploads\/2021\/06\/LUCA-MARONI-2021-1.pdf\" target=\"_blank\" rel=\"noopener\">94\/100 <strong>\u201cLUCA MARONI 2021\u201d<\/strong><\/a><\/td><\/tr><tr><td style=\"width: 23.4229%; text-align: center;\">2016<\/td><td style=\"width: 76.5771%;\">4 TRAUBEN <a href=\"https:\/\/www.lenotti.com\/wp-content\/uploads\/2021\/06\/bibenda2020-3.png\"><strong>\u201cBIBENDA 2020\u201d<\/strong><\/a><\/td><\/tr><\/tbody><\/table><\/div><\/div><\/div><\/div><\/div><\/div><\/div><\/div>\n\t\t\t\t<\/div>\n\t\t\t\t\t\t\t<div class=\"elementor-toggle-item\">\n\t\t\t\t\t<div id=\"elementor-tab-title-5733\" class=\"elementor-tab-title\" data-tab=\"3\" role=\"button\" aria-controls=\"elementor-tab-content-5733\" aria-expanded=\"false\">\n\t\t\t\t\t\t\t\t\t\t\t\t<span class=\"elementor-toggle-icon elementor-toggle-icon-left\" aria-hidden=\"true\">\n\t\t\t\t\t\t\t\t\t\t\t\t\t\t\t<span class=\"elementor-toggle-icon-closed\"><i class=\"fas fa-caret-right\"><\/i><\/span>\n\t\t\t\t\t\t\t\t<span class=\"elementor-toggle-icon-opened\"><i class=\"elementor-toggle-icon-opened fas fa-caret-up\"><\/i><\/span>\n\t\t\t\t\t\t\t\t\t\t\t\t\t<\/span>\n\t\t\t\t\t\t\t\t\t\t\t\t<a class=\"elementor-toggle-title\" tabindex=\"0\">DOWNLOADS<\/a>\n\t\t\t\t\t<\/div>\n\n\t\t\t\t\t<div id=\"elementor-tab-content-5733\" class=\"elementor-tab-content elementor-clearfix\" data-tab=\"3\" role=\"region\" aria-labelledby=\"elementor-tab-title-5733\"><p><a href=\"https:\/\/www.lenotti.com\/wp-content\/uploads\/2021\/11\/SCHEDA-DE-RPBOTTE.pdf\"><strong>SCHEDA TECNICA<\/strong><\/a><\/p><\/div>\n\t\t\t\t<\/div>\n\t\t\t\t\t\t\t\t<\/div>\n\t\t\t\t<\/div>\n\t\t\t\t<\/div>\n\t\t\t\t\t<\/div>\n\t\t<\/div>\n\t\t\t\t\t\t\t<\/div>\n\t\t<\/section>\n\t\t\t\t<section class=\"elementor-section elementor-top-section elementor-element elementor-element-185a2c6 elementor-section-boxed elementor-section-height-default elementor-section-height-default\" data-id=\"185a2c6\" data-element_type=\"section\">\n\t\t\t\t\t\t<div class=\"elementor-container elementor-column-gap-default\">\n\t\t\t\t\t<div class=\"elementor-column elementor-col-100 elementor-top-column elementor-element elementor-element-2bff0d4\" data-id=\"2bff0d4\" data-element_type=\"column\">\n\t\t\t<div class=\"elementor-widget-wrap elementor-element-populated\">\n\t\t\t\t\t\t\t\t<div class=\"elementor-element elementor-element-db6ba17 elementor-widget elementor-widget-spacer\" data-id=\"db6ba17\" data-element_type=\"widget\" data-widget_type=\"spacer.default\">\n\t\t\t\t<div class=\"elementor-widget-container\">\n\t\t\t\t\t<div class=\"elementor-spacer\">\n\t\t\t<div class=\"elementor-spacer-inner\"><\/div>\n\t\t<\/div>\n\t\t\t\t<\/div>\n\t\t\t\t<\/div>\n\t\t\t\t<div class=\"elementor-element elementor-element-6e81829 elementor-widget elementor-widget-video\" data-id=\"6e81829\" data-element_type=\"widget\" data-settings=\"{&quot;youtube_url&quot;:&quot;https:\\\/\\\/youtu.be\\\/iYQb1vJydRk&quot;,&quot;video_type&quot;:&quot;youtube&quot;,&quot;controls&quot;:&quot;yes&quot;}\" data-widget_type=\"video.default\">\n\t\t\t\t<div class=\"elementor-widget-container\">\n\t\t\t\t\t<div class=\"elementor-wrapper elementor-open-inline\">\n\t\t\t<div class=\"elementor-video\"><\/div>\t\t<\/div>\n\t\t\t\t<\/div>\n\t\t\t\t<\/div>\n\t\t\t\t\t<\/div>\n\t\t<\/div>\n\t\t\t\t\t\t\t<\/div>\n\t\t<\/section>\n\t\t<div class=\"elementor-element elementor-element-826ba3b e-flex e-con-boxed e-con\" data-id=\"826ba3b\" data-element_type=\"container\" data-settings=\"{&quot;content_width&quot;:&quot;boxed&quot;}\">\n\t\t\t\t\t<div class=\"e-con-inner\">\n\t\t<div class=\"elementor-element elementor-element-ac3a8a5 e-flex e-con-boxed e-con\" data-id=\"ac3a8a5\" data-element_type=\"container\" data-settings=\"{&quot;content_width&quot;:&quot;boxed&quot;}\">\n\t\t\t\t\t<div class=\"e-con-inner\">\n\t\t\t\t<div class=\"elementor-element elementor-element-3b3aa12 elementor-widget elementor-widget-spacer\" data-id=\"3b3aa12\" data-element_type=\"widget\" data-widget_type=\"spacer.default\">\n\t\t\t\t<div class=\"elementor-widget-container\">\n\t\t\t\t\t<div class=\"elementor-spacer\">\n\t\t\t<div class=\"elementor-spacer-inner\"><\/div>\n\t\t<\/div>\n\t\t\t\t<\/div>\n\t\t\t\t<\/div>\n\t\t\t\t<div class=\"elementor-element elementor-element-b8649e5 elementor-align-center elementor-widget elementor-widget-button\" data-id=\"b8649e5\" data-element_type=\"widget\" data-widget_type=\"button.default\">\n\t\t\t\t<div class=\"elementor-widget-container\">\n\t\t\t\t\t<div class=\"elementor-button-wrapper\">\n\t\t\t<a class=\"elementor-button elementor-button-link elementor-size-xl\" href=\"https:\/\/shop.lenotti.com\/de\/\">\n\t\t\t\t\t\t<span class=\"elementor-button-content-wrapper\">\n\t\t\t\t\t\t<span class=\"elementor-button-text\">KAUFEN<\/span>\n\t\t<\/span>\n\t\t\t\t\t<\/a>\n\t\t<\/div>\n\t\t\t\t<\/div>\n\t\t\t\t<\/div>\n\t\t\t\t\t<\/div>\n\t\t\t\t<\/div>\n\t\t\t\t\t<\/div>\n\t\t\t\t<\/div>\n\t\t\t\t\t\t\t<\/div>","protected":false},"excerpt":{"rendered":"<p style=\"text-align: left;\"><strong>Alkohol<\/strong>: 13% vol.<\/p>\n<p style=\"text-align: left;\"><strong>Anbaugebiet<\/strong>: Region: Veneto. H\u00fcgel mor\u00e4nischen Ursprungs am \u00f6stlichen Ufer des Gardasees.<\/p>\n<p style=\"text-align: left;\"><strong>Weintrauben<\/strong>: Hergestellt aus  folgende Rebsorten: Merlot, Sangiovese und, je nach Jahrgang,auch Corvina-Rebsorte in beschr\u00e4nkten Mengen. Anbausystem: Spalieranbau und Guyot-Rebschnitt.<\/p>\n<p style=\"text-align: left;\"><strong>Boden<\/strong>: Lehmhaltiger Boden m\u00f6ranischem Ursprungs.<\/p>\n<p style=\"text-align: left;\"><strong>Weinbereitungssystem<\/strong>: Hergestellt aus folgende Rebsorten: Merlot, Sangiovese und, je nach Jahrgang, auch Corvina-Rebsorte in beschr\u00e4nkten Mengen. Anbausystem: Spalieranbau und Guyot-Rebschnitt.<\/p>\n<p style=\"text-align: left;\"><strong>Beschreibung<\/strong>: Wein mit komplexer Struktur und reicher Farbe, vollmundig, weich und ausgewogen, durch die Reifung in Holzf\u00e4ssern reifer geworden.<\/p>\n<p style=\"text-align: left;\"><strong>Farbe<\/strong>: Kr\u00e4ftiges rubinrot.<\/p>\n<p style=\"text-align: left;\"><strong>Duft<\/strong>: Trockener Rotwein, reich, vollmundig und harmonisch. Die Fasslagerung l\u00e4sst den Wein weicher wirken.<\/p>\n<p style=\"text-align: left;\"><strong>Geschmack<\/strong>: Voll, weich und harmonisch mit vollmundiger Struktur.<\/p>\n<p style=\"text-align: left;\"><strong>Trinktemperatur<\/strong>: Bei einer Temperatur von 18 \u00b0 C servieren.<\/p>\n<p style=\"text-align: left;\"><strong>Lagerung<\/strong>: Er kann 4-5 Jahren lagern. In einem trockenen, dunklen und gut gel\u00fcfteten Raum lagern.<\/p>\n<p style=\"text-align: left;\"><strong>Serviervorschlag<\/strong>: Der Wein eignet sich besonders zu Braten, gegrilltem Fleisch, Wild, Schmorgerichten und reifen K\u00e4sesorten.<\/p>","protected":false},"featured_media":992160,"template":"","meta":{"_mo_disable_npp":""},"product_brand":[],"product_cat":[50],"product_tag":[],"class_list":{"0":"post-988002","1":"product","2":"type-product","3":"status-publish","4":"has-post-thumbnail","6":"product_cat-vini-rossi","8":"first","9":"instock","10":"shipping-taxable","11":"product-type-simple"},"_links":{"self":[{"href":"https:\/\/www.lenotti.com\/de\/wp-json\/wp\/v2\/product\/988002","targetHints":{"allow":["GET"]}}],"collection":[{"href":"https:\/\/www.lenotti.com\/de\/wp-json\/wp\/v2\/product"}],"about":[{"href":"https:\/\/www.lenotti.com\/de\/wp-json\/wp\/v2\/types\/product"}],"version-history":[{"count":95,"href":"https:\/\/www.lenotti.com\/de\/wp-json\/wp\/v2\/product\/988002\/revisions"}],"predecessor-version":[{"id":1000430,"href":"https:\/\/www.lenotti.com\/de\/wp-json\/wp\/v2\/product\/988002\/revisions\/1000430"}],"wp:featuredmedia":[{"embeddable":true,"href":"https:\/\/www.lenotti.com\/de\/wp-json\/wp\/v2\/media\/992160"}],"wp:attachment":[{"href":"https:\/\/www.lenotti.com\/de\/wp-json\/wp\/v2\/media?parent=988002"}],"wp:term":[{"taxonomy":"product_brand","embeddable":true,"href":"https:\/\/www.lenotti.com\/de\/wp-json\/wp\/v2\/product_brand?post=988002"},{"taxonomy":"product_cat","embeddable":true,"href":"https:\/\/www.lenotti.com\/de\/wp-json\/wp\/v2\/product_cat?post=988002"},{"taxonomy":"product_tag","embeddable":true,"href":"https:\/\/www.lenotti.com\/de\/wp-json\/wp\/v2\/product_tag?post=988002"}],"curies":[{"name":"wp","href":"https:\/\/api.w.org\/{rel}","templated":true}]}}