{"id":988000,"date":"2021-04-29T15:52:28","date_gmt":"2021-04-29T13:52:28","guid":{"rendered":"http:\/\/lenotti.com\/product\/lenotti-bio-rosso-copy\/"},"modified":"2024-11-27T08:17:44","modified_gmt":"2024-11-27T07:17:44","slug":"capomastro-veneto-igt-rosso","status":"publish","type":"product","link":"https:\/\/www.lenotti.com\/de\/product\/capomastro-veneto-igt-rosso\/","title":{"rendered":"\u201cCapomastro\u201d Veneto IGT Rosso"},"content":{"rendered":"<div data-elementor-type=\"product-post\" data-elementor-id=\"988000\" class=\"elementor elementor-988000\" data-elementor-post-type=\"product\">\n\t\t\t\t\t\t\t\t\t<section class=\"elementor-section elementor-top-section elementor-element elementor-element-4a724e9 elementor-section-boxed elementor-section-height-default elementor-section-height-default\" data-id=\"4a724e9\" data-element_type=\"section\">\n\t\t\t\t\t\t<div class=\"elementor-container elementor-column-gap-default\">\n\t\t\t\t\t<div class=\"elementor-column elementor-col-100 elementor-top-column elementor-element elementor-element-47444e8\" data-id=\"47444e8\" data-element_type=\"column\">\n\t\t\t<div class=\"elementor-widget-wrap elementor-element-populated\">\n\t\t\t\t\t\t\t\t<div class=\"elementor-element elementor-element-0579546 elementor-widget elementor-widget-toggle\" data-id=\"0579546\" data-element_type=\"widget\" data-widget_type=\"toggle.default\">\n\t\t\t\t<div class=\"elementor-widget-container\">\n\t\t\t\t\t<div class=\"elementor-toggle\">\n\t\t\t\t\t\t\t<div class=\"elementor-toggle-item\">\n\t\t\t\t\t<div id=\"elementor-tab-title-5731\" class=\"elementor-tab-title\" data-tab=\"1\" role=\"button\" aria-controls=\"elementor-tab-content-5731\" aria-expanded=\"false\">\n\t\t\t\t\t\t\t\t\t\t\t\t<span class=\"elementor-toggle-icon elementor-toggle-icon-left\" aria-hidden=\"true\">\n\t\t\t\t\t\t\t\t\t\t\t\t\t\t\t<span class=\"elementor-toggle-icon-closed\"><i class=\"fas fa-caret-right\"><\/i><\/span>\n\t\t\t\t\t\t\t\t<span class=\"elementor-toggle-icon-opened\"><i class=\"elementor-toggle-icon-opened fas fa-caret-up\"><\/i><\/span>\n\t\t\t\t\t\t\t\t\t\t\t\t\t<\/span>\n\t\t\t\t\t\t\t\t\t\t\t\t<a class=\"elementor-toggle-title\" tabindex=\"0\">TECHNISCHE DATEN<\/a>\n\t\t\t\t\t<\/div>\n\n\t\t\t\t\t<div id=\"elementor-tab-content-5731\" class=\"elementor-tab-content elementor-clearfix\" data-tab=\"1\" role=\"region\" aria-labelledby=\"elementor-tab-title-5731\"><table border=\"0\" width=\"100%\"><tbody><tr><td>Gesamts\u00e4ure:<\/td><td>5.50 g\/l<\/td><\/tr><tr><td>Zucker:<\/td><td>9.00 g\/l<\/td><\/tr><tr><td>Gesamt-SO2:<\/td><td>90 mg\/l<\/td><\/tr><tr><td>Freies SO2:<\/td><td>27 mg\/l<\/td><\/tr><tr><td>Netto-Trockenextrakt:<\/td><td>26.0 g\/l<\/td><\/tr><tr><td>Fl\u00fcchtige\/Volatile S\u00e4ure:<\/td><td>0.30 g\/l<\/td><\/tr><\/tbody><\/table><\/div>\n\t\t\t\t<\/div>\n\t\t\t\t\t\t\t<div class=\"elementor-toggle-item\">\n\t\t\t\t\t<div id=\"elementor-tab-title-5732\" class=\"elementor-tab-title\" data-tab=\"2\" role=\"button\" aria-controls=\"elementor-tab-content-5732\" aria-expanded=\"false\">\n\t\t\t\t\t\t\t\t\t\t\t\t<span class=\"elementor-toggle-icon elementor-toggle-icon-left\" aria-hidden=\"true\">\n\t\t\t\t\t\t\t\t\t\t\t\t\t\t\t<span class=\"elementor-toggle-icon-closed\"><i class=\"fas fa-caret-right\"><\/i><\/span>\n\t\t\t\t\t\t\t\t<span class=\"elementor-toggle-icon-opened\"><i class=\"elementor-toggle-icon-opened fas fa-caret-up\"><\/i><\/span>\n\t\t\t\t\t\t\t\t\t\t\t\t\t<\/span>\n\t\t\t\t\t\t\t\t\t\t\t\t<a class=\"elementor-toggle-title\" tabindex=\"0\">AUSZEICHNUNGEN UND ANERKENNUNGEN<\/a>\n\t\t\t\t\t<\/div>\n\n\t\t\t\t\t<div id=\"elementor-tab-content-5732\" class=\"elementor-tab-content elementor-clearfix\" data-tab=\"2\" role=\"region\" aria-labelledby=\"elementor-tab-title-5732\"><div class=\"vc_tta-panel-body\"><div class=\"vc_row wpb_row vc_inner vc_row-fluid\"><div class=\"wpb_column vc_column_container vc_col-sm-12\"><div class=\"vc_column-inner\"><div class=\"wpb_wrapper\"><div class=\"wpb_text_column wpb_content_element vc_custom_1614927765710\"><div class=\"wpb_wrapper\"><table style=\"border-collapse: collapse; width: 100%;\"><tbody><tr><td style=\"width: 30%; text-align: center;\">JAHRGANG<\/td><td style=\"width: 70%; text-align: center;\">AUSZEICHNUNG<\/td><\/tr><tr><td style=\"width: 30%; text-align: center;\">2021<\/td><td style=\"width: 70%;\">3 TRAUBEN <a href=\"https:\/\/www.lenotti.com\/wp-content\/uploads\/2024\/02\/bibenda-2024-1.jpg\"><strong>&#8220;BIBENDA 2024&#8221;<\/strong><\/a><\/td><\/tr><tr><td style=\"width: 30%; text-align: center;\">2020<\/td><td style=\"width: 70%;\">3 TRAUBEN <a href=\"https:\/\/www.lenotti.com\/wp-content\/uploads\/2023\/02\/mini-thumb-2023-bibenda.jpg\"><strong>&#8220;BIBENDA 2023&#8221;<\/strong><\/a><\/td><\/tr><tr><td style=\"width: 30%; text-align: center;\">2020<\/td><td style=\"width: 70%;\"><a href=\"https:\/\/www.lenotti.com\/wp-content\/uploads\/2022\/10\/LUCA-MARONI-2023.pdf\">92\/100 <strong>&#8220;LUCA MARONI 2023&#8221;<\/strong><\/a><\/td><\/tr><tr><td style=\"width: 30%; text-align: center;\">2019<\/td><td style=\"width: 70%;\">3 TRAUBEN <a href=\"https:\/\/www.lenotti.com\/wp-content\/uploads\/2021\/06\/00_banner_5Grappoli2021_tracciato_ROSSO-1-scaled.jpg\" target=\"_blank\" rel=\"noopener\"><strong>\u201cBIBENDA 2021\u201d<\/strong><\/a><\/td><\/tr><tr><td style=\"width: 30%; text-align: center;\">2019<\/td><td style=\"width: 70%;\"><a href=\"https:\/\/www.lenotti.com\/wp-content\/uploads\/2021\/06\/LUCA-MARONI-2021.pdf\" target=\"_blank\" rel=\"noopener\">93\/100 <strong>\u201cLUCA MARONI 2021\u201d<\/strong><\/a><\/td><\/tr><tr><td style=\"width: 30%; text-align: center;\">2017<\/td><td style=\"width: 70%;\">3 TRAUBEN <a href=\"https:\/\/www.lenotti.com\/wp-content\/uploads\/2021\/06\/bibenda2020-2.png\"><strong>\u201cBIBENDA 2020\u201d<\/strong><\/a><\/td><\/tr><tr><td style=\"width: 30%; text-align: center;\">2017<\/td><td style=\"width: 70%;\"><a href=\"https:\/\/www.lenotti.com\/wp-content\/uploads\/2021\/06\/punteggi-luca-maroni-1.pdf\">92\/100 <strong>\u201cLUCA MARONI 2020\u201d<\/strong><\/a><\/td><\/tr><tr><td style=\"width: 30%; text-align: center;\">2016<\/td><td style=\"width: 70%;\">3 TRAUBEN <a href=\"https:\/\/www.lenotti.com\/wp-content\/uploads\/2021\/06\/bibenda-2018-4.jpg\"><strong>&#8220;BIBENDA AIS 2018&#8221;<\/strong><\/a><\/td><\/tr><tr><td style=\"width: 30%; text-align: center;\">2016<\/td><td style=\"width: 70%;\"><a class=\"foobox fbx-link fbx-instance\" href=\"https:\/\/www.lenotti.com\/wp-content\/uploads\/2021\/06\/547logo-1.jpg\" target=\"_blank\" rel=\"noopener noreferrer\">90\/100 <strong>&#8220;LUCA MARONI 2018<\/strong><\/a><strong>&#8220;<\/strong><\/td><\/tr><tr><td style=\"width: 30%; text-align: center;\">2015<\/td><td style=\"width: 70%;\"><a class=\"foobox fbx-link fbx-instance\" href=\"https:\/\/www.lenotti.com\/wp-content\/uploads\/2021\/06\/547logo-1.jpg\" target=\"_blank\" rel=\"noopener noreferrer\">90\/100 <strong>&#8220;LUCA MARONI 2018&#8221;<\/strong><\/a><\/td><\/tr><tr><td style=\"width: 30%; text-align: center;\">2014<\/td><td style=\"width: 70%;\"><a class=\"foobox fbx-link\" href=\"https:\/\/www.lenotti.com\/wp-content\/uploads\/2021\/06\/cm-2015-luca-maroni-2017.jpg\" target=\"_blank\" rel=\"noopener noreferrer\">90\/100 <strong>&#8220;LUCA MARONI 2017<\/strong><\/a><strong>&#8220;<\/strong><\/td><\/tr><tr><td style=\"width: 30%; text-align: center;\">2014<\/td><td style=\"width: 70%;\">3 TRAUBEN <a class=\"fbx-link\" href=\"https:\/\/www.lenotti.com\/wp-content\/uploads\/2021\/06\/cm-2014-3-grappoli-2016.jpg\" target=\"_blank\" rel=\"noopener noreferrer\"><strong>&#8220;BIBENDA AIS 2016<\/strong><\/a><strong>&#8220;<\/strong><\/td><\/tr><tr><td style=\"width: 30%; text-align: center;\">2013<\/td><td style=\"width: 70%;\"><a class=\"fbx-link\" href=\"https:\/\/www.lenotti.com\/wp-content\/uploads\/2021\/06\/cm-2013-luca-maroni-2016.jpg\" target=\"_blank\" rel=\"noopener noreferrer\">87\/100 <strong>&#8220;LUCA MARONI 2016&#8221;<\/strong><\/a><\/td><\/tr><tr><td style=\"width: 30%; text-align: center;\">2012<\/td><td style=\"width: 70%;\"><a class=\"fbx-link\" href=\"https:\/\/www.lenotti.com\/wp-content\/uploads\/2021\/06\/cm-2012-luca-maroni-2016.jpg\" target=\"_blank\" rel=\"noopener noreferrer\">86\/100 <strong>&#8220;LUCA MARONI 2015&#8221;<\/strong><\/a><\/td><\/tr><tr><td style=\"width: 30%; text-align: center;\">2012<\/td><td style=\"width: 70%;\">1 GLAS <a class=\"fbx-link\" href=\"https:\/\/www.lenotti.com\/wp-content\/uploads\/2021\/06\/cm-2012-1-bicchiere-gambero-rosso-2015-scaled.jpg\" target=\"_blank\" rel=\"noopener noreferrer\"><strong>&#8220;GAMBERO ROSSO 2015&#8221;<\/strong><\/a><\/td><\/tr><tr><td style=\"width: 30%; text-align: center;\">2012<\/td><td style=\"width: 70%;\">3 TRAUBEN <a class=\"fbx-link\" href=\"https:\/\/www.lenotti.com\/wp-content\/uploads\/2021\/06\/cm-2011-3-grappoli-2014.jpg\" target=\"_blank\" rel=\"noopener noreferrer\"><strong>&#8220;BIBENDA AIS 2015&#8221;<\/strong><\/a><\/td><\/tr><tr><td style=\"width: 30%; text-align: center;\">2011<\/td><td style=\"width: 70%;\">2 GL\u00c4SER <a class=\"fbx-link\" href=\"https:\/\/www.lenotti.com\/wp-content\/uploads\/2021\/06\/cm-2011-2-bicchieri-gambero-rosso-2014-scaled.jpg\" target=\"_blank\" rel=\"noopener noreferrer\"><strong>&#8220;GAMBERO ROSSO 2014&#8221;<\/strong><\/a><\/td><\/tr><tr><td style=\"width: 30%; text-align: center;\">2011<\/td><td style=\"width: 70%;\"><a class=\"fbx-link\" href=\"https:\/\/www.lenotti.com\/wp-content\/uploads\/2021\/06\/cm-2011-luca-maroni-2014.jpg\" target=\"_blank\" rel=\"noopener noreferrer\">88\/100 <strong>&#8220;LUCA MARONI 2014<\/strong><\/a><strong>&#8220;<\/strong><\/td><\/tr><tr><td style=\"width: 30%; text-align: center;\">2011<\/td><td style=\"width: 70%;\">3 TRAUBEN <a class=\"fbx-link\" href=\"https:\/\/www.lenotti.com\/wp-content\/uploads\/2021\/06\/cm-2011-3-grappoli-2014-1.jpg\" target=\"_blank\" rel=\"noopener noreferrer\"><strong>&#8220;BIBENDA AIS 2014&#8221;<\/strong><\/a><\/td><\/tr><tr><td style=\"width: 30%; text-align: center;\">2010<\/td><td style=\"width: 70%;\">3 TRAUBEN <a class=\"fbx-link\" href=\"https:\/\/www.lenotti.com\/wp-content\/uploads\/2021\/06\/cm-2010-3-grappoli-duemilavini-2012.jpg\" target=\"_blank\" rel=\"noopener noreferrer\"><strong>&#8220;DUEMILAVINI AIS 2012&#8221;<\/strong><\/a><\/td><\/tr><tr><td style=\"width: 30%; text-align: center;\">2010<\/td><td style=\"width: 70%;\"><a class=\"fbx-link\" href=\"https:\/\/www.lenotti.com\/wp-content\/uploads\/2021\/06\/cm-2010-luca-maroni-2013.jpg\" target=\"_blank\" rel=\"noopener noreferrer\">88\/100 <strong>&#8220;LUCA MARONI 2013&#8221;<\/strong><\/a><\/td><\/tr><tr><td style=\"width: 30%; text-align: center;\">2010<\/td><td style=\"width: 70%;\">2 GL\u00c4SER <a class=\"fbx-link\" href=\"https:\/\/www.lenotti.com\/wp-content\/uploads\/2021\/06\/cm-2010-2-bicchieri-gambero-rosso-2013.jpg\" target=\"_blank\" rel=\"noopener noreferrer\"><strong>&#8220;GAMBERO ROSSO 2013&#8221;<\/strong><\/a><\/td><\/tr><tr><td style=\"width: 30%; text-align: center;\">2010<\/td><td style=\"width: 70%;\">2 GL\u00c4SER <a class=\"fbx-link\" href=\"https:\/\/www.lenotti.com\/wp-content\/uploads\/2021\/06\/cm-2010-2-bicchieri-gambero-rosso-2013.jpg\" target=\"_blank\" rel=\"noopener noreferrer\"><strong>&#8220;GAMBERO ROSSO 2013&#8221;<\/strong><\/a><\/td><\/tr><tr><td style=\"width: 30%; text-align: center;\">2010<\/td><td style=\"width: 70%;\">SILBERMEDAILLE<strong><a class=\"fbx-link\" href=\"https:\/\/www.lenotti.com\/wp-content\/uploads\/2021\/06\/cm-2010-germania-2012.jpg\" target=\"_blank\" rel=\"noopener noreferrer\"> \u201cMUNDUS VINI 2012\u201d\u00a0<\/a><\/strong><\/td><\/tr><tr><td style=\"width: 30%; text-align: center;\">2009<\/td><td style=\"width: 70%;\"><a class=\"fbx-link\" href=\"https:\/\/www.lenotti.com\/wp-content\/uploads\/2021\/06\/cm-2009-luca-maroni-2012.jpg\" target=\"_blank\" rel=\"noopener noreferrer\">88\/100 &#8220;<strong>LUCA MARONI 2012&#8243;<\/strong><\/a><\/td><\/tr><tr><td style=\"width: 30%; text-align: center;\">2009<\/td><td style=\"width: 70%;\"><a class=\"fbx-link\" href=\"https:\/\/www.lenotti.com\/wp-content\/uploads\/2021\/06\/cm-2009-veronelli-2012.jpg\" target=\"_blank\" rel=\"noopener noreferrer\">87\/100 <strong>&#8220;VERONELLI 2012&#8221;<\/strong><\/a><\/td><\/tr><tr><td style=\"width: 30%; text-align: center;\">2009<\/td><td style=\"width: 70%;\">2 FLASCHEN <a class=\"fbx-link\" href=\"https:\/\/www.lenotti.com\/wp-content\/uploads\/2021\/06\/cm-2009-2-bottiglie-espresso-2012.jpg\" target=\"_blank\" rel=\"noopener noreferrer\"><strong>&#8220;ESPRESSO 2012<\/strong><\/a><strong>&#8220;<\/strong><\/td><\/tr><tr><td style=\"width: 30%; text-align: center;\">2008<\/td><td style=\"width: 70%;\"><a class=\"fbx-link\" href=\"https:\/\/www.lenotti.com\/wp-content\/uploads\/2021\/06\/cm-2008-veronelli-2011.jpg\" target=\"_blank\" rel=\"noopener noreferrer\">87\/100 <strong>&#8220;VERONELLI 2011&#8221;<\/strong><\/a><\/td><\/tr><tr><td style=\"width: 30%; text-align: center;\">2008<\/td><td style=\"width: 70%;\">1 GLAS <strong><a class=\"fbx-link\" href=\"https:\/\/www.lenotti.com\/wp-content\/uploads\/2021\/06\/cm-2008-1-bicchiere-gambero-rosso-2011.jpg\" target=\"_blank\" rel=\"noopener noreferrer\">&#8220;GAMBERO ROSSO 2011&#8221;<\/a><\/strong><\/td><\/tr><tr><td style=\"width: 30%; text-align: center;\">2008<\/td><td style=\"width: 70%;\"><a class=\"fbx-link\" href=\"https:\/\/www.lenotti.com\/wp-content\/uploads\/2021\/06\/cm-2008-veronelli-2011.jpg\" target=\"_blank\" rel=\"noopener noreferrer\">87\/100 <strong>&#8220;VERONELLI 2011<\/strong><\/a><strong>&#8220;<\/strong><\/td><\/tr><tr><td style=\"width: 30%; text-align: center;\">2008<\/td><td style=\"width: 70%;\">1 GLAS <a class=\"fbx-link\" href=\"https:\/\/www.lenotti.com\/wp-content\/uploads\/2021\/06\/cm-2008-1-bicchiere-gambero-rosso-2011.jpg\" target=\"_blank\" rel=\"noopener noreferrer\"><strong>&#8220;GAMBERO ROSSO 2011&#8221;<\/strong><\/a><\/td><\/tr><tr><td style=\"width: 30%; text-align: center;\">2007<\/td><td style=\"width: 70%;\">2 GL\u00c4SER <a class=\"fbx-link\" href=\"https:\/\/www.lenotti.com\/wp-content\/uploads\/2021\/06\/cm-2007-2-bicchieri-gambero-rosso2010.jpg\" target=\"_blank\" rel=\"noopener noreferrer\"><strong>&#8220;GAMBERO ROSSO 2010&#8221;<\/strong><\/a><\/td><\/tr><tr><td style=\"width: 30%; text-align: center;\">2005<\/td><td style=\"width: 70%;\">3 TRAUBEN <a class=\"fbx-link\" href=\"https:\/\/www.lenotti.com\/wp-content\/uploads\/2021\/06\/cm-2005-3-grappoli-duemilavini-2007.jpg\" target=\"_blank\" rel=\"noopener noreferrer\"><strong>&#8220;DUEMILAVINI AIS 2007&#8221;<\/strong><\/a><\/td><\/tr><tr><td style=\"width: 30%; text-align: center;\">2005<\/td><td style=\"width: 70%;\">2 GL\u00c4SER <a class=\"fbx-link\" href=\"https:\/\/www.lenotti.com\/wp-content\/uploads\/2021\/06\/cm-2005-2-bicchieri-gambero-rosso-2007.jpg\" target=\"_blank\" rel=\"noopener noreferrer\"><strong>&#8220;GAMBERO ROSSO 2007<\/strong><\/a><strong>&#8220;<\/strong><\/td><\/tr><\/tbody><\/table><\/div><\/div><\/div><\/div><\/div><\/div><\/div><\/div>\n\t\t\t\t<\/div>\n\t\t\t\t\t\t\t<div class=\"elementor-toggle-item\">\n\t\t\t\t\t<div id=\"elementor-tab-title-5733\" class=\"elementor-tab-title\" data-tab=\"3\" role=\"button\" aria-controls=\"elementor-tab-content-5733\" aria-expanded=\"false\">\n\t\t\t\t\t\t\t\t\t\t\t\t<span class=\"elementor-toggle-icon elementor-toggle-icon-left\" aria-hidden=\"true\">\n\t\t\t\t\t\t\t\t\t\t\t\t\t\t\t<span class=\"elementor-toggle-icon-closed\"><i class=\"fas fa-caret-right\"><\/i><\/span>\n\t\t\t\t\t\t\t\t<span class=\"elementor-toggle-icon-opened\"><i class=\"elementor-toggle-icon-opened fas fa-caret-up\"><\/i><\/span>\n\t\t\t\t\t\t\t\t\t\t\t\t\t<\/span>\n\t\t\t\t\t\t\t\t\t\t\t\t<a class=\"elementor-toggle-title\" tabindex=\"0\">DIE GESCHICHTE DES NAMENS DIESES WEINES<\/a>\n\t\t\t\t\t<\/div>\n\n\t\t\t\t\t<div id=\"elementor-tab-content-5733\" class=\"elementor-tab-content elementor-clearfix\" data-tab=\"3\" role=\"region\" aria-labelledby=\"elementor-tab-title-5733\"><div class=\"vc_tta-panel-body\"><div class=\"vc_row wpb_row vc_inner vc_row-fluid\"><div class=\"wpb_column vc_column_container vc_col-sm-12\"><div class=\"vc_column-inner\"><div class=\"wpb_wrapper translation-block\">Der 4. August 2002 ist ein Datum, an das sich viele von uns hier am Gardasee nicht gerne erinnern. An diesem Tag (besser\u2026an diesem Morgen zwischen 1 und 3 Uhr morgens) gab es einen der st\u00e4rksten Hagelst\u00fcrme unserer j\u00fcngeren Geschichte, und die Sch\u00e4den waren enorm \u2013 nicht nur in den Weinbergen. 2002 war f\u00fcr uns das Jahr, in dem im April auf unserem Weinberg \u201cLa Pr\u00e0\u201d in Cavaion Veronese neue Rebo- und Corvina \u2013 Reben gepflanzt wurden. Es war geplant, sie f\u00fcr die Herstellung unseres hochwertigen Rotweins \u201cMassimo\u201c zu verwenden. Der Hagel zerst\u00f6rte fast alles und die jungen Pflanzen waren so schwer besch\u00e4digt, dass unser Eigent\u00fcmer und Winzer Giancarlo Massimo Lenotti alle Rebst\u00f6cke auspflanzen wollte, um im folgenden Jahr wieder neu anzufangen. Unser Mitarbeiter \u201cGianni\u201d, der seit mehr als 30 Jahren in unserer Firma arbeitet und unsere t\u00e4gliche Arbeit in den Weinbergen organisiert (der Leiter einer Gruppe von Arbeitern hei\u00dft auf italienisch \u201cCapomastro\u201d), sah noch eine M\u00f6glichkeit f\u00fcr diese besch\u00e4digten Pflanzen. Gianni war v\u00f6llig \u00fcberzeugt, dass er sie retten k\u00f6nnte und beschloss daher, eine Wette mit Giancarlo Massimo einzugehen. Mit der Hilfe unserer Facharbeiter und nach 4 Jahren harter Arbeit wurde Gianni\u2019s mutige Entscheidung belohnt. Diese wiedergeborenen Weinst\u00f6cke wachsen unglaublich gut. Nachdem sie diese besonderen Schwierigkeiten \u00fcberstanden hatten, produzierten sie Trauben, die v\u00f6llig anders als erwartet waren und boten uns die M\u00f6glichkeit, einen neuen Wein zu kreieren: unseren einzigartigen \u201cCapomastro\u201d.  Wir beschlossen, diesen Wein Capomastro zu nennen, um diese Geschichte, die Leidenschaft, die Erfahrung und die F\u00e4higkeiten unseres \u201cCapomastro Gianni\u201d zu ehren, der auch heute noch in unserem Unternehmen arbeitet. Die Geschichte findet sich auch auf dem Etikett dieses Weins wieder.<\/div><\/div><\/div><\/div><\/div><\/div>\n\t\t\t\t<\/div>\n\t\t\t\t\t\t\t\t<\/div>\n\t\t\t\t<\/div>\n\t\t\t\t<\/div>\n\t\t\t\t<div class=\"elementor-element elementor-element-c58a31b elementor-widget elementor-widget-button\" data-id=\"c58a31b\" data-element_type=\"widget\" data-widget_type=\"button.default\">\n\t\t\t\t<div class=\"elementor-widget-container\">\n\t\t\t\t\t<div class=\"elementor-button-wrapper\">\n\t\t\t<a class=\"elementor-button elementor-button-link elementor-size-md\" href=\"https:\/\/www.lenotti.com\/wp-content\/uploads\/2024\/03\/DEU-Capomastro-Technical-sheet.pdf\" target=\"_blank\">\n\t\t\t\t\t\t<span class=\"elementor-button-content-wrapper\">\n\t\t\t\t\t\t<span class=\"elementor-button-icon elementor-align-icon-left\">\n\t\t\t\t<i aria-hidden=\"true\" class=\"fas fa-file-pdf\"><\/i>\t\t\t<\/span>\n\t\t\t\t\t\t<span class=\"elementor-button-text\">PDF FILE<\/span>\n\t\t<\/span>\n\t\t\t\t\t<\/a>\n\t\t<\/div>\n\t\t\t\t<\/div>\n\t\t\t\t<\/div>\n\t\t\t\t\t<\/div>\n\t\t<\/div>\n\t\t\t\t\t\t\t<\/div>\n\t\t<\/section>\n\t\t\t\t<section class=\"elementor-section elementor-top-section elementor-element elementor-element-412f859 elementor-section-boxed elementor-section-height-default elementor-section-height-default\" data-id=\"412f859\" data-element_type=\"section\">\n\t\t\t\t\t\t<div class=\"elementor-container elementor-column-gap-default\">\n\t\t\t\t\t<div class=\"elementor-column elementor-col-100 elementor-top-column elementor-element elementor-element-3b5d135\" data-id=\"3b5d135\" data-element_type=\"column\">\n\t\t\t<div class=\"elementor-widget-wrap elementor-element-populated\">\n\t\t\t\t\t\t\t\t<div class=\"elementor-element elementor-element-358db99 elementor-widget elementor-widget-spacer\" data-id=\"358db99\" data-element_type=\"widget\" data-widget_type=\"spacer.default\">\n\t\t\t\t<div class=\"elementor-widget-container\">\n\t\t\t\t\t<div class=\"elementor-spacer\">\n\t\t\t<div class=\"elementor-spacer-inner\"><\/div>\n\t\t<\/div>\n\t\t\t\t<\/div>\n\t\t\t\t<\/div>\n\t\t\t\t<div class=\"elementor-element elementor-element-1abc5a4 elementor-widget elementor-widget-video\" data-id=\"1abc5a4\" data-element_type=\"widget\" data-settings=\"{&quot;youtube_url&quot;:&quot;https:\\\/\\\/youtu.be\\\/Jq-isddctSE&quot;,&quot;video_type&quot;:&quot;youtube&quot;,&quot;controls&quot;:&quot;yes&quot;}\" data-widget_type=\"video.default\">\n\t\t\t\t<div class=\"elementor-widget-container\">\n\t\t\t\t\t<div class=\"elementor-wrapper elementor-open-inline\">\n\t\t\t<div class=\"elementor-video\"><\/div>\t\t<\/div>\n\t\t\t\t<\/div>\n\t\t\t\t<\/div>\n\t\t\t\t\t<\/div>\n\t\t<\/div>\n\t\t\t\t\t\t\t<\/div>\n\t\t<\/section>\n\t\t<div class=\"elementor-element elementor-element-78cb545 e-flex e-con-boxed e-con\" data-id=\"78cb545\" data-element_type=\"container\" data-settings=\"{&quot;content_width&quot;:&quot;boxed&quot;}\">\n\t\t\t\t\t<div class=\"e-con-inner\">\n\t\t<div class=\"elementor-element elementor-element-ba6f6f1 e-flex e-con-boxed e-con\" data-id=\"ba6f6f1\" data-element_type=\"container\" data-settings=\"{&quot;content_width&quot;:&quot;boxed&quot;}\">\n\t\t\t\t\t<div class=\"e-con-inner\">\n\t\t\t\t<div class=\"elementor-element elementor-element-28d23bb elementor-widget elementor-widget-spacer\" data-id=\"28d23bb\" data-element_type=\"widget\" data-widget_type=\"spacer.default\">\n\t\t\t\t<div class=\"elementor-widget-container\">\n\t\t\t\t\t<div class=\"elementor-spacer\">\n\t\t\t<div class=\"elementor-spacer-inner\"><\/div>\n\t\t<\/div>\n\t\t\t\t<\/div>\n\t\t\t\t<\/div>\n\t\t\t\t<div class=\"elementor-element elementor-element-0753e92 elementor-align-center elementor-widget elementor-widget-button\" data-id=\"0753e92\" data-element_type=\"widget\" data-widget_type=\"button.default\">\n\t\t\t\t<div class=\"elementor-widget-container\">\n\t\t\t\t\t<div class=\"elementor-button-wrapper\">\n\t\t\t<a class=\"elementor-button elementor-button-link elementor-size-xl\" href=\"https:\/\/shop.lenotti.com\/de\/\">\n\t\t\t\t\t\t<span class=\"elementor-button-content-wrapper\">\n\t\t\t\t\t\t<span class=\"elementor-button-text\">KAUFEN<\/span>\n\t\t<\/span>\n\t\t\t\t\t<\/a>\n\t\t<\/div>\n\t\t\t\t<\/div>\n\t\t\t\t<\/div>\n\t\t\t\t\t<\/div>\n\t\t\t\t<\/div>\n\t\t\t\t\t<\/div>\n\t\t\t\t<\/div>\n\t\t\t\t\t\t\t<\/div>","protected":false},"excerpt":{"rendered":"<p style=\"text-align: left;\"><strong>Alkohol<\/strong>: 12.5% vol.<\/p>\n<p style=\"text-align: left;\"><strong>Anbaugebiet<\/strong>: Region: Veneto. H\u00fcgel mor\u00e4nischem Ursprungs am \u00f6stlichen Ufer des Gardasees.<\/p>\n<p style=\"text-align: left;\"><strong>Weintrauben<\/strong>: Rote Trauben: Corvina (50%) und Rebo (50%). Die Trauben werden ungef\u00e4hr zwei Wochen sp\u00e4ter als die gew\u00f6hnliche Ernte gelesen. Anbausystem: Spalieranbau und Guyot-Weinstockschnitt.<\/p>\n<p style=\"text-align: left;\"><strong>Boden<\/strong>: Lehmhaltiger Boden m\u00f6ranischem Ursprungs.<\/p>\n<p style=\"text-align: left;\"><strong>Weinbereitungssystem<\/strong>: Die Trauben werden leicht gepresst. Die Fermentierung erfolgt f\u00fcr 8-9 Tage unter st\u00e4ndiger Temperaturkontrolle (22-24\u00b0C.) in thermoklimatisierten Edelstahlbeh\u00e4ltern, um die Aromen der Fr\u00fcchte zu erhalten. Der Ausbau erfolgt ganz schonend im Edelstahltank.<\/p>\n<p style=\"text-align: left;\"><strong>Beschreibung<\/strong>: Fruchtiger, gut strukturierter Wein mit intensiver Farbe, trockenem Geschmack, k\u00f6rperreich und harmonisch, ohne Holzfassausbau.<\/p>\n<p style=\"text-align: left;\"><strong>Farbe<\/strong>: Tiefes dunkelrot.<\/p>\n<p style=\"text-align: left;\"><strong>Duft<\/strong>: Intensive, dunkelrote Farbe.<\/p>\n<p style=\"text-align: left;\"><strong>Geschmack<\/strong>: Intensiver Duft von reifen, roten, saftigen Fr\u00fcchten.<\/p>\n<p style=\"text-align: left;\"><strong>Trinktemperatur<\/strong>: Bei einer Temperatur von 17\u00b0 bis 18\u00b0 C. servieren.<\/p>\n<p style=\"text-align: left;\"><strong>Lagerung<\/strong>: Der Wein kann 3-4 Jahre in einem k\u00fchlen, trockenen und gut gel\u00fcfteten Raum aufbewahrt werden.<\/p>\n<p style=\"text-align: left;\"><strong>Serviervorschlag<\/strong>: Von Antipasti, Pasta, Pizza bis Fleisch und K\u00e4se eignet sich der Valsorda hervorragend.<\/p>","protected":false},"featured_media":992157,"template":"","meta":{"_mo_disable_npp":""},"product_brand":[],"product_cat":[50],"product_tag":[],"class_list":{"0":"post-988000","1":"product","2":"type-product","3":"status-publish","4":"has-post-thumbnail","6":"product_cat-vini-rossi","8":"first","9":"instock","10":"shipping-taxable","11":"product-type-simple"},"_links":{"self":[{"href":"https:\/\/www.lenotti.com\/de\/wp-json\/wp\/v2\/product\/988000","targetHints":{"allow":["GET"]}}],"collection":[{"href":"https:\/\/www.lenotti.com\/de\/wp-json\/wp\/v2\/product"}],"about":[{"href":"https:\/\/www.lenotti.com\/de\/wp-json\/wp\/v2\/types\/product"}],"version-history":[{"count":59,"href":"https:\/\/www.lenotti.com\/de\/wp-json\/wp\/v2\/product\/988000\/revisions"}],"predecessor-version":[{"id":1000186,"href":"https:\/\/www.lenotti.com\/de\/wp-json\/wp\/v2\/product\/988000\/revisions\/1000186"}],"wp:featuredmedia":[{"embeddable":true,"href":"https:\/\/www.lenotti.com\/de\/wp-json\/wp\/v2\/media\/992157"}],"wp:attachment":[{"href":"https:\/\/www.lenotti.com\/de\/wp-json\/wp\/v2\/media?parent=988000"}],"wp:term":[{"taxonomy":"product_brand","embeddable":true,"href":"https:\/\/www.lenotti.com\/de\/wp-json\/wp\/v2\/product_brand?post=988000"},{"taxonomy":"product_cat","embeddable":true,"href":"https:\/\/www.lenotti.com\/de\/wp-json\/wp\/v2\/product_cat?post=988000"},{"taxonomy":"product_tag","embeddable":true,"href":"https:\/\/www.lenotti.com\/de\/wp-json\/wp\/v2\/product_tag?post=988000"}],"curies":[{"name":"wp","href":"https:\/\/api.w.org\/{rel}","templated":true}]}}