{"id":987998,"date":"2021-04-29T15:51:26","date_gmt":"2021-04-29T13:51:26","guid":{"rendered":"http:\/\/lenotti.com\/product\/vigna-le-giare-collezione-bardolino-doc-copy\/"},"modified":"2024-11-27T08:17:58","modified_gmt":"2024-11-27T07:17:58","slug":"lenotti-bio-rosso","status":"publish","type":"product","link":"https:\/\/www.lenotti.com\/de\/product\/lenotti-bio-rosso\/","title":{"rendered":"Lenotti \u201cBIO\u201d Rosso"},"content":{"rendered":"<div data-elementor-type=\"product-post\" data-elementor-id=\"987998\" class=\"elementor elementor-987998\" data-elementor-post-type=\"product\">\n\t\t\t\t\t\t\t\t\t<section class=\"elementor-section elementor-top-section elementor-element elementor-element-4a724e9 elementor-section-boxed elementor-section-height-default elementor-section-height-default\" data-id=\"4a724e9\" data-element_type=\"section\">\n\t\t\t\t\t\t<div class=\"elementor-container elementor-column-gap-default\">\n\t\t\t\t\t<div class=\"elementor-column elementor-col-100 elementor-top-column elementor-element elementor-element-47444e8\" data-id=\"47444e8\" data-element_type=\"column\">\n\t\t\t<div class=\"elementor-widget-wrap elementor-element-populated\">\n\t\t\t\t\t\t\t\t<div class=\"elementor-element elementor-element-0579546 elementor-widget elementor-widget-toggle\" data-id=\"0579546\" data-element_type=\"widget\" data-widget_type=\"toggle.default\">\n\t\t\t\t<div class=\"elementor-widget-container\">\n\t\t\t\t\t<div class=\"elementor-toggle\">\n\t\t\t\t\t\t\t<div class=\"elementor-toggle-item\">\n\t\t\t\t\t<div id=\"elementor-tab-title-5731\" class=\"elementor-tab-title\" data-tab=\"1\" role=\"button\" aria-controls=\"elementor-tab-content-5731\" aria-expanded=\"false\">\n\t\t\t\t\t\t\t\t\t\t\t\t<span class=\"elementor-toggle-icon elementor-toggle-icon-left\" aria-hidden=\"true\">\n\t\t\t\t\t\t\t\t\t\t\t\t\t\t\t<span class=\"elementor-toggle-icon-closed\"><i class=\"fas fa-caret-right\"><\/i><\/span>\n\t\t\t\t\t\t\t\t<span class=\"elementor-toggle-icon-opened\"><i class=\"elementor-toggle-icon-opened fas fa-caret-up\"><\/i><\/span>\n\t\t\t\t\t\t\t\t\t\t\t\t\t<\/span>\n\t\t\t\t\t\t\t\t\t\t\t\t<a class=\"elementor-toggle-title\" tabindex=\"0\">TECHNISCHE DATEN<\/a>\n\t\t\t\t\t<\/div>\n\n\t\t\t\t\t<div id=\"elementor-tab-content-5731\" class=\"elementor-tab-content elementor-clearfix\" data-tab=\"1\" role=\"region\" aria-labelledby=\"elementor-tab-title-5731\"><table border=\"0\" width=\"100%\"><tbody><tr><td>Gesamts\u00e4ure:<\/td><td>5,60 g\/l<\/td><\/tr><tr><td>Zucker:<\/td><td>11,50 g\/l<\/td><\/tr><tr><td>Gesamt-SO2:<\/td><td>86 mg\/l<\/td><\/tr><tr><td>Freies SO2:<\/td><td>29 mg\/l<\/td><\/tr><tr><td>Netto-Trockenextrakt:<\/td><td>29,40 g\/l<\/td><\/tr><tr><td>Fl\u00fcchtige\/Volatile S\u00e4ure:<\/td><td><p>0,33 g\/l<\/p><\/td><\/tr><\/tbody><\/table><\/div>\n\t\t\t\t<\/div>\n\t\t\t\t\t\t\t<div class=\"elementor-toggle-item\">\n\t\t\t\t\t<div id=\"elementor-tab-title-5732\" class=\"elementor-tab-title\" data-tab=\"2\" role=\"button\" aria-controls=\"elementor-tab-content-5732\" aria-expanded=\"false\">\n\t\t\t\t\t\t\t\t\t\t\t\t<span class=\"elementor-toggle-icon elementor-toggle-icon-left\" aria-hidden=\"true\">\n\t\t\t\t\t\t\t\t\t\t\t\t\t\t\t<span class=\"elementor-toggle-icon-closed\"><i class=\"fas fa-caret-right\"><\/i><\/span>\n\t\t\t\t\t\t\t\t<span class=\"elementor-toggle-icon-opened\"><i class=\"elementor-toggle-icon-opened fas fa-caret-up\"><\/i><\/span>\n\t\t\t\t\t\t\t\t\t\t\t\t\t<\/span>\n\t\t\t\t\t\t\t\t\t\t\t\t<a class=\"elementor-toggle-title\" tabindex=\"0\">AUSZEICHNUNGEN UND ANERKENNUNGEN<\/a>\n\t\t\t\t\t<\/div>\n\n\t\t\t\t\t<div id=\"elementor-tab-content-5732\" class=\"elementor-tab-content elementor-clearfix\" data-tab=\"2\" role=\"region\" aria-labelledby=\"elementor-tab-title-5732\"><div class=\"vc_tta-panel-body\"><div class=\"vc_row wpb_row vc_inner vc_row-fluid\"><div class=\"wpb_column vc_column_container vc_col-sm-12\"><div class=\"vc_column-inner\"><div class=\"wpb_wrapper\"><div class=\"wpb_text_column wpb_content_element\"><div class=\"wpb_wrapper\"><table style=\"border-collapse: collapse; width: 100%; height: 112px;\"><tbody><tr style=\"height: 40px;\"><td style=\"width: 24.4681%; text-align: center; height: 40px;\">JAHRGANG<\/td><td style=\"width: 75.5319%; text-align: center; height: 40px;\">AUSZEICHNUNG<\/td><\/tr><tr style=\"height: 32px;\"><td style=\"width: 24.4681%; text-align: center; height: 32px;\">2020<\/td><td style=\"width: 75.5319%; height: 32px;\">ZERTIFIKAT F\u00dcR EXZELLENZ<strong><a href=\"https:\/\/www.lenotti.com\/wp-content\/uploads\/2022\/04\/Bio-Rosso-Lenotti.pdf\"> &#8220;GUIDA BIO 2022&#8221;<\/a><\/strong><\/td><\/tr><tr style=\"height: 40px;\"><td style=\"width: 24.4681%; text-align: center; height: 40px;\">2020<\/td><td style=\"width: 75.5319%; height: 40px;\"><a href=\"https:\/\/www.lenotti.com\/wp-content\/uploads\/2021\/12\/LUCA-MARONI-2022.pdf\" target=\"_blank\" rel=\"noopener\">92\/100 <strong>&#8220;LUCA MARONI 2022&#8221;<\/strong><\/a><\/td><\/tr><\/tbody><\/table><p>\u00a0<\/p><\/div><\/div><\/div><\/div><\/div><\/div><\/div><\/div>\n\t\t\t\t<\/div>\n\t\t\t\t\t\t\t\t<\/div>\n\t\t\t\t<\/div>\n\t\t\t\t<\/div>\n\t\t\t\t<div class=\"elementor-element elementor-element-c58a31b elementor-widget elementor-widget-button\" data-id=\"c58a31b\" data-element_type=\"widget\" data-widget_type=\"button.default\">\n\t\t\t\t<div class=\"elementor-widget-container\">\n\t\t\t\t\t<div class=\"elementor-button-wrapper\">\n\t\t\t<a class=\"elementor-button elementor-button-link elementor-size-md\" href=\"https:\/\/www.lenotti.com\/wp-content\/uploads\/2021\/11\/SCHEDA-PDF-BIO-DE.pdf\" target=\"_blank\">\n\t\t\t\t\t\t<span class=\"elementor-button-content-wrapper\">\n\t\t\t\t\t\t<span class=\"elementor-button-icon elementor-align-icon-left\">\n\t\t\t\t<i aria-hidden=\"true\" class=\"fas fa-file-pdf\"><\/i>\t\t\t<\/span>\n\t\t\t\t\t\t<span class=\"elementor-button-text\">PDF FILE<\/span>\n\t\t<\/span>\n\t\t\t\t\t<\/a>\n\t\t<\/div>\n\t\t\t\t<\/div>\n\t\t\t\t<\/div>\n\t\t\t\t\t<\/div>\n\t\t<\/div>\n\t\t\t\t\t\t\t<\/div>\n\t\t<\/section>\n\t\t<div class=\"elementor-element elementor-element-6a7bf2f e-flex e-con-boxed e-con\" data-id=\"6a7bf2f\" data-element_type=\"container\" data-settings=\"{&quot;content_width&quot;:&quot;boxed&quot;}\">\n\t\t\t\t\t<div class=\"e-con-inner\">\n\t\t<div class=\"elementor-element elementor-element-4b006bb e-flex e-con-boxed e-con\" data-id=\"4b006bb\" data-element_type=\"container\" data-settings=\"{&quot;content_width&quot;:&quot;boxed&quot;}\">\n\t\t\t\t\t<div class=\"e-con-inner\">\n\t\t\t\t<div class=\"elementor-element elementor-element-b5fb8c0 elementor-widget elementor-widget-spacer\" data-id=\"b5fb8c0\" data-element_type=\"widget\" data-widget_type=\"spacer.default\">\n\t\t\t\t<div class=\"elementor-widget-container\">\n\t\t\t\t\t<div class=\"elementor-spacer\">\n\t\t\t<div class=\"elementor-spacer-inner\"><\/div>\n\t\t<\/div>\n\t\t\t\t<\/div>\n\t\t\t\t<\/div>\n\t\t\t\t<div class=\"elementor-element elementor-element-8c02bce elementor-align-center elementor-widget elementor-widget-button\" data-id=\"8c02bce\" data-element_type=\"widget\" data-widget_type=\"button.default\">\n\t\t\t\t<div class=\"elementor-widget-container\">\n\t\t\t\t\t<div class=\"elementor-button-wrapper\">\n\t\t\t<a class=\"elementor-button elementor-button-link elementor-size-xl\" href=\"https:\/\/shop.lenotti.com\/de\/\">\n\t\t\t\t\t\t<span class=\"elementor-button-content-wrapper\">\n\t\t\t\t\t\t<span class=\"elementor-button-text\">KAUFEN<\/span>\n\t\t<\/span>\n\t\t\t\t\t<\/a>\n\t\t<\/div>\n\t\t\t\t<\/div>\n\t\t\t\t<\/div>\n\t\t\t\t\t<\/div>\n\t\t\t\t<\/div>\n\t\t\t\t\t<\/div>\n\t\t\t\t<\/div>\n\t\t\t\t\t\t\t<\/div>","protected":false},"excerpt":{"rendered":"<p style=\"text-align: left;\"><strong>Alkohol<\/strong>: 13% vol.<\/p>\n<p style=\"text-align: left;\"><strong>Anbaugebiet<\/strong>: Italia.<\/p>\n<p style=\"text-align: left;\"><strong>Weintrauben<\/strong>: Cuv\u00e9e aus biologischen Sangiovese und weiteren Bio-Trauben, wobei Sangiovese den Hauptbestandteil bildet.<\/p>\n<p style=\"text-align: left;\"><strong>Boden<\/strong>: Mor\u00e4nischer Boden mit den typischen Steinablagerungen.<\/p>\n<p style=\"text-align: left;\"><strong>Weinbereitungssystem<\/strong>: Die Trauben werden leicht gepresst. Die anschlie\u00dfende Fermentierung erfolgt f\u00fcr 6-8 Tage unter st\u00e4ndiger Temperaturkontrolle (22-24\u00b0C.). Der Ausbau erfolgt ganz schonend in thermoklimatisierten Edelstahlbeh\u00e4ltern.<\/p>\n<p style=\"text-align: left;\"><strong>Beschreibung<\/strong>: Trockener, k\u00f6rperreicher und samtiger Wein.<\/p>\n<p style=\"text-align: left;\"><strong>Farbe<\/strong>: Kr\u00e4ftiges rubinrot.<\/p>\n<p style=\"text-align: left;\"><strong>Duft<\/strong>: Trockener, k\u00f6rperreicher und samtiger Wein.<\/p>\n<p style=\"text-align: left;\"><strong>Geschmack<\/strong>: Aromen dunkler Fr\u00fcchte mit einem Hauch von Bittermandeln.<\/p>\n<p style=\"text-align: left;\"><strong>Trinktemperatur<\/strong>: Die ideale Trinktemperatur liegt bei 16-18\u00b0 C.<\/p>\n<p style=\"text-align: left;\"><strong>Lagerung<\/strong>: Der Wein kann 3-4 Jahre in einem k\u00fchlen, trockenen und gut gel\u00fcfteten Raum aufbewahrt werden.<\/p>\n<p style=\"text-align: left;\"><strong>Serviervorschlag<\/strong>: Wir empfehlen unseren Bio-Rosso zu Pasta, Fleisch und reifem K\u00e4se.<\/p>","protected":false},"featured_media":992155,"template":"","meta":{"_mo_disable_npp":""},"product_brand":[],"product_cat":[50],"product_tag":[],"class_list":{"0":"post-987998","1":"product","2":"type-product","3":"status-publish","4":"has-post-thumbnail","6":"product_cat-vini-rossi","8":"first","9":"instock","10":"shipping-taxable","11":"product-type-simple"},"_links":{"self":[{"href":"https:\/\/www.lenotti.com\/de\/wp-json\/wp\/v2\/product\/987998","targetHints":{"allow":["GET"]}}],"collection":[{"href":"https:\/\/www.lenotti.com\/de\/wp-json\/wp\/v2\/product"}],"about":[{"href":"https:\/\/www.lenotti.com\/de\/wp-json\/wp\/v2\/types\/product"}],"version-history":[{"count":38,"href":"https:\/\/www.lenotti.com\/de\/wp-json\/wp\/v2\/product\/987998\/revisions"}],"predecessor-version":[{"id":1000187,"href":"https:\/\/www.lenotti.com\/de\/wp-json\/wp\/v2\/product\/987998\/revisions\/1000187"}],"wp:featuredmedia":[{"embeddable":true,"href":"https:\/\/www.lenotti.com\/de\/wp-json\/wp\/v2\/media\/992155"}],"wp:attachment":[{"href":"https:\/\/www.lenotti.com\/de\/wp-json\/wp\/v2\/media?parent=987998"}],"wp:term":[{"taxonomy":"product_brand","embeddable":true,"href":"https:\/\/www.lenotti.com\/de\/wp-json\/wp\/v2\/product_brand?post=987998"},{"taxonomy":"product_cat","embeddable":true,"href":"https:\/\/www.lenotti.com\/de\/wp-json\/wp\/v2\/product_cat?post=987998"},{"taxonomy":"product_tag","embeddable":true,"href":"https:\/\/www.lenotti.com\/de\/wp-json\/wp\/v2\/product_tag?post=987998"}],"curies":[{"name":"wp","href":"https:\/\/api.w.org\/{rel}","templated":true}]}}