{"id":987996,"date":"2021-04-29T15:51:00","date_gmt":"2021-04-29T13:51:00","guid":{"rendered":"http:\/\/lenotti.com\/product\/vigna-le-giare-collezione-bardolino-doc-classico-luna-copy\/"},"modified":"2025-10-24T09:48:16","modified_gmt":"2025-10-24T07:48:16","slug":"vigna-le-giare-collezione-bardolino-doc","status":"publish","type":"product","link":"https:\/\/www.lenotti.com\/de\/product\/vigna-le-giare-collezione-bardolino-doc\/","title":{"rendered":"&#8220;Vigna Le Giare&#8221; Collezione Bardolino DOC Classico"},"content":{"rendered":"<div data-elementor-type=\"product-post\" data-elementor-id=\"987996\" class=\"elementor elementor-987996\" data-elementor-post-type=\"product\">\n\t\t\t\t\t\t\t\t\t<section class=\"elementor-section elementor-top-section elementor-element elementor-element-4a724e9 elementor-section-boxed elementor-section-height-default elementor-section-height-default\" data-id=\"4a724e9\" data-element_type=\"section\">\n\t\t\t\t\t\t<div class=\"elementor-container elementor-column-gap-default\">\n\t\t\t\t\t<div class=\"elementor-column elementor-col-100 elementor-top-column elementor-element elementor-element-47444e8\" data-id=\"47444e8\" data-element_type=\"column\">\n\t\t\t<div class=\"elementor-widget-wrap elementor-element-populated\">\n\t\t\t\t\t\t\t\t<div class=\"elementor-element elementor-element-0579546 elementor-widget elementor-widget-toggle\" data-id=\"0579546\" data-element_type=\"widget\" data-widget_type=\"toggle.default\">\n\t\t\t\t<div class=\"elementor-widget-container\">\n\t\t\t\t\t<div class=\"elementor-toggle\">\n\t\t\t\t\t\t\t<div class=\"elementor-toggle-item\">\n\t\t\t\t\t<div id=\"elementor-tab-title-5731\" class=\"elementor-tab-title\" data-tab=\"1\" role=\"button\" aria-controls=\"elementor-tab-content-5731\" aria-expanded=\"false\">\n\t\t\t\t\t\t\t\t\t\t\t\t<span class=\"elementor-toggle-icon elementor-toggle-icon-left\" aria-hidden=\"true\">\n\t\t\t\t\t\t\t\t\t\t\t\t\t\t\t<span class=\"elementor-toggle-icon-closed\"><i class=\"fas fa-caret-right\"><\/i><\/span>\n\t\t\t\t\t\t\t\t<span class=\"elementor-toggle-icon-opened\"><i class=\"elementor-toggle-icon-opened fas fa-caret-up\"><\/i><\/span>\n\t\t\t\t\t\t\t\t\t\t\t\t\t<\/span>\n\t\t\t\t\t\t\t\t\t\t\t\t<a class=\"elementor-toggle-title\" tabindex=\"0\">TECHNISCHE DATEN<\/a>\n\t\t\t\t\t<\/div>\n\n\t\t\t\t\t<div id=\"elementor-tab-content-5731\" class=\"elementor-tab-content elementor-clearfix\" data-tab=\"1\" role=\"region\" aria-labelledby=\"elementor-tab-title-5731\"><table border=\"0\" width=\"100%\"><tbody><tr><td>Gesamts\u00e4ure:<\/td><td>5.10 g\/l<\/td><\/tr><tr><td>Zucker:<\/td><td>8.00 g\/l<\/td><\/tr><tr><td>Gesamt-SO2:<\/td><td>89 mg\/l<\/td><\/tr><tr><td>Freies SO2:<\/td><td>28 mg\/l<\/td><\/tr><tr><td>Netto-Trockenextrakt:<\/td><td>24.5 g\/l<\/td><\/tr><tr><td>Fl\u00fcchtige\/Volatile S\u00e4ure:<\/td><td>0,26 g\/l<\/td><\/tr><\/tbody><\/table><\/div>\n\t\t\t\t<\/div>\n\t\t\t\t\t\t\t<div class=\"elementor-toggle-item\">\n\t\t\t\t\t<div id=\"elementor-tab-title-5732\" class=\"elementor-tab-title\" data-tab=\"2\" role=\"button\" aria-controls=\"elementor-tab-content-5732\" aria-expanded=\"false\">\n\t\t\t\t\t\t\t\t\t\t\t\t<span class=\"elementor-toggle-icon elementor-toggle-icon-left\" aria-hidden=\"true\">\n\t\t\t\t\t\t\t\t\t\t\t\t\t\t\t<span class=\"elementor-toggle-icon-closed\"><i class=\"fas fa-caret-right\"><\/i><\/span>\n\t\t\t\t\t\t\t\t<span class=\"elementor-toggle-icon-opened\"><i class=\"elementor-toggle-icon-opened fas fa-caret-up\"><\/i><\/span>\n\t\t\t\t\t\t\t\t\t\t\t\t\t<\/span>\n\t\t\t\t\t\t\t\t\t\t\t\t<a class=\"elementor-toggle-title\" tabindex=\"0\">AUSZEICHNUNGEN UND ANERKENNUNGEN<\/a>\n\t\t\t\t\t<\/div>\n\n\t\t\t\t\t<div id=\"elementor-tab-content-5732\" class=\"elementor-tab-content elementor-clearfix\" data-tab=\"2\" role=\"region\" aria-labelledby=\"elementor-tab-title-5732\"><div class=\"vc_tta-panel-body\"><div class=\"vc_row wpb_row vc_inner vc_row-fluid\"><div class=\"wpb_column vc_column_container vc_col-sm-12\"><div class=\"vc_column-inner\"><div class=\"wpb_wrapper\"><div id=\"elementor-tab-content-5732\" class=\"elementor-tab-content elementor-clearfix elementor-active\" role=\"tabpanel\" data-tab=\"2\" aria-labelledby=\"elementor-tab-title-5732\"><div class=\"vc_tta-panel-body\"><div class=\"vc_row wpb_row vc_inner vc_row-fluid\"><div class=\"wpb_column vc_column_container vc_col-sm-12\"><div class=\"vc_column-inner\"><div class=\"wpb_wrapper\"><div class=\"wpb_text_column wpb_content_element vc_custom_1592229787309\"><div class=\"wpb_wrapper\"><table style=\"border-collapse: collapse; width: 100%; height: 1531px;\"><tbody><tr style=\"height: 40px;\"><td style=\"width: 14.9007%; text-align: center; height: 40px;\">JAHRGANG<\/td><td style=\"width: 85.0993%; text-align: center; height: 40px;\">AUSZEICHNUNG<\/td><\/tr><tr><td style=\"width: 14.9007%; text-align: center;\">2023<\/td><td style=\"width: 85.0993%; text-align: left;\">2 GL\u00c4SER <a href=\"https:\/\/www.lenotti.com\/wp-content\/uploads\/2025\/10\/Gambero-Rosso-2026.jpg\" target=\"_blank\" rel=\"noopener\"><strong>&#8220;GAMBERO ROSSO 2026&#8221;<\/strong><\/a><\/td><\/tr><tr><td style=\"width: 14.9007%; text-align: center;\">2022<\/td><td style=\"width: 85.0993%; text-align: left;\">3 TRAUBEN <a href=\"https:\/\/www.lenotti.com\/wp-content\/uploads\/2025\/02\/5_grappoli_sardegna_bibenda_2025.jpg\" target=\"_blank\" rel=\"noopener\"><strong>&#8220;BIBENDA 2025&#8221;<\/strong><\/a><\/td><\/tr><tr><td style=\"width: 14.9007%; text-align: center;\">2022<\/td><td style=\"width: 85.0993%; text-align: left;\">89\/100 <a href=\"https:\/\/www.lenotti.com\/wp-content\/uploads\/2024\/11\/LE-GIARE-BARDOLINO-2022-Top-100-Vini-2025_01-scaled.jpg\" target=\"_blank\" rel=\"noopener\"><strong>\u201cTOP 100 \u2013 GUIDA AI VINI DI VERONA\u201d<\/strong><\/a><\/td><\/tr><tr><td style=\"width: 14.9007%; text-align: center;\">2022<\/td><td style=\"width: 85.0993%; text-align: left;\"><a class=\"fbx-link\" href=\"https:\/\/www.lenotti.com\/wp-content\/uploads\/2024\/10\/Luca-Maroni-2025_01-scaled.jpg\" target=\"_blank\" rel=\"noopener noreferrer\">93\/100 <strong>&#8220;LUCA MARONI 2025&#8221;<\/strong><\/a><\/td><\/tr><tr><td style=\"width: 14.9007%; text-align: center;\">2022<\/td><td style=\"width: 85.0993%; text-align: left;\">4 STERNE <a href=\"https:\/\/www.lenotti.com\/wp-content\/uploads\/2024\/10\/Vinibuoni-2025.png\" target=\"_blank\" rel=\"noopener\"><strong>&#8220;VINIBUONI D&#8217;ITALIA 2025&#8221;<\/strong><\/a><\/td><\/tr><tr><td style=\"width: 14.9007%; text-align: center;\">2022<\/td><td style=\"width: 85.0993%; text-align: left;\">3 HERZEN <a href=\"https:\/\/www.lenotti.com\/wp-content\/uploads\/2024\/06\/BARDOLINO-GIARE-2022-MERUM-scaled.jpg\" target=\"_blank\" rel=\"noopener\"><strong>&#8220;MERUM 2024&#8221;<\/strong><\/a><\/td><\/tr><tr><td style=\"width: 14.9007%; text-align: center;\">2021<\/td><td style=\"width: 85.0993%; text-align: left;\">3 TRAUBEN <a href=\"https:\/\/www.lenotti.com\/wp-content\/uploads\/2024\/02\/bibenda-2024-1.jpg\" target=\"_blank\" rel=\"noopener\"><strong>&#8220;BIBENDA 2024&#8221;<\/strong><\/a><\/td><\/tr><tr style=\"height: 51px;\"><td style=\"width: 14.9007%; text-align: center; height: 51px;\">2021<\/td><td style=\"width: 85.0993%; text-align: left; height: 51px;\">4 STERNE <a href=\"https:\/\/www.lenotti.com\/wp-content\/uploads\/2023\/10\/AMARONE-2018-BARDOLINO-GIARE-2021-CHIARETTO-DECUS-2022-RIPASSO-DECUS-2019-LE-CROSARE-2020-VIONIBUONI-2024.png\" target=\"_blank\" rel=\"noopener\"><strong>&#8220;VINIBUONI D&#8217;ITALIA 2024&#8221;<\/strong><\/a><\/td><\/tr><tr><td style=\"width: 14.9007%; text-align: center;\">2021<\/td><td style=\"width: 85.0993%; text-align: left;\">2 GL\u00c4SER <a href=\"https:\/\/www.lenotti.com\/wp-content\/uploads\/2023\/12\/1200x1200storetrebicchieri2024.jpg\" target=\"_blank\" rel=\"noopener\"><strong>&#8220;ROSSO PASSO 2024&#8221;<\/strong><\/a><\/td><\/tr><tr style=\"height: 40px;\"><td style=\"width: 14.9007%; text-align: center; height: 40px;\">2021<\/td><td style=\"width: 85.0993%; text-align: left; height: 40px;\">2 HERZEN<strong><a href=\"https:\/\/www.lenotti.com\/wp-content\/uploads\/2023\/06\/BARDOLINO-GIARE-2021-MERUM-2023-scaled.jpg\" target=\"_blank\" rel=\"noopener\"> \u201cMERUM 2023\u201d<\/a><\/strong><\/td><\/tr><tr style=\"height: 40px;\"><td style=\"width: 14.9007%; text-align: center; height: 40px;\">2020<\/td><td style=\"width: 85.0993%; text-align: left; height: 40px;\">2 HERZEN<strong><a href=\"https:\/\/www.lenotti.com\/wp-content\/uploads\/2022\/06\/BARDOLINO-GIARE-2020-2-CUORI-MERUM-2022.pdf\" target=\"_blank\" rel=\"noopener\"> \u201cMERUM 2022\u201d<\/a><\/strong><\/td><\/tr><tr style=\"height: 40px;\"><td style=\"width: 14.9007%; text-align: center; height: 40px;\">2018<\/td><td style=\"width: 85.0993%; text-align: left; height: 40px;\">2 HERZEN <strong><a href=\"https:\/\/www.lenotti.com\/wp-content\/uploads\/2021\/06\/BARDOLINO-GIARE-2018-MERUM-2020.pdf\" target=\"_blank\" rel=\"noopener\">\u201cMERUM 2020\u201d<\/a><\/strong><\/td><\/tr><tr style=\"height: 120px;\"><td style=\"width: 14.9007%; text-align: center; height: 120px;\">2012<\/td><td style=\"width: 85.0993%; text-align: left; height: 120px;\">GOLDMEDAILLE BEIM<strong><a class=\"foobox fbx-link fbx-instance\" href=\"https:\/\/www.lenotti.com\/wp-content\/uploads\/2021\/06\/lg-2012-medaglia-oro-2013.jpg\" target=\"_blank\" rel=\"noopener noreferrer\"> \u201cCONCORSO ENOLOGICO BARDOLINO 2013\u201d<\/a><\/strong><\/td><\/tr><tr style=\"height: 80px;\"><td style=\"width: 14.9007%; text-align: center; height: 80px;\">2011<\/td><td style=\"width: 85.0993%; text-align: left; height: 80px;\">1 GLAS<strong><a class=\"fbx-link\" href=\"https:\/\/www.lenotti.com\/wp-content\/uploads\/2021\/06\/lg-2011-1-bicchiere-2013.jpg\" target=\"_blank\" rel=\"noopener noreferrer\"> &#8220;GAMBERO ROSSO 2013&#8221;<\/a><\/strong><\/td><\/tr><tr style=\"height: 80px;\"><td style=\"width: 14.9007%; text-align: center; height: 80px;\">2011<\/td><td style=\"width: 85.0993%; text-align: left; height: 80px;\">3 TRAUBEN <strong><a class=\"fbx-link\" href=\"https:\/\/www.lenotti.com\/wp-content\/uploads\/2021\/06\/lg-2011-3-grappoli-2013.jpg\" target=\"_blank\" rel=\"noopener noreferrer\">&#8220;DUEMILAVINI AIS 2013&#8221;<\/a><\/strong><\/td><\/tr><tr style=\"height: 40px;\"><td style=\"width: 14.9007%; text-align: center; height: 40px;\">2009<\/td><td style=\"width: 85.0993%; text-align: left; height: 40px;\"><a class=\"fbx-link\" href=\"https:\/\/www.lenotti.com\/wp-content\/uploads\/2021\/06\/lg-2009-veronelli-2011.jpg\" target=\"_blank\" rel=\"noopener noreferrer\">84\/100 <strong>&#8220;VERONELLI 2011&#8221;<\/strong><\/a><\/td><\/tr><tr style=\"height: 40px;\"><td style=\"width: 14.9007%; text-align: center; height: 40px;\">2008<\/td><td style=\"width: 85.0993%; text-align: left; height: 40px;\"><a class=\"fbx-link\" href=\"https:\/\/www.lenotti.com\/wp-content\/uploads\/2021\/06\/lg-2008-luca-maroni-2011.jpg\" target=\"_blank\" rel=\"noopener noreferrer\">83\/100 <strong>&#8220;LUCA MARONI 2011&#8221;<\/strong><\/a><\/td><\/tr><tr style=\"height: 40px;\"><td style=\"width: 14.9007%; text-align: center; height: 40px;\">2007<\/td><td style=\"width: 85.0993%; text-align: left; height: 40px;\">1 STERN<strong><a class=\"fbx-link\" href=\"https:\/\/www.lenotti.com\/wp-content\/uploads\/2021\/06\/lg-2007-veronelli-2010.jpg\" target=\"_blank\" rel=\"noopener noreferrer\"> &#8220;VERONELLI 2010&#8221;<\/a><\/strong><\/td><\/tr><tr style=\"height: 80px;\"><td style=\"width: 14.9007%; text-align: center; height: 80px;\">2007<\/td><td style=\"width: 85.0993%; text-align: left; height: 80px;\">MEDAGLIA D\u2019ORO ALLA<strong><a class=\"fbx-link\" href=\"https:\/\/www.lenotti.com\/wp-content\/uploads\/2021\/06\/lg-2007-medaglia-oro-2008.jpg\" target=\"_blank\" rel=\"noopener noreferrer\"> \u201cFESTA DELL\u2019UVA 2008\u201d<\/a><\/strong><\/td><\/tr><tr style=\"height: 40px;\"><td style=\"width: 14.9007%; text-align: center; height: 40px;\">2003<\/td><td style=\"width: 85.0993%; text-align: left; height: 40px;\"><a class=\"fbx-link\" href=\"https:\/\/www.lenotti.com\/wp-content\/uploads\/2021\/06\/lg-2003-veronelli-2005.jpg\" target=\"_blank\" rel=\"noopener noreferrer\">83\/100 <strong>&#8220;VERONELLI 2005&#8221;<\/strong><\/a><\/td><\/tr><tr style=\"height: 40px;\"><td style=\"width: 14.9007%; text-align: center; height: 40px;\">2003<\/td><td style=\"width: 85.0993%; text-align: left; height: 40px;\"><a class=\"fbx-link\" href=\"https:\/\/www.lenotti.com\/wp-content\/uploads\/2021\/06\/lg-2003-luca-maroni-2005.jpg\" target=\"_blank\" rel=\"noopener noreferrer\">74\/100 <strong>&#8220;LUCA MARONI 2005&#8221;<\/strong><\/a><\/td><\/tr><tr style=\"height: 80px;\"><td style=\"width: 14.9007%; text-align: center; height: 80px;\">2003<\/td><td style=\"width: 85.0993%; text-align: left; height: 80px;\">3 TRAUBEN <strong><a class=\"fbx-link\" href=\"https:\/\/www.lenotti.com\/wp-content\/uploads\/2021\/06\/lg-2003-duemilavini-2005.jpg\" target=\"_blank\" rel=\"noopener noreferrer\">&#8220;DUEMILAVINI AIS 2005&#8221;<\/a><\/strong><\/td><\/tr><tr style=\"height: 120px;\"><td style=\"width: 14.9007%; text-align: center; height: 120px;\">2003<\/td><td style=\"width: 85.0993%; text-align: left; height: 120px;\">MEDAGLIA D\u2019ORO ALLA<strong><a class=\"fbx-link\" href=\"https:\/\/www.lenotti.com\/wp-content\/uploads\/2021\/06\/lg-2003-medaglia-oro-2004.jpg\" target=\"_blank\" rel=\"noopener noreferrer\"> &#8220;75\u00b0 FESTA DEL VINO BARDOLINO 2004&#8221;<\/a><\/strong><\/td><\/tr><tr style=\"height: 40px;\"><td style=\"width: 14.9007%; text-align: center; height: 40px;\">2002<\/td><td style=\"width: 85.0993%; text-align: left; height: 40px;\"><a class=\"fbx-link\" href=\"https:\/\/www.lenotti.com\/wp-content\/uploads\/2021\/06\/lg-2002-veronelli-2004.jpg\" target=\"_blank\" rel=\"noopener noreferrer\">84\/100 <strong>&#8220;VERONELLI 2004&#8221;<\/strong><\/a><\/td><\/tr><tr style=\"height: 40px;\"><td style=\"width: 14.9007%; text-align: center; height: 40px;\">2002<\/td><td style=\"width: 85.0993%; text-align: left; height: 40px;\">1 FLASCHE<strong><a class=\"fbx-link\" href=\"https:\/\/www.lenotti.com\/wp-content\/uploads\/2021\/06\/lg-2002-i-bottiglia-2004.jpg\" target=\"_blank\" rel=\"noopener noreferrer\"> &#8220;ESPRESSO 2004&#8221;<\/a><\/strong><\/td><\/tr><tr style=\"height: 80px;\"><td style=\"width: 14.9007%; text-align: center; height: 80px;\">2002<\/td><td style=\"width: 85.0993%; text-align: left; height: 80px;\">3 TRAUBEN <strong><a class=\"fbx-link\" href=\"https:\/\/www.lenotti.com\/wp-content\/uploads\/2021\/06\/lg-2002-3-grappoli-2004.jpg\" target=\"_blank\" rel=\"noopener noreferrer\">&#8220;DUEMILAVINI AIS 2004&#8221;<\/a><\/strong><\/td><\/tr><tr style=\"height: 40px;\"><td style=\"width: 14.9007%; text-align: center; height: 40px;\">2001<\/td><td style=\"width: 85.0993%; text-align: left; height: 40px;\"><a class=\"fbx-link\" href=\"https:\/\/www.lenotti.com\/wp-content\/uploads\/2021\/06\/lg-2001-veronelli-2003.jpg\" target=\"_blank\" rel=\"noopener noreferrer\">85\/100 <strong>&#8220;VERONELLI 2003&#8221;<\/strong><\/a><\/td><\/tr><tr style=\"height: 120px;\"><td style=\"width: 14.9007%; text-align: center; height: 120px;\">2000<\/td><td style=\"width: 85.0993%; text-align: left; height: 120px;\">MEDAGLIA D\u2019ORO ALLA<strong><a class=\"fbx-link\" href=\"https:\/\/www.lenotti.com\/wp-content\/uploads\/2021\/06\/lg-2000-medaglia-oro-2001.jpg\" target=\"_blank\" rel=\"noopener noreferrer\"> &#8220;72\u00b0 FESTA DEL VINO BARDOLINO <\/a><a class=\"fbx-link\" href=\"https:\/\/www.lenotti.com\/wp-content\/uploads\/2021\/06\/lg-2000-medaglia-oro-2001.jpg\" target=\"_blank\" rel=\"noopener noreferrer\">2001<\/a><a class=\"fbx-link\" href=\"https:\/\/www.lenotti.com\/wp-content\/uploads\/2021\/06\/lg-2000-medaglia-oro-2001.jpg\" target=\"_blank\" rel=\"noopener noreferrer\">&#8220;<\/a><\/strong><\/td><\/tr><tr style=\"height: 120px;\"><td style=\"width: 14.9007%; text-align: center; height: 120px;\">1998<\/td><td style=\"width: 85.0993%; text-align: left; height: 120px;\">MEDAGLIA D\u2019ORO ALLA<strong><a class=\"fbx-link\" href=\"https:\/\/www.lenotti.com\/wp-content\/uploads\/2021\/06\/lg-1998-medaglia-oro-1999.jpg\" target=\"_blank\" rel=\"noopener noreferrer\"> &#8220;70\u00b0 FESTA DEL VINO BARDOLINO 1999&#8221;<\/a><\/strong><\/td><\/tr><tr style=\"height: 120px;\"><td style=\"width: 14.9007%; text-align: center; height: 120px;\">1996<\/td><td style=\"width: 85.0993%; text-align: left; height: 120px;\">MEDAGLIA D\u2019ORO ALLA<strong><a class=\"fbx-link\" href=\"https:\/\/www.lenotti.com\/wp-content\/uploads\/2021\/06\/lg-1996-medaglia-oro-scaled.jpg\" target=\"_blank\" rel=\"noopener noreferrer\"> \u201c67\u00b0 FESTA DEL VINO BARDOLINO DOC\u201d<\/a><\/strong><\/td><\/tr><\/tbody><\/table><\/div><\/div><div class=\"wpb_text_column wpb_content_element vc_custom_1505126294317\"><div class=\"wpb_wrapper\">\u00a0<\/div><\/div><div class=\"wpb_text_column wpb_content_element vc_custom_1505126371293\"><div class=\"wpb_wrapper\">\u00a0<\/div><\/div><\/div><\/div><\/div><\/div><\/div><\/div><\/div><\/div><\/div><\/div><\/div><\/div>\n\t\t\t\t<\/div>\n\t\t\t\t\t\t\t<div class=\"elementor-toggle-item\">\n\t\t\t\t\t<div id=\"elementor-tab-title-5733\" class=\"elementor-tab-title\" data-tab=\"3\" role=\"button\" aria-controls=\"elementor-tab-content-5733\" aria-expanded=\"false\">\n\t\t\t\t\t\t\t\t\t\t\t\t<span class=\"elementor-toggle-icon elementor-toggle-icon-left\" aria-hidden=\"true\">\n\t\t\t\t\t\t\t\t\t\t\t\t\t\t\t<span class=\"elementor-toggle-icon-closed\"><i class=\"fas fa-caret-right\"><\/i><\/span>\n\t\t\t\t\t\t\t\t<span class=\"elementor-toggle-icon-opened\"><i class=\"elementor-toggle-icon-opened fas fa-caret-up\"><\/i><\/span>\n\t\t\t\t\t\t\t\t\t\t\t\t\t<\/span>\n\t\t\t\t\t\t\t\t\t\t\t\t<a class=\"elementor-toggle-title\" tabindex=\"0\">DIE GESCHICHTE DES NAMENS DIESES WEINES<\/a>\n\t\t\t\t\t<\/div>\n\n\t\t\t\t\t<div id=\"elementor-tab-content-5733\" class=\"elementor-tab-content elementor-clearfix\" data-tab=\"3\" role=\"region\" aria-labelledby=\"elementor-tab-title-5733\"><p>\u201cLe Giare\u201d ist der Name des Weinbergs, auf dem die, f\u00fcr diesen speziellen Rotwein verwendeten Trauben in sehr begrenzten Mengen wachsen. \u201cLe Giara\u201d bedeutet in unserem lokalen Dialekt \u201cder gro\u00dfer Stein\u201d. \u201cWeingut Le Giare\u201d ist also \u201cder Weinberg der gro\u00dfen Steine\u201d. Dieser Name r\u00fchrt daher, dass es in diesem Gebiet vor Millionen von Jahren einen Fluss gab, der von den H\u00fcgeln zum See floss. Der Fluss existiert immer noch, ist aber heute sehr viel kleiner und hat hier viele gro\u00dfe, runde Steine hinterlassen, die heute noch zum Bau von Mauern verwendet werden. In unserem Weinberg werden tats\u00e4chlich alle St\u00fctzmauern mit unseren eigenen Steinen gebaut\u2026oder besser\u2026.mit unseren eigenen \u201cgiare\u201d!!!<\/p><\/div>\n\t\t\t\t<\/div>\n\t\t\t\t\t\t\t\t<\/div>\n\t\t\t\t<\/div>\n\t\t\t\t<\/div>\n\t\t\t\t<div class=\"elementor-element elementor-element-c58a31b elementor-widget elementor-widget-button\" data-id=\"c58a31b\" data-element_type=\"widget\" data-widget_type=\"button.default\">\n\t\t\t\t<div class=\"elementor-widget-container\">\n\t\t\t\t\t<div class=\"elementor-button-wrapper\">\n\t\t\t<a class=\"elementor-button elementor-button-link elementor-size-md\" href=\"https:\/\/www.lenotti.com\/wp-content\/uploads\/2024\/03\/DEU-Bardolino-Giare-Piccola-Technical-sheet.pdf\" target=\"_blank\">\n\t\t\t\t\t\t<span class=\"elementor-button-content-wrapper\">\n\t\t\t\t\t\t<span class=\"elementor-button-icon elementor-align-icon-left\">\n\t\t\t\t<i aria-hidden=\"true\" class=\"fas fa-file-pdf\"><\/i>\t\t\t<\/span>\n\t\t\t\t\t\t<span class=\"elementor-button-text\">PDF FILE<\/span>\n\t\t<\/span>\n\t\t\t\t\t<\/a>\n\t\t<\/div>\n\t\t\t\t<\/div>\n\t\t\t\t<\/div>\n\t\t\t\t\t<\/div>\n\t\t<\/div>\n\t\t\t\t\t\t\t<\/div>\n\t\t<\/section>\n\t\t<div class=\"elementor-element elementor-element-c550eb8 e-flex e-con-boxed e-con\" data-id=\"c550eb8\" data-element_type=\"container\" data-settings=\"{&quot;content_width&quot;:&quot;boxed&quot;}\">\n\t\t\t\t\t<div class=\"e-con-inner\">\n\t\t<div class=\"elementor-element elementor-element-5c42780 e-flex e-con-boxed e-con\" data-id=\"5c42780\" data-element_type=\"container\" data-settings=\"{&quot;content_width&quot;:&quot;boxed&quot;}\">\n\t\t\t\t\t<div class=\"e-con-inner\">\n\t\t\t\t<div class=\"elementor-element elementor-element-6dc2675 elementor-widget elementor-widget-spacer\" data-id=\"6dc2675\" data-element_type=\"widget\" data-widget_type=\"spacer.default\">\n\t\t\t\t<div class=\"elementor-widget-container\">\n\t\t\t\t\t<div class=\"elementor-spacer\">\n\t\t\t<div class=\"elementor-spacer-inner\"><\/div>\n\t\t<\/div>\n\t\t\t\t<\/div>\n\t\t\t\t<\/div>\n\t\t\t\t<div class=\"elementor-element elementor-element-fe90299 elementor-align-center elementor-widget elementor-widget-button\" data-id=\"fe90299\" data-element_type=\"widget\" data-widget_type=\"button.default\">\n\t\t\t\t<div class=\"elementor-widget-container\">\n\t\t\t\t\t<div class=\"elementor-button-wrapper\">\n\t\t\t<a class=\"elementor-button elementor-button-link elementor-size-xl\" href=\"https:\/\/shop.lenotti.com\/de\/\">\n\t\t\t\t\t\t<span class=\"elementor-button-content-wrapper\">\n\t\t\t\t\t\t<span class=\"elementor-button-text\">KAUFEN<\/span>\n\t\t<\/span>\n\t\t\t\t\t<\/a>\n\t\t<\/div>\n\t\t\t\t<\/div>\n\t\t\t\t<\/div>\n\t\t\t\t\t<\/div>\n\t\t\t\t<\/div>\n\t\t\t\t\t<\/div>\n\t\t\t\t<\/div>\n\t\t\t\t\t\t\t<\/div>","protected":false},"excerpt":{"rendered":"<p style=\"text-align: left;\"><strong>Alkohol<\/strong>: 12% vol.<\/p>\n<p style=\"text-align: left;\"><strong>Anbaugebiet<\/strong>: Region: Veneto. Der Weinberg Le Giare befindet sich in Bardolino, im typischen H\u00fcgelgebiet der \u00f6stlichen Seite des Gardasees.<\/p>\n<p style=\"text-align: left;\"><strong>Weintrauben<\/strong>: Der Wein wird aus roten Trauben und nur in einer begrenzten Menge hergestellt: Corvina (65%), Rondinella (25%) und andere (10%). Der Anbau erfolgt in Dachlaubenerziehung.<\/p>\n<p style=\"text-align: left;\"><strong>Boden<\/strong>: Besonders steiniger Boden (daraus stammt der Name \u201cLe Giare\u201d, \u2013 \u201cdie Steine\u201d) mor\u00e4nischem Ursprungs.<\/p>\n<p style=\"text-align: left;\"><strong>Weinbereitungssystem<\/strong>: Die von uns extra selektierten Trauben der Rebsorte \u201cLe Giare\u201d werden leicht gepresst. Das Fermentieren erfolgt f\u00fcr 5-6 Tagen unter einer kontrollierten Temperatur (18-20\u00b0C.) in thermoklimatisierten Edelstahlbeh\u00e4ltern.<\/p>\n<p style=\"text-align: left;\"><strong>Beschreibung<\/strong>: Trockener, fruchtiger, harmonischer und leichter Wein, das Ergebnis der besten Traubenauswahl aus unserem Weinberg.<\/p>\n<p style=\"text-align: left;\"><strong>Farbe<\/strong>: Helles rubinrot.<\/p>\n<p style=\"text-align: left;\"><strong>Duft<\/strong>: Frische, fruchtige Aromen.<\/p>\n<p style=\"text-align: left;\"><strong>Geschmack<\/strong>: Angenehm trockener, frischer und harmonischer Rotwein.<\/p>\n<p style=\"text-align: left;\"><strong>Trinktemperatur<\/strong>: 15-16\u00b0C.<\/p>\n<p style=\"text-align: left;\"><strong>Lagerung<\/strong>: Soll jung getrunken und in einem gut gel\u00fcfteten, trockenen und dunklen Raum aufbewahrt werden.<\/p>\n<p style=\"text-align: left;\"><strong>Serviervorschlag<\/strong>: Ein hervorragender Essensbegleiter, der zu vielen Gerichten passt.<\/p>","protected":false},"featured_media":992154,"template":"","meta":{"_mo_disable_npp":""},"product_brand":[],"product_cat":[50],"product_tag":[],"class_list":{"0":"post-987996","1":"product","2":"type-product","3":"status-publish","4":"has-post-thumbnail","6":"product_cat-vini-rossi","8":"first","9":"instock","10":"shipping-taxable","11":"product-type-simple"},"_links":{"self":[{"href":"https:\/\/www.lenotti.com\/de\/wp-json\/wp\/v2\/product\/987996","targetHints":{"allow":["GET"]}}],"collection":[{"href":"https:\/\/www.lenotti.com\/de\/wp-json\/wp\/v2\/product"}],"about":[{"href":"https:\/\/www.lenotti.com\/de\/wp-json\/wp\/v2\/types\/product"}],"version-history":[{"count":81,"href":"https:\/\/www.lenotti.com\/de\/wp-json\/wp\/v2\/product\/987996\/revisions"}],"predecessor-version":[{"id":1001981,"href":"https:\/\/www.lenotti.com\/de\/wp-json\/wp\/v2\/product\/987996\/revisions\/1001981"}],"wp:featuredmedia":[{"embeddable":true,"href":"https:\/\/www.lenotti.com\/de\/wp-json\/wp\/v2\/media\/992154"}],"wp:attachment":[{"href":"https:\/\/www.lenotti.com\/de\/wp-json\/wp\/v2\/media?parent=987996"}],"wp:term":[{"taxonomy":"product_brand","embeddable":true,"href":"https:\/\/www.lenotti.com\/de\/wp-json\/wp\/v2\/product_brand?post=987996"},{"taxonomy":"product_cat","embeddable":true,"href":"https:\/\/www.lenotti.com\/de\/wp-json\/wp\/v2\/product_cat?post=987996"},{"taxonomy":"product_tag","embeddable":true,"href":"https:\/\/www.lenotti.com\/de\/wp-json\/wp\/v2\/product_tag?post=987996"}],"curies":[{"name":"wp","href":"https:\/\/api.w.org\/{rel}","templated":true}]}}