{"id":987988,"date":"2021-04-29T15:46:25","date_gmt":"2021-04-29T13:46:25","guid":{"rendered":"http:\/\/lenotti.com\/product\/valsorda-veneto-igp-rosso-copy\/"},"modified":"2024-11-27T08:19:22","modified_gmt":"2024-11-27T07:19:22","slug":"rosso-passo-veneto-igt-rosso","status":"publish","type":"product","link":"https:\/\/www.lenotti.com\/de\/product\/rosso-passo-veneto-igt-rosso\/","title":{"rendered":"\u201cRosso Passo\u201d Veneto IGT Rosso"},"content":{"rendered":"<div data-elementor-type=\"product-post\" data-elementor-id=\"987988\" class=\"elementor elementor-987988\" data-elementor-post-type=\"product\">\n\t\t\t\t\t\t\t\t\t<section class=\"elementor-section elementor-top-section elementor-element elementor-element-4a724e9 elementor-section-boxed elementor-section-height-default elementor-section-height-default\" data-id=\"4a724e9\" data-element_type=\"section\">\n\t\t\t\t\t\t<div class=\"elementor-container elementor-column-gap-default\">\n\t\t\t\t\t<div class=\"elementor-column elementor-col-100 elementor-top-column elementor-element elementor-element-47444e8\" data-id=\"47444e8\" data-element_type=\"column\">\n\t\t\t<div class=\"elementor-widget-wrap elementor-element-populated\">\n\t\t\t\t\t\t\t\t<div class=\"elementor-element elementor-element-0579546 elementor-widget elementor-widget-toggle\" data-id=\"0579546\" data-element_type=\"widget\" data-widget_type=\"toggle.default\">\n\t\t\t\t<div class=\"elementor-widget-container\">\n\t\t\t\t\t<div class=\"elementor-toggle\">\n\t\t\t\t\t\t\t<div class=\"elementor-toggle-item\">\n\t\t\t\t\t<div id=\"elementor-tab-title-5731\" class=\"elementor-tab-title\" data-tab=\"1\" role=\"button\" aria-controls=\"elementor-tab-content-5731\" aria-expanded=\"false\">\n\t\t\t\t\t\t\t\t\t\t\t\t<span class=\"elementor-toggle-icon elementor-toggle-icon-left\" aria-hidden=\"true\">\n\t\t\t\t\t\t\t\t\t\t\t\t\t\t\t<span class=\"elementor-toggle-icon-closed\"><i class=\"fas fa-caret-right\"><\/i><\/span>\n\t\t\t\t\t\t\t\t<span class=\"elementor-toggle-icon-opened\"><i class=\"elementor-toggle-icon-opened fas fa-caret-up\"><\/i><\/span>\n\t\t\t\t\t\t\t\t\t\t\t\t\t<\/span>\n\t\t\t\t\t\t\t\t\t\t\t\t<a class=\"elementor-toggle-title\" tabindex=\"0\">TECHNISCHE DATEN<\/a>\n\t\t\t\t\t<\/div>\n\n\t\t\t\t\t<div id=\"elementor-tab-content-5731\" class=\"elementor-tab-content elementor-clearfix\" data-tab=\"1\" role=\"region\" aria-labelledby=\"elementor-tab-title-5731\"><table border=\"0\" width=\"100%\"><tbody><tr><td>Gesamts\u00e4ure:<\/td><td>5.20 g\/l<\/td><\/tr><tr><td>Zucker:<\/td><td>10.0 g\/l<\/td><\/tr><tr><td>Gesamt-SO2:<\/td><td>95 mg\/l<\/td><\/tr><tr><td>Freies SO2:<\/td><td>28 mg\/l<\/td><\/tr><tr><td>Netto-Trockenextrakt:<\/td><td>27.5 g\/l<\/td><\/tr><tr><td>Fl\u00fcchtige\/Volatile S\u00e4ure:<\/td><td>0.36 g\/l<\/td><\/tr><\/tbody><\/table><\/div>\n\t\t\t\t<\/div>\n\t\t\t\t\t\t\t<div class=\"elementor-toggle-item\">\n\t\t\t\t\t<div id=\"elementor-tab-title-5732\" class=\"elementor-tab-title\" data-tab=\"2\" role=\"button\" aria-controls=\"elementor-tab-content-5732\" aria-expanded=\"false\">\n\t\t\t\t\t\t\t\t\t\t\t\t<span class=\"elementor-toggle-icon elementor-toggle-icon-left\" aria-hidden=\"true\">\n\t\t\t\t\t\t\t\t\t\t\t\t\t\t\t<span class=\"elementor-toggle-icon-closed\"><i class=\"fas fa-caret-right\"><\/i><\/span>\n\t\t\t\t\t\t\t\t<span class=\"elementor-toggle-icon-opened\"><i class=\"elementor-toggle-icon-opened fas fa-caret-up\"><\/i><\/span>\n\t\t\t\t\t\t\t\t\t\t\t\t\t<\/span>\n\t\t\t\t\t\t\t\t\t\t\t\t<a class=\"elementor-toggle-title\" tabindex=\"0\">AUSZEICHNUNGEN UND ANERKENNUNGEN<\/a>\n\t\t\t\t\t<\/div>\n\n\t\t\t\t\t<div id=\"elementor-tab-content-5732\" class=\"elementor-tab-content elementor-clearfix\" data-tab=\"2\" role=\"region\" aria-labelledby=\"elementor-tab-title-5732\"><div class=\"vc_tta-panel-body\"><div class=\"vc_row wpb_row vc_inner vc_row-fluid\"><div class=\"wpb_column vc_column_container vc_col-sm-12\"><div class=\"vc_column-inner\"><div class=\"wpb_wrapper\"><div class=\"wpb_text_column wpb_content_element vc_custom_1614874974882\"><div class=\"wpb_wrapper\"><table style=\"border-collapse: collapse; width: 100%; height: 290px;\"><tbody><tr style=\"height: 40px;\"><td style=\"width: 24.2553%; text-align: center; height: 40px;\">JAHRGANG<\/td><td style=\"width: 75.7447%; text-align: center; height: 40px;\">AUSZEICHNUNG<\/td><\/tr><tr style=\"height: 10px;\"><td style=\"width: 24.2553%; text-align: center; height: 10px;\">2020<\/td><td style=\"width: 75.7447%; height: 10px;\">3 TRAUBEN <a href=\"https:\/\/www.lenotti.com\/wp-content\/uploads\/2023\/02\/mini-thumb-2023-bibenda.jpg\"><strong>&#8220;BIBENDA 2023&#8221;<\/strong><\/a><\/td><\/tr><tr style=\"height: 40px;\"><td style=\"width: 24.2553%; text-align: center; height: 40px;\">2019<\/td><td style=\"width: 75.7447%; height: 40px;\">3 TRAUBEN<a href=\"https:\/\/www.lenotti.com\/wp-content\/uploads\/2022\/01\/Bibenda_2022_CinqueGrappoli_SommelierLife.jpg\"><strong>&#8220;BIBENDA 2022&#8221;<\/strong><\/a><\/td><\/tr><tr style=\"height: 40px;\"><td style=\"width: 24.2553%; text-align: center; height: 40px;\">2018<\/td><td style=\"width: 75.7447%; height: 40px;\">3 TRAUBEN <a href=\"https:\/\/www.lenotti.com\/wp-content\/uploads\/2021\/06\/00_banner_5Grappoli2021_tracciato_ROSSO-scaled.jpg\" target=\"_blank\" rel=\"noopener\"><strong>\u201cBIBENDA AIS 2021\u201d<\/strong><\/a><\/td><\/tr><tr style=\"height: 40px;\"><td style=\"width: 24.2553%; text-align: center; height: 40px;\">2017<\/td><td style=\"width: 75.7447%; height: 40px;\">3 TRAUBEN <a href=\"https:\/\/www.lenotti.com\/wp-content\/uploads\/2021\/06\/bibenda2020-1.png\"><strong>\u201cBIBENDA AIS 2020\u201d<\/strong><\/a><\/td><\/tr><tr style=\"height: 40px;\"><td style=\"width: 24.2553%; text-align: center; height: 40px;\">2016<\/td><td style=\"width: 75.7447%; height: 40px;\"><a href=\"https:\/\/www.lenotti.com\/wp-content\/uploads\/2021\/06\/bibenda-2018-3.jpg\">3 TRAUBEN <strong>\u201cBIBENDA AIS 2018\u201d<\/strong><\/a><\/td><\/tr><tr style=\"height: 40px;\"><td style=\"width: 24.2553%; text-align: center; height: 40px;\">2016<\/td><td style=\"width: 75.7447%; height: 40px;\"><a class=\"foobox fbx-link fbx-instance\" href=\"https:\/\/www.lenotti.com\/wp-content\/uploads\/2021\/06\/550logo.jpg\" target=\"_blank\" rel=\"noopener noreferrer\">92\/100 <strong>\u201cLUCA MARONI 2018\u201d<\/strong><\/a><\/td><\/tr><tr style=\"height: 40px;\"><td style=\"width: 24.2553%; text-align: center; height: 40px;\">2009<\/td><td style=\"width: 75.7447%; height: 40px;\"><a class=\"foobox fbx-link fbx-instance\" href=\"https:\/\/www.lenotti.com\/wp-content\/uploads\/2021\/06\/550logo.jpg\" target=\"_blank\" rel=\"noopener noreferrer\">92\/100 <strong>\u201cLUCA MARONI 2018\u201d<\/strong><\/a><\/td><\/tr><tr><td style=\"width: 24.2553%; text-align: center;\">2008<\/td><td style=\"width: 75.7447%;\">2 TRAUBEN <strong><a class=\"fbx-link\" href=\"https:\/\/www.lenotti.com\/wp-content\/uploads\/2021\/06\/rp-2008-2-grappoli-duemilavini-2010.jpg\" target=\"_blank\" rel=\"noopener noreferrer\">\u201cDUEMILAVINI AIS 2010\u201d<\/a><\/strong><\/td><\/tr><tr><td style=\"width: 24.2553%; text-align: center;\">2003<\/td><td style=\"width: 75.7447%;\">2 FLASCHEN <a class=\"fbx-link\" href=\"https:\/\/www.lenotti.com\/wp-content\/uploads\/2021\/06\/rp-2003-2-bottiglie-espresso-2005.jpg\" target=\"_blank\" rel=\"noopener noreferrer\"><strong>\u201cESPRESSO 2005\u201d<\/strong><\/a><\/td><\/tr><tr><td style=\"width: 24.2553%; text-align: center;\">2003<\/td><td style=\"width: 75.7447%;\"><a class=\"fbx-link\" href=\"https:\/\/www.lenotti.com\/wp-content\/uploads\/2021\/06\/rp-2003-luca-maroni-2005.jpg\" target=\"_blank\" rel=\"noopener noreferrer\">76\/100 <strong>\u201cLUCA MARONI 2005\u201d<\/strong><\/a><\/td><\/tr><tr><td style=\"width: 24.2553%; text-align: center;\">2003<\/td><td style=\"width: 75.7447%;\">3 TRAUBEN <strong>\u201c<\/strong><a class=\"fbx-link\" href=\"https:\/\/www.lenotti.com\/wp-content\/uploads\/2021\/06\/rp-2003-3-grappoli-duemilavini-2005.jpg\" target=\"_blank\" rel=\"noopener noreferrer\"><strong>DUEMILAVINI AIS 2005\u201d<\/strong><\/a><\/td><\/tr><tr><td style=\"width: 24.2553%; text-align: center;\">2002<\/td><td style=\"width: 75.7447%;\">1 FLASCHE <a class=\"fbx-link\" href=\"https:\/\/www.lenotti.com\/wp-content\/uploads\/2021\/06\/rp-2002-1-bottiglia-espresso-2004.jpg\" target=\"_blank\" rel=\"noopener noreferrer\"><strong>\u201cESPRESSO 2004\u201d<\/strong><\/a><\/td><\/tr><tr><td style=\"width: 24.2553%; text-align: center;\">2002<\/td><td style=\"width: 75.7447%;\">3 TRAUBEN <a class=\"fbx-link\" href=\"https:\/\/www.lenotti.com\/wp-content\/uploads\/2021\/06\/rp-2002-3-grappoli-duemilavini-2004.jpg\" target=\"_blank\" rel=\"noopener noreferrer\"><strong>\u201cDUEMILAVINI AIS 2004\u201d<\/strong><\/a><\/td><\/tr><\/tbody><\/table><\/div><\/div><\/div><\/div><\/div><\/div><\/div><\/div>\n\t\t\t\t<\/div>\n\t\t\t\t\t\t\t\t<\/div>\n\t\t\t\t<\/div>\n\t\t\t\t<\/div>\n\t\t\t\t<div class=\"elementor-element elementor-element-c58a31b elementor-widget elementor-widget-button\" data-id=\"c58a31b\" data-element_type=\"widget\" data-widget_type=\"button.default\">\n\t\t\t\t<div class=\"elementor-widget-container\">\n\t\t\t\t\t<div class=\"elementor-button-wrapper\">\n\t\t\t<a class=\"elementor-button elementor-button-link elementor-size-md\" href=\"https:\/\/www.lenotti.com\/wp-content\/uploads\/2024\/03\/DEU-Rosso-Passo-Technical-sheet.pdf\" target=\"_blank\">\n\t\t\t\t\t\t<span class=\"elementor-button-content-wrapper\">\n\t\t\t\t\t\t<span class=\"elementor-button-icon elementor-align-icon-left\">\n\t\t\t\t<i aria-hidden=\"true\" class=\"fas fa-file-pdf\"><\/i>\t\t\t<\/span>\n\t\t\t\t\t\t<span class=\"elementor-button-text\">PDF FILE<\/span>\n\t\t<\/span>\n\t\t\t\t\t<\/a>\n\t\t<\/div>\n\t\t\t\t<\/div>\n\t\t\t\t<\/div>\n\t\t\t\t\t<\/div>\n\t\t<\/div>\n\t\t\t\t\t\t\t<\/div>\n\t\t<\/section>\n\t\t\t\t<section class=\"elementor-section elementor-top-section elementor-element elementor-element-21864bc elementor-section-boxed elementor-section-height-default elementor-section-height-default\" data-id=\"21864bc\" data-element_type=\"section\">\n\t\t\t\t\t\t<div class=\"elementor-container elementor-column-gap-default\">\n\t\t\t\t\t<div class=\"elementor-column elementor-col-100 elementor-top-column elementor-element elementor-element-05c7123\" data-id=\"05c7123\" data-element_type=\"column\">\n\t\t\t<div class=\"elementor-widget-wrap elementor-element-populated\">\n\t\t\t\t\t\t\t\t<div class=\"elementor-element elementor-element-cfe1cbd elementor-widget elementor-widget-spacer\" data-id=\"cfe1cbd\" data-element_type=\"widget\" data-widget_type=\"spacer.default\">\n\t\t\t\t<div class=\"elementor-widget-container\">\n\t\t\t\t\t<div class=\"elementor-spacer\">\n\t\t\t<div class=\"elementor-spacer-inner\"><\/div>\n\t\t<\/div>\n\t\t\t\t<\/div>\n\t\t\t\t<\/div>\n\t\t\t\t<div class=\"elementor-element elementor-element-7cbbb38 elementor-widget elementor-widget-video\" data-id=\"7cbbb38\" data-element_type=\"widget\" data-settings=\"{&quot;youtube_url&quot;:&quot;https:\\\/\\\/youtu.be\\\/zKGld-yESYo&quot;,&quot;video_type&quot;:&quot;youtube&quot;,&quot;controls&quot;:&quot;yes&quot;}\" data-widget_type=\"video.default\">\n\t\t\t\t<div class=\"elementor-widget-container\">\n\t\t\t\t\t<div class=\"elementor-wrapper elementor-open-inline\">\n\t\t\t<div class=\"elementor-video\"><\/div>\t\t<\/div>\n\t\t\t\t<\/div>\n\t\t\t\t<\/div>\n\t\t\t\t\t<\/div>\n\t\t<\/div>\n\t\t\t\t\t\t\t<\/div>\n\t\t<\/section>\n\t\t<div class=\"elementor-element elementor-element-8fe0def e-flex e-con-boxed e-con\" data-id=\"8fe0def\" data-element_type=\"container\" data-settings=\"{&quot;content_width&quot;:&quot;boxed&quot;}\">\n\t\t\t\t\t<div class=\"e-con-inner\">\n\t\t<div class=\"elementor-element elementor-element-32d98c6 e-flex e-con-boxed e-con\" data-id=\"32d98c6\" data-element_type=\"container\" data-settings=\"{&quot;content_width&quot;:&quot;boxed&quot;}\">\n\t\t\t\t\t<div class=\"e-con-inner\">\n\t\t\t\t<div class=\"elementor-element elementor-element-eb0d40a elementor-widget elementor-widget-spacer\" data-id=\"eb0d40a\" data-element_type=\"widget\" data-widget_type=\"spacer.default\">\n\t\t\t\t<div class=\"elementor-widget-container\">\n\t\t\t\t\t<div class=\"elementor-spacer\">\n\t\t\t<div class=\"elementor-spacer-inner\"><\/div>\n\t\t<\/div>\n\t\t\t\t<\/div>\n\t\t\t\t<\/div>\n\t\t\t\t<div class=\"elementor-element elementor-element-862eceb elementor-align-center elementor-widget elementor-widget-button\" data-id=\"862eceb\" data-element_type=\"widget\" data-widget_type=\"button.default\">\n\t\t\t\t<div class=\"elementor-widget-container\">\n\t\t\t\t\t<div class=\"elementor-button-wrapper\">\n\t\t\t<a class=\"elementor-button elementor-button-link elementor-size-xl\" href=\"https:\/\/shop.lenotti.com\/de\/\">\n\t\t\t\t\t\t<span class=\"elementor-button-content-wrapper\">\n\t\t\t\t\t\t<span class=\"elementor-button-text\">KAUFEN<\/span>\n\t\t<\/span>\n\t\t\t\t\t<\/a>\n\t\t<\/div>\n\t\t\t\t<\/div>\n\t\t\t\t<\/div>\n\t\t\t\t\t<\/div>\n\t\t\t\t<\/div>\n\t\t\t\t\t<\/div>\n\t\t\t\t<\/div>\n\t\t\t\t\t\t\t<\/div>","protected":false},"excerpt":{"rendered":"<p style=\"text-align: left;\"><strong>Alkohol<\/strong>: 12.5% vol.<\/p>\n<p style=\"text-align: left;\"><strong>Anbaugebiet<\/strong>: Region: Veneto. H\u00fcgel mor\u00e4nischem Ursprungs am \u00f6stlichen Ufer des Gardasees.<\/p>\n<p style=\"text-align: left;\"><strong>Weintrauben<\/strong>: Hergestellt aus  folgende Rebsorten: Merlot, Sangiovese und, je nach Jahrgang,auch Corvina-Rebsorte in beschr\u00e4nkten Mengen. Anbausystem: Spalieranbau und Guyot-Rebschnitt.<\/p>\n<p style=\"text-align: left;\"><strong>Boden<\/strong>: Lehmhaltiger Boden m\u00f6ranischem Ursprungs.<\/p>\n<p style=\"text-align: left;\"><strong>Weinbereitungssystem<\/strong>: Die Trauben werden leicht gepresst. Die anschlie\u00dfende Fermentierung erfolgt f\u00fcr 6-8 Tage unter st\u00e4ndiger Temperaturkontrolle (22-24\u00b0C.). Der Ausbau erfolgt ganz schonend in thermoklimatisierten Edelstahlbeh\u00e4ltern.<\/p>\n<p style=\"text-align: left;\"><strong>Beschreibung<\/strong>: Fruchtiger, trockener Rotweine mit einer samtige Struktur.<\/p>\n<p style=\"text-align: left;\"><strong>Farbe<\/strong>: Kr\u00e4ftiges rubinrot.<\/p>\n<p style=\"text-align: left;\"><strong>Duft<\/strong>: Intensives Bouquet nach Waldbeeren.<\/p>\n<p style=\"text-align: left;\"><strong>Geschmack<\/strong>: Intensives Bouquet nach Waldbeeren.<\/p>\n<p style=\"text-align: left;\"><strong>Trinktemperatur<\/strong>: 16-18\u00b0C.<\/p>\n<p style=\"text-align: left;\"><strong>Lagerung<\/strong>: Der Wein kann 3-4 Jahre in einem k\u00fchlen, trockenen und gut gel\u00fcfteten Raum aufbewahrt werden.<\/p>\n<p><strong>Serviervorschlag:<\/strong> Passt ausgezeichnet zu vielen Gerichten: Pizza, Pasta, zu Fleischgerichten, gegrilltem Fisch und zu K\u00e4se.<\/p>","protected":false},"featured_media":992147,"template":"","meta":{"_mo_disable_npp":""},"product_brand":[],"product_cat":[50],"product_tag":[],"class_list":{"0":"post-987988","1":"product","2":"type-product","3":"status-publish","4":"has-post-thumbnail","6":"product_cat-vini-rossi","8":"first","9":"instock","10":"shipping-taxable","11":"product-type-simple"},"_links":{"self":[{"href":"https:\/\/www.lenotti.com\/de\/wp-json\/wp\/v2\/product\/987988","targetHints":{"allow":["GET"]}}],"collection":[{"href":"https:\/\/www.lenotti.com\/de\/wp-json\/wp\/v2\/product"}],"about":[{"href":"https:\/\/www.lenotti.com\/de\/wp-json\/wp\/v2\/types\/product"}],"version-history":[{"count":47,"href":"https:\/\/www.lenotti.com\/de\/wp-json\/wp\/v2\/product\/987988\/revisions"}],"predecessor-version":[{"id":1000180,"href":"https:\/\/www.lenotti.com\/de\/wp-json\/wp\/v2\/product\/987988\/revisions\/1000180"}],"wp:featuredmedia":[{"embeddable":true,"href":"https:\/\/www.lenotti.com\/de\/wp-json\/wp\/v2\/media\/992147"}],"wp:attachment":[{"href":"https:\/\/www.lenotti.com\/de\/wp-json\/wp\/v2\/media?parent=987988"}],"wp:term":[{"taxonomy":"product_brand","embeddable":true,"href":"https:\/\/www.lenotti.com\/de\/wp-json\/wp\/v2\/product_brand?post=987988"},{"taxonomy":"product_cat","embeddable":true,"href":"https:\/\/www.lenotti.com\/de\/wp-json\/wp\/v2\/product_cat?post=987988"},{"taxonomy":"product_tag","embeddable":true,"href":"https:\/\/www.lenotti.com\/de\/wp-json\/wp\/v2\/product_tag?post=987988"}],"curies":[{"name":"wp","href":"https:\/\/api.w.org\/{rel}","templated":true}]}}