{"id":987985,"date":"2021-04-29T15:39:50","date_gmt":"2021-04-29T13:39:50","guid":{"rendered":"http:\/\/lenotti.com\/product\/bardolino-doc-classico-copy\/"},"modified":"2024-11-27T08:19:38","modified_gmt":"2024-11-27T07:19:38","slug":"valsorda-veneto-igp-rosso","status":"publish","type":"product","link":"https:\/\/www.lenotti.com\/de\/product\/valsorda-veneto-igp-rosso\/","title":{"rendered":"&#8220;Valsorda&#8221; Veneto IGP Rosso"},"content":{"rendered":"<div data-elementor-type=\"product-post\" data-elementor-id=\"987985\" class=\"elementor elementor-987985\" data-elementor-post-type=\"product\">\n\t\t\t\t\t\t\t\t\t<section class=\"elementor-section elementor-top-section elementor-element elementor-element-4a724e9 elementor-section-boxed elementor-section-height-default elementor-section-height-default\" data-id=\"4a724e9\" data-element_type=\"section\">\n\t\t\t\t\t\t<div class=\"elementor-container elementor-column-gap-default\">\n\t\t\t\t\t<div class=\"elementor-column elementor-col-100 elementor-top-column elementor-element elementor-element-47444e8\" data-id=\"47444e8\" data-element_type=\"column\">\n\t\t\t<div class=\"elementor-widget-wrap elementor-element-populated\">\n\t\t\t\t\t\t\t\t<div class=\"elementor-element elementor-element-0579546 elementor-widget elementor-widget-toggle\" data-id=\"0579546\" data-element_type=\"widget\" data-widget_type=\"toggle.default\">\n\t\t\t\t<div class=\"elementor-widget-container\">\n\t\t\t\t\t<div class=\"elementor-toggle\">\n\t\t\t\t\t\t\t<div class=\"elementor-toggle-item\">\n\t\t\t\t\t<div id=\"elementor-tab-title-5731\" class=\"elementor-tab-title\" data-tab=\"1\" role=\"button\" aria-controls=\"elementor-tab-content-5731\" aria-expanded=\"false\">\n\t\t\t\t\t\t\t\t\t\t\t\t<span class=\"elementor-toggle-icon elementor-toggle-icon-left\" aria-hidden=\"true\">\n\t\t\t\t\t\t\t\t\t\t\t\t\t\t\t<span class=\"elementor-toggle-icon-closed\"><i class=\"fas fa-caret-right\"><\/i><\/span>\n\t\t\t\t\t\t\t\t<span class=\"elementor-toggle-icon-opened\"><i class=\"elementor-toggle-icon-opened fas fa-caret-up\"><\/i><\/span>\n\t\t\t\t\t\t\t\t\t\t\t\t\t<\/span>\n\t\t\t\t\t\t\t\t\t\t\t\t<a class=\"elementor-toggle-title\" tabindex=\"0\">TECHNISCHE DATEN<\/a>\n\t\t\t\t\t<\/div>\n\n\t\t\t\t\t<div id=\"elementor-tab-content-5731\" class=\"elementor-tab-content elementor-clearfix\" data-tab=\"1\" role=\"region\" aria-labelledby=\"elementor-tab-title-5731\"><table border=\"0\" width=\"100%\"><tbody><tr><td>Gesamts\u00e4ure:<\/td><td>5.00 g\/l<\/td><\/tr><tr><td>Zucker:<\/td><td>8.80 g\/l<\/td><\/tr><tr><td>Gesamt-SO2:<\/td><td>80 mg\/l<\/td><\/tr><tr><td>Freies SO2:<\/td><td>27 mg\/l<\/td><\/tr><tr><td>Netto-Trockenextrakt:<\/td><td>26.9 g\/l<\/td><\/tr><tr><td>Fl\u00fcchtige\/Volatile S\u00e4ure:<\/td><td>0.33 g\/l<\/td><\/tr><\/tbody><\/table><\/div>\n\t\t\t\t<\/div>\n\t\t\t\t\t\t\t<div class=\"elementor-toggle-item\">\n\t\t\t\t\t<div id=\"elementor-tab-title-5732\" class=\"elementor-tab-title\" data-tab=\"2\" role=\"button\" aria-controls=\"elementor-tab-content-5732\" aria-expanded=\"false\">\n\t\t\t\t\t\t\t\t\t\t\t\t<span class=\"elementor-toggle-icon elementor-toggle-icon-left\" aria-hidden=\"true\">\n\t\t\t\t\t\t\t\t\t\t\t\t\t\t\t<span class=\"elementor-toggle-icon-closed\"><i class=\"fas fa-caret-right\"><\/i><\/span>\n\t\t\t\t\t\t\t\t<span class=\"elementor-toggle-icon-opened\"><i class=\"elementor-toggle-icon-opened fas fa-caret-up\"><\/i><\/span>\n\t\t\t\t\t\t\t\t\t\t\t\t\t<\/span>\n\t\t\t\t\t\t\t\t\t\t\t\t<a class=\"elementor-toggle-title\" tabindex=\"0\">AUSZEICHNUNGEN UND ANERKENNUNGEN<\/a>\n\t\t\t\t\t<\/div>\n\n\t\t\t\t\t<div id=\"elementor-tab-content-5732\" class=\"elementor-tab-content elementor-clearfix\" data-tab=\"2\" role=\"region\" aria-labelledby=\"elementor-tab-title-5732\"><div class=\"vc_tta-panel-body\"><div class=\"vc_row wpb_row vc_inner vc_row-fluid\"><div class=\"wpb_column vc_column_container vc_col-sm-12\"><div class=\"vc_column-inner\"><div class=\"wpb_wrapper\"><div class=\"wpb_text_column wpb_content_element vc_custom_1553187070142\"><div class=\"wpb_wrapper\"><table style=\"border-collapse: collapse; width: 100%;\"><tbody><tr><td style=\"width: 20.4255%; text-align: center;\">JAHRGANG<\/td><td style=\"width: 79.5745%; text-align: center;\">AUSZEICHNUNG<\/td><\/tr><tr><td style=\"width: 20.4255%; text-align: center;\">2021<\/td><td style=\"width: 79.5745%;\">93\/100 <a href=\"https:\/\/www.lenotti.com\/wp-content\/uploads\/2022\/10\/LUCA-MARONI-2023.pdf\" target=\"_blank\" rel=\"noopener\">&#8220;LUCA MARONI 2024&#8221;<\/a><\/td><\/tr><tr><td style=\"width: 20.4255%; text-align: center;\">2016<\/td><td style=\"width: 79.5745%;\">3 TRAUBEN <a href=\"https:\/\/www.lenotti.com\/wp-content\/uploads\/2021\/06\/bibenda-2018-2.jpg\"><strong>\u201cBIBENDA AIS 2018\u201d<\/strong><\/a><\/td><\/tr><tr><td style=\"width: 20.4255%; text-align: center;\">2015<\/td><td style=\"width: 79.5745%;\">3 TRAUBEN<a class=\"foobox fbx-link fbx-instance\" href=\"https:\/\/www.lenotti.com\/wp-content\/uploads\/2021\/06\/vs-2015-3-grappoli-bibenda-2017.jpg\" target=\"_blank\" rel=\"noopener noreferrer\"><strong>\u201cBIBENDA AIS 2017\u201d<\/strong><\/a><\/td><\/tr><tr><td style=\"width: 20.4255%; text-align: center;\">2015<\/td><td style=\"width: 79.5745%;\"><a class=\"fbx-link\" href=\"https:\/\/www.lenotti.com\/wp-content\/uploads\/2021\/06\/vs-2015-luca-maroni-2017.jpg\" target=\"_blank\" rel=\"noopener noreferrer\">90\/100 <strong>\u201cLUCA MARONI 2017\u201d<\/strong><\/a><\/td><\/tr><tr><td style=\"width: 20.4255%; text-align: center;\">2013<\/td><td style=\"width: 79.5745%;\"><a class=\"fbx-link\" href=\"https:\/\/www.lenotti.com\/wp-content\/uploads\/2021\/06\/vs-2013-luca-maroni-2016.jpg\" target=\"_blank\" rel=\"noopener noreferrer\">90\/100 <strong>\u201cLUCA MARONI 2016\u201d<\/strong><\/a><\/td><\/tr><tr><td style=\"width: 20.4255%; text-align: center;\">2013<\/td><td style=\"width: 79.5745%;\">2 TRAUBEN <a class=\"fbx-link\" href=\"https:\/\/www.lenotti.com\/wp-content\/uploads\/2021\/06\/vs-2013-2-grappoli-bibenda-2016.jpg\" target=\"_blank\" rel=\"noopener noreferrer\"><strong>\u201cBIBENDA AIS 2016\u201d<\/strong><\/a><\/td><\/tr><tr><td style=\"width: 20.4255%; text-align: center;\">2012<\/td><td style=\"width: 79.5745%;\">3 TRAUBEN <a class=\"fbx-link\" href=\"https:\/\/www.lenotti.com\/wp-content\/uploads\/2021\/06\/vs-2012-3-grappoli-bibenda-2015.jpg\" target=\"_blank\" rel=\"noopener noreferrer\"><strong>\u201cBIBENDA AIS 2015\u201d<\/strong><\/a><\/td><\/tr><tr><td style=\"width: 20.4255%; text-align: center;\">2012<\/td><td style=\"width: 79.5745%;\"><a class=\"fbx-link\" href=\"https:\/\/www.lenotti.com\/wp-content\/uploads\/2021\/06\/vs-2012-luca-maroni-2015.jpg\" target=\"_blank\" rel=\"noopener noreferrer\">87\/100 <strong>\u201cLUCA MARONI 2015\u201d<\/strong><\/a><\/td><\/tr><tr><td style=\"width: 20.4255%; text-align: center;\">2011<\/td><td style=\"width: 79.5745%;\">1 GLAS <a class=\"fbx-link\" href=\"https:\/\/www.lenotti.com\/wp-content\/uploads\/2021\/06\/vs-2011-1-bicchiere-gambero-rosso-2014-scaled.jpg\" target=\"_blank\" rel=\"noopener noreferrer\"><strong>\u201cGAMBERO ROSSO 2014\u201d<\/strong><\/a><\/td><\/tr><tr><td style=\"width: 20.4255%; text-align: center;\">2011<\/td><td style=\"width: 79.5745%;\">3 TRAUBEN <strong><a class=\"fbx-link\" href=\"https:\/\/www.lenotti.com\/wp-content\/uploads\/2021\/06\/vs-2011-3-grappoli-bibenda-2014.jpg\" target=\"_blank\" rel=\"noopener noreferrer\">\u201cBIBENDA AIS 2014\u201d<\/a><\/strong><\/td><\/tr><tr><td style=\"width: 20.4255%; text-align: center;\">2011<\/td><td style=\"width: 79.5745%;\"><a class=\"fbx-link\" href=\"https:\/\/www.lenotti.com\/wp-content\/uploads\/2021\/06\/vs-2011-luca-maroni-2014.jpg\" target=\"_blank\" rel=\"noopener noreferrer\">87\/100 <strong>\u201cLUCA MARONI 2014\u201d<\/strong><\/a><\/td><\/tr><\/tbody><\/table><\/div><\/div><\/div><\/div><\/div><\/div><\/div><\/div>\n\t\t\t\t<\/div>\n\t\t\t\t\t\t\t<div class=\"elementor-toggle-item\">\n\t\t\t\t\t<div id=\"elementor-tab-title-5733\" class=\"elementor-tab-title\" data-tab=\"3\" role=\"button\" aria-controls=\"elementor-tab-content-5733\" aria-expanded=\"false\">\n\t\t\t\t\t\t\t\t\t\t\t\t<span class=\"elementor-toggle-icon elementor-toggle-icon-left\" aria-hidden=\"true\">\n\t\t\t\t\t\t\t\t\t\t\t\t\t\t\t<span class=\"elementor-toggle-icon-closed\"><i class=\"fas fa-caret-right\"><\/i><\/span>\n\t\t\t\t\t\t\t\t<span class=\"elementor-toggle-icon-opened\"><i class=\"elementor-toggle-icon-opened fas fa-caret-up\"><\/i><\/span>\n\t\t\t\t\t\t\t\t\t\t\t\t\t<\/span>\n\t\t\t\t\t\t\t\t\t\t\t\t<a class=\"elementor-toggle-title\" tabindex=\"0\">DIE GESCHICHTE DES NAMENS DIESES WEINES<\/a>\n\t\t\t\t\t<\/div>\n\n\t\t\t\t\t<div id=\"elementor-tab-content-5733\" class=\"elementor-tab-content elementor-clearfix\" data-tab=\"3\" role=\"region\" aria-labelledby=\"elementor-tab-title-5733\"><div class=\"vc_tta-panel-body\"><div class=\"vc_row wpb_row vc_inner vc_row-fluid\"><div class=\"wpb_column vc_column_container vc_col-sm-12\"><div class=\"vc_column-inner\"><div class=\"wpb_wrapper\">Der Name dieses Weins stammt aus dem \u201cTal\u201d (auf Italienisch \u201cVALLE\u201d oder kurz auch \u201cVAL\u201d), wo die Corvina-Traube w\u00e4chst, die wir f\u00fcr die Herstellung unseres Weins VALSORDA verwenden. Es handelt sich um ein kleines Tal, welches am Fu\u00dfe des Monte Moscal in Affi beginnt und in Richtung Bardolino abf\u00e4llt. Das Tal ist durch die Erosion des Regenwassers in einer Mor\u00e4ne aus feinem Sand, Kies, kleinen runden Steinen und auch br\u00f6ckeligem Ger\u00f6ll entstanden, die ein Gletscher hinterlassen hat. Das Tal ist zun\u00e4chst schmal und tief, \u00f6ffnet sich aber im letzten Abschnitt in einem leicht zum See hinabfallenden, kiesigen und n\u00e4hrstoffreichen Gebiet, das f\u00fcr die Produktion von Qualit\u00e4tsweinen ideal ist. Da das Tal keine Felsw\u00e4nde hat, existiert das Ph\u00e4nomen des Echos nicht und wurde deshalb immer \u201cstilles Tal\u201d genannt \u2026 oder besser gesagt \u2026 \u201ctaubes Tal\u201d (auf Italienisch: VAL SORDA).<\/div><\/div><\/div><\/div><\/div><\/div>\n\t\t\t\t<\/div>\n\t\t\t\t\t\t\t\t<\/div>\n\t\t\t\t<\/div>\n\t\t\t\t<\/div>\n\t\t\t\t<div class=\"elementor-element elementor-element-c58a31b elementor-widget elementor-widget-button\" data-id=\"c58a31b\" data-element_type=\"widget\" data-widget_type=\"button.default\">\n\t\t\t\t<div class=\"elementor-widget-container\">\n\t\t\t\t\t<div class=\"elementor-button-wrapper\">\n\t\t\t<a class=\"elementor-button elementor-button-link elementor-size-md\" href=\"https:\/\/www.lenotti.com\/wp-content\/uploads\/2024\/03\/DEU-Valsorda-Technical-sheet.pdf\" target=\"_blank\">\n\t\t\t\t\t\t<span class=\"elementor-button-content-wrapper\">\n\t\t\t\t\t\t<span class=\"elementor-button-icon elementor-align-icon-left\">\n\t\t\t\t<i aria-hidden=\"true\" class=\"fas fa-file-pdf\"><\/i>\t\t\t<\/span>\n\t\t\t\t\t\t<span class=\"elementor-button-text\">PDF FILE<\/span>\n\t\t<\/span>\n\t\t\t\t\t<\/a>\n\t\t<\/div>\n\t\t\t\t<\/div>\n\t\t\t\t<\/div>\n\t\t\t\t\t<\/div>\n\t\t<\/div>\n\t\t\t\t\t\t\t<\/div>\n\t\t<\/section>\n\t\t<div class=\"elementor-element elementor-element-291642f e-flex e-con-boxed e-con\" data-id=\"291642f\" data-element_type=\"container\" data-settings=\"{&quot;content_width&quot;:&quot;boxed&quot;}\">\n\t\t\t\t\t<div class=\"e-con-inner\">\n\t\t<div class=\"elementor-element elementor-element-b751dab e-flex e-con-boxed e-con\" data-id=\"b751dab\" data-element_type=\"container\" data-settings=\"{&quot;content_width&quot;:&quot;boxed&quot;}\">\n\t\t\t\t\t<div class=\"e-con-inner\">\n\t\t\t\t<div class=\"elementor-element elementor-element-818d2be elementor-widget elementor-widget-spacer\" data-id=\"818d2be\" data-element_type=\"widget\" data-widget_type=\"spacer.default\">\n\t\t\t\t<div class=\"elementor-widget-container\">\n\t\t\t\t\t<div class=\"elementor-spacer\">\n\t\t\t<div class=\"elementor-spacer-inner\"><\/div>\n\t\t<\/div>\n\t\t\t\t<\/div>\n\t\t\t\t<\/div>\n\t\t\t\t<div class=\"elementor-element elementor-element-72b82e8 elementor-align-center elementor-widget elementor-widget-button\" data-id=\"72b82e8\" data-element_type=\"widget\" data-widget_type=\"button.default\">\n\t\t\t\t<div class=\"elementor-widget-container\">\n\t\t\t\t\t<div class=\"elementor-button-wrapper\">\n\t\t\t<a class=\"elementor-button elementor-button-link elementor-size-xl\" href=\"https:\/\/shop.lenotti.com\/de\/\">\n\t\t\t\t\t\t<span class=\"elementor-button-content-wrapper\">\n\t\t\t\t\t\t<span class=\"elementor-button-text\">KAUFEN<\/span>\n\t\t<\/span>\n\t\t\t\t\t<\/a>\n\t\t<\/div>\n\t\t\t\t<\/div>\n\t\t\t\t<\/div>\n\t\t\t\t\t<\/div>\n\t\t\t\t<\/div>\n\t\t\t\t\t<\/div>\n\t\t\t\t<\/div>\n\t\t\t\t\t\t\t<\/div>","protected":false},"excerpt":{"rendered":"<p style=\"text-align: left;\"><strong>Alkohol<\/strong>: 12.5% vol.<\/p>\n<p style=\"text-align: left;\"><strong>Anbaugebiet<\/strong>: Region: Veneto. H\u00fcgel mor\u00e4nischem Ursprungs am \u00f6stlichen Ufer des Gardasees.<\/p>\n<p style=\"text-align: left;\"><strong>Weintrauben<\/strong>: 80% Corvina, 20% einheimische Sorten. Die Trauben werden 8-10 Tage sp\u00e4ter als die gew\u00f6hnliche Weinernte gelesen um einen kraftvollen, intensiven, weichen Rotwein zu erhalten. Z\u00fcchtungssystem: Spalieranbau und Suyot-Weinstockschnitt.<\/p>\n<p style=\"text-align: left;\"><strong>Boden<\/strong>: Lehmhaltiger Boden m\u00f6ranischem Ursprungs.<\/p>\n<p style=\"text-align: left;\"><strong>Weinbereitungssystem<\/strong>: Die Trauben werden leicht gepresst. Die Fermentierung erfolgt f\u00fcr 8-9 Tage unter st\u00e4ndiger Temperaturkontrolle (22-24\u00b0C.) in thermoklimatisierten Edelstahlbeh\u00e4ltern, um die Aromen der Fr\u00fcchte zu erhalten. Der Ausbau erfolgt ganz schonend im Edelstahltank.<\/p>\n<p style=\"text-align: left;\"><strong>Beschreibung<\/strong>: Fruchtiger Wein mit einer komplexen Struktur und einer satten vollen Farbe. Weich, k\u00f6rperreich und harmonisch.<\/p>\n<p style=\"text-align: left;\"><strong>Farbe<\/strong>: Tiefes dunkelrot.<\/p>\n<p style=\"text-align: left;\"><strong>Duft<\/strong>: Intensive, dunkelrote Farbe.<\/p>\n<p style=\"text-align: left;\"><strong>Geschmack<\/strong>: Kraftvoll, harmonisch und weich.<\/p>\n<p style=\"text-align: left;\"><strong>Trinktemperatur<\/strong>: 15-16\u00b0C.<\/p>\n<p style=\"text-align: left;\"><strong>Lagerung<\/strong>: Der Wein kann 3-4 Jahre in einem k\u00fchlen, trockenen und gut gel\u00fcfteten Raum aufbewahrt werden.<\/p>\n<p style=\"text-align: left;\"><strong>Serviervorschlag<\/strong>: Von Antipasti, Pasta, Pizza bis Fleisch und K\u00e4se eignet sich der Valsorda hervorragend.<\/p>","protected":false},"featured_media":992145,"template":"","meta":{"_mo_disable_npp":""},"product_brand":[],"product_cat":[50],"product_tag":[],"class_list":{"0":"post-987985","1":"product","2":"type-product","3":"status-publish","4":"has-post-thumbnail","6":"product_cat-vini-rossi","8":"first","9":"instock","10":"shipping-taxable","11":"product-type-simple"},"_links":{"self":[{"href":"https:\/\/www.lenotti.com\/de\/wp-json\/wp\/v2\/product\/987985","targetHints":{"allow":["GET"]}}],"collection":[{"href":"https:\/\/www.lenotti.com\/de\/wp-json\/wp\/v2\/product"}],"about":[{"href":"https:\/\/www.lenotti.com\/de\/wp-json\/wp\/v2\/types\/product"}],"version-history":[{"count":41,"href":"https:\/\/www.lenotti.com\/de\/wp-json\/wp\/v2\/product\/987985\/revisions"}],"predecessor-version":[{"id":1000179,"href":"https:\/\/www.lenotti.com\/de\/wp-json\/wp\/v2\/product\/987985\/revisions\/1000179"}],"wp:featuredmedia":[{"embeddable":true,"href":"https:\/\/www.lenotti.com\/de\/wp-json\/wp\/v2\/media\/992145"}],"wp:attachment":[{"href":"https:\/\/www.lenotti.com\/de\/wp-json\/wp\/v2\/media?parent=987985"}],"wp:term":[{"taxonomy":"product_brand","embeddable":true,"href":"https:\/\/www.lenotti.com\/de\/wp-json\/wp\/v2\/product_brand?post=987985"},{"taxonomy":"product_cat","embeddable":true,"href":"https:\/\/www.lenotti.com\/de\/wp-json\/wp\/v2\/product_cat?post=987985"},{"taxonomy":"product_tag","embeddable":true,"href":"https:\/\/www.lenotti.com\/de\/wp-json\/wp\/v2\/product_tag?post=987985"}],"curies":[{"name":"wp","href":"https:\/\/api.w.org\/{rel}","templated":true}]}}