{"id":996862,"date":"2023-06-14T11:59:23","date_gmt":"2023-06-14T09:59:23","guid":{"rendered":"https:\/\/www.lenotti.com\/punto-vendita-copy\/"},"modified":"2025-06-04T16:33:22","modified_gmt":"2025-06-04T14:33:22","slug":"mercato-bardolino-degustazione-market-tasting-degustation-markt-weinprobe-besuche","status":"publish","type":"page","link":"https:\/\/www.lenotti.com\/de\/mercato-bardolino-degustazione-market-tasting-degustation-markt-weinprobe-besuche\/","title":{"rendered":"Mercato bardolino degustazione &#8211; Market wine tasting &#8211; Markt wein probe"},"content":{"rendered":"<div data-elementor-type=\"wp-page\" data-elementor-id=\"996862\" class=\"elementor elementor-996862\" data-elementor-post-type=\"page\">\n\t\t\t\t\t\t\t\t\t<section class=\"elementor-section elementor-top-section elementor-element elementor-element-a39aec8 elementor-section-height-min-height elementor-section-content-bottom elementor-section-boxed elementor-section-height-default elementor-section-items-middle\" data-id=\"a39aec8\" data-element_type=\"section\" data-settings=\"{&quot;background_background&quot;:&quot;classic&quot;}\">\n\t\t\t\t\t\t\t<div class=\"elementor-background-overlay\"><\/div>\n\t\t\t\t\t\t\t<div class=\"elementor-container elementor-column-gap-default\">\n\t\t\t\t\t<div class=\"elementor-column elementor-col-100 elementor-top-column elementor-element elementor-element-b02e8b7\" data-id=\"b02e8b7\" data-element_type=\"column\">\n\t\t\t<div class=\"elementor-widget-wrap elementor-element-populated\">\n\t\t\t\t\t\t\t\t<div class=\"elementor-element elementor-element-c60bb76 elementor-widget elementor-widget-heading\" data-id=\"c60bb76\" data-element_type=\"widget\" data-widget_type=\"heading.default\">\n\t\t\t\t<div class=\"elementor-widget-container\">\n\t\t\t<h1 class=\"elementor-heading-title elementor-size-default\">Markt in Bardolino<br>und<br>Besichtigung mit Verkostung in der <br>Cantine Lenotti<\/h1>\t\t<\/div>\n\t\t\t\t<\/div>\n\t\t\t\t\t<\/div>\n\t\t<\/div>\n\t\t\t\t\t\t\t<\/div>\n\t\t<\/section>\n\t\t\t\t<section class=\"elementor-section elementor-top-section elementor-element elementor-element-13d3839 elementor-section-boxed elementor-section-height-default elementor-section-height-default\" data-id=\"13d3839\" data-element_type=\"section\">\n\t\t\t\t\t\t<div class=\"elementor-container elementor-column-gap-default\">\n\t\t\t\t\t<div class=\"elementor-column elementor-col-100 elementor-top-column elementor-element elementor-element-d4a3bd3\" data-id=\"d4a3bd3\" data-element_type=\"column\">\n\t\t\t<div class=\"elementor-widget-wrap elementor-element-populated\">\n\t\t\t\t\t\t\t\t<div class=\"elementor-element elementor-element-9877134 elementor-widget elementor-widget-spacer\" data-id=\"9877134\" data-element_type=\"widget\" data-widget_type=\"spacer.default\">\n\t\t\t\t<div class=\"elementor-widget-container\">\n\t\t\t\t\t<div class=\"elementor-spacer\">\n\t\t\t<div class=\"elementor-spacer-inner\"><\/div>\n\t\t<\/div>\n\t\t\t\t<\/div>\n\t\t\t\t<\/div>\n\t\t\t\t<div class=\"elementor-element elementor-element-19e3c5e elementor-widget elementor-widget-text-editor\" data-id=\"19e3c5e\" data-element_type=\"widget\" data-widget_type=\"text-editor.default\">\n\t\t\t\t<div class=\"elementor-widget-container\">\n\t\t\t\t\t\t\t<p style=\"text-align: center;\">Jeden Donnerstagmorgen findet in Bardolino der traditionelle Markt statt, der jede Woche zahlreiche Besucher anlockt.<\/p><p style=\"text-align: center;\">Bei einem Spaziergang durch die bezaubernden Stra\u00dfen der Altstadt und entlang des Seeufers finden Sie St\u00e4nde mit Kleidung, Schuhen, Obst und Gem\u00fcse, Gastronomie und typischen lokalen Produkten.<\/p><p style=\"text-align: center;\">In Verbindung mit dem Markt organisieren wir jeden Donnerstag eine exklusive F\u00fchrung durch unseren Weinkeller mit einer Verkostung unserer Weine.<\/p><p style=\"text-align: center;\">Am Donnerstag beginnen die F\u00fchrungen immer um 15.00 Uhr, so dass Sie sich am Vormittag Zeit nehmen k\u00f6nnen, um den Markt zu besuchen und ein gutes Mittagessen zu genie\u00dfen, bevor Sie unsere Produkte kennenlernen.<\/p><p style=\"text-align: center;\">W\u00e4hrend der Marktzeiten wird es aufgrund der vielen Besucher wahrscheinlich schwierig sein, einen Parkplatz f\u00fcr Ihr Auto zu finden. Da unser Unternehmen nur 200 m von der Seepromenade von Bardolino entfernt ist, wo der Markt beginnt, bieten wir einen kostenlosen Parkplatz f\u00fcr Kunden, die uns um 14.30 Uhr besuchen.<\/p>\t\t\t\t\t\t<\/div>\n\t\t\t\t<\/div>\n\t\t\t\t<div class=\"elementor-element elementor-element-6d0e890 elementor-widget elementor-widget-eael-creative-button\" data-id=\"6d0e890\" data-element_type=\"widget\" data-widget_type=\"eael-creative-button.default\">\n\t\t\t\t<div class=\"elementor-widget-container\">\n\t\t\t        <div class=\"eael-creative-button-wrapper\">\n\n            <a class=\"eael-creative-button eael-creative-button--default\" href=\"https:\/\/www.lenotti.com\/de\/weinprobe-in-bardolino-gardasee\/\" data-text=\"\">\n\n\t    \n                <div class=\"creative-button-inner\">\n\n                    \n                    <span class=\"cretive-button-text\">INFO UND RESERVIERUNG<\/span>\n\n                                    <\/div>\n\t                        <\/a>\n        <\/div>\n\t\t<\/div>\n\t\t\t\t<\/div>\n\t\t\t\t\t<\/div>\n\t\t<\/div>\n\t\t\t\t\t\t\t<\/div>\n\t\t<\/section>\n\t\t\t\t<section class=\"elementor-section elementor-top-section elementor-element elementor-element-e2e62f9 elementor-section-boxed elementor-section-height-default elementor-section-height-default\" data-id=\"e2e62f9\" data-element_type=\"section\">\n\t\t\t\t\t\t<div class=\"elementor-container elementor-column-gap-default\">\n\t\t\t\t\t<div class=\"elementor-column elementor-col-25 elementor-top-column elementor-element elementor-element-7e64a31\" data-id=\"7e64a31\" data-element_type=\"column\">\n\t\t\t<div class=\"elementor-widget-wrap elementor-element-populated\">\n\t\t\t\t\t\t\t\t<div class=\"elementor-element elementor-element-9f25503 elementor-widget elementor-widget-image\" data-id=\"9f25503\" data-element_type=\"widget\" data-widget_type=\"image.default\">\n\t\t\t\t<div class=\"elementor-widget-container\">\n\t\t\t\t\t\t\t<div class=\"elementor-image\">\n\t\t\t\t\t\t\t\t\t\t\t\t\t\t\t\t\t\t\t\t\t<img loading=\"lazy\" decoding=\"async\" width=\"1024\" height=\"683\" src=\"https:\/\/www.lenotti.com\/wp-content\/uploads\/2023\/06\/SIL01838-1024x683.jpg\" class=\"attachment-large size-large wp-image-996860\" alt=\"\" srcset=\"https:\/\/www.lenotti.com\/wp-content\/uploads\/2023\/06\/SIL01838-1024x683.jpg 1024w, https:\/\/www.lenotti.com\/wp-content\/uploads\/2023\/06\/SIL01838-300x200.jpg 300w, https:\/\/www.lenotti.com\/wp-content\/uploads\/2023\/06\/SIL01838-768x512.jpg 768w, https:\/\/www.lenotti.com\/wp-content\/uploads\/2023\/06\/SIL01838-18x12.jpg 18w, https:\/\/www.lenotti.com\/wp-content\/uploads\/2023\/06\/SIL01838-630x420.jpg 630w, https:\/\/www.lenotti.com\/wp-content\/uploads\/2023\/06\/SIL01838-315x210.jpg 315w, https:\/\/www.lenotti.com\/wp-content\/uploads\/2023\/06\/SIL01838.jpg 1140w\" sizes=\"auto, (max-width: 1024px) 100vw, 1024px\" \/>\t\t\t\t\t\t\t\t\t\t\t\t\t\t\t\t\t\t\t\t\t\t\t\t<\/div>\n\t\t\t\t\t\t<\/div>\n\t\t\t\t<\/div>\n\t\t\t\t\t<\/div>\n\t\t<\/div>\n\t\t\t\t<div class=\"elementor-column elementor-col-25 elementor-top-column elementor-element elementor-element-8329fd8\" data-id=\"8329fd8\" data-element_type=\"column\">\n\t\t\t<div class=\"elementor-widget-wrap elementor-element-populated\">\n\t\t\t\t\t\t\t\t<div class=\"elementor-element elementor-element-3d4b60c elementor-widget elementor-widget-image\" data-id=\"3d4b60c\" data-element_type=\"widget\" data-widget_type=\"image.default\">\n\t\t\t\t<div class=\"elementor-widget-container\">\n\t\t\t\t\t\t\t<div class=\"elementor-image\">\n\t\t\t\t\t\t\t\t\t\t\t\t\t\t\t\t\t\t\t\t\t<img loading=\"lazy\" decoding=\"async\" width=\"768\" height=\"512\" src=\"https:\/\/www.lenotti.com\/wp-content\/uploads\/2023\/06\/mercati-lago-di-garda-768x512-1.jpg\" class=\"attachment-large size-large wp-image-996858\" alt=\"\" srcset=\"https:\/\/www.lenotti.com\/wp-content\/uploads\/2023\/06\/mercati-lago-di-garda-768x512-1.jpg 768w, https:\/\/www.lenotti.com\/wp-content\/uploads\/2023\/06\/mercati-lago-di-garda-768x512-1-300x200.jpg 300w, https:\/\/www.lenotti.com\/wp-content\/uploads\/2023\/06\/mercati-lago-di-garda-768x512-1-18x12.jpg 18w, https:\/\/www.lenotti.com\/wp-content\/uploads\/2023\/06\/mercati-lago-di-garda-768x512-1-630x420.jpg 630w, https:\/\/www.lenotti.com\/wp-content\/uploads\/2023\/06\/mercati-lago-di-garda-768x512-1-315x210.jpg 315w\" sizes=\"auto, (max-width: 768px) 100vw, 768px\" \/>\t\t\t\t\t\t\t\t\t\t\t\t\t\t\t\t\t\t\t\t\t\t\t\t<\/div>\n\t\t\t\t\t\t<\/div>\n\t\t\t\t<\/div>\n\t\t\t\t\t<\/div>\n\t\t<\/div>\n\t\t\t\t<div class=\"elementor-column elementor-col-25 elementor-top-column elementor-element elementor-element-15a46e8\" data-id=\"15a46e8\" data-element_type=\"column\">\n\t\t\t<div class=\"elementor-widget-wrap elementor-element-populated\">\n\t\t\t\t\t\t\t\t<div class=\"elementor-element elementor-element-565c250 elementor-widget elementor-widget-image\" data-id=\"565c250\" data-element_type=\"widget\" data-widget_type=\"image.default\">\n\t\t\t\t<div class=\"elementor-widget-container\">\n\t\t\t\t\t\t\t<div class=\"elementor-image\">\n\t\t\t\t\t\t\t\t\t\t\t\t\t\t\t\t\t\t\t\t\t<img loading=\"lazy\" decoding=\"async\" width=\"1024\" height=\"683\" src=\"https:\/\/www.lenotti.com\/wp-content\/uploads\/2023\/06\/mercati-settimanali-bardolino-2023-1_1685967557-1024x683.jpg\" class=\"attachment-large size-large wp-image-996857\" alt=\"\" srcset=\"https:\/\/www.lenotti.com\/wp-content\/uploads\/2023\/06\/mercati-settimanali-bardolino-2023-1_1685967557-1024x683.jpg 1024w, https:\/\/www.lenotti.com\/wp-content\/uploads\/2023\/06\/mercati-settimanali-bardolino-2023-1_1685967557-300x200.jpg 300w, https:\/\/www.lenotti.com\/wp-content\/uploads\/2023\/06\/mercati-settimanali-bardolino-2023-1_1685967557-768x512.jpg 768w, https:\/\/www.lenotti.com\/wp-content\/uploads\/2023\/06\/mercati-settimanali-bardolino-2023-1_1685967557-1536x1024.jpg 1536w, https:\/\/www.lenotti.com\/wp-content\/uploads\/2023\/06\/mercati-settimanali-bardolino-2023-1_1685967557-2048x1365.jpg 2048w, https:\/\/www.lenotti.com\/wp-content\/uploads\/2023\/06\/mercati-settimanali-bardolino-2023-1_1685967557-18x12.jpg 18w, https:\/\/www.lenotti.com\/wp-content\/uploads\/2023\/06\/mercati-settimanali-bardolino-2023-1_1685967557-630x420.jpg 630w, https:\/\/www.lenotti.com\/wp-content\/uploads\/2023\/06\/mercati-settimanali-bardolino-2023-1_1685967557-1260x840.jpg 1260w, https:\/\/www.lenotti.com\/wp-content\/uploads\/2023\/06\/mercati-settimanali-bardolino-2023-1_1685967557-315x210.jpg 315w\" sizes=\"auto, (max-width: 1024px) 100vw, 1024px\" \/>\t\t\t\t\t\t\t\t\t\t\t\t\t\t\t\t\t\t\t\t\t\t\t\t<\/div>\n\t\t\t\t\t\t<\/div>\n\t\t\t\t<\/div>\n\t\t\t\t\t<\/div>\n\t\t<\/div>\n\t\t\t\t<div class=\"elementor-column elementor-col-25 elementor-top-column elementor-element elementor-element-a3bb5b2\" data-id=\"a3bb5b2\" data-element_type=\"column\">\n\t\t\t<div class=\"elementor-widget-wrap elementor-element-populated\">\n\t\t\t\t\t\t\t\t<div class=\"elementor-element elementor-element-6c92a7e elementor-widget elementor-widget-image\" data-id=\"6c92a7e\" data-element_type=\"widget\" data-widget_type=\"image.default\">\n\t\t\t\t<div class=\"elementor-widget-container\">\n\t\t\t\t\t\t\t<div class=\"elementor-image\">\n\t\t\t\t\t\t\t\t\t\t\t\t\t\t\t\t\t\t\t\t\t<img loading=\"lazy\" decoding=\"async\" width=\"760\" height=\"508\" src=\"https:\/\/www.lenotti.com\/wp-content\/uploads\/2023\/06\/mercato13-e1686750452606.jpg\" class=\"attachment-large size-large wp-image-996859\" alt=\"\" srcset=\"https:\/\/www.lenotti.com\/wp-content\/uploads\/2023\/06\/mercato13-e1686750452606.jpg 760w, https:\/\/www.lenotti.com\/wp-content\/uploads\/2023\/06\/mercato13-e1686750452606-300x201.jpg 300w, https:\/\/www.lenotti.com\/wp-content\/uploads\/2023\/06\/mercato13-e1686750452606-18x12.jpg 18w, https:\/\/www.lenotti.com\/wp-content\/uploads\/2023\/06\/mercato13-e1686750452606-630x421.jpg 630w, https:\/\/www.lenotti.com\/wp-content\/uploads\/2023\/06\/mercato13-e1686750452606-315x211.jpg 315w\" sizes=\"auto, (max-width: 760px) 100vw, 760px\" \/>\t\t\t\t\t\t\t\t\t\t\t\t\t\t\t\t\t\t\t\t\t\t\t\t<\/div>\n\t\t\t\t\t\t<\/div>\n\t\t\t\t<\/div>\n\t\t\t\t\t<\/div>\n\t\t<\/div>\n\t\t\t\t\t\t\t<\/div>\n\t\t<\/section>\n\t\t\t\t<section class=\"elementor-section elementor-top-section elementor-element elementor-element-d9e6bd3 elementor-section-boxed elementor-section-height-default elementor-section-height-default\" data-id=\"d9e6bd3\" data-element_type=\"section\">\n\t\t\t\t\t\t<div class=\"elementor-container elementor-column-gap-default\">\n\t\t\t\t\t<div class=\"elementor-column elementor-col-100 elementor-top-column elementor-element elementor-element-a00855e\" data-id=\"a00855e\" data-element_type=\"column\">\n\t\t\t<div class=\"elementor-widget-wrap elementor-element-populated\">\n\t\t\t\t\t\t\t\t<div class=\"elementor-element elementor-element-b5ebddd elementor-widget elementor-widget-spacer\" data-id=\"b5ebddd\" data-element_type=\"widget\" data-widget_type=\"spacer.default\">\n\t\t\t\t<div class=\"elementor-widget-container\">\n\t\t\t\t\t<div class=\"elementor-spacer\">\n\t\t\t<div class=\"elementor-spacer-inner\"><\/div>\n\t\t<\/div>\n\t\t\t\t<\/div>\n\t\t\t\t<\/div>\n\t\t\t\t\t<\/div>\n\t\t<\/div>\n\t\t\t\t\t\t\t<\/div>\n\t\t<\/section>\n\t\t\t\t\t\t\t<\/div>","protected":false},"excerpt":{"rendered":"<p>Mercato di BardolinoeTour con degustazione alle Cantine Lenotti Ogni gioved\u00ec mattina a Bardolino si svolge il tradizionale mercato locale che attira tutte le settimane tantissimi visitatori. Potrete trovare bancarelle di abbigliamento, calzature, frutta e verdura, gastronomia e prodotti tipici locali passeggiando tra le affascinanti vie del centro storico e sul lungolago. In concomitanza al mercato,&#8230;<\/p>","protected":false},"author":12359,"featured_media":0,"parent":0,"menu_order":0,"comment_status":"closed","ping_status":"closed","template":"","meta":{"_mo_disable_npp":"","footnotes":""},"class_list":["post-996862","page","type-page","status-publish","hentry"],"_links":{"self":[{"href":"https:\/\/www.lenotti.com\/de\/wp-json\/wp\/v2\/pages\/996862","targetHints":{"allow":["GET"]}}],"collection":[{"href":"https:\/\/www.lenotti.com\/de\/wp-json\/wp\/v2\/pages"}],"about":[{"href":"https:\/\/www.lenotti.com\/de\/wp-json\/wp\/v2\/types\/page"}],"author":[{"embeddable":true,"href":"https:\/\/www.lenotti.com\/de\/wp-json\/wp\/v2\/users\/12359"}],"replies":[{"embeddable":true,"href":"https:\/\/www.lenotti.com\/de\/wp-json\/wp\/v2\/comments?post=996862"}],"version-history":[{"count":41,"href":"https:\/\/www.lenotti.com\/de\/wp-json\/wp\/v2\/pages\/996862\/revisions"}],"predecessor-version":[{"id":1001703,"href":"https:\/\/www.lenotti.com\/de\/wp-json\/wp\/v2\/pages\/996862\/revisions\/1001703"}],"wp:attachment":[{"href":"https:\/\/www.lenotti.com\/de\/wp-json\/wp\/v2\/media?parent=996862"}],"curies":[{"name":"wp","href":"https:\/\/api.w.org\/{rel}","templated":true}]}}