{"id":991127,"date":"2021-07-22T15:39:51","date_gmt":"2021-07-22T13:39:51","guid":{"rendered":"http:\/\/lenotti.com\/i-quattro-elementi-copy\/"},"modified":"2022-02-09T12:20:45","modified_gmt":"2022-02-09T11:20:45","slug":"salute-ambiente","status":"publish","type":"page","link":"https:\/\/www.lenotti.com\/de\/salute-ambiente\/","title":{"rendered":"Salute&#038;Ambiente"},"content":{"rendered":"<div data-elementor-type=\"wp-page\" data-elementor-id=\"991127\" class=\"elementor elementor-991127\" data-elementor-post-type=\"page\">\n\t\t\t\t\t\t\t\t\t<section class=\"elementor-section elementor-top-section elementor-element elementor-element-a39aec8 elementor-section-height-min-height elementor-section-content-bottom elementor-section-boxed elementor-section-height-default elementor-section-items-middle\" data-id=\"a39aec8\" data-element_type=\"section\" data-settings=\"{&quot;background_background&quot;:&quot;classic&quot;}\">\n\t\t\t\t\t\t\t<div class=\"elementor-background-overlay\"><\/div>\n\t\t\t\t\t\t\t<div class=\"elementor-container elementor-column-gap-default\">\n\t\t\t\t\t<div class=\"elementor-column elementor-col-100 elementor-top-column elementor-element elementor-element-b02e8b7\" data-id=\"b02e8b7\" data-element_type=\"column\">\n\t\t\t<div class=\"elementor-widget-wrap elementor-element-populated\">\n\t\t\t\t\t\t\t\t<div class=\"elementor-element elementor-element-81fb84a elementor-widget elementor-widget-heading\" data-id=\"81fb84a\" data-element_type=\"widget\" data-widget_type=\"heading.default\">\n\t\t\t\t<div class=\"elementor-widget-container\">\n\t\t\t<h1 class=\"elementor-heading-title elementor-size-default\">Gesundheit und Umwelt<\/h1>\t\t<\/div>\n\t\t\t\t<\/div>\n\t\t\t\t\t<\/div>\n\t\t<\/div>\n\t\t\t\t\t\t\t<\/div>\n\t\t<\/section>\n\t\t\t\t<section class=\"elementor-section elementor-top-section elementor-element elementor-element-b93419b elementor-section-boxed elementor-section-height-default elementor-section-height-default\" data-id=\"b93419b\" data-element_type=\"section\">\n\t\t\t\t\t\t<div class=\"elementor-container elementor-column-gap-default\">\n\t\t\t\t\t<div class=\"elementor-column elementor-col-50 elementor-top-column elementor-element elementor-element-cdd9318 animated-slow elementor-invisible\" data-id=\"cdd9318\" data-element_type=\"column\" data-settings=\"{&quot;background_background&quot;:&quot;classic&quot;,&quot;animation&quot;:&quot;growFromLeft&quot;}\">\n\t\t\t<div class=\"elementor-widget-wrap elementor-element-populated\">\n\t\t\t\t\t\t\t\t<div class=\"elementor-element elementor-element-9bad56f elementor-hidden-tablet elementor-widget elementor-widget-spacer\" data-id=\"9bad56f\" data-element_type=\"widget\" data-widget_type=\"spacer.default\">\n\t\t\t\t<div class=\"elementor-widget-container\">\n\t\t\t\t\t<div class=\"elementor-spacer\">\n\t\t\t<div class=\"elementor-spacer-inner\"><\/div>\n\t\t<\/div>\n\t\t\t\t<\/div>\n\t\t\t\t<\/div>\n\t\t\t\t\t<\/div>\n\t\t<\/div>\n\t\t\t\t<div class=\"elementor-column elementor-col-50 elementor-top-column elementor-element elementor-element-8b4c65f animated-slow elementor-invisible\" data-id=\"8b4c65f\" data-element_type=\"column\" data-settings=\"{&quot;animation&quot;:&quot;fadeIn&quot;}\">\n\t\t\t<div class=\"elementor-widget-wrap elementor-element-populated\">\n\t\t\t\t\t\t\t\t<div class=\"elementor-element elementor-element-f18fef6 elementor-widget elementor-widget-heading\" data-id=\"f18fef6\" data-element_type=\"widget\" data-widget_type=\"heading.default\">\n\t\t\t\t<div class=\"elementor-widget-container\">\n\t\t\t<h3 class=\"elementor-heading-title elementor-size-default\">UMWELT<\/h3>\t\t<\/div>\n\t\t\t\t<\/div>\n\t\t\t\t<div class=\"elementor-element elementor-element-a32d9fd elementor-widget elementor-widget-text-editor\" data-id=\"a32d9fd\" data-element_type=\"widget\" data-widget_type=\"text-editor.default\">\n\t\t\t\t<div class=\"elementor-widget-container\">\n\t\t\t\t\t\t\t<p style=\"text-align: justify;\">\u201cMens sana in corpore sano\u201d, k\u00f6nnen alle gewissenhaften Winzer nur in \u201cgesunde Trauben in einer gesunden Umwelt\u201d \u00fcbersetzen.<\/p><p style=\"text-align: justify;\">Wie alle erfolgreichen Weing\u00fcter, die seit Jahrzehnten aktiv sind und dies auch in Zukunft noch lange tun wollen, haben wir unseren Produktionszyklus immer auf die hohe Qualit\u00e4t unserer Weine und die Effizienz unserer Produktionsprozesse ausgerichtet, wobei wir die Umwelt, in der wir t\u00e4tig sind, in h\u00f6chstem Ma\u00dfe respektieren und stets die \u00f6kologische Nachhaltigkeit der Prozesse und die \u201csozialen\u201d Aspekte f\u00fcr alle an den Arbeitsprozessen Beteiligten im Auge behalten.<\/p><p style=\"text-align: justify;\">Qualit\u00e4t, Gesundheit, Sicherheit und Umweltschutz sind zweifellos die Ziele, die jeder Unternehmensentscheidung der  Familie Lenotti zugrunde liegen. Luft, Wasser, Energie und Boden m\u00fcssen daher als Ganzes, in voller Integration und immer mit gr\u00f6\u00dftm\u00f6glichem Respekt vor der Natur und der Arbeitsumgebung gesehen werden.<\/p><p style=\"text-align: justify;\">Unser Ziel ist es, die Qualit\u00e4t unserer Weine durch einen Produktionszyklus, der die 4 grundlegenden Elemente respektiert, immer weiter zu verbessern\u2026<\/p>\t\t\t\t\t\t<\/div>\n\t\t\t\t<\/div>\n\t\t\t\t<div class=\"elementor-element elementor-element-3298120 elementor-widget elementor-widget-button\" data-id=\"3298120\" data-element_type=\"widget\" data-widget_type=\"button.default\">\n\t\t\t\t<div class=\"elementor-widget-container\">\n\t\t\t\t\t<div class=\"elementor-button-wrapper\">\n\t\t\t<a class=\"elementor-button elementor-button-link elementor-size-sm\" href=\"https:\/\/www.lenotti.com\/de\/i-quattro-elementi\/\">\n\t\t\t\t\t\t<span class=\"elementor-button-content-wrapper\">\n\t\t\t\t\t\t<span class=\"elementor-button-text\">ENTDECKEN SIE DIE 4 ELEMENTE<\/span>\n\t\t<\/span>\n\t\t\t\t\t<\/a>\n\t\t<\/div>\n\t\t\t\t<\/div>\n\t\t\t\t<\/div>\n\t\t\t\t\t<\/div>\n\t\t<\/div>\n\t\t\t\t\t\t\t<\/div>\n\t\t<\/section>\n\t\t\t\t<section class=\"elementor-section elementor-top-section elementor-element elementor-element-138139f elementor-reverse-mobile elementor-section-boxed elementor-section-height-default elementor-section-height-default\" data-id=\"138139f\" data-element_type=\"section\" data-settings=\"{&quot;background_background&quot;:&quot;classic&quot;}\">\n\t\t\t\t\t\t<div class=\"elementor-container elementor-column-gap-default\">\n\t\t\t\t\t<div class=\"elementor-column elementor-col-50 elementor-top-column elementor-element elementor-element-5d4a276 animated-slow elementor-invisible\" data-id=\"5d4a276\" data-element_type=\"column\" data-settings=\"{&quot;animation&quot;:&quot;fadeIn&quot;}\">\n\t\t\t<div class=\"elementor-widget-wrap elementor-element-populated\">\n\t\t\t\t\t\t\t\t<div class=\"elementor-element elementor-element-e93bafc elementor-widget elementor-widget-heading\" data-id=\"e93bafc\" data-element_type=\"widget\" data-widget_type=\"heading.default\">\n\t\t\t\t<div class=\"elementor-widget-container\">\n\t\t\t<h3 class=\"elementor-heading-title elementor-size-default\">GESUNDHEIT<\/h3>\t\t<\/div>\n\t\t\t\t<\/div>\n\t\t\t\t<div class=\"elementor-element elementor-element-959fb8b elementor-widget elementor-widget-text-editor\" data-id=\"959fb8b\" data-element_type=\"widget\" data-widget_type=\"text-editor.default\">\n\t\t\t\t<div class=\"elementor-widget-container\">\n\t\t\t\t\t\t\t<p style=\"text-align: justify;\" class=\" translation-block\">Ein weiterer grundlegender Aspekt f\u00fcr uns ist die Unverf\u00e4lschtheit unserer Produkte und der Respekt vor der Natur, die unsere Erde bietet. Zu diesem Zweck setzen wir die fortschrittlichsten Produktionstechnologien ein, die alle darauf abzielen, die Qualit\u00e4t und Originalit\u00e4t unserer Weine zu verbessern und auf jegliche Zus\u00e4tze oder chemische Stoffe in den Produktionsprozessen zu verzichten. Mit diesen Zielen haben wir hochmoderne Weinherstellungs-, Konservierungs- und Abf\u00fcllanlagen eingerichtet. Jede Produktionsphase wird unter gr\u00f6\u00dfter R\u00fccksichtnahme auf den Wein durchgef\u00fchrt, und durch innovative Verfahren wie die kontrollierte G\u00e4rung bei niedriger Temperatur, die Weinsteinreduzierung durch Elektrodialyse und die Kaltabf\u00fcllung in einer sterilen Abf\u00fcllanlage ist es uns gelungen, die Zugabe von Schwefeldioxid zu minimieren, welches in kleinen Mengen ein unverzichtbares Element f\u00fcr die Konservierung des Weins darstellt.<\/p><p style=\"text-align: justify;\">Dank der unerm\u00fcdlichen und weitsichtigen Arbeit von Giancarlo Lenotti, einem Experten und Kenner dieser Aspekte, dank der Aufmerksamkeit, die wir der gesunden Bewirtschaftung unserer Weinberge und der respektvollen Erhaltung der sie umgebenden Umwelt widmen, und dank unserer hochmodernen Anlagen k\u00f6nnen wir sagen, dass wir in Bezug auf Echtheit und Qualit\u00e4t unserer Weine Ergebnisse erzielt haben, die, um es ganz vorsichtig auszudr\u00fccken, \u201csensationell\u201d sind.<\/p>\t\t\t\t\t\t<\/div>\n\t\t\t\t<\/div>\n\t\t\t\t<div class=\"elementor-element elementor-element-443c5a4 elementor-widget elementor-widget-button\" data-id=\"443c5a4\" data-element_type=\"widget\" data-widget_type=\"button.default\">\n\t\t\t\t<div class=\"elementor-widget-container\">\n\t\t\t\t\t<div class=\"elementor-button-wrapper\">\n\t\t\t<a class=\"elementor-button elementor-button-link elementor-size-sm\" href=\"https:\/\/www.lenotti.com\/de\/tecnologia\/\">\n\t\t\t\t\t\t<span class=\"elementor-button-content-wrapper\">\n\t\t\t\t\t\t<span class=\"elementor-button-text\">DIE TECHNOLOGIE, DIE WIR VERWENDEN<\/span>\n\t\t<\/span>\n\t\t\t\t\t<\/a>\n\t\t<\/div>\n\t\t\t\t<\/div>\n\t\t\t\t<\/div>\n\t\t\t\t\t<\/div>\n\t\t<\/div>\n\t\t\t\t<div class=\"elementor-column elementor-col-50 elementor-top-column elementor-element elementor-element-999e823 animated-slow elementor-invisible\" data-id=\"999e823\" data-element_type=\"column\" data-settings=\"{&quot;background_background&quot;:&quot;classic&quot;,&quot;animation&quot;:&quot;growFromRight&quot;}\">\n\t\t\t<div class=\"elementor-widget-wrap elementor-element-populated\">\n\t\t\t\t\t\t\t\t<div class=\"elementor-element elementor-element-210d5fe elementor-hidden-tablet elementor-widget elementor-widget-spacer\" data-id=\"210d5fe\" data-element_type=\"widget\" data-widget_type=\"spacer.default\">\n\t\t\t\t<div class=\"elementor-widget-container\">\n\t\t\t\t\t<div class=\"elementor-spacer\">\n\t\t\t<div class=\"elementor-spacer-inner\"><\/div>\n\t\t<\/div>\n\t\t\t\t<\/div>\n\t\t\t\t<\/div>\n\t\t\t\t\t<\/div>\n\t\t<\/div>\n\t\t\t\t\t\t\t<\/div>\n\t\t<\/section>\n\t\t\t\t<section class=\"elementor-section elementor-top-section elementor-element elementor-element-8c643ce elementor-section-boxed elementor-section-height-default elementor-section-height-default\" data-id=\"8c643ce\" data-element_type=\"section\">\n\t\t\t\t\t\t<div class=\"elementor-container elementor-column-gap-default\">\n\t\t\t\t\t<div class=\"elementor-column elementor-col-100 elementor-top-column elementor-element elementor-element-3cc324c\" data-id=\"3cc324c\" data-element_type=\"column\">\n\t\t\t<div class=\"elementor-widget-wrap elementor-element-populated\">\n\t\t\t\t\t\t\t\t<div class=\"elementor-element elementor-element-1db7a2b elementor-widget elementor-widget-spacer\" data-id=\"1db7a2b\" data-element_type=\"widget\" data-widget_type=\"spacer.default\">\n\t\t\t\t<div class=\"elementor-widget-container\">\n\t\t\t\t\t<div class=\"elementor-spacer\">\n\t\t\t<div class=\"elementor-spacer-inner\"><\/div>\n\t\t<\/div>\n\t\t\t\t<\/div>\n\t\t\t\t<\/div>\n\t\t\t\t\t<\/div>\n\t\t<\/div>\n\t\t\t\t\t\t\t<\/div>\n\t\t<\/section>\n\t\t\t\t\t\t\t<\/div>","protected":false},"excerpt":{"rendered":"<p>Salute &#038; Ambiente Ambiente \u201cMens sana in corpore sano\u201d, per tutti i vignaioli coscienziosi non pu\u00f2 che tradursi in \u201cuva sana in ambiente sano\u201d. Come tutte le cantine di successo che sono attive da decenni e vogliono continuare a farlo a lungo in futuro, abbiamo da sempre impostato il nostro ciclo produttivo cercando l\u2019alta qualit\u00e0&#8230;<\/p>","protected":false},"author":1,"featured_media":0,"parent":0,"menu_order":0,"comment_status":"closed","ping_status":"closed","template":"","meta":{"_mo_disable_npp":"","footnotes":""},"class_list":["post-991127","page","type-page","status-publish","hentry"],"_links":{"self":[{"href":"https:\/\/www.lenotti.com\/de\/wp-json\/wp\/v2\/pages\/991127","targetHints":{"allow":["GET"]}}],"collection":[{"href":"https:\/\/www.lenotti.com\/de\/wp-json\/wp\/v2\/pages"}],"about":[{"href":"https:\/\/www.lenotti.com\/de\/wp-json\/wp\/v2\/types\/page"}],"author":[{"embeddable":true,"href":"https:\/\/www.lenotti.com\/de\/wp-json\/wp\/v2\/users\/1"}],"replies":[{"embeddable":true,"href":"https:\/\/www.lenotti.com\/de\/wp-json\/wp\/v2\/comments?post=991127"}],"version-history":[{"count":31,"href":"https:\/\/www.lenotti.com\/de\/wp-json\/wp\/v2\/pages\/991127\/revisions"}],"predecessor-version":[{"id":993357,"href":"https:\/\/www.lenotti.com\/de\/wp-json\/wp\/v2\/pages\/991127\/revisions\/993357"}],"wp:attachment":[{"href":"https:\/\/www.lenotti.com\/de\/wp-json\/wp\/v2\/media?parent=991127"}],"curies":[{"name":"wp","href":"https:\/\/api.w.org\/{rel}","templated":true}]}}