{"id":989966,"date":"2021-06-30T15:07:46","date_gmt":"2021-06-30T13:07:46","guid":{"rendered":"http:\/\/lenotti.com\/lenotti-friends-copy\/"},"modified":"2024-08-28T17:54:00","modified_gmt":"2024-08-28T15:54:00","slug":"contatti","status":"publish","type":"page","link":"https:\/\/www.lenotti.com\/de\/contatti\/","title":{"rendered":"Kontakt"},"content":{"rendered":"<div data-elementor-type=\"wp-page\" data-elementor-id=\"989966\" class=\"elementor elementor-989966\" data-elementor-post-type=\"page\">\n\t\t\t\t\t\t\t\t\t<section class=\"elementor-section elementor-top-section elementor-element elementor-element-06f4fe2 elementor-section-height-min-height elementor-section-content-bottom elementor-section-boxed elementor-section-height-default elementor-section-items-middle\" data-id=\"06f4fe2\" data-element_type=\"section\" data-settings=\"{&quot;background_background&quot;:&quot;classic&quot;}\">\n\t\t\t\t\t\t\t<div class=\"elementor-background-overlay\"><\/div>\n\t\t\t\t\t\t\t<div class=\"elementor-container elementor-column-gap-default\">\n\t\t\t\t\t<div class=\"elementor-column elementor-col-100 elementor-top-column elementor-element elementor-element-3081e41\" data-id=\"3081e41\" data-element_type=\"column\">\n\t\t\t<div class=\"elementor-widget-wrap elementor-element-populated\">\n\t\t\t\t\t\t\t\t<div class=\"elementor-element elementor-element-925c5d5 elementor-widget elementor-widget-heading\" data-id=\"925c5d5\" data-element_type=\"widget\" data-widget_type=\"heading.default\">\n\t\t\t\t<div class=\"elementor-widget-container\">\n\t\t\t<h1 class=\"elementor-heading-title elementor-size-default\">Kontakt<\/h1>\t\t<\/div>\n\t\t\t\t<\/div>\n\t\t\t\t\t<\/div>\n\t\t<\/div>\n\t\t\t\t\t\t\t<\/div>\n\t\t<\/section>\n\t\t\t\t<section class=\"elementor-section elementor-top-section elementor-element elementor-element-c2dcf05 elementor-section-content-middle elementor-section-boxed elementor-section-height-default elementor-section-height-default\" data-id=\"c2dcf05\" data-element_type=\"section\">\n\t\t\t\t\t\t<div class=\"elementor-container elementor-column-gap-default\">\n\t\t\t\t\t<div class=\"elementor-column elementor-col-50 elementor-top-column elementor-element elementor-element-cbc81b9\" data-id=\"cbc81b9\" data-element_type=\"column\">\n\t\t\t<div class=\"elementor-widget-wrap elementor-element-populated\">\n\t\t\t\t\t\t\t\t<div class=\"elementor-element elementor-element-66b3337 elementor-widget elementor-widget-heading\" data-id=\"66b3337\" data-element_type=\"widget\" data-widget_type=\"heading.default\">\n\t\t\t\t<div class=\"elementor-widget-container\">\n\t\t\t<h3 class=\"elementor-heading-title elementor-size-default\">Wo sind wir<\/h3>\t\t<\/div>\n\t\t\t\t<\/div>\n\t\t\t\t<div class=\"elementor-element elementor-element-2045b8b elementor-widget elementor-widget-text-editor\" data-id=\"2045b8b\" data-element_type=\"widget\" data-widget_type=\"text-editor.default\">\n\t\t\t\t<div class=\"elementor-widget-container\">\n\t\t\t\t\t\t\t<p style=\"text-align: center;\">Die Kellerei Lenotti befindet sich 25 km von Verona entfernt in Bardolino (Veneto) am Ostufer des Gardasees.<\/p><p style=\"text-align: center;\">Der Gardasee und die Provinz Verona bilden die besten Standortvoraussetzungen f\u00fcr einen Betrieb wie unseren, der an der Erzeugung qualitativ hochwertiger Weine orientiert ist<\/p><p style=\"text-align: center;\">Der Gardasee ist der gr\u00f6\u00dfte See Italiens, weltber\u00fchmt f\u00fcr das milde Klima sowie die Natur- und Kunstsch\u00e4tze, die zu jeder Jahreszeit zahlreiche Besucher anziehen.<\/p><p style=\"text-align: center;\">Der ausgleichende Einfluss, den der See auf das Klima aus\u00fcbt; sowie die geomorphologischen Charakteristika der H\u00fcgelgebiete l\u00e4ngs des Seeufers haben die Entwicklung einer bl\u00fchenden, fast ausschlie\u00dflich auf Wein- und Olivenanbau beruhenden Landwirtschaft beg\u00fcnstigt, die gemeinsam mit dem Tourismus einen wichtigen Wirtschaftsfaktor der Region darstellt.<\/p>\t\t\t\t\t\t<\/div>\n\t\t\t\t<\/div>\n\t\t\t\t<div class=\"elementor-element elementor-element-5e9923e elementor-widget elementor-widget-eael-creative-button\" data-id=\"5e9923e\" data-element_type=\"widget\" data-widget_type=\"eael-creative-button.default\">\n\t\t\t\t<div class=\"elementor-widget-container\">\n\t\t\t        <div class=\"eael-creative-button-wrapper\">\n\n            <a class=\"eael-creative-button eael-creative-button--default\" href=\"https:\/\/www.lenotti.com\/de\/#contattaci\" data-text=\"Go!\">\n\n\t    \n                <div class=\"creative-button-inner\">\n\n                    \n                    <span class=\"cretive-button-text\">Kontaktieren sie uns<\/span>\n\n                                    <\/div>\n\t                        <\/a>\n        <\/div>\n\t\t<\/div>\n\t\t\t\t<\/div>\n\t\t\t\t\t<\/div>\n\t\t<\/div>\n\t\t\t\t<div class=\"elementor-column elementor-col-50 elementor-top-column elementor-element elementor-element-465d58a\" data-id=\"465d58a\" data-element_type=\"column\">\n\t\t\t<div class=\"elementor-widget-wrap elementor-element-populated\">\n\t\t\t\t\t\t\t\t<div class=\"elementor-element elementor-element-a4388e4 elementor-widget elementor-widget-image\" data-id=\"a4388e4\" data-element_type=\"widget\" data-widget_type=\"image.default\">\n\t\t\t\t<div class=\"elementor-widget-container\">\n\t\t\t\t\t\t\t<div class=\"elementor-image\">\n\t\t\t\t\t\t\t\t\t\t\t\t\t\t\t\t\t\t\t\t\t<img loading=\"lazy\" decoding=\"async\" width=\"1000\" height=\"1000\" src=\"https:\/\/www.lenotti.com\/wp-content\/uploads\/2021\/06\/cartina.png\" class=\"attachment-large size-large wp-image-989969\" alt=\"\" srcset=\"https:\/\/www.lenotti.com\/wp-content\/uploads\/2021\/06\/cartina.png 1000w, https:\/\/www.lenotti.com\/wp-content\/uploads\/2021\/06\/cartina-315x315.png 315w, https:\/\/www.lenotti.com\/wp-content\/uploads\/2021\/06\/cartina-630x630.png 630w, https:\/\/www.lenotti.com\/wp-content\/uploads\/2021\/06\/cartina-300x300.png 300w, https:\/\/www.lenotti.com\/wp-content\/uploads\/2021\/06\/cartina-150x150.png 150w, https:\/\/www.lenotti.com\/wp-content\/uploads\/2021\/06\/cartina-768x768.png 768w, https:\/\/www.lenotti.com\/wp-content\/uploads\/2021\/06\/cartina-420x420.png 420w, https:\/\/www.lenotti.com\/wp-content\/uploads\/2021\/06\/cartina-840x840.png 840w\" sizes=\"auto, (max-width: 1000px) 100vw, 1000px\" \/>\t\t\t\t\t\t\t\t\t\t\t\t\t\t\t\t\t\t\t\t\t\t\t\t<\/div>\n\t\t\t\t\t\t<\/div>\n\t\t\t\t<\/div>\n\t\t\t\t\t<\/div>\n\t\t<\/div>\n\t\t\t\t\t\t\t<\/div>\n\t\t<\/section>\n\t\t\t\t<section class=\"elementor-section elementor-top-section elementor-element elementor-element-4577916 elementor-section-boxed elementor-section-height-default elementor-section-height-default\" data-id=\"4577916\" data-element_type=\"section\">\n\t\t\t\t\t\t<div class=\"elementor-container elementor-column-gap-default\">\n\t\t\t\t\t<div class=\"elementor-column elementor-col-100 elementor-top-column elementor-element elementor-element-9a1cb20\" data-id=\"9a1cb20\" data-element_type=\"column\">\n\t\t\t<div class=\"elementor-widget-wrap elementor-element-populated\">\n\t\t\t\t\t\t\t\t<div class=\"elementor-element elementor-element-e6ea391 elementor-widget elementor-widget-text-editor\" data-id=\"e6ea391\" data-element_type=\"widget\" data-widget_type=\"text-editor.default\">\n\t\t\t\t<div class=\"elementor-widget-container\">\n\t\t\t\t\t\t\t<p style=\"text-align: center;\">Die Provinz Verona, zu der die am Ostufer des Gardasees gelegenen Gebiete geh\u00f6ren, ist au\u00dferdem, hinsichtlich der Qualit\u00e4t der Weine und der Produktvielfalt, das gr\u00f6\u00dfte Anbaugebiet Italiens. Neben Weinsorten wie \u201cBardolino\u201c, \u201cValpolicella\u201d und \u201cSoave\u201c, die schon seit Jahren auf der ganzen Welt bekannt sind, erzielen Wei\u00dfweine wie \u201cCustoza\u201c, \u201cLugana\u201d und \u201cPinot Grigio\u201d bzw. Rotweine wie \u201cAmarone della Valpolicella\u201c, \u201cRecioto della Valpolicella\u201d und \u201cCabernet Sauvignon\u201c, sowie Ros\u00e9weine wie der Klassiker \u201cChiaretto Bardolino\u201d wachsende Erfolge auf dem Markt.<\/p><p style=\"text-align: center;\">Die Kellerei, die sich harmonisch in das Landschaftsbild des Gardasees mit seinen herrlichen Weinbergen und Olivenhainen einf\u00fcgt, befindet sich in Bardolino. Sie ist leicht \u00fcber die Brennerautobahn Richtung Modena (5 km nach der Autobahnausfahrt Affi-Lago di Garda) oder die Autobahn Milano-Venezia (15 km nach der Ausfahrt Peschiera) erreichbar und liegt direkt an der wichtigsten Bundesstra\u00dfe des Gardasees.<\/p><p style=\"text-align: center;\">In unserer Direkt-Verkaufsstelle sind s\u00e4mtliche Produkte unseres Weingutes erh\u00e4ltlich.<\/p>\t\t\t\t\t\t<\/div>\n\t\t\t\t<\/div>\n\t\t\t\t<div class=\"elementor-element elementor-element-d2c575b elementor-widget elementor-widget-eael-creative-button\" data-id=\"d2c575b\" data-element_type=\"widget\" data-widget_type=\"eael-creative-button.default\">\n\t\t\t\t<div class=\"elementor-widget-container\">\n\t\t\t        <div class=\"eael-creative-button-wrapper\">\n\n            <a class=\"eael-creative-button eael-creative-button--default\" href=\"https:\/\/www.lenotti.com\/de\/punto-vendita\/\" data-text=\"Go!\">\n\n\t    \n                <div class=\"creative-button-inner\">\n\n                    \n                    <span class=\"cretive-button-text\">Beachten Sie unsere \u00d6ffnungszeiten<\/span>\n\n                                    <\/div>\n\t                        <\/a>\n        <\/div>\n\t\t<\/div>\n\t\t\t\t<\/div>\n\t\t\t\t\t<\/div>\n\t\t<\/div>\n\t\t\t\t\t\t\t<\/div>\n\t\t<\/section>\n\t\t\t\t<section class=\"elementor-section elementor-top-section elementor-element elementor-element-9cc09fb elementor-section-boxed elementor-section-height-default elementor-section-height-default\" data-id=\"9cc09fb\" data-element_type=\"section\">\n\t\t\t\t\t\t<div class=\"elementor-container elementor-column-gap-default\">\n\t\t\t\t\t<div class=\"elementor-column elementor-col-100 elementor-top-column elementor-element elementor-element-2e0e5ef\" data-id=\"2e0e5ef\" data-element_type=\"column\">\n\t\t\t<div class=\"elementor-widget-wrap elementor-element-populated\">\n\t\t\t\t\t\t\t\t<div class=\"elementor-element elementor-element-e9d99f7 elementor-widget elementor-widget-spacer\" data-id=\"e9d99f7\" data-element_type=\"widget\" data-widget_type=\"spacer.default\">\n\t\t\t\t<div class=\"elementor-widget-container\">\n\t\t\t\t\t<div class=\"elementor-spacer\">\n\t\t\t<div class=\"elementor-spacer-inner\"><\/div>\n\t\t<\/div>\n\t\t\t\t<\/div>\n\t\t\t\t<\/div>\n\t\t\t\t\t<\/div>\n\t\t<\/div>\n\t\t\t\t\t\t\t<\/div>\n\t\t<\/section>\n\t\t\t\t\t\t\t<\/div>","protected":false},"excerpt":{"rendered":"<p>Info &#038; Contatti Dove Siamo L\u2019azienda CANTINE LENOTTI si trova in Veneto, nel paese di Bardolino, a 25 Km da Verona, sulla sponda orientale del lago di Garda. Il lago di Garda e la provincia di Verona costituiscono uno dei migliori siti per un\u2019azienda come la nostra, orientata alla produzione di vini di alta qualit\u00e0&#8230;.<\/p>","protected":false},"author":1,"featured_media":0,"parent":0,"menu_order":0,"comment_status":"closed","ping_status":"closed","template":"","meta":{"_mo_disable_npp":"","footnotes":""},"class_list":["post-989966","page","type-page","status-publish","hentry"],"_links":{"self":[{"href":"https:\/\/www.lenotti.com\/de\/wp-json\/wp\/v2\/pages\/989966","targetHints":{"allow":["GET"]}}],"collection":[{"href":"https:\/\/www.lenotti.com\/de\/wp-json\/wp\/v2\/pages"}],"about":[{"href":"https:\/\/www.lenotti.com\/de\/wp-json\/wp\/v2\/types\/page"}],"author":[{"embeddable":true,"href":"https:\/\/www.lenotti.com\/de\/wp-json\/wp\/v2\/users\/1"}],"replies":[{"embeddable":true,"href":"https:\/\/www.lenotti.com\/de\/wp-json\/wp\/v2\/comments?post=989966"}],"version-history":[{"count":45,"href":"https:\/\/www.lenotti.com\/de\/wp-json\/wp\/v2\/pages\/989966\/revisions"}],"predecessor-version":[{"id":999830,"href":"https:\/\/www.lenotti.com\/de\/wp-json\/wp\/v2\/pages\/989966\/revisions\/999830"}],"wp:attachment":[{"href":"https:\/\/www.lenotti.com\/de\/wp-json\/wp\/v2\/media?parent=989966"}],"curies":[{"name":"wp","href":"https:\/\/api.w.org\/{rel}","templated":true}]}}