{"id":988297,"date":"2021-05-07T09:50:37","date_gmt":"2021-05-07T07:50:37","guid":{"rendered":"http:\/\/lenotti.com\/i-nostri-vigneti-copy\/"},"modified":"2025-12-18T17:54:35","modified_gmt":"2025-12-18T16:54:35","slug":"punto-vendita","status":"publish","type":"page","link":"https:\/\/www.lenotti.com\/de\/punto-vendita\/","title":{"rendered":"Direktverkauf"},"content":{"rendered":"<div data-elementor-type=\"wp-page\" data-elementor-id=\"988297\" class=\"elementor elementor-988297\" data-elementor-post-type=\"page\">\n\t\t\t\t\t\t\t\t\t<section class=\"elementor-section elementor-top-section elementor-element elementor-element-a39aec8 elementor-section-height-min-height elementor-section-content-bottom elementor-section-boxed elementor-section-height-default elementor-section-items-middle\" data-id=\"a39aec8\" data-element_type=\"section\" data-settings=\"{&quot;background_background&quot;:&quot;classic&quot;}\">\n\t\t\t\t\t\t\t<div class=\"elementor-background-overlay\"><\/div>\n\t\t\t\t\t\t\t<div class=\"elementor-container elementor-column-gap-default\">\n\t\t\t\t\t<div class=\"elementor-column elementor-col-100 elementor-top-column elementor-element elementor-element-b02e8b7\" data-id=\"b02e8b7\" data-element_type=\"column\">\n\t\t\t<div class=\"elementor-widget-wrap elementor-element-populated\">\n\t\t\t\t\t\t\t\t<div class=\"elementor-element elementor-element-c60bb76 elementor-widget elementor-widget-heading\" data-id=\"c60bb76\" data-element_type=\"widget\" data-widget_type=\"heading.default\">\n\t\t\t\t<div class=\"elementor-widget-container\">\n\t\t\t<h1 class=\"elementor-heading-title elementor-size-default\">Direktverkauf<\/h1>\t\t<\/div>\n\t\t\t\t<\/div>\n\t\t\t\t\t<\/div>\n\t\t<\/div>\n\t\t\t\t\t\t\t<\/div>\n\t\t<\/section>\n\t\t\t\t<section class=\"elementor-section elementor-top-section elementor-element elementor-element-67868c8 elementor-section-height-min-height elementor-section-boxed elementor-section-height-default elementor-section-items-middle\" data-id=\"67868c8\" data-element_type=\"section\">\n\t\t\t\t\t\t<div class=\"elementor-container elementor-column-gap-default\">\n\t\t\t\t\t<div class=\"elementor-column elementor-col-100 elementor-top-column elementor-element elementor-element-f8d9e19\" data-id=\"f8d9e19\" data-element_type=\"column\">\n\t\t\t<div class=\"elementor-widget-wrap elementor-element-populated\">\n\t\t\t\t\t\t\t\t<div class=\"elementor-element elementor-element-4d24a5c elementor-invisible elementor-widget elementor-widget-heading\" data-id=\"4d24a5c\" data-element_type=\"widget\" data-settings=\"{&quot;_animation&quot;:&quot;fadeIn&quot;,&quot;_animation_delay&quot;:200}\" data-widget_type=\"heading.default\">\n\t\t\t\t<div class=\"elementor-widget-container\">\n\t\t\t<h6 class=\"elementor-heading-title elementor-size-default\">lenotti vini<\/h6>\t\t<\/div>\n\t\t\t\t<\/div>\n\t\t\t\t<div class=\"elementor-element elementor-element-106983b elementor-widget elementor-widget-heading\" data-id=\"106983b\" data-element_type=\"widget\" data-widget_type=\"heading.default\">\n\t\t\t\t<div class=\"elementor-widget-container\">\n\t\t\t<h2 class=\"elementor-heading-title elementor-size-default\">Herzlich willkommen<\/h2>\t\t<\/div>\n\t\t\t\t<\/div>\n\t\t\t\t<div class=\"elementor-element elementor-element-e0a7448 elementor-absolute elementor-widget elementor-widget-image\" data-id=\"e0a7448\" data-element_type=\"widget\" data-settings=\"{&quot;_position&quot;:&quot;absolute&quot;}\" data-widget_type=\"image.default\">\n\t\t\t\t<div class=\"elementor-widget-container\">\n\t\t\t\t\t\t\t<div class=\"elementor-image\">\n\t\t\t\t\t\t\t\t\t\t\t\t\t\t\t\t\t\t\t\t\t<img loading=\"lazy\" decoding=\"async\" width=\"178\" height=\"281\" src=\"https:\/\/www.lenotti.com\/wp-content\/uploads\/2020\/03\/Vector.png\" class=\"attachment-medium size-medium wp-image-583\" alt=\"\" \/>\t\t\t\t\t\t\t\t\t\t\t\t\t\t\t\t\t\t\t\t\t\t\t\t<\/div>\n\t\t\t\t\t\t<\/div>\n\t\t\t\t<\/div>\n\t\t\t\t<div class=\"elementor-element elementor-element-b391a39 elementor-widget elementor-widget-text-editor\" data-id=\"b391a39\" data-element_type=\"widget\" data-widget_type=\"text-editor.default\">\n\t\t\t\t<div class=\"elementor-widget-container\">\n\t\t\t\t\t\t\t<p>In unserer Direkt-Verkaufsstelle sind s\u00e4mtliche Produkte unseres Weingutes erh\u00e4ltlich.<\/p>\t\t\t\t\t\t<\/div>\n\t\t\t\t<\/div>\n\t\t\t\t\t<\/div>\n\t\t<\/div>\n\t\t\t\t\t\t\t<\/div>\n\t\t<\/section>\n\t\t\t\t<section class=\"elementor-section elementor-top-section elementor-element elementor-element-b93419b elementor-section-boxed elementor-section-height-default elementor-section-height-default\" data-id=\"b93419b\" data-element_type=\"section\">\n\t\t\t\t\t\t<div class=\"elementor-container elementor-column-gap-default\">\n\t\t\t\t\t<div class=\"elementor-column elementor-col-50 elementor-top-column elementor-element elementor-element-cdd9318 animated-slow elementor-invisible\" data-id=\"cdd9318\" data-element_type=\"column\" data-settings=\"{&quot;background_background&quot;:&quot;classic&quot;,&quot;animation&quot;:&quot;growFromLeft&quot;}\">\n\t\t\t<div class=\"elementor-widget-wrap elementor-element-populated\">\n\t\t\t\t\t\t\t\t<div class=\"elementor-element elementor-element-97999c2 elementor-widget elementor-widget-image\" data-id=\"97999c2\" data-element_type=\"widget\" data-widget_type=\"image.default\">\n\t\t\t\t<div class=\"elementor-widget-container\">\n\t\t\t\t\t\t\t<div class=\"elementor-image\">\n\t\t\t\t\t\t\t\t\t\t\t\t\t\t\t\t\t\t\t\t\t<img loading=\"lazy\" decoding=\"async\" width=\"900\" height=\"600\" src=\"https:\/\/www.lenotti.com\/wp-content\/uploads\/2021\/05\/punto-vendita-interno.jpg\" class=\"attachment-large size-large wp-image-988304\" alt=\"\" srcset=\"https:\/\/www.lenotti.com\/wp-content\/uploads\/2021\/05\/punto-vendita-interno.jpg 900w, https:\/\/www.lenotti.com\/wp-content\/uploads\/2021\/05\/punto-vendita-interno-315x210.jpg 315w, https:\/\/www.lenotti.com\/wp-content\/uploads\/2021\/05\/punto-vendita-interno-630x420.jpg 630w, https:\/\/www.lenotti.com\/wp-content\/uploads\/2021\/05\/punto-vendita-interno-300x200.jpg 300w, https:\/\/www.lenotti.com\/wp-content\/uploads\/2021\/05\/punto-vendita-interno-768x512.jpg 768w, https:\/\/www.lenotti.com\/wp-content\/uploads\/2021\/05\/punto-vendita-interno-420x280.jpg 420w, https:\/\/www.lenotti.com\/wp-content\/uploads\/2021\/05\/punto-vendita-interno-840x560.jpg 840w\" sizes=\"auto, (max-width: 900px) 100vw, 900px\" \/>\t\t\t\t\t\t\t\t\t\t\t\t\t\t\t\t\t\t\t\t\t\t\t\t<\/div>\n\t\t\t\t\t\t<\/div>\n\t\t\t\t<\/div>\n\t\t\t\t\t<\/div>\n\t\t<\/div>\n\t\t\t\t<div class=\"elementor-column elementor-col-50 elementor-top-column elementor-element elementor-element-8b4c65f animated-slow elementor-invisible\" data-id=\"8b4c65f\" data-element_type=\"column\" data-settings=\"{&quot;animation&quot;:&quot;fadeIn&quot;}\">\n\t\t\t<div class=\"elementor-widget-wrap elementor-element-populated\">\n\t\t\t\t\t\t\t\t<div class=\"elementor-element elementor-element-fc77e85 elementor-widget elementor-widget-heading\" data-id=\"fc77e85\" data-element_type=\"widget\" data-widget_type=\"heading.default\">\n\t\t\t\t<div class=\"elementor-widget-container\">\n\t\t\t<h5 class=\"elementor-heading-title elementor-size-default\">Vom Oster-Wochenende bis Mitte Oktober<\/h5>\t\t<\/div>\n\t\t\t\t<\/div>\n\t\t\t\t<div class=\"elementor-element elementor-element-08b882d elementor-widget elementor-widget-text-editor\" data-id=\"08b882d\" data-element_type=\"widget\" data-widget_type=\"text-editor.default\">\n\t\t\t\t<div class=\"elementor-widget-container\">\n\t\t\t\t\t\t\t<p style=\"text-align: center;\">Montag bis Freitag: 9:30 -12:00 \/ 14:30 - 18:00<br \/>Samstag 10:00 - 12:00\u00a0 <span style=\"color: var( --e-global-color-vamtam_accent_2 ); letter-spacing: var(--vamtam-primary-font-letter-spacing-desktop,normal); text-transform: var(--vamtam-primary-font-transform,none);\">Sonntag geschlossen<\/span><\/p>\t\t\t\t\t\t<\/div>\n\t\t\t\t<\/div>\n\t\t\t\t<div class=\"elementor-element elementor-element-158803e elementor-widget-divider--view-line elementor-widget elementor-widget-divider\" data-id=\"158803e\" data-element_type=\"widget\" data-widget_type=\"divider.default\">\n\t\t\t\t<div class=\"elementor-widget-container\">\n\t\t\t\t\t<div class=\"elementor-divider\">\n\t\t\t<span class=\"elementor-divider-separator\">\n\t\t\t\t\t\t<\/span>\n\t\t<\/div>\n\t\t\t\t<\/div>\n\t\t\t\t<\/div>\n\t\t\t\t<div class=\"elementor-element elementor-element-fffccf2 elementor-widget elementor-widget-heading\" data-id=\"fffccf2\" data-element_type=\"widget\" data-widget_type=\"heading.default\">\n\t\t\t\t<div class=\"elementor-widget-container\">\n\t\t\t<h5 class=\"elementor-heading-title elementor-size-default\">Im August: eingeschr\u00e4nkte \u00d6ffnungszeiten wegen Ferien<\/h5>\t\t<\/div>\n\t\t\t\t<\/div>\n\t\t\t\t<div class=\"elementor-element elementor-element-a32d9fd elementor-widget elementor-widget-text-editor\" data-id=\"a32d9fd\" data-element_type=\"widget\" data-widget_type=\"text-editor.default\">\n\t\t\t\t<div class=\"elementor-widget-container\">\n\t\t\t\t\t\t\t<p style=\"text-align: center;\">nur 9.30-12.00 (Sonntags und Feiertage geschlossen)<\/p>\t\t\t\t\t\t<\/div>\n\t\t\t\t<\/div>\n\t\t\t\t<div class=\"elementor-element elementor-element-9f557e3 elementor-widget-divider--view-line elementor-widget elementor-widget-divider\" data-id=\"9f557e3\" data-element_type=\"widget\" data-widget_type=\"divider.default\">\n\t\t\t\t<div class=\"elementor-widget-container\">\n\t\t\t\t\t<div class=\"elementor-divider\">\n\t\t\t<span class=\"elementor-divider-separator\">\n\t\t\t\t\t\t<\/span>\n\t\t<\/div>\n\t\t\t\t<\/div>\n\t\t\t\t<\/div>\n\t\t\t\t<div class=\"elementor-element elementor-element-68e105b elementor-widget elementor-widget-heading\" data-id=\"68e105b\" data-element_type=\"widget\" data-widget_type=\"heading.default\">\n\t\t\t\t<div class=\"elementor-widget-container\">\n\t\t\t<h5 class=\"elementor-heading-title elementor-size-default\">Von Mitte Oktober bis Oster-Wochenende<\/h5>\t\t<\/div>\n\t\t\t\t<\/div>\n\t\t\t\t<div class=\"elementor-element elementor-element-3b8d14b elementor-widget elementor-widget-text-editor\" data-id=\"3b8d14b\" data-element_type=\"widget\" data-widget_type=\"text-editor.default\">\n\t\t\t\t<div class=\"elementor-widget-container\">\n\t\t\t\t\t\t\t<p style=\"text-align: center;\">Von Montag bis Freitag: 10:00 - 12.00 \/ 15:00 - 17:00<br \/>Samstag und Sonntag geschlossen<\/p>\t\t\t\t\t\t<\/div>\n\t\t\t\t<\/div>\n\t\t\t\t<div class=\"elementor-element elementor-element-e13249a elementor-widget-divider--view-line elementor-widget elementor-widget-divider\" data-id=\"e13249a\" data-element_type=\"widget\" data-widget_type=\"divider.default\">\n\t\t\t\t<div class=\"elementor-widget-container\">\n\t\t\t\t\t<div class=\"elementor-divider\">\n\t\t\t<span class=\"elementor-divider-separator\">\n\t\t\t\t\t\t<\/span>\n\t\t<\/div>\n\t\t\t\t<\/div>\n\t\t\t\t<\/div>\n\t\t\t\t<div class=\"elementor-element elementor-element-bdc55fc elementor-widget elementor-widget-heading\" data-id=\"bdc55fc\" data-element_type=\"widget\" data-widget_type=\"heading.default\">\n\t\t\t\t<div class=\"elementor-widget-container\">\n\t\t\t<h5 class=\"elementor-heading-title elementor-size-default\">Vom 21 Dezember 2024 bis 12 Januar 2025<\/h5>\t\t<\/div>\n\t\t\t\t<\/div>\n\t\t\t\t<div class=\"elementor-element elementor-element-fefc55d elementor-widget elementor-widget-text-editor\" data-id=\"fefc55d\" data-element_type=\"widget\" data-widget_type=\"text-editor.default\">\n\t\t\t\t<div class=\"elementor-widget-container\">\n\t\t\t\t\t\t\t<p style=\"text-align: center;\">Geschlossen<\/p>\t\t\t\t\t\t<\/div>\n\t\t\t\t<\/div>\n\t\t\t\t\t<\/div>\n\t\t<\/div>\n\t\t\t\t\t\t\t<\/div>\n\t\t<\/section>\n\t\t\t\t<section class=\"elementor-section elementor-top-section elementor-element elementor-element-dda0596 elementor-section-boxed elementor-section-height-default elementor-section-height-default\" data-id=\"dda0596\" data-element_type=\"section\">\n\t\t\t\t\t\t<div class=\"elementor-container elementor-column-gap-default\">\n\t\t\t\t\t<div class=\"elementor-column elementor-col-100 elementor-top-column elementor-element elementor-element-3568261\" data-id=\"3568261\" data-element_type=\"column\">\n\t\t\t<div class=\"elementor-widget-wrap elementor-element-populated\">\n\t\t\t\t\t\t\t\t<div class=\"elementor-element elementor-element-4e4f577 elementor-widget elementor-widget-eael-creative-button\" data-id=\"4e4f577\" data-element_type=\"widget\" data-widget_type=\"eael-creative-button.default\">\n\t\t\t\t<div class=\"elementor-widget-container\">\n\t\t\t        <div class=\"eael-creative-button-wrapper\">\n\n            <a class=\"eael-creative-button eael-creative-button--default\" href=\"http:\/\/shop.lenotti.com\" data-text=\"Go!\">\n\n\t    \n                <div class=\"creative-button-inner\">\n\n                    \n                    <span class=\"cretive-button-text\">SHOP ONLINE<\/span>\n\n                                    <\/div>\n\t                        <\/a>\n        <\/div>\n\t\t<\/div>\n\t\t\t\t<\/div>\n\t\t\t\t<div class=\"elementor-element elementor-element-04e21e3 elementor-widget elementor-widget-spacer\" data-id=\"04e21e3\" data-element_type=\"widget\" data-widget_type=\"spacer.default\">\n\t\t\t\t<div class=\"elementor-widget-container\">\n\t\t\t\t\t<div class=\"elementor-spacer\">\n\t\t\t<div class=\"elementor-spacer-inner\"><\/div>\n\t\t<\/div>\n\t\t\t\t<\/div>\n\t\t\t\t<\/div>\n\t\t\t\t\t<\/div>\n\t\t<\/div>\n\t\t\t\t\t\t\t<\/div>\n\t\t<\/section>\n\t\t\t\t<section class=\"elementor-section elementor-top-section elementor-element elementor-element-8fa9996 elementor-section-boxed elementor-section-height-default elementor-section-height-default\" data-id=\"8fa9996\" data-element_type=\"section\">\n\t\t\t\t\t\t<div class=\"elementor-container elementor-column-gap-default\">\n\t\t\t\t\t<div class=\"elementor-column elementor-col-100 elementor-top-column elementor-element elementor-element-43f68be\" data-id=\"43f68be\" data-element_type=\"column\">\n\t\t\t<div class=\"elementor-widget-wrap elementor-element-populated\">\n\t\t\t\t\t\t\t\t<div class=\"elementor-element elementor-element-c06e341 elementor-widget elementor-widget-image-gallery\" data-id=\"c06e341\" data-element_type=\"widget\" data-widget_type=\"image-gallery.default\">\n\t\t\t\t<div class=\"elementor-widget-container\">\n\t\t\t\t\t<div class=\"elementor-image-gallery\">\n\t\t\t<div id='gallery-1' class='gallery galleryid-988297 gallery-columns-4 gallery-size-2048x2048'><figure class='gallery-item'>\n\t\t\t<div class='gallery-icon landscape'>\n\t\t\t\t<a data-elementor-open-lightbox=\"yes\" data-elementor-lightbox-slideshow=\"c06e341\" data-elementor-lightbox-title=\"pv-001\" data-e-action-hash=\"#elementor-action%3Aaction%3Dlightbox%26settings%3DeyJpZCI6OTg4MzA5LCJ1cmwiOiJodHRwczpcL1wvd3d3Lmxlbm90dGkuY29tXC93cC1jb250ZW50XC91cGxvYWRzXC8yMDIxXC8wNVwvcHYtMDAxLmpwZyIsInNsaWRlc2hvdyI6ImMwNmUzNDEifQ%3D%3D\" href='https:\/\/www.lenotti.com\/wp-content\/uploads\/2021\/05\/pv-001.jpg'><img loading=\"lazy\" decoding=\"async\" width=\"900\" height=\"675\" src=\"https:\/\/www.lenotti.com\/wp-content\/uploads\/2021\/05\/pv-001.jpg\" class=\"attachment-2048x2048 size-2048x2048\" alt=\"\" srcset=\"https:\/\/www.lenotti.com\/wp-content\/uploads\/2021\/05\/pv-001.jpg 900w, https:\/\/www.lenotti.com\/wp-content\/uploads\/2021\/05\/pv-001-315x236.jpg 315w, https:\/\/www.lenotti.com\/wp-content\/uploads\/2021\/05\/pv-001-630x473.jpg 630w, https:\/\/www.lenotti.com\/wp-content\/uploads\/2021\/05\/pv-001-300x225.jpg 300w, https:\/\/www.lenotti.com\/wp-content\/uploads\/2021\/05\/pv-001-768x576.jpg 768w, https:\/\/www.lenotti.com\/wp-content\/uploads\/2021\/05\/pv-001-420x315.jpg 420w, https:\/\/www.lenotti.com\/wp-content\/uploads\/2021\/05\/pv-001-840x630.jpg 840w\" sizes=\"auto, (max-width: 900px) 100vw, 900px\" \/><\/a>\n\t\t\t<\/div><\/figure><figure class='gallery-item'>\n\t\t\t<div class='gallery-icon landscape'>\n\t\t\t\t<a data-elementor-open-lightbox=\"yes\" data-elementor-lightbox-slideshow=\"c06e341\" data-elementor-lightbox-title=\"pv-002\" data-e-action-hash=\"#elementor-action%3Aaction%3Dlightbox%26settings%3DeyJpZCI6OTg4MzEwLCJ1cmwiOiJodHRwczpcL1wvd3d3Lmxlbm90dGkuY29tXC93cC1jb250ZW50XC91cGxvYWRzXC8yMDIxXC8wNVwvcHYtMDAyLmpwZyIsInNsaWRlc2hvdyI6ImMwNmUzNDEifQ%3D%3D\" href='https:\/\/www.lenotti.com\/wp-content\/uploads\/2021\/05\/pv-002.jpg'><img loading=\"lazy\" decoding=\"async\" width=\"900\" height=\"675\" src=\"https:\/\/www.lenotti.com\/wp-content\/uploads\/2021\/05\/pv-002.jpg\" class=\"attachment-2048x2048 size-2048x2048\" alt=\"\" srcset=\"https:\/\/www.lenotti.com\/wp-content\/uploads\/2021\/05\/pv-002.jpg 900w, https:\/\/www.lenotti.com\/wp-content\/uploads\/2021\/05\/pv-002-315x236.jpg 315w, https:\/\/www.lenotti.com\/wp-content\/uploads\/2021\/05\/pv-002-630x473.jpg 630w, https:\/\/www.lenotti.com\/wp-content\/uploads\/2021\/05\/pv-002-300x225.jpg 300w, https:\/\/www.lenotti.com\/wp-content\/uploads\/2021\/05\/pv-002-768x576.jpg 768w, https:\/\/www.lenotti.com\/wp-content\/uploads\/2021\/05\/pv-002-420x315.jpg 420w, https:\/\/www.lenotti.com\/wp-content\/uploads\/2021\/05\/pv-002-840x630.jpg 840w\" sizes=\"auto, (max-width: 900px) 100vw, 900px\" \/><\/a>\n\t\t\t<\/div><\/figure><figure class='gallery-item'>\n\t\t\t<div class='gallery-icon landscape'>\n\t\t\t\t<a data-elementor-open-lightbox=\"yes\" data-elementor-lightbox-slideshow=\"c06e341\" data-elementor-lightbox-title=\"pv-003\" data-e-action-hash=\"#elementor-action%3Aaction%3Dlightbox%26settings%3DeyJpZCI6OTg4MzExLCJ1cmwiOiJodHRwczpcL1wvd3d3Lmxlbm90dGkuY29tXC93cC1jb250ZW50XC91cGxvYWRzXC8yMDIxXC8wNVwvcHYtMDAzLmpwZyIsInNsaWRlc2hvdyI6ImMwNmUzNDEifQ%3D%3D\" href='https:\/\/www.lenotti.com\/wp-content\/uploads\/2021\/05\/pv-003.jpg'><img loading=\"lazy\" decoding=\"async\" width=\"900\" height=\"675\" src=\"https:\/\/www.lenotti.com\/wp-content\/uploads\/2021\/05\/pv-003.jpg\" class=\"attachment-2048x2048 size-2048x2048\" alt=\"\" srcset=\"https:\/\/www.lenotti.com\/wp-content\/uploads\/2021\/05\/pv-003.jpg 900w, https:\/\/www.lenotti.com\/wp-content\/uploads\/2021\/05\/pv-003-315x236.jpg 315w, https:\/\/www.lenotti.com\/wp-content\/uploads\/2021\/05\/pv-003-630x473.jpg 630w, https:\/\/www.lenotti.com\/wp-content\/uploads\/2021\/05\/pv-003-300x225.jpg 300w, https:\/\/www.lenotti.com\/wp-content\/uploads\/2021\/05\/pv-003-768x576.jpg 768w, https:\/\/www.lenotti.com\/wp-content\/uploads\/2021\/05\/pv-003-420x315.jpg 420w, https:\/\/www.lenotti.com\/wp-content\/uploads\/2021\/05\/pv-003-840x630.jpg 840w\" sizes=\"auto, (max-width: 900px) 100vw, 900px\" \/><\/a>\n\t\t\t<\/div><\/figure><figure class='gallery-item'>\n\t\t\t<div class='gallery-icon landscape'>\n\t\t\t\t<a data-elementor-open-lightbox=\"yes\" data-elementor-lightbox-slideshow=\"c06e341\" data-elementor-lightbox-title=\"pv-004\" data-e-action-hash=\"#elementor-action%3Aaction%3Dlightbox%26settings%3DeyJpZCI6OTg4MzEyLCJ1cmwiOiJodHRwczpcL1wvd3d3Lmxlbm90dGkuY29tXC93cC1jb250ZW50XC91cGxvYWRzXC8yMDIxXC8wNVwvcHYtMDA0LmpwZyIsInNsaWRlc2hvdyI6ImMwNmUzNDEifQ%3D%3D\" href='https:\/\/www.lenotti.com\/wp-content\/uploads\/2021\/05\/pv-004.jpg'><img loading=\"lazy\" decoding=\"async\" width=\"900\" height=\"675\" src=\"https:\/\/www.lenotti.com\/wp-content\/uploads\/2021\/05\/pv-004.jpg\" class=\"attachment-2048x2048 size-2048x2048\" alt=\"\" srcset=\"https:\/\/www.lenotti.com\/wp-content\/uploads\/2021\/05\/pv-004.jpg 900w, https:\/\/www.lenotti.com\/wp-content\/uploads\/2021\/05\/pv-004-315x236.jpg 315w, https:\/\/www.lenotti.com\/wp-content\/uploads\/2021\/05\/pv-004-630x473.jpg 630w, https:\/\/www.lenotti.com\/wp-content\/uploads\/2021\/05\/pv-004-300x225.jpg 300w, https:\/\/www.lenotti.com\/wp-content\/uploads\/2021\/05\/pv-004-768x576.jpg 768w, https:\/\/www.lenotti.com\/wp-content\/uploads\/2021\/05\/pv-004-420x315.jpg 420w, https:\/\/www.lenotti.com\/wp-content\/uploads\/2021\/05\/pv-004-840x630.jpg 840w\" sizes=\"auto, (max-width: 900px) 100vw, 900px\" \/><\/a>\n\t\t\t<\/div><\/figure>\n\t\t<\/div>\n\t\t<\/div>\n\t\t\t\t<\/div>\n\t\t\t\t<\/div>\n\t\t\t\t\t<\/div>\n\t\t<\/div>\n\t\t\t\t\t\t\t<\/div>\n\t\t<\/section>\n\t\t\t\t\t\t\t<\/div>","protected":false},"excerpt":{"rendered":"<p>Punto Vendita lenotti vini Vendita Diretta Il nostro punto vendita, aperto direttamente al pubblico, \u00e8 in grado di offrire tutta la nostra produzione. Dal fine settimana di Pasqua a met\u00e0 Ottobre Da Luned\u00ec a Venerd\u00ec 9:30 \u2013 12:00 \/ 14:30 \u2013 18:00Sabato 10:00 &#8211; 12:00\u00a0 Domenica chiuso In Agosto durante il periodo di ferie Aziendali&#8230;<\/p>","protected":false},"author":1,"featured_media":0,"parent":0,"menu_order":0,"comment_status":"closed","ping_status":"closed","template":"","meta":{"_mo_disable_npp":"","footnotes":""},"class_list":["post-988297","page","type-page","status-publish","hentry"],"_links":{"self":[{"href":"https:\/\/www.lenotti.com\/de\/wp-json\/wp\/v2\/pages\/988297","targetHints":{"allow":["GET"]}}],"collection":[{"href":"https:\/\/www.lenotti.com\/de\/wp-json\/wp\/v2\/pages"}],"about":[{"href":"https:\/\/www.lenotti.com\/de\/wp-json\/wp\/v2\/types\/page"}],"author":[{"embeddable":true,"href":"https:\/\/www.lenotti.com\/de\/wp-json\/wp\/v2\/users\/1"}],"replies":[{"embeddable":true,"href":"https:\/\/www.lenotti.com\/de\/wp-json\/wp\/v2\/comments?post=988297"}],"version-history":[{"count":79,"href":"https:\/\/www.lenotti.com\/de\/wp-json\/wp\/v2\/pages\/988297\/revisions"}],"predecessor-version":[{"id":1002506,"href":"https:\/\/www.lenotti.com\/de\/wp-json\/wp\/v2\/pages\/988297\/revisions\/1002506"}],"wp:attachment":[{"href":"https:\/\/www.lenotti.com\/de\/wp-json\/wp\/v2\/media?parent=988297"}],"curies":[{"name":"wp","href":"https:\/\/api.w.org\/{rel}","templated":true}]}}