{"id":988207,"date":"2021-05-04T16:01:22","date_gmt":"2021-05-04T14:01:22","guid":{"rendered":"http:\/\/lenotti.com\/experiences-copy\/"},"modified":"2026-03-18T09:25:13","modified_gmt":"2026-03-18T08:25:13","slug":"i-quattro-elementi","status":"publish","type":"page","link":"https:\/\/www.lenotti.com\/de\/i-quattro-elementi\/","title":{"rendered":"Die vier Elemente"},"content":{"rendered":"<div data-elementor-type=\"wp-page\" data-elementor-id=\"988207\" class=\"elementor elementor-988207\" data-elementor-post-type=\"page\">\n\t\t\t\t\t\t\t\t\t<section class=\"elementor-section elementor-top-section elementor-element elementor-element-a39aec8 elementor-section-height-min-height elementor-section-content-bottom elementor-section-boxed elementor-section-height-default elementor-section-items-middle\" data-id=\"a39aec8\" data-element_type=\"section\" data-settings=\"{&quot;background_background&quot;:&quot;classic&quot;}\">\n\t\t\t\t\t\t\t<div class=\"elementor-background-overlay\"><\/div>\n\t\t\t\t\t\t\t<div class=\"elementor-container elementor-column-gap-default\">\n\t\t\t\t\t<div class=\"elementor-column elementor-col-100 elementor-top-column elementor-element elementor-element-b02e8b7\" data-id=\"b02e8b7\" data-element_type=\"column\">\n\t\t\t<div class=\"elementor-widget-wrap elementor-element-populated\">\n\t\t\t\t\t\t\t\t<div class=\"elementor-element elementor-element-81fb84a elementor-widget elementor-widget-heading\" data-id=\"81fb84a\" data-element_type=\"widget\" data-widget_type=\"heading.default\">\n\t\t\t\t<div class=\"elementor-widget-container\">\n\t\t\t<h1 class=\"elementor-heading-title elementor-size-default\">Die vier Elemente<\/h1>\t\t<\/div>\n\t\t\t\t<\/div>\n\t\t\t\t\t<\/div>\n\t\t<\/div>\n\t\t\t\t\t\t\t<\/div>\n\t\t<\/section>\n\t\t\t\t<section class=\"elementor-section elementor-top-section elementor-element elementor-element-67868c8 elementor-section-height-min-height elementor-section-boxed elementor-section-height-default elementor-section-items-middle\" data-id=\"67868c8\" data-element_type=\"section\">\n\t\t\t\t\t\t<div class=\"elementor-container elementor-column-gap-default\">\n\t\t\t\t\t<div class=\"elementor-column elementor-col-100 elementor-top-column elementor-element elementor-element-f8d9e19\" data-id=\"f8d9e19\" data-element_type=\"column\">\n\t\t\t<div class=\"elementor-widget-wrap elementor-element-populated\">\n\t\t\t\t\t\t\t\t<div class=\"elementor-element elementor-element-4d24a5c elementor-invisible elementor-widget elementor-widget-heading\" data-id=\"4d24a5c\" data-element_type=\"widget\" data-settings=\"{&quot;_animation&quot;:&quot;fadeIn&quot;,&quot;_animation_delay&quot;:200}\" data-widget_type=\"heading.default\">\n\t\t\t\t<div class=\"elementor-widget-container\">\n\t\t\t<h6 class=\"elementor-heading-title elementor-size-default\">lenotti vini<\/h6>\t\t<\/div>\n\t\t\t\t<\/div>\n\t\t\t\t<div class=\"elementor-element elementor-element-106983b elementor-widget elementor-widget-heading\" data-id=\"106983b\" data-element_type=\"widget\" data-widget_type=\"heading.default\">\n\t\t\t\t<div class=\"elementor-widget-container\">\n\t\t\t<h2 class=\"elementor-heading-title elementor-size-default\">Unsere Grunds\u00e4tze<\/h2>\t\t<\/div>\n\t\t\t\t<\/div>\n\t\t\t\t<div class=\"elementor-element elementor-element-e0a7448 elementor-absolute elementor-widget elementor-widget-image\" data-id=\"e0a7448\" data-element_type=\"widget\" data-settings=\"{&quot;_position&quot;:&quot;absolute&quot;}\" data-widget_type=\"image.default\">\n\t\t\t\t<div class=\"elementor-widget-container\">\n\t\t\t\t\t\t\t<div class=\"elementor-image\">\n\t\t\t\t\t\t\t\t\t\t\t\t\t\t\t\t\t\t\t\t\t<img loading=\"lazy\" decoding=\"async\" width=\"178\" height=\"281\" src=\"https:\/\/www.lenotti.com\/wp-content\/uploads\/2020\/03\/Vector.png\" class=\"attachment-large size-large wp-image-583\" alt=\"\" \/>\t\t\t\t\t\t\t\t\t\t\t\t\t\t\t\t\t\t\t\t\t\t\t\t<\/div>\n\t\t\t\t\t\t<\/div>\n\t\t\t\t<\/div>\n\t\t\t\t<div class=\"elementor-element elementor-element-b391a39 elementor-widget elementor-widget-text-editor\" data-id=\"b391a39\" data-element_type=\"widget\" data-widget_type=\"text-editor.default\">\n\t\t\t\t<div class=\"elementor-widget-container\">\n\t\t\t\t\t\t\t<p>Die Umwelt, d.h. die Natur, die uns umgibt, setzt sich nach der Theorie der ersten griechischen Philosophen aus den 4 Grundelementen zusammen: Erde, Wasser, Luft und Feuer.<\/p><p>Die Erde, fest und \u00fcppig, symbolisiert die Urmaterie, nimmt das Leben auf und n\u00e4hrt es.<\/p><p>Wasser, die Quelle des Lebens, wird von seinem Ursprung an zu einem Sturzbach, dann zu einem Fluss, bis es das Meer erreicht, wobei es jedes Hindernis, auf das es auf seinem Weg trifft, \u00fcberwindet und sogar in die Tiefen der Erde eindringt.<\/p><p>Die Luft, nicht greifbar, ist die Lebensenergie, die wir atmen und ohne die es nicht m\u00f6glich w\u00e4re zu leben; sie ist nicht fassbar und stellt den \u201ckosmischen Atem\u201d dar.<\/p><p>Das Feuer steht f\u00fcr ein reinigendes und Leben spendendes Element.<\/p>\t\t\t\t\t\t<\/div>\n\t\t\t\t<\/div>\n\t\t\t\t\t<\/div>\n\t\t<\/div>\n\t\t\t\t\t\t\t<\/div>\n\t\t<\/section>\n\t\t\t\t<section class=\"elementor-section elementor-top-section elementor-element elementor-element-b93419b elementor-section-boxed elementor-section-height-default elementor-section-height-default\" data-id=\"b93419b\" data-element_type=\"section\">\n\t\t\t\t\t\t<div class=\"elementor-container elementor-column-gap-default\">\n\t\t\t\t\t<div class=\"elementor-column elementor-col-50 elementor-top-column elementor-element elementor-element-cdd9318 animated-slow elementor-invisible\" data-id=\"cdd9318\" data-element_type=\"column\" data-settings=\"{&quot;background_background&quot;:&quot;classic&quot;,&quot;animation&quot;:&quot;growFromLeft&quot;}\">\n\t\t\t<div class=\"elementor-widget-wrap elementor-element-populated\">\n\t\t\t\t\t\t\t\t<div class=\"elementor-element elementor-element-9bad56f elementor-hidden-tablet elementor-widget elementor-widget-spacer\" data-id=\"9bad56f\" data-element_type=\"widget\" data-widget_type=\"spacer.default\">\n\t\t\t\t<div class=\"elementor-widget-container\">\n\t\t\t\t\t<div class=\"elementor-spacer\">\n\t\t\t<div class=\"elementor-spacer-inner\"><\/div>\n\t\t<\/div>\n\t\t\t\t<\/div>\n\t\t\t\t<\/div>\n\t\t\t\t\t<\/div>\n\t\t<\/div>\n\t\t\t\t<div class=\"elementor-column elementor-col-50 elementor-top-column elementor-element elementor-element-8b4c65f animated-slow elementor-invisible\" data-id=\"8b4c65f\" data-element_type=\"column\" data-settings=\"{&quot;animation&quot;:&quot;fadeIn&quot;}\">\n\t\t\t<div class=\"elementor-widget-wrap elementor-element-populated\">\n\t\t\t\t\t\t\t\t<div class=\"elementor-element elementor-element-f18fef6 elementor-widget elementor-widget-heading\" data-id=\"f18fef6\" data-element_type=\"widget\" data-widget_type=\"heading.default\">\n\t\t\t\t<div class=\"elementor-widget-container\">\n\t\t\t<h3 class=\"elementor-heading-title elementor-size-default\">DIE ERDE<\/h3>\t\t<\/div>\n\t\t\t\t<\/div>\n\t\t\t\t<div class=\"elementor-element elementor-element-a32d9fd elementor-widget elementor-widget-text-editor\" data-id=\"a32d9fd\" data-element_type=\"widget\" data-widget_type=\"text-editor.default\">\n\t\t\t\t<div class=\"elementor-widget-container\">\n\t\t\t\t\t\t\t<p style=\"text-align: justify;\">Ohne einen guten und gesunden Boden k\u00f6nnten wir niemals gute und gesunde Trauben anbauen, die die Grundlage f\u00fcr einen Qualit\u00e4tswein bilden.<\/p><p style=\"text-align: justify;\">Unsere Politik des nachhaltigen Weinanbaus f\u00e4ngt nat\u00fcrlich im Weinberg an und schlie\u00dft den Einsatz aller m\u00f6glichen landwirtschaftlichen Produktionstechniken ein, die darauf abzielen, jegliche umweltverschmutzende Wirkung der Landwirtschaft zu reduzieren, dank des Einsatzes von Anbautechniken und Maschinen, die den Einsatz von nicht-nat\u00fcrlichen Produkten m\u00f6glichst vermeiden.<\/p><p style=\"text-align: justify;\">Beispiele f\u00fcr einige der von uns verwendeten Techniken sind<\/p><p style=\"text-align: justify;\">\u2013 mechanische Unkrautbek\u00e4mpfung ohne den Einsatz chemischer Herbizide<\/p><p style=\"text-align: justify;\">\u2013 mechanisches Entfernen der unteren Rebentriebe zur Konzentration der Kraft auf die verbleibenden Triebe;<\/p><p style=\"text-align: justify;\">\u2013 Einsatz von modernen Spr\u00fchger\u00e4ten \u201cmit R\u00fcckgewinnung\u201d, wodurch die Menge der eingesetzten Behandlungsprodukte drastisch reduziert wird;<\/p><p style=\"text-align: justify;\">\u2013 mechanische Entlaubung der Weinreben, um die Luftzirkulation in den Weinbergen zu erh\u00f6hen und so die schrittweise Beseitigung von Antimykotika zu erreichen;<\/p><p style=\"text-align: justify;\">Indem wir ein m\u00f6glichst nat\u00fcrliches \u00d6kosystem erhalten, sch\u00fctzen wir den Boden und das Grundwasser, unsere Gesundheit und die unserer Mitarbeiter, die in den Weinbergen arbeiten und die edelsten Weine kultivieren.<\/p>\t\t\t\t\t\t<\/div>\n\t\t\t\t<\/div>\n\t\t\t\t\t<\/div>\n\t\t<\/div>\n\t\t\t\t\t\t\t<\/div>\n\t\t<\/section>\n\t\t\t\t<section class=\"elementor-section elementor-top-section elementor-element elementor-element-138139f elementor-reverse-mobile elementor-section-boxed elementor-section-height-default elementor-section-height-default\" data-id=\"138139f\" data-element_type=\"section\" data-settings=\"{&quot;background_background&quot;:&quot;classic&quot;}\">\n\t\t\t\t\t\t<div class=\"elementor-container elementor-column-gap-default\">\n\t\t\t\t\t<div class=\"elementor-column elementor-col-50 elementor-top-column elementor-element elementor-element-5d4a276 animated-slow elementor-invisible\" data-id=\"5d4a276\" data-element_type=\"column\" data-settings=\"{&quot;animation&quot;:&quot;fadeIn&quot;}\">\n\t\t\t<div class=\"elementor-widget-wrap elementor-element-populated\">\n\t\t\t\t\t\t\t\t<div class=\"elementor-element elementor-element-e93bafc elementor-widget elementor-widget-heading\" data-id=\"e93bafc\" data-element_type=\"widget\" data-widget_type=\"heading.default\">\n\t\t\t\t<div class=\"elementor-widget-container\">\n\t\t\t<h3 class=\"elementor-heading-title elementor-size-default\">DAS WASSER<\/h3>\t\t<\/div>\n\t\t\t\t<\/div>\n\t\t\t\t<div class=\"elementor-element elementor-element-959fb8b elementor-widget elementor-widget-text-editor\" data-id=\"959fb8b\" data-element_type=\"widget\" data-widget_type=\"text-editor.default\">\n\t\t\t\t<div class=\"elementor-widget-container\">\n\t\t\t\t\t\t\t<p style=\"text-align: justify;\">Wasser ist ein wahrhaft kostbares Gut, und ein gro\u00dfer Teil davon wird f\u00fcr die Weinproduktion verwendet (von der Bew\u00e4sserung auf den Feldern bis zur Nutzung im Keller zum Waschen und Reinigen) und es war schon immer eine der ersten nat\u00fcrlichen Ressourcen, um die wir uns gek\u00fcmmert haben:<\/p><p style=\"text-align: justify;\">\u2013 falls Bew\u00e4sserung n\u00f6tig, die Verwendung von Tr\u00f6pfchenbew\u00e4sserungssystemen, um den Verbrauch stark zu reduzieren und die Ressourcen zu schonen;<\/p><p style=\"text-align: justify;\">\u2013 die Schaffung von Auffangbecken f\u00fcr die R\u00fcckgewinnung und Wiederverwendung von Regenwasser;<\/p><p style=\"text-align: justify;\">\u2013 eine kontrollierte Behandlung der Abw\u00e4sser aus dem Keller.<\/p>\t\t\t\t\t\t<\/div>\n\t\t\t\t<\/div>\n\t\t\t\t\t<\/div>\n\t\t<\/div>\n\t\t\t\t<div class=\"elementor-column elementor-col-50 elementor-top-column elementor-element elementor-element-999e823 animated-slow elementor-invisible\" data-id=\"999e823\" data-element_type=\"column\" data-settings=\"{&quot;background_background&quot;:&quot;classic&quot;,&quot;animation&quot;:&quot;growFromRight&quot;}\">\n\t\t\t<div class=\"elementor-widget-wrap elementor-element-populated\">\n\t\t\t\t\t\t\t\t<div class=\"elementor-element elementor-element-210d5fe elementor-hidden-tablet elementor-widget elementor-widget-spacer\" data-id=\"210d5fe\" data-element_type=\"widget\" data-widget_type=\"spacer.default\">\n\t\t\t\t<div class=\"elementor-widget-container\">\n\t\t\t\t\t<div class=\"elementor-spacer\">\n\t\t\t<div class=\"elementor-spacer-inner\"><\/div>\n\t\t<\/div>\n\t\t\t\t<\/div>\n\t\t\t\t<\/div>\n\t\t\t\t\t<\/div>\n\t\t<\/div>\n\t\t\t\t\t\t\t<\/div>\n\t\t<\/section>\n\t\t\t\t<section class=\"elementor-section elementor-top-section elementor-element elementor-element-714a6e0 elementor-section-boxed elementor-section-height-default elementor-section-height-default\" data-id=\"714a6e0\" data-element_type=\"section\">\n\t\t\t\t\t\t<div class=\"elementor-container elementor-column-gap-default\">\n\t\t\t\t\t<div class=\"elementor-column elementor-col-50 elementor-top-column elementor-element elementor-element-5bc4241 elementor-invisible\" data-id=\"5bc4241\" data-element_type=\"column\" data-settings=\"{&quot;background_background&quot;:&quot;classic&quot;,&quot;animation&quot;:&quot;growFromLeft&quot;}\">\n\t\t\t<div class=\"elementor-widget-wrap elementor-element-populated\">\n\t\t\t\t\t\t\t\t<div class=\"elementor-element elementor-element-ee81eb8 elementor-hidden-tablet elementor-widget elementor-widget-spacer\" data-id=\"ee81eb8\" data-element_type=\"widget\" data-widget_type=\"spacer.default\">\n\t\t\t\t<div class=\"elementor-widget-container\">\n\t\t\t\t\t<div class=\"elementor-spacer\">\n\t\t\t<div class=\"elementor-spacer-inner\"><\/div>\n\t\t<\/div>\n\t\t\t\t<\/div>\n\t\t\t\t<\/div>\n\t\t\t\t\t<\/div>\n\t\t<\/div>\n\t\t\t\t<div class=\"elementor-column elementor-col-50 elementor-top-column elementor-element elementor-element-6a29750 animated-slow elementor-invisible\" data-id=\"6a29750\" data-element_type=\"column\" data-settings=\"{&quot;animation&quot;:&quot;fadeIn&quot;}\">\n\t\t\t<div class=\"elementor-widget-wrap elementor-element-populated\">\n\t\t\t\t\t\t\t\t<div class=\"elementor-element elementor-element-d1e0db9 elementor-widget elementor-widget-heading\" data-id=\"d1e0db9\" data-element_type=\"widget\" data-widget_type=\"heading.default\">\n\t\t\t\t<div class=\"elementor-widget-container\">\n\t\t\t<h3 class=\"elementor-heading-title elementor-size-default\">DIE LUFT<\/h3>\t\t<\/div>\n\t\t\t\t<\/div>\n\t\t\t\t<div class=\"elementor-element elementor-element-4fd6cb1 elementor-widget elementor-widget-text-editor\" data-id=\"4fd6cb1\" data-element_type=\"widget\" data-widget_type=\"text-editor.default\">\n\t\t\t\t<div class=\"elementor-widget-container\">\n\t\t\t\t\t\t\t<p style=\"text-align: justify;\">Sauerstoff ist das Grundelement f\u00fcr Leben, sowohl f\u00fcr Menschen als auch f\u00fcr Pflanzen, und alle CO2-Emissionen stellen eine Bedrohung f\u00fcr die Konzentration in der Luft dar. Deshalb achten wir auf die CO2-Emissionen \u00fcber den gesamten Produktionszyklus hinweg:<\/p><p style=\"text-align: justify;\">\u2013 Wir forcieren und entwickeln ein Projekt zur R\u00fcckgewinnung von CO2, das auf nat\u00fcrliche Weise durch alkoholische G\u00e4rung entsteht;<\/p><p style=\"text-align: justify;\">\u2013 Nutzung von Solar- und Fotovoltaiksystemen zur Erzeugung von thermischer und elektrischer Energie; (<a href=\"https:\/\/www.lenotti.com\/wp-content\/uploads\/2024\/02\/Foto-aerea-azienda.png\" target=\"_blank\" rel=\"noopener\">Foto<\/a>) siehe Element \u201cFEUER\u201d f\u00fcr weitere Einzelheiten);<\/p><p style=\"text-align: justify;\">\u2013 in Zeiten, in denen die von unserer Photovoltaikanlage erzeugte Elektrizit\u00e4t nicht ausreicht, um unseren Bedarf zu decken, setzen wir ausschlie\u00dflich auf gr\u00fcnen Strom \u201cEnergia Agricola a km 0\u201d, wodurch Einsparungen bei den Energietransportprozessen, die konsequente Reduzierung von CO2 und die Verringerung der Umweltbelastung gef\u00f6rdert werden.<\/p><p style=\"text-align: justify;\">\u2013 Verringerung des Gewichts des Flaschenglases: es ist zwar klar, dass das Gewicht der Flasche in keiner Weise die Qualit\u00e4t des Weins beeintr\u00e4chtigt, aber es ist eindeutig, dass das Gewicht des Glases einen erheblichen Einfluss auf die CO2-Emissionen hat, die durch den Transport, insbesondere den Langstreckentransport, sowie durch die Verwertungs- und Entsorgungsverfahren entstehen;<\/p><p style=\"text-align: justify;\">\u2013 Verwendung von Recyclingmaterialien f\u00fcr Verpackungen, insbesondere Glas und Kartons.<\/p><p style=\"text-align: justify;\">\u2013 Die Verwendung der neuen umweltvertr\u00e4glichen NOMACORC GREEN LINE-Korken f\u00fcr alle unserer Weine (mit Ausnahme unseres \u201cLe Olle\u201d, dessen Produktionsvorschriften den Naturkorken zwingend vorschreiben): die patentierte Zusammensetzung dieser \u00f6kologischen und recycelbaren Korken basiert auf pflanzlichen Polymeren, die aus Zuckerrohr, einem zu 100% erneuerbaren Rohstoff, gewonnen werden. Die Herstellung der Masse, die f\u00fcr die Produktion des Korkens verwendet wird, hat daher eine positive Auswirkung auf die Umwelt (d.h. sie tr\u00e4gt dazu bei, CO2 zu absorbieren, anstatt es zu produzieren). Allein im Jahr 2025 haben wir die Freisetzung von 922 kg CO2 in die Atmosph\u00e4re vermieden (<a href=\"https:\/\/www.lenotti.com\/wp-content\/uploads\/2026\/03\/Nomacorc-Certificate-Green-Line-IT-Cantine-Lenotti-srl-2025.pdf\" target=\"_blank\" rel=\"noopener\">Zertifikat<\/a>). Dar\u00fcber hinaus wird das als Rohstoff verwendete Zuckerrohr auf sozial verantwortliche Weise angebaut und tr\u00e4gt so zur sozialen Nachhaltigkeit bei. F\u00fcr weitere Informationen empfehlen wir Ihnen, die Seiten des Herstellers zu konsultieren: <a href=\"https:\/\/www.vinventions.com\/it\/nomacorc\">www.vinventions.com\/it\/nomacorc.<\/a><\/p><p>\u2013 Teilnahme am Resily-Projekt, einem Kreislaufwirtschaftsprogramm, das auf der R\u00fcckgewinnung und dem Recycling von Abfallmaterialien der urspr\u00fcnglichen Klebeetiketten f\u00fcr die Erstellung neuer Etiketten basiert. Allein im Jahr 2025 haben wir 4,08 Tonnen Abfallmaterial gesammelt und so den Aussto\u00df von 0,77 Tonnen CO2 in die Atmosph\u00e4re im Falle einer Verbrennungsanlage oder 5,66 \u200b\u200bTonnen im Falle einer Deponie vermieden (<a href=\"https:\/\/www.lenotti.com\/wp-content\/uploads\/2026\/02\/Certificato-Cantine-Lenotti_01-scaled.jpg\" target=\"_blank\" rel=\"noopener\">Zertifikat<\/a>).\u00a0<br \/>F\u00fcr weitere Details: <a href=\"https:\/\/lci-srl.it\/it\/progetto-resily\" target=\"_blank\" rel=\"noopener\">https:\/\/lci-srl.it\/it\/progetto-resily<\/a><\/p>\t\t\t\t\t\t<\/div>\n\t\t\t\t<\/div>\n\t\t\t\t\t<\/div>\n\t\t<\/div>\n\t\t\t\t\t\t\t<\/div>\n\t\t<\/section>\n\t\t\t\t<section class=\"elementor-section elementor-top-section elementor-element elementor-element-f7cb6ed elementor-reverse-mobile elementor-section-boxed elementor-section-height-default elementor-section-height-default\" data-id=\"f7cb6ed\" data-element_type=\"section\" data-settings=\"{&quot;background_background&quot;:&quot;classic&quot;}\">\n\t\t\t\t\t\t<div class=\"elementor-container elementor-column-gap-default\">\n\t\t\t\t\t<div class=\"elementor-column elementor-col-50 elementor-top-column elementor-element elementor-element-7a0b0f3 animated-slow elementor-invisible\" data-id=\"7a0b0f3\" data-element_type=\"column\" data-settings=\"{&quot;animation&quot;:&quot;fadeIn&quot;}\">\n\t\t\t<div class=\"elementor-widget-wrap elementor-element-populated\">\n\t\t\t\t\t\t\t\t<div class=\"elementor-element elementor-element-4657b5c elementor-widget elementor-widget-heading\" data-id=\"4657b5c\" data-element_type=\"widget\" data-widget_type=\"heading.default\">\n\t\t\t\t<div class=\"elementor-widget-container\">\n\t\t\t<h3 class=\"elementor-heading-title elementor-size-default\">DAS FEUER<\/h3>\t\t<\/div>\n\t\t\t\t<\/div>\n\t\t\t\t<div class=\"elementor-element elementor-element-fb91a97 elementor-widget elementor-widget-text-editor\" data-id=\"fb91a97\" data-element_type=\"widget\" data-widget_type=\"text-editor.default\">\n\t\t\t\t<div class=\"elementor-widget-container\">\n\t\t\t\t\t\t\t<div class=\"eltdf-row-grid-section\"><div class=\"vc_row wpb_row vc_row-fluid eltdf-row-type-row\"><div class=\"wpb_column vc_column_container vc_col-sm-12\"><div class=\"vc_column-inner\"><div class=\"wpb_wrapper\"><div class=\"eltdf-elements-holder eltdf-responsive-mode-768\"><div class=\"eltdf-eh-item eltdf-horizontal-alignment-center\" data-item-class=\"eltdf-eh-custom-829520\" data-1024-1280=\"0 33% 0\" data-768-1024=\"0 27% 0\" data-600-768=\"0 19% 0\" data-480=\"0 0% 0\"><div class=\"eltdf-eh-item-inner\"><div class=\"eltdf-eh-item-content eltdf-eh-custom-829520\"><div class=\"wpb_text_column wpb_content_element\"><div class=\"wpb_wrapper\"><p style=\"text-align: justify;\">Wir verstehen Feuer nat\u00fcrlich als W\u00e4rmeenergie, die f\u00fcr Heizung und Elektrizit\u00e4t ben\u00f6tigt wird, um die f\u00fcr Produktion und Abf\u00fcllung ben\u00f6tigten Ger\u00e4te und Maschinen zu betreiben.<\/p><p style=\"text-align: justify;\">In unserem eigenen Weinkeller:<\/p><p style=\"text-align: justify;\">\u2013 haben wir seit Jahrzehnten Sonnenkollektoren auf unseren D\u00e4chern, die die W\u00e4rme der Sonne nutzen, um Warmwasser zum Waschen, Reinigen, Sterilisieren und Heizen zu erzeugen und so den Einsatz von Heizungen zu sparen, die Energie verbrauchen und Schadstoffe produzieren w\u00fcrden;<\/p><p style=\"text-align: justify;\">\u2013 ist seit 2015 auf unseren D\u00e4chern eine 161 kWp-Photovoltaikanlage installiert, die Sonnenenergie f\u00fcr unseren Eigenverbrauch produziert.<\/p><p style=\"text-align: justify;\">In Zeiten maximaler Produktion sind wir in der Lage, den gesamten Energiebedarf unserer Kellerei umweltfreundlich zu decken;<\/p><p style=\"text-align: justify;\" class=\" translation-block\">\u2013 falls die Sonnenenergie nicht ausreicht, um unseren Bedarf zu decken, verwenden wir ausschlie\u00dflich \u201cEnergia Agricola a km 0\u201d, die von den landwirtschaftlichen Betrieben der Mitglieder von Coldiretti Veneto produziert und von ForGreen und EKOenergy zertifiziert wird (<a href=\"https:\/\/www.lenotti.com\/wp-content\/uploads\/2023\/01\/Green-Certificate-BFBS-011697-2023.pdf\" target=\"_blank\" rel=\"noopener\">siehe Zertifikat<\/a>). Auf diese Weise f\u00f6rdern wir Einsparungen bei den Energietransportprozessen, die konsequente Reduzierung von CO2 und die Verringerung der Umweltbelastung.<\/p><p style=\"text-align: justify;\">\u2013 seit 2019 wurden alle Beleuchtungslampen durch LED-Lampen mit geringerem Verbrauch, l\u00e4ngerer Lebensdauer und besserer Leistung ersetzt.<\/p><p style=\"text-align: justify;\">\u2013 alle unsere Geb\u00e4ude sind mit Hightech-D\u00e4mmstoffen isoliert, die m\u00f6gliche W\u00e4rmeverluste verhindern;<\/p><p style=\"text-align: justify;\">\u2013 die R\u00e4umlichkeiten f\u00fcr die Reifung der Weine in F\u00e4ssern und Flaschen, die niedrigere Temperaturen als die normalen Umgebungstemperaturen (12-14\u00b0 C) erfordern, wurden unterirdisch gebaut, wodurch die Nutzung der nat\u00fcrlichen k\u00fchlen Untergrundtemperatur erm\u00f6glicht und die Notwendigkeit der K\u00fchlung minimiert wird.<\/p><\/div><\/div><\/div><\/div><\/div><\/div><\/div><\/div><\/div><\/div><\/div><div class=\"eltdf-row-grid-section\"><div class=\"vc_row wpb_row vc_row-fluid eltdf-row-type-row\"><div class=\"wpb_column vc_column_container vc_col-sm-12\"><div class=\"vc_column-inner\"><div class=\"wpb_wrapper\"><div class=\"vc_empty_space\" style=\"text-align: justify;\">\u00a0<\/div><\/div><\/div><\/div><\/div><\/div>\t\t\t\t\t\t<\/div>\n\t\t\t\t<\/div>\n\t\t\t\t\t<\/div>\n\t\t<\/div>\n\t\t\t\t<div class=\"elementor-column elementor-col-50 elementor-top-column elementor-element elementor-element-405f295 elementor-invisible\" data-id=\"405f295\" data-element_type=\"column\" data-settings=\"{&quot;background_background&quot;:&quot;classic&quot;,&quot;animation&quot;:&quot;growFromRight&quot;}\">\n\t\t\t<div class=\"elementor-widget-wrap elementor-element-populated\">\n\t\t\t\t\t\t\t\t<div class=\"elementor-element elementor-element-ac2865e elementor-hidden-tablet elementor-widget elementor-widget-spacer\" data-id=\"ac2865e\" data-element_type=\"widget\" data-widget_type=\"spacer.default\">\n\t\t\t\t<div class=\"elementor-widget-container\">\n\t\t\t\t\t<div class=\"elementor-spacer\">\n\t\t\t<div class=\"elementor-spacer-inner\"><\/div>\n\t\t<\/div>\n\t\t\t\t<\/div>\n\t\t\t\t<\/div>\n\t\t\t\t\t<\/div>\n\t\t<\/div>\n\t\t\t\t\t\t\t<\/div>\n\t\t<\/section>\n\t\t\t\t\t\t\t<\/div>","protected":false},"excerpt":{"rendered":"<p>I Quattro Elementi lenotti vini I nostri Principi L\u2019ambiente, ovvero la natura che ci circonda, secondo la teoria dei primi filosofi ellenici, \u00e8 composta dai 4 elementi fondamentali : terra, acqua, aria e fuoco. La terra, solida e rigogliosa, simboleggia la materia primordiale, accoglie la vita e la nutre. L\u2019acqua, fonte della vita, dalla sorgente&#8230;<\/p>","protected":false},"author":1,"featured_media":0,"parent":0,"menu_order":0,"comment_status":"closed","ping_status":"closed","template":"","meta":{"_mo_disable_npp":"","footnotes":""},"class_list":["post-988207","page","type-page","status-publish","hentry"],"_links":{"self":[{"href":"https:\/\/www.lenotti.com\/de\/wp-json\/wp\/v2\/pages\/988207","targetHints":{"allow":["GET"]}}],"collection":[{"href":"https:\/\/www.lenotti.com\/de\/wp-json\/wp\/v2\/pages"}],"about":[{"href":"https:\/\/www.lenotti.com\/de\/wp-json\/wp\/v2\/types\/page"}],"author":[{"embeddable":true,"href":"https:\/\/www.lenotti.com\/de\/wp-json\/wp\/v2\/users\/1"}],"replies":[{"embeddable":true,"href":"https:\/\/www.lenotti.com\/de\/wp-json\/wp\/v2\/comments?post=988207"}],"version-history":[{"count":67,"href":"https:\/\/www.lenotti.com\/de\/wp-json\/wp\/v2\/pages\/988207\/revisions"}],"predecessor-version":[{"id":1003139,"href":"https:\/\/www.lenotti.com\/de\/wp-json\/wp\/v2\/pages\/988207\/revisions\/1003139"}],"wp:attachment":[{"href":"https:\/\/www.lenotti.com\/de\/wp-json\/wp\/v2\/media?parent=988207"}],"curies":[{"name":"wp","href":"https:\/\/api.w.org\/{rel}","templated":true}]}}