{"id":1001555,"date":"2025-05-27T10:52:32","date_gmt":"2025-05-27T08:52:32","guid":{"rendered":"https:\/\/www.lenotti.com\/?page_id=1001555"},"modified":"2025-11-13T17:23:04","modified_gmt":"2025-11-13T16:23:04","slug":"degustazione-verticale-amarone-storia-recente-bardolino-lago-di-garda","status":"publish","type":"page","link":"https:\/\/www.lenotti.com\/de\/degustazione-verticale-amarone-storia-recente-bardolino-lago-di-garda\/","title":{"rendered":"Verticale di Amarone &#8211; la storia pi\u00f9 recente"},"content":{"rendered":"<!-- Added by Post\/Page specific custom CSS plugin, thank you for using! -->\n<style>.cross-sells ul.products.vamtam-wc li.product .vamtam-product-cats, .elementor-wc-products ul.products.vamtam-wc li.product .vamtam-product-cats {\r\n    margin-bottom: .5em;\r\n    display: none;\r\n}\r\n:not(.vamtam-limited-layout).woocommerce ul.products li.product:not(.product-category):hover .vamtam-add-to-cart-wrap a.added_to_cart, :not(.vamtam-limited-layout).woocommerce ul.products li.product:not(.product-category):hover .vamtam-add-to-cart-wrap a.button {\r\n    opacity: 1;\r\n    transform: translateY(0);\r\n    background: #f9f8f4;\r\n}<\/style>\n\t\t<div data-elementor-type=\"wp-page\" data-elementor-id=\"1001555\" class=\"elementor elementor-1001555\" data-elementor-post-type=\"page\">\n\t\t\t\t\t\t\t\t\t<section class=\"elementor-section elementor-top-section elementor-element elementor-element-d8de59c elementor-section-height-min-height elementor-section-content-bottom elementor-section-boxed elementor-section-height-default elementor-section-items-middle\" data-id=\"d8de59c\" data-element_type=\"section\" data-settings=\"{&quot;background_background&quot;:&quot;classic&quot;}\">\n\t\t\t\t\t\t\t<div class=\"elementor-background-overlay\"><\/div>\n\t\t\t\t\t\t\t<div class=\"elementor-container elementor-column-gap-default\">\n\t\t\t\t\t<div class=\"elementor-column elementor-col-100 elementor-top-column elementor-element elementor-element-343ba8a\" data-id=\"343ba8a\" data-element_type=\"column\">\n\t\t\t<div class=\"elementor-widget-wrap elementor-element-populated\">\n\t\t\t\t\t\t\t\t<div class=\"elementor-element elementor-element-ebbc100 elementor-widget elementor-widget-heading\" data-id=\"ebbc100\" data-element_type=\"widget\" data-widget_type=\"heading.default\">\n\t\t\t\t<div class=\"elementor-widget-container\">\n\t\t\t<h1 class=\"elementor-heading-title elementor-size-default translation-block\">Verticale di Amarone <br>-Die j\u00fcngste Geschichte-<\/h1>\t\t<\/div>\n\t\t\t\t<\/div>\n\t\t\t\t\t<\/div>\n\t\t<\/div>\n\t\t\t\t\t\t\t<\/div>\n\t\t<\/section>\n\t\t<div class=\"elementor-element elementor-element-b9e86ac e-flex e-con-boxed e-con\" data-id=\"b9e86ac\" data-element_type=\"container\" data-settings=\"{&quot;content_width&quot;:&quot;boxed&quot;}\">\n\t\t\t\t\t<div class=\"e-con-inner\">\n\t\t<div class=\"elementor-element elementor-element-921562b e-flex e-con-boxed e-con\" data-id=\"921562b\" data-element_type=\"container\" data-settings=\"{&quot;content_width&quot;:&quot;boxed&quot;}\">\n\t\t\t\t\t<div class=\"e-con-inner\">\n\t\t\t\t<div class=\"elementor-element elementor-element-edae310 elementor-widget elementor-widget-heading\" data-id=\"edae310\" data-element_type=\"widget\" data-widget_type=\"heading.default\">\n\t\t\t\t<div class=\"elementor-widget-container\">\n\t\t\t<h3 class=\"elementor-heading-title elementor-size-default translation-block\">Ein einzigartiges Verkostungserlebnis der j\u00fcngeren gro\u00dfen Amarone-Jahrg\u00e4nge<\/h3>\t\t<\/div>\n\t\t\t\t<\/div>\n\t\t\t\t\t<\/div>\n\t\t\t\t<\/div>\n\t\t\t\t\t<\/div>\n\t\t\t\t<\/div>\n\t\t<div class=\"elementor-element elementor-element-9cafc59 e-flex e-con-boxed e-con\" data-id=\"9cafc59\" data-element_type=\"container\" data-settings=\"{&quot;content_width&quot;:&quot;boxed&quot;}\">\n\t\t\t\t\t<div class=\"e-con-inner\">\n\t\t<div class=\"elementor-element elementor-element-76bbc19 e-flex e-con-boxed e-con\" data-id=\"76bbc19\" data-element_type=\"container\" data-settings=\"{&quot;content_width&quot;:&quot;boxed&quot;}\">\n\t\t\t\t\t<div class=\"e-con-inner\">\n\t\t\t\t<div class=\"elementor-element elementor-element-d5b915e elementor-widget elementor-widget-text-editor\" data-id=\"d5b915e\" data-element_type=\"widget\" data-widget_type=\"text-editor.default\">\n\t\t\t\t<div class=\"elementor-widget-container\">\n\t\t\t\t\t\t\t<p>Das von uns angebotene Erlebnis gliedert sich in zwei Teile: die Weinkellerf\u00fchrung und die Verkostung.<\/p>\n<p><span style=\"font-size: 24pt;\">DIE F\u00dcHRUNG<\/span><\/p>\n<p>Unser Ziel bei der F\u00fchrung ist es, unseren Besuchern die Reise der Weintraube aufzuzeigen: vom Weinberg bis zur Flasche.<\/p>\n<p>Die Tour startet im Weinberg \u201cSanta Christina\u201d direkt hinter dem Weingut, dem kleinsten unserer Weinberge (nur 12.000qm). Er ist einer der wenigen Weinberge direkt an den Ufern des Gardasees.<\/p>\n<p>Danach wenden wir uns der Traubenannahme, der Traubenpresse und dem G\u00e4rkeller zu, wo w\u00e4hrend der Ernte die Trauben gepresst und anschlie\u00dfend in kontrollierter Temperatur in Stahltanks g\u00e4ren.<\/p>\n<p>Nun gehen wir in den unterirdischen Fasskeller, der aus 2 Hallen mit gleichbleibender Temperatur und Luftfeuchtigkeit besteht: Die erste Halle enth\u00e4lt 40 gro\u00dfe Holzf\u00e4sser (2500 l je Fass) und rund 800 kleinere Eichenf\u00e4sser (je 300l + 500l) F\u00e4sser, in denen wir unsere kr\u00e4ftigen und alkoholstarken Weine verfeinern und malolaktisch g\u00e4ren (2. G\u00e4rung).<\/p>\n<p>In der zweiten Halle werden die bereits abgef\u00fcllten Rotweine gelagert um weiter zu verfeinern und zu reifen. Dort bleiben Sie, bis sie perfekt f\u00fcr den Verzehr sind.\n\nVon dem Fasslager gehen wir dann zur Abf\u00fcllanlage, wo die Weine abgef\u00fcllt werden. Sie haben einen \u00dcberblick \u00fcber die Abf\u00fcllmaschinen und den Etikettier- und Verpackungsmaschinen.<\/p>\n<p>W\u00e4hrend der Tour erfahren Sie nat\u00fcrlich viele Details zur Lenotti Familiengeschichte und erhalten exklusive Erkl\u00e4rungen und Geschichten zu den Weinen.<\/p>\n<p><span style=\"font-size: 24pt;\">DIE VERKOSTUNG<\/span><\/p>\n<p>Nach der F\u00fchrung kehren wir in den Barriquekeller zur\u00fcck, wo wir eine gef\u00fchrte Verkostung von vier gro\u00dfartigen Jahrg\u00e4ngen unseres \u201eAmarone della Valpolicella DOCG Classico\u201c durchf\u00fchren:&nbsp;<\/p>\n<p>-2012: ein hei\u00dfer und trockener Jahrgang mit beschleunigter Appassimento (Trocknung der Trauben). Der daraus entstandene Amarone ist ein kr\u00e4ftiger und konzentrierter Wein mit Noten von dunklen Fr\u00fcchten, Kakao und Gew\u00fcrzen. Er besitzt eine robuste Struktur und ein hervorragendes Entwicklungspotenzial.&nbsp;<\/p>\n<p>-2013: ein milder Sommer und ein trockener Herbst sorgten f\u00fcr k\u00fchles und g\u00fcnstiges Wetter. Daraus entstand ein eleganter und ausgewogener Amarone. Seine anhaltende Frische sticht hervor, begleitet von Noten von Waldbeeren und Gew\u00fcrzen.<\/p>\n<p>-2016: dieser Jahrgang zeichnete sich durch ausgewogenes und mildes Wetter aus \u2013 nicht zu hei\u00df, trocken, aber mit stabilen und niemals \u00fcberm\u00e4\u00dfig hohen Temperaturen. Die Appassimento der Trauben brachte einen komplexen und harmonischen Amarone hervor, mit Noten von Waldbeeren, Gew\u00fcrzen, einem langen Abgang und einem ausgewogenen Profil.&nbsp;<\/p>\n<p>-2018: der Jahrgang profitierte von einem k\u00fchlen und stabilen Klima. Die Appassimento der Trauben war ideal, mit einer langsamen Reifung, die Frische und Finesse bewahrte. Der Amarone 2018 ist ein eleganter Wein mit Noten von reifen roten Fr\u00fcchten und einer sehr vielversprechenden Tanninstruktur f\u00fcr eine lange Lagerung.<\/p>\n<p><span style=\"font-size: 24pt;\">DANKE<\/span><\/p>\n<p>Wir hoffen, Ihnen mit diesem Vorschlag die Eigenschaften dieses au\u00dfergew\u00f6hnlichen Weines vollst\u00e4ndig n\u00e4herbringen und seine Entwicklung in den ersten Jahren der Flaschenreife verst\u00e4ndlich machen zu k\u00f6nnen. Dies soll hoffentlich Ihr Interesse wecken, m\u00f6gliche Entwicklungen des Weines zu erkunden, die in Flaschen entstehen k\u00f6nnen, die \u00fcber l\u00e4ngere Zeitr\u00e4ume gereift sind. Der n\u00e4chste Schritt w\u00e4re dann die Teilnahme an einer Verkostung von historischen und lange gereiften Jahrg\u00e4ngen.&nbsp;<\/p>\t\t\t\t\t\t<\/div>\n\t\t\t\t<\/div>\n\t\t\t\t\t<\/div>\n\t\t\t\t<\/div>\n\t\t\t\t\t<\/div>\n\t\t\t\t<\/div>\n\t\t<div class=\"elementor-element elementor-element-c8311bd e-flex e-con-boxed e-con\" data-id=\"c8311bd\" data-element_type=\"container\" data-settings=\"{&quot;content_width&quot;:&quot;boxed&quot;}\">\n\t\t\t\t\t<div class=\"e-con-inner\">\n\t\t\t\t<div class=\"elementor-element elementor-element-64632b3 elementor-widget-divider--view-line elementor-widget elementor-widget-divider\" data-id=\"64632b3\" data-element_type=\"widget\" data-widget_type=\"divider.default\">\n\t\t\t\t<div class=\"elementor-widget-container\">\n\t\t\t\t\t<div class=\"elementor-divider\">\n\t\t\t<span class=\"elementor-divider-separator\">\n\t\t\t\t\t\t<\/span>\n\t\t<\/div>\n\t\t\t\t<\/div>\n\t\t\t\t<\/div>\n\t\t\t\t\t<\/div>\n\t\t\t\t<\/div>\n\t\t<div class=\"elementor-element elementor-element-93fd298 e-flex e-con-boxed e-con\" data-id=\"93fd298\" data-element_type=\"container\" data-settings=\"{&quot;content_width&quot;:&quot;boxed&quot;}\">\n\t\t\t\t\t<div class=\"e-con-inner\">\n\t\t<div class=\"elementor-element elementor-element-62d4979 e-flex e-con-boxed e-con\" data-id=\"62d4979\" data-element_type=\"container\" data-settings=\"{&quot;content_width&quot;:&quot;boxed&quot;}\">\n\t\t\t\t\t<div class=\"e-con-inner\">\n\t\t<div class=\"elementor-element elementor-element-56245bf e-con-full e-flex e-con\" data-id=\"56245bf\" data-element_type=\"container\" data-settings=\"{&quot;content_width&quot;:&quot;full&quot;}\">\n\t\t\t\t<div class=\"elementor-element elementor-element-7c022c9 elementor-widget elementor-widget-heading\" data-id=\"7c022c9\" data-element_type=\"widget\" data-widget_type=\"heading.default\">\n\t\t\t\t<div class=\"elementor-widget-container\">\n\t\t\t<h3 class=\"elementor-heading-title elementor-size-default\">Info<\/h3>\t\t<\/div>\n\t\t\t\t<\/div>\n\t\t\t\t<div class=\"elementor-element elementor-element-1480cc7 elementor-view-default elementor-widget elementor-widget-icon\" data-id=\"1480cc7\" data-element_type=\"widget\" data-widget_type=\"icon.default\">\n\t\t\t\t<div class=\"elementor-widget-container\">\n\t\t\t\t\t<div class=\"elementor-icon-wrapper\">\n\t\t\t<div class=\"elementor-icon\">\n\t\t\t<i aria-hidden=\"true\" class=\"fas fa-euro-sign\"><\/i>\t\t\t<\/div>\n\t\t<\/div>\n\t\t\t\t<\/div>\n\t\t\t\t<\/div>\n\t\t\t\t<div class=\"elementor-element elementor-element-a45ab39 elementor-widget elementor-widget-text-editor\" data-id=\"a45ab39\" data-element_type=\"widget\" data-widget_type=\"text-editor.default\">\n\t\t\t\t<div class=\"elementor-widget-container\">\n\t\t\t\t\t\t\t<p style=\"text-align: center;\">Die Weinkellerf\u00fchrung mit Verkostung von 4 Jahrg\u00e4ngen des \u201eAmarone della Valpolicella DOCG Classico\u201c kostet insgesamt 275 \u20ac (unver\u00e4ndert f\u00fcr bis zu 6 Personen) bei Vorauszahlung. Kinder\/Jugendliche bis 18 Jahre, die nicht an der Verkostung teilnehmen, sind kostenlos.<\/p>\t\t\t\t\t\t<\/div>\n\t\t\t\t<\/div>\n\t\t\t\t<div class=\"elementor-element elementor-element-d1e910c elementor-view-default elementor-widget elementor-widget-icon\" data-id=\"d1e910c\" data-element_type=\"widget\" data-widget_type=\"icon.default\">\n\t\t\t\t<div class=\"elementor-widget-container\">\n\t\t\t\t\t<div class=\"elementor-icon-wrapper\">\n\t\t\t<div class=\"elementor-icon\">\n\t\t\t<i aria-hidden=\"true\" class=\"far fa-calendar-alt\"><\/i>\t\t\t<\/div>\n\t\t<\/div>\n\t\t\t\t<\/div>\n\t\t\t\t<\/div>\n\t\t\t\t<div class=\"elementor-element elementor-element-a384d66 elementor-widget elementor-widget-text-editor\" data-id=\"a384d66\" data-element_type=\"widget\" data-widget_type=\"text-editor.default\">\n\t\t\t\t<div class=\"elementor-widget-container\">\n\t\t\t\t\t\t\t<p style=\"text-align: center;\">Besuche sind nur nach Reservierung m\u00f6glich.<\/p>\t\t\t\t\t\t<\/div>\n\t\t\t\t<\/div>\n\t\t\t\t<div class=\"elementor-element elementor-element-6e2e519 elementor-view-default elementor-widget elementor-widget-icon\" data-id=\"6e2e519\" data-element_type=\"widget\" data-widget_type=\"icon.default\">\n\t\t\t\t<div class=\"elementor-widget-container\">\n\t\t\t\t\t<div class=\"elementor-icon-wrapper\">\n\t\t\t<div class=\"elementor-icon\">\n\t\t\t<i aria-hidden=\"true\" class=\"fas fa-clock\"><\/i>\t\t\t<\/div>\n\t\t<\/div>\n\t\t\t\t<\/div>\n\t\t\t\t<\/div>\n\t\t\t\t<div class=\"elementor-element elementor-element-ff72a86 elementor-widget elementor-widget-text-editor\" data-id=\"ff72a86\" data-element_type=\"widget\" data-widget_type=\"text-editor.default\">\n\t\t\t\t<div class=\"elementor-widget-container\">\n\t\t\t\t\t\t\t<p style=\"text-align: center;\">Die Weingutbesichtigung dauert ca. 45min. Die anschlie\u00dfende Verkostung dauert ca. 30-40 min.<\/p>\t\t\t\t\t\t<\/div>\n\t\t\t\t<\/div>\n\t\t\t\t<div class=\"elementor-element elementor-element-86eeca2 elementor-view-default elementor-widget elementor-widget-icon\" data-id=\"86eeca2\" data-element_type=\"widget\" data-widget_type=\"icon.default\">\n\t\t\t\t<div class=\"elementor-widget-container\">\n\t\t\t\t\t<div class=\"elementor-icon-wrapper\">\n\t\t\t<div class=\"elementor-icon\">\n\t\t\t<i aria-hidden=\"true\" class=\"fas fa-flag\"><\/i>\t\t\t<\/div>\n\t\t<\/div>\n\t\t\t\t<\/div>\n\t\t\t\t<\/div>\n\t\t\t\t<div class=\"elementor-element elementor-element-2843dca elementor-widget elementor-widget-text-editor\" data-id=\"2843dca\" data-element_type=\"widget\" data-widget_type=\"text-editor.default\">\n\t\t\t\t<div class=\"elementor-widget-container\">\n\t\t\t\t\t\t\t<p style=\"text-align: center;\">Die F\u00fchrungen werden in Italienisch oder auf Englisch durchgef\u00fchrt.<\/p>\t\t\t\t\t\t<\/div>\n\t\t\t\t<\/div>\n\t\t\t\t<div class=\"elementor-element elementor-element-2409371 elementor-view-default elementor-widget elementor-widget-icon\" data-id=\"2409371\" data-element_type=\"widget\" data-widget_type=\"icon.default\">\n\t\t\t\t<div class=\"elementor-widget-container\">\n\t\t\t\t\t<div class=\"elementor-icon-wrapper\">\n\t\t\t<div class=\"elementor-icon\">\n\t\t\t<i aria-hidden=\"true\" class=\"fas fa-wheelchair\"><\/i>\t\t\t<\/div>\n\t\t<\/div>\n\t\t\t\t<\/div>\n\t\t\t\t<\/div>\n\t\t\t\t<div class=\"elementor-element elementor-element-81dc991 elementor-widget elementor-widget-text-editor\" data-id=\"81dc991\" data-element_type=\"widget\" data-widget_type=\"text-editor.default\">\n\t\t\t\t<div class=\"elementor-widget-container\">\n\t\t\t\t\t\t\t<p style=\"text-align: center;\">Es gibt keine besonderen Barrieren, sodass die Tour grunds\u00e4tzlich allen Besuchern m\u00f6glich ist. Im Falle von eingeschr\u00e4nkter Mobilit\u00e4t bitten wir jedoch um vorherige Benachrichtigung, damit wir die Tour entsprechend planen k\u00f6nnen.<\/p>\t\t\t\t\t\t<\/div>\n\t\t\t\t<\/div>\n\t\t\t\t<div class=\"elementor-element elementor-element-e9ffdc9 elementor-view-default elementor-widget elementor-widget-icon\" data-id=\"e9ffdc9\" data-element_type=\"widget\" data-widget_type=\"icon.default\">\n\t\t\t\t<div class=\"elementor-widget-container\">\n\t\t\t\t\t<div class=\"elementor-icon-wrapper\">\n\t\t\t<div class=\"elementor-icon\">\n\t\t\t<i aria-hidden=\"true\" class=\"fas fa-shopping-basket\"><\/i>\t\t\t<\/div>\n\t\t<\/div>\n\t\t\t\t<\/div>\n\t\t\t\t<\/div>\n\t\t\t\t<div class=\"elementor-element elementor-element-0c83f4c elementor-widget elementor-widget-text-editor\" data-id=\"0c83f4c\" data-element_type=\"widget\" data-widget_type=\"text-editor.default\">\n\t\t\t\t<div class=\"elementor-widget-container\">\n\t\t\t\t\t\t\t<p style=\"text-align: center;\">Am Ende der Tour haben Sie die M\u00f6glichkeit, in unserem Weingutshop alle unsere Weine einzukaufen, unabh\u00e4ngig von der \u00d6ffnungszeit.<\/p>\t\t\t\t\t\t<\/div>\n\t\t\t\t<\/div>\n\t\t\t\t<div class=\"elementor-element elementor-element-c25ffa4 elementor-view-default elementor-widget elementor-widget-icon\" data-id=\"c25ffa4\" data-element_type=\"widget\" data-widget_type=\"icon.default\">\n\t\t\t\t<div class=\"elementor-widget-container\">\n\t\t\t\t\t<div class=\"elementor-icon-wrapper\">\n\t\t\t<div class=\"elementor-icon\">\n\t\t\t<i aria-hidden=\"true\" class=\"fas fa-dog\"><\/i>\t\t\t<\/div>\n\t\t<\/div>\n\t\t\t\t<\/div>\n\t\t\t\t<\/div>\n\t\t\t\t<div class=\"elementor-element elementor-element-5391053 elementor-widget elementor-widget-text-editor\" data-id=\"5391053\" data-element_type=\"widget\" data-widget_type=\"text-editor.default\">\n\t\t\t\t<div class=\"elementor-widget-container\">\n\t\t\t\t\t\t\t<p style=\"text-align: center;\">Wir lieben Tiere und besonders Hunde sind willkommen. Aus Hygienebestimmungen d\u00fcrfen Tiere\/Hunde nicht mit in das Weingut, aber Sie d\u00fcrfen gerne w\u00e4hrend Ihrer Tour in unserem shop oder Garten verweilen. Es ist uns eine Freude, sie w\u00e4hrend Ihrer Tour zu beaufsichtigen, damit Sie Ihre Weingutbesichtigung genie\u00dfen k\u00f6nnen.<\/p>\t\t\t\t\t\t<\/div>\n\t\t\t\t<\/div>\n\t\t\t\t<\/div>\n\t\t<div class=\"elementor-element elementor-element-cd257ab e-con-full e-flex e-con\" data-id=\"cd257ab\" data-element_type=\"container\" data-settings=\"{&quot;content_width&quot;:&quot;full&quot;}\">\n\t\t\t\t<div class=\"elementor-element elementor-element-ed6f44e elementor-widget elementor-widget-heading\" data-id=\"ed6f44e\" data-element_type=\"widget\" data-widget_type=\"heading.default\">\n\t\t\t\t<div class=\"elementor-widget-container\">\n\t\t\t<h3 class=\"elementor-heading-title elementor-size-default\">Wo sind wir<\/h3>\t\t<\/div>\n\t\t\t\t<\/div>\n\t\t\t\t<div class=\"elementor-element elementor-element-d2186fe elementor-widget elementor-widget-html\" data-id=\"d2186fe\" data-element_type=\"widget\" data-widget_type=\"html.default\">\n\t\t\t\t<div class=\"elementor-widget-container\">\n\t\t\t<iframe src=\"https:\/\/www.google.com\/maps\/embed?pb=!1m14!1m8!1m3!1d1397.1551760937928!2d10.724467!3d45.544082!3m2!1i1024!2i768!4f13.1!3m3!1m2!1s0x0%3A0x3841f4b8f0c1702b!2sCantine%20Lenotti!5e0!3m2!1sit!2sit!4v1626095948225!5m2!1sit!2sit\" width=\"100%\" height=\"750\" style=\"border:0;\" allowfullscreen=\"\" loading=\"lazy\"><\/iframe>\t\t<\/div>\n\t\t\t\t<\/div>\n\t\t\t\t<\/div>\n\t\t\t\t\t<\/div>\n\t\t\t\t<\/div>\n\t\t\t\t\t<\/div>\n\t\t\t\t<\/div>\n\t\t<div class=\"elementor-element elementor-element-0ece64a e-flex e-con-boxed e-con\" data-id=\"0ece64a\" data-element_type=\"container\" data-settings=\"{&quot;content_width&quot;:&quot;boxed&quot;}\">\n\t\t\t\t\t<div class=\"e-con-inner\">\n\t\t\t\t<div class=\"elementor-element elementor-element-09ec0e3 elementor-widget elementor-widget-eael-creative-button\" data-id=\"09ec0e3\" data-element_type=\"widget\" data-widget_type=\"eael-creative-button.default\">\n\t\t\t\t<div class=\"elementor-widget-container\">\n\t\t\t        <div class=\"eael-creative-button-wrapper\">\n\n            <a class=\"eael-creative-button eael-creative-button--default\" href=\"https:\/\/www.lenotti.com\/de\/calendario-degustazioni-amarone-storia-recente\/\" data-text=\"Go!\">\n\n\t    \n                <div class=\"creative-button-inner\">\n\n                    \n                    <span class=\"cretive-button-text\">Jetzt Buchen<\/span>\n\n                                    <\/div>\n\t                        <\/a>\n        <\/div>\n\t\t<\/div>\n\t\t\t\t<\/div>\n\t\t\t\t\t<\/div>\n\t\t\t\t<\/div>\n\t\t\t\t\t\t\t<\/div>","protected":false},"excerpt":{"rendered":"<p>Verticale di Amarone&#8211; la storia recente &#8211; Un&#8217;esperienza unica di degustazione delle pi\u00f9 recenti grandi annate di Amarone L&#8217;esperienza che proponiamo si divide in due parti: il tour della cantina e la degustazione. IL TOUR Scopo del nostro tour \u00e8 far ripercorrere ai nostri visitatori le tappe che compie il grappolo d\u2019uva: dalla vigna alla&#8230;<\/p>","protected":false},"author":1,"featured_media":0,"parent":0,"menu_order":0,"comment_status":"closed","ping_status":"closed","template":"","meta":{"_mo_disable_npp":"","footnotes":""},"class_list":["post-1001555","page","type-page","status-publish","hentry"],"_links":{"self":[{"href":"https:\/\/www.lenotti.com\/de\/wp-json\/wp\/v2\/pages\/1001555","targetHints":{"allow":["GET"]}}],"collection":[{"href":"https:\/\/www.lenotti.com\/de\/wp-json\/wp\/v2\/pages"}],"about":[{"href":"https:\/\/www.lenotti.com\/de\/wp-json\/wp\/v2\/types\/page"}],"author":[{"embeddable":true,"href":"https:\/\/www.lenotti.com\/de\/wp-json\/wp\/v2\/users\/1"}],"replies":[{"embeddable":true,"href":"https:\/\/www.lenotti.com\/de\/wp-json\/wp\/v2\/comments?post=1001555"}],"version-history":[{"count":14,"href":"https:\/\/www.lenotti.com\/de\/wp-json\/wp\/v2\/pages\/1001555\/revisions"}],"predecessor-version":[{"id":1002086,"href":"https:\/\/www.lenotti.com\/de\/wp-json\/wp\/v2\/pages\/1001555\/revisions\/1002086"}],"wp:attachment":[{"href":"https:\/\/www.lenotti.com\/de\/wp-json\/wp\/v2\/media?parent=1001555"}],"curies":[{"name":"wp","href":"https:\/\/api.w.org\/{rel}","templated":true}]}}