{"id":1001550,"date":"2025-05-27T10:48:28","date_gmt":"2025-05-27T08:48:28","guid":{"rendered":"https:\/\/www.lenotti.com\/?page_id=1001550"},"modified":"2025-11-13T17:23:33","modified_gmt":"2025-11-13T16:23:33","slug":"degustazione-verticale-amarone-3-decadi-bardolino-lago-di-garda","status":"publish","type":"page","link":"https:\/\/www.lenotti.com\/de\/degustazione-verticale-amarone-3-decadi-bardolino-lago-di-garda\/","title":{"rendered":"Verticale di Amarone &#8211; 3 decadi a confronto"},"content":{"rendered":"<!-- Added by Post\/Page specific custom CSS plugin, thank you for using! -->\n<style>.cross-sells ul.products.vamtam-wc li.product .vamtam-product-cats, .elementor-wc-products ul.products.vamtam-wc li.product .vamtam-product-cats {\r\n    margin-bottom: .5em;\r\n    display: none;\r\n}\r\n:not(.vamtam-limited-layout).woocommerce ul.products li.product:not(.product-category):hover .vamtam-add-to-cart-wrap a.added_to_cart, :not(.vamtam-limited-layout).woocommerce ul.products li.product:not(.product-category):hover .vamtam-add-to-cart-wrap a.button {\r\n    opacity: 1;\r\n    transform: translateY(0);\r\n    background: #f9f8f4;\r\n}<\/style>\n\t\t<div data-elementor-type=\"wp-page\" data-elementor-id=\"1001550\" class=\"elementor elementor-1001550\" data-elementor-post-type=\"page\">\n\t\t\t\t\t\t\t\t\t<section class=\"elementor-section elementor-top-section elementor-element elementor-element-06f4fe2 elementor-section-height-min-height elementor-section-content-bottom elementor-section-boxed elementor-section-height-default elementor-section-items-middle\" data-id=\"06f4fe2\" data-element_type=\"section\" data-settings=\"{&quot;background_background&quot;:&quot;classic&quot;}\">\n\t\t\t\t\t\t\t<div class=\"elementor-background-overlay\"><\/div>\n\t\t\t\t\t\t\t<div class=\"elementor-container elementor-column-gap-default\">\n\t\t\t\t\t<div class=\"elementor-column elementor-col-100 elementor-top-column elementor-element elementor-element-3081e41\" data-id=\"3081e41\" data-element_type=\"column\">\n\t\t\t<div class=\"elementor-widget-wrap elementor-element-populated\">\n\t\t\t\t\t\t\t\t<div class=\"elementor-element elementor-element-27de9cd elementor-widget elementor-widget-heading\" data-id=\"27de9cd\" data-element_type=\"widget\" data-widget_type=\"heading.default\">\n\t\t\t\t<div class=\"elementor-widget-container\">\n\t\t\t<h1 class=\"elementor-heading-title elementor-size-default\">Verticale di Amarone <br> -3 Jahrzehnte-<\/h1>\t\t<\/div>\n\t\t\t\t<\/div>\n\t\t\t\t\t<\/div>\n\t\t<\/div>\n\t\t\t\t\t\t\t<\/div>\n\t\t<\/section>\n\t\t<div class=\"elementor-element elementor-element-a1c594b e-flex e-con-boxed e-con\" data-id=\"a1c594b\" data-element_type=\"container\" data-settings=\"{&quot;content_width&quot;:&quot;boxed&quot;}\">\n\t\t\t\t\t<div class=\"e-con-inner\">\n\t\t<div class=\"elementor-element elementor-element-6194b5a e-flex e-con-boxed e-con\" data-id=\"6194b5a\" data-element_type=\"container\" data-settings=\"{&quot;content_width&quot;:&quot;boxed&quot;}\">\n\t\t\t\t\t<div class=\"e-con-inner\">\n\t\t\t\t<div class=\"elementor-element elementor-element-c7cc565 elementor-widget elementor-widget-heading\" data-id=\"c7cc565\" data-element_type=\"widget\" data-widget_type=\"heading.default\">\n\t\t\t\t<div class=\"elementor-widget-container\">\n\t\t\t<h3 class=\"elementor-heading-title elementor-size-default\">Eine Zeitreise, um die Entwicklung des Weins zu verstehen...<\/h3>\t\t<\/div>\n\t\t\t\t<\/div>\n\t\t\t\t\t<\/div>\n\t\t\t\t<\/div>\n\t\t\t\t\t<\/div>\n\t\t\t\t<\/div>\n\t\t<div class=\"elementor-element elementor-element-3c5fb21 e-flex e-con-boxed e-con\" data-id=\"3c5fb21\" data-element_type=\"container\" data-settings=\"{&quot;content_width&quot;:&quot;boxed&quot;}\">\n\t\t\t\t\t<div class=\"e-con-inner\">\n\t\t\t\t<div class=\"elementor-element elementor-element-abf00ed elementor-widget elementor-widget-text-editor\" data-id=\"abf00ed\" data-element_type=\"widget\" data-widget_type=\"text-editor.default\">\n\t\t\t\t<div class=\"elementor-widget-container\">\n\t\t\t\t\t\t\t<p>Das von uns angebotene Erlebnis gliedert sich in zwei Teile: die Weinkellerf\u00fchrung und die Verkostung.<\/p><p><span style=\"font-size: 24pt;\">DIE F\u00dcHRUNG<\/span><\/p><p style=\"font-style: normal; font-variant-ligatures: normal; font-variant-caps: normal; font-weight: 400; font-size: 20px; font-family: 'Cormorant Infant', sans-serif;\">Unser Ziel bei der F\u00fchrung ist es, unseren Besuchern die Reise der Weintraube aufzuzeigen: vom Weinberg bis zur Flasche.<\/p><p style=\"font-style: normal; font-variant-ligatures: normal; font-variant-caps: normal; font-weight: 400; font-size: 20px; font-family: 'Cormorant Infant', sans-serif;\">Die Tour startet im Weinberg \u201cSanta Christina\u201d direkt hinter dem Weingut, dem kleinsten unserer Weinberge (nur 12.000qm). Er ist einer der wenigen Weinberge direkt an den Ufern des Gardasees.<\/p><p style=\"font-style: normal; font-variant-ligatures: normal; font-variant-caps: normal; font-weight: 400; font-size: 20px; font-family: 'Cormorant Infant', sans-serif;\">Danach wenden wir uns der Traubenannahme, der Traubenpresse und dem G\u00e4rkeller zu, wo w\u00e4hrend der Ernte die Trauben gepresst und anschlie\u00dfend in kontrollierter Temperatur in Stahltanks g\u00e4ren.<\/p><p style=\"font-style: normal; font-variant-ligatures: normal; font-variant-caps: normal; font-weight: 400; font-size: 20px; font-family: 'Cormorant Infant', sans-serif;\">Nun gehen wir in den unterirdischen Fasskeller, der aus 2 Hallen mit gleichbleibender Temperatur und Luftfeuchtigkeit besteht: Die erste Halle enth\u00e4lt 40 gro\u00dfe Holzf\u00e4sser (2500 l je Fass) und rund 800 kleinere Eichenf\u00e4sser (je 300l + 500l) F\u00e4sser, in denen wir unsere kr\u00e4ftigen und alkoholstarken Weine verfeinern und malolaktisch g\u00e4ren (2. G\u00e4rung).<\/p><p style=\"font-style: normal; font-variant-ligatures: normal; font-variant-caps: normal; font-weight: 400; font-size: 20px; font-family: 'Cormorant Infant', sans-serif;\">In der zweiten Halle werden die bereits abgef\u00fcllten Rotweine gelagert um weiter zu verfeinern und zu reifen. Dort bleiben Sie, bis sie perfekt f\u00fcr den Verzehr sind.\n\nVon dem Fasslager gehen wir dann zur Abf\u00fcllanlage, wo die Weine abgef\u00fcllt werden. Sie haben einen \u00dcberblick \u00fcber die Abf\u00fcllmaschinen und den Etikettier- und Verpackungsmaschinen.<\/p><p style=\"font-style: normal; font-variant-ligatures: normal; font-variant-caps: normal; font-weight: 400; font-size: 20px; font-family: 'Cormorant Infant', sans-serif;\">W\u00e4hrend der Tour erfahren Sie nat\u00fcrlich viele Details zur Lenotti Familiengeschichte und erhalten exklusive Erkl\u00e4rungen und Geschichten zu den Weinen.<\/p><p><span style=\"font-size: 24pt;\">DIE VERKOSTUNG<\/span><\/p><p>Nach der F\u00fchrung kehren wir in den Barriquekeller zur\u00fcck, wo wir eine gef\u00fchrte Verkostung von drei gro\u00dfartigen Jahrg\u00e4ngen des \u201eAmarone della Valpolicella DOCG Classico\u201c durchf\u00fchren:\u00a0<\/p><p>-1998: ein Jahrgang, der sich durch warme Sommertemperaturen und einen milden Herbst auszeichnete. Die Appassimento (Traubentrocknung) wurde durch stabiles und trockenes Wetter beg\u00fcnstigt. Der daraus entstandene Amarone ist ein Wein mit weichen Tanninen und einer harmonischen Struktur, der ein ausgezeichnetes Reifepotenzial besitzt.\u00a0<\/p><p>-2008: das k\u00fchlere Wetter \u00fcberwog und beg\u00fcnstigte eine langsame Reifung. Die Appassimento (Traubentrocknung) war ideal, wobei die Temperaturen die Frische und Komplexit\u00e4t des Weines bewahrten. Der daraus entstandene Amarone ist reich an Noten von roten Fr\u00fcchten und lebendiger S\u00e4ure.\u00a0<\/p><p>-2018: der Jahrgang profitierte von einem k\u00fchlen und stabilen Klima. Die Appassimento der Trauben war ideal, mit einer langsamen Reifung, die Frische und Finesse bewahrte. Der Amarone 2018 ist ein eleganter Wein mit Noten von reifen roten Fr\u00fcchten und einer sehr vielversprechenden Tanninstruktur f\u00fcr eine lange Lagerung.<\/p><p><span style=\"font-size: 24pt;\">DANKE<\/span><\/p><p>Wir hoffen, Ihnen mit diesem Vorschlag die Eigenschaften dieses au\u00dfergew\u00f6hnlichen Weines vollst\u00e4ndig n\u00e4herzubringen und Ihnen seine geschmackliche Entwicklung \u00fcber die vielen Jahre aufzuzeigen.<\/p>\t\t\t\t\t\t<\/div>\n\t\t\t\t<\/div>\n\t\t\t\t\t<\/div>\n\t\t\t\t<\/div>\n\t\t<div class=\"elementor-element elementor-element-3ef36d4 e-flex e-con-boxed e-con\" data-id=\"3ef36d4\" data-element_type=\"container\" data-settings=\"{&quot;content_width&quot;:&quot;boxed&quot;}\">\n\t\t\t\t\t<div class=\"e-con-inner\">\n\t\t\t\t<div class=\"elementor-element elementor-element-a1017e5 elementor-widget-divider--view-line elementor-widget elementor-widget-divider\" data-id=\"a1017e5\" data-element_type=\"widget\" data-widget_type=\"divider.default\">\n\t\t\t\t<div class=\"elementor-widget-container\">\n\t\t\t\t\t<div class=\"elementor-divider\">\n\t\t\t<span class=\"elementor-divider-separator\">\n\t\t\t\t\t\t<\/span>\n\t\t<\/div>\n\t\t\t\t<\/div>\n\t\t\t\t<\/div>\n\t\t\t\t\t<\/div>\n\t\t\t\t<\/div>\n\t\t<div class=\"elementor-element elementor-element-a4d3164 e-flex e-con-boxed e-con\" data-id=\"a4d3164\" data-element_type=\"container\" data-settings=\"{&quot;content_width&quot;:&quot;boxed&quot;}\">\n\t\t\t\t\t<div class=\"e-con-inner\">\n\t\t<div class=\"elementor-element elementor-element-1f27b86 e-flex e-con-boxed e-con\" data-id=\"1f27b86\" data-element_type=\"container\" data-settings=\"{&quot;content_width&quot;:&quot;boxed&quot;}\">\n\t\t\t\t\t<div class=\"e-con-inner\">\n\t\t<div class=\"elementor-element elementor-element-992eef1 e-flex e-con-boxed e-con\" data-id=\"992eef1\" data-element_type=\"container\" data-settings=\"{&quot;content_width&quot;:&quot;boxed&quot;}\">\n\t\t\t\t\t<div class=\"e-con-inner\">\n\t\t<div class=\"elementor-element elementor-element-283c8f5 e-con-full e-flex e-con\" data-id=\"283c8f5\" data-element_type=\"container\" data-settings=\"{&quot;content_width&quot;:&quot;full&quot;}\">\n\t\t\t\t<div class=\"elementor-element elementor-element-3407690 elementor-widget elementor-widget-heading\" data-id=\"3407690\" data-element_type=\"widget\" data-widget_type=\"heading.default\">\n\t\t\t\t<div class=\"elementor-widget-container\">\n\t\t\t<h3 class=\"elementor-heading-title elementor-size-default\">Info<\/h3>\t\t<\/div>\n\t\t\t\t<\/div>\n\t\t\t\t<div class=\"elementor-element elementor-element-1ac69e0 elementor-view-default elementor-widget elementor-widget-icon\" data-id=\"1ac69e0\" data-element_type=\"widget\" data-widget_type=\"icon.default\">\n\t\t\t\t<div class=\"elementor-widget-container\">\n\t\t\t\t\t<div class=\"elementor-icon-wrapper\">\n\t\t\t<div class=\"elementor-icon\">\n\t\t\t<i aria-hidden=\"true\" class=\"fas fa-euro-sign\"><\/i>\t\t\t<\/div>\n\t\t<\/div>\n\t\t\t\t<\/div>\n\t\t\t\t<\/div>\n\t\t\t\t<div class=\"elementor-element elementor-element-09088c4 elementor-widget elementor-widget-text-editor\" data-id=\"09088c4\" data-element_type=\"widget\" data-widget_type=\"text-editor.default\">\n\t\t\t\t<div class=\"elementor-widget-container\">\n\t\t\t\t\t\t\t<p style=\"text-align: center;\">Il tour della cantina con degustazione di 3 annate di &#8220;Amarone della Valpolicella DOCG Classico&#8221; ha un <strong>costo complessivo di 580,00 \u20ac (invariato fino a 6 persone)<\/strong> con pagamento anticipato. I bambini\/ragazzi fino a 18 anni che non partecipano alla degustazione, sono gratuiti.<\/p>\t\t\t\t\t\t<\/div>\n\t\t\t\t<\/div>\n\t\t\t\t<div class=\"elementor-element elementor-element-d2fab98 elementor-view-default elementor-widget elementor-widget-icon\" data-id=\"d2fab98\" data-element_type=\"widget\" data-widget_type=\"icon.default\">\n\t\t\t\t<div class=\"elementor-widget-container\">\n\t\t\t\t\t<div class=\"elementor-icon-wrapper\">\n\t\t\t<div class=\"elementor-icon\">\n\t\t\t<i aria-hidden=\"true\" class=\"far fa-calendar-alt\"><\/i>\t\t\t<\/div>\n\t\t<\/div>\n\t\t\t\t<\/div>\n\t\t\t\t<\/div>\n\t\t\t\t<div class=\"elementor-element elementor-element-4b60c12 elementor-widget elementor-widget-text-editor\" data-id=\"4b60c12\" data-element_type=\"widget\" data-widget_type=\"text-editor.default\">\n\t\t\t\t<div class=\"elementor-widget-container\">\n\t\t\t\t\t\t\t<p style=\"text-align: center;\">Besuche sind nur nach Reservierung m\u00f6glich.<\/p>\t\t\t\t\t\t<\/div>\n\t\t\t\t<\/div>\n\t\t\t\t<div class=\"elementor-element elementor-element-a601087 elementor-view-default elementor-widget elementor-widget-icon\" data-id=\"a601087\" data-element_type=\"widget\" data-widget_type=\"icon.default\">\n\t\t\t\t<div class=\"elementor-widget-container\">\n\t\t\t\t\t<div class=\"elementor-icon-wrapper\">\n\t\t\t<div class=\"elementor-icon\">\n\t\t\t<i aria-hidden=\"true\" class=\"fas fa-clock\"><\/i>\t\t\t<\/div>\n\t\t<\/div>\n\t\t\t\t<\/div>\n\t\t\t\t<\/div>\n\t\t\t\t<div class=\"elementor-element elementor-element-f1d3ca3 elementor-widget elementor-widget-text-editor\" data-id=\"f1d3ca3\" data-element_type=\"widget\" data-widget_type=\"text-editor.default\">\n\t\t\t\t<div class=\"elementor-widget-container\">\n\t\t\t\t\t\t\t<p style=\"text-align: center;\">Die Weingutbesichtigung dauert ca. 45min. Die anschlie\u00dfende Verkostung dauert ca. 30-40 min.<\/p>\t\t\t\t\t\t<\/div>\n\t\t\t\t<\/div>\n\t\t\t\t<div class=\"elementor-element elementor-element-a970fdf elementor-view-default elementor-widget elementor-widget-icon\" data-id=\"a970fdf\" data-element_type=\"widget\" data-widget_type=\"icon.default\">\n\t\t\t\t<div class=\"elementor-widget-container\">\n\t\t\t\t\t<div class=\"elementor-icon-wrapper\">\n\t\t\t<div class=\"elementor-icon\">\n\t\t\t<i aria-hidden=\"true\" class=\"fas fa-flag\"><\/i>\t\t\t<\/div>\n\t\t<\/div>\n\t\t\t\t<\/div>\n\t\t\t\t<\/div>\n\t\t\t\t<div class=\"elementor-element elementor-element-6eb4ca6 elementor-widget elementor-widget-text-editor\" data-id=\"6eb4ca6\" data-element_type=\"widget\" data-widget_type=\"text-editor.default\">\n\t\t\t\t<div class=\"elementor-widget-container\">\n\t\t\t\t\t\t\t<p style=\"text-align: center;\">Die F\u00fchrungen werden in Italienisch oder auf Englisch durchgef\u00fchrt.<\/p>\t\t\t\t\t\t<\/div>\n\t\t\t\t<\/div>\n\t\t\t\t<div class=\"elementor-element elementor-element-960552a elementor-view-default elementor-widget elementor-widget-icon\" data-id=\"960552a\" data-element_type=\"widget\" data-widget_type=\"icon.default\">\n\t\t\t\t<div class=\"elementor-widget-container\">\n\t\t\t\t\t<div class=\"elementor-icon-wrapper\">\n\t\t\t<div class=\"elementor-icon\">\n\t\t\t<i aria-hidden=\"true\" class=\"fas fa-wheelchair\"><\/i>\t\t\t<\/div>\n\t\t<\/div>\n\t\t\t\t<\/div>\n\t\t\t\t<\/div>\n\t\t\t\t<div class=\"elementor-element elementor-element-5c6af54 elementor-widget elementor-widget-text-editor\" data-id=\"5c6af54\" data-element_type=\"widget\" data-widget_type=\"text-editor.default\">\n\t\t\t\t<div class=\"elementor-widget-container\">\n\t\t\t\t\t\t\t<p style=\"text-align: center;\">Es gibt keine besonderen Barrieren, sodass die Tour grunds\u00e4tzlich allen Besuchern m\u00f6glich ist. Im Falle von eingeschr\u00e4nkter Mobilit\u00e4t bitten wir jedoch um vorherige Benachrichtigung, damit wir die Tour entsprechend planen k\u00f6nnen.<\/p>\t\t\t\t\t\t<\/div>\n\t\t\t\t<\/div>\n\t\t\t\t<div class=\"elementor-element elementor-element-a0b3073 elementor-view-default elementor-widget elementor-widget-icon\" data-id=\"a0b3073\" data-element_type=\"widget\" data-widget_type=\"icon.default\">\n\t\t\t\t<div class=\"elementor-widget-container\">\n\t\t\t\t\t<div class=\"elementor-icon-wrapper\">\n\t\t\t<div class=\"elementor-icon\">\n\t\t\t<i aria-hidden=\"true\" class=\"fas fa-shopping-basket\"><\/i>\t\t\t<\/div>\n\t\t<\/div>\n\t\t\t\t<\/div>\n\t\t\t\t<\/div>\n\t\t\t\t<div class=\"elementor-element elementor-element-6e113c5 elementor-widget elementor-widget-text-editor\" data-id=\"6e113c5\" data-element_type=\"widget\" data-widget_type=\"text-editor.default\">\n\t\t\t\t<div class=\"elementor-widget-container\">\n\t\t\t\t\t\t\t<p style=\"text-align: center;\">Am Ende der Tour haben Sie die M\u00f6glichkeit, in unserem Weingutshop alle unsere Weine einzukaufen, unabh\u00e4ngig von der \u00d6ffnungszeit.<\/p>\t\t\t\t\t\t<\/div>\n\t\t\t\t<\/div>\n\t\t\t\t<div class=\"elementor-element elementor-element-95e4a6b elementor-view-default elementor-widget elementor-widget-icon\" data-id=\"95e4a6b\" data-element_type=\"widget\" data-widget_type=\"icon.default\">\n\t\t\t\t<div class=\"elementor-widget-container\">\n\t\t\t\t\t<div class=\"elementor-icon-wrapper\">\n\t\t\t<div class=\"elementor-icon\">\n\t\t\t<i aria-hidden=\"true\" class=\"fas fa-dog\"><\/i>\t\t\t<\/div>\n\t\t<\/div>\n\t\t\t\t<\/div>\n\t\t\t\t<\/div>\n\t\t\t\t<div class=\"elementor-element elementor-element-182c01c elementor-widget elementor-widget-text-editor\" data-id=\"182c01c\" data-element_type=\"widget\" data-widget_type=\"text-editor.default\">\n\t\t\t\t<div class=\"elementor-widget-container\">\n\t\t\t\t\t\t\t<p style=\"text-align: center;\">Wir lieben Tiere und besonders Hunde sind willkommen. Aus Hygienebestimmungen d\u00fcrfen Tiere\/Hunde nicht mit in das Weingut, aber Sie d\u00fcrfen gerne w\u00e4hrend Ihrer Tour in unserem shop oder Garten verweilen. Es ist uns eine Freude, sie w\u00e4hrend Ihrer Tour zu beaufsichtigen, damit Sie Ihre Weingutbesichtigung genie\u00dfen k\u00f6nnen.<\/p>\t\t\t\t\t\t<\/div>\n\t\t\t\t<\/div>\n\t\t\t\t<\/div>\n\t\t<div class=\"elementor-element elementor-element-001f591 e-con-full e-flex e-con\" data-id=\"001f591\" data-element_type=\"container\" data-settings=\"{&quot;content_width&quot;:&quot;full&quot;}\">\n\t\t\t\t<div class=\"elementor-element elementor-element-667c90f elementor-widget elementor-widget-heading\" data-id=\"667c90f\" data-element_type=\"widget\" data-widget_type=\"heading.default\">\n\t\t\t\t<div class=\"elementor-widget-container\">\n\t\t\t<h3 class=\"elementor-heading-title elementor-size-default\">Wo sind wir<\/h3>\t\t<\/div>\n\t\t\t\t<\/div>\n\t\t\t\t<div class=\"elementor-element elementor-element-bcb627b elementor-widget elementor-widget-html\" data-id=\"bcb627b\" data-element_type=\"widget\" data-widget_type=\"html.default\">\n\t\t\t\t<div class=\"elementor-widget-container\">\n\t\t\t<iframe src=\"https:\/\/www.google.com\/maps\/embed?pb=!1m14!1m8!1m3!1d1397.1551760937928!2d10.724467!3d45.544082!3m2!1i1024!2i768!4f13.1!3m3!1m2!1s0x0%3A0x3841f4b8f0c1702b!2sCantine%20Lenotti!5e0!3m2!1sit!2sit!4v1626095948225!5m2!1sit!2sit\" width=\"100%\" height=\"750\" style=\"border:0;\" allowfullscreen=\"\" loading=\"lazy\"><\/iframe>\t\t<\/div>\n\t\t\t\t<\/div>\n\t\t\t\t<\/div>\n\t\t\t\t\t<\/div>\n\t\t\t\t<\/div>\n\t\t\t\t\t<\/div>\n\t\t\t\t<\/div>\n\t\t\t\t\t<\/div>\n\t\t\t\t<\/div>\n\t\t<div class=\"elementor-element elementor-element-25b1a24 e-flex e-con-boxed e-con\" data-id=\"25b1a24\" data-element_type=\"container\" data-settings=\"{&quot;content_width&quot;:&quot;boxed&quot;}\">\n\t\t\t\t\t<div class=\"e-con-inner\">\n\t\t\t\t<div class=\"elementor-element elementor-element-d5c2942 elementor-widget elementor-widget-eael-creative-button\" data-id=\"d5c2942\" data-element_type=\"widget\" data-widget_type=\"eael-creative-button.default\">\n\t\t\t\t<div class=\"elementor-widget-container\">\n\t\t\t        <div class=\"eael-creative-button-wrapper\">\n\n            <a class=\"eael-creative-button eael-creative-button--default\" href=\"https:\/\/www.lenotti.com\/de\/calendario-degustazioni-amarone-3-decadi\/\" data-text=\"Go!\">\n\n\t    \n                <div class=\"creative-button-inner\">\n\n                    \n                    <span class=\"cretive-button-text\">Jetzt Buchen<\/span>\n\n                                    <\/div>\n\t                        <\/a>\n        <\/div>\n\t\t<\/div>\n\t\t\t\t<\/div>\n\t\t\t\t\t<\/div>\n\t\t\t\t<\/div>\n\t\t\t\t\t\t\t<\/div>","protected":false},"excerpt":{"rendered":"<p>Verticale di Amarone -3 decadi- Un viaggio nel tempo per comprendere l&#8217;evoluzione del vino&#8230; L&#8217;esperienza che proponiamo si divide in due parti: il tour della cantina e la degustazione. IL TOUR Scopo del nostro tour \u00e8 far ripercorrere ai nostri visitatori le tappe che compie il grappolo d\u2019uva: dalla vigna alla bottiglia. Il tour inizia&#8230;<\/p>","protected":false},"author":1,"featured_media":0,"parent":0,"menu_order":0,"comment_status":"closed","ping_status":"closed","template":"","meta":{"_mo_disable_npp":"","footnotes":""},"class_list":["post-1001550","page","type-page","status-publish","hentry"],"_links":{"self":[{"href":"https:\/\/www.lenotti.com\/de\/wp-json\/wp\/v2\/pages\/1001550","targetHints":{"allow":["GET"]}}],"collection":[{"href":"https:\/\/www.lenotti.com\/de\/wp-json\/wp\/v2\/pages"}],"about":[{"href":"https:\/\/www.lenotti.com\/de\/wp-json\/wp\/v2\/types\/page"}],"author":[{"embeddable":true,"href":"https:\/\/www.lenotti.com\/de\/wp-json\/wp\/v2\/users\/1"}],"replies":[{"embeddable":true,"href":"https:\/\/www.lenotti.com\/de\/wp-json\/wp\/v2\/comments?post=1001550"}],"version-history":[{"count":23,"href":"https:\/\/www.lenotti.com\/de\/wp-json\/wp\/v2\/pages\/1001550\/revisions"}],"predecessor-version":[{"id":1002089,"href":"https:\/\/www.lenotti.com\/de\/wp-json\/wp\/v2\/pages\/1001550\/revisions\/1002089"}],"wp:attachment":[{"href":"https:\/\/www.lenotti.com\/de\/wp-json\/wp\/v2\/media?parent=1001550"}],"curies":[{"name":"wp","href":"https:\/\/api.w.org\/{rel}","templated":true}]}}