{"id":1001545,"date":"2025-05-27T10:43:19","date_gmt":"2025-05-27T08:43:19","guid":{"rendered":"https:\/\/www.lenotti.com\/?page_id=1001545"},"modified":"2025-11-13T17:24:02","modified_gmt":"2025-11-13T16:24:02","slug":"deguastazione-verona-verticale-bardolino-lago-di-garda","status":"publish","type":"page","link":"https:\/\/www.lenotti.com\/de\/deguastazione-verona-verticale-bardolino-lago-di-garda\/","title":{"rendered":"Verona verticale"},"content":{"rendered":"<!-- Added by Post\/Page specific custom CSS plugin, thank you for using! -->\n<style>.cross-sells ul.products.vamtam-wc li.product .vamtam-product-cats, .elementor-wc-products ul.products.vamtam-wc li.product .vamtam-product-cats {\r\n    margin-bottom: .5em;\r\n    display: none;\r\n}\r\n:not(.vamtam-limited-layout).woocommerce ul.products li.product:not(.product-category):hover .vamtam-add-to-cart-wrap a.added_to_cart, :not(.vamtam-limited-layout).woocommerce ul.products li.product:not(.product-category):hover .vamtam-add-to-cart-wrap a.button {\r\n    opacity: 1;\r\n    transform: translateY(0);\r\n    background: #f9f8f4;\r\n}<\/style>\n\t\t<div data-elementor-type=\"wp-page\" data-elementor-id=\"1001545\" class=\"elementor elementor-1001545\" data-elementor-post-type=\"page\">\n\t\t\t\t\t\t\t\t\t<section class=\"elementor-section elementor-top-section elementor-element elementor-element-05a5b4e elementor-section-height-min-height elementor-section-content-bottom elementor-section-boxed elementor-section-height-default elementor-section-items-middle\" data-id=\"05a5b4e\" data-element_type=\"section\" data-settings=\"{&quot;background_background&quot;:&quot;classic&quot;}\">\n\t\t\t\t\t\t\t<div class=\"elementor-background-overlay\"><\/div>\n\t\t\t\t\t\t\t<div class=\"elementor-container elementor-column-gap-default\">\n\t\t\t\t\t<div class=\"elementor-column elementor-col-100 elementor-top-column elementor-element elementor-element-6a08261\" data-id=\"6a08261\" data-element_type=\"column\">\n\t\t\t<div class=\"elementor-widget-wrap elementor-element-populated\">\n\t\t\t\t\t\t\t\t<div class=\"elementor-element elementor-element-a91e5f8 elementor-widget elementor-widget-heading\" data-id=\"a91e5f8\" data-element_type=\"widget\" data-widget_type=\"heading.default\">\n\t\t\t\t<div class=\"elementor-widget-container\">\n\t\t\t<h1 class=\"elementor-heading-title elementor-size-default\">Verona  verticale <br>-4 Jahrg\u00e4nge-<\/h1>\t\t<\/div>\n\t\t\t\t<\/div>\n\t\t\t\t\t<\/div>\n\t\t<\/div>\n\t\t\t\t\t\t\t<\/div>\n\t\t<\/section>\n\t\t<div class=\"elementor-element elementor-element-18d20fb e-flex e-con-boxed e-con\" data-id=\"18d20fb\" data-element_type=\"container\" data-settings=\"{&quot;content_width&quot;:&quot;boxed&quot;}\">\n\t\t\t\t\t<div class=\"e-con-inner\">\n\t\t<div class=\"elementor-element elementor-element-a512c2b e-flex e-con-boxed e-con\" data-id=\"a512c2b\" data-element_type=\"container\" data-settings=\"{&quot;content_width&quot;:&quot;boxed&quot;}\">\n\t\t\t\t\t<div class=\"e-con-inner\">\n\t\t\t\t<div class=\"elementor-element elementor-element-55f7c02 elementor-widget elementor-widget-heading\" data-id=\"55f7c02\" data-element_type=\"widget\" data-widget_type=\"heading.default\">\n\t\t\t\t<div class=\"elementor-widget-container\">\n\t\t\t<h3 class=\"elementor-heading-title elementor-size-default\">Eine Zeitreise, um die Entwicklung des Weins zu verstehen...<\/h3>\t\t<\/div>\n\t\t\t\t<\/div>\n\t\t\t\t\t<\/div>\n\t\t\t\t<\/div>\n\t\t\t\t\t<\/div>\n\t\t\t\t<\/div>\n\t\t<div class=\"elementor-element elementor-element-8b042cf e-flex e-con-boxed e-con\" data-id=\"8b042cf\" data-element_type=\"container\" data-settings=\"{&quot;content_width&quot;:&quot;boxed&quot;}\">\n\t\t\t\t\t<div class=\"e-con-inner\">\n\t\t<div class=\"elementor-element elementor-element-aab63e3 e-flex e-con-boxed e-con\" data-id=\"aab63e3\" data-element_type=\"container\" data-settings=\"{&quot;content_width&quot;:&quot;boxed&quot;}\">\n\t\t\t\t\t<div class=\"e-con-inner\">\n\t\t\t\t<div class=\"elementor-element elementor-element-37bfa14 elementor-widget elementor-widget-text-editor\" data-id=\"37bfa14\" data-element_type=\"widget\" data-widget_type=\"text-editor.default\">\n\t\t\t\t<div class=\"elementor-widget-container\">\n\t\t\t\t\t\t\t<p>Das von uns angebotene Erlebnis gliedert sich in zwei Teile: die Weinkellerf\u00fchrung und die Verkostung.<\/p>\n<p><span style=\"font-size: 24pt;\">DIE F\u00dcHRUNG<\/span><\/p>\n<p style=\"font-style: normal; font-variant-ligatures: normal; font-variant-caps: normal; font-weight: 400; font-size: 20px; font-family: 'Cormorant Infant', sans-serif;\">Unser Ziel bei der F\u00fchrung ist es, unseren Besuchern die Reise der Weintraube aufzuzeigen: vom Weinberg bis zur Flasche.<\/p>\n<p style=\"font-style: normal; font-variant-ligatures: normal; font-variant-caps: normal; font-weight: 400; font-size: 20px; font-family: 'Cormorant Infant', sans-serif;\">Die Tour startet im Weinberg \u201cSanta Christina\u201d direkt hinter dem Weingut, dem kleinsten unserer Weinberge (nur 12.000qm). Er ist einer der wenigen Weinberge direkt an den Ufern des Gardasees.<\/p>\n<p style=\"font-style: normal; font-variant-ligatures: normal; font-variant-caps: normal; font-weight: 400; font-size: 20px; font-family: 'Cormorant Infant', sans-serif;\">Danach wenden wir uns der Traubenannahme, der Traubenpresse und dem G\u00e4rkeller zu, wo w\u00e4hrend der Ernte die Trauben gepresst und anschlie\u00dfend in kontrollierter Temperatur in Stahltanks g\u00e4ren.<\/p>\n<p style=\"font-style: normal; font-variant-ligatures: normal; font-variant-caps: normal; font-weight: 400; font-size: 20px; font-family: 'Cormorant Infant', sans-serif;\">Nun gehen wir in den unterirdischen Fasskeller, der aus 2 Hallen mit gleichbleibender Temperatur und Luftfeuchtigkeit besteht: Die erste Halle enth\u00e4lt 40 gro\u00dfe Holzf\u00e4sser (2500 l je Fass) und rund 800 kleinere Eichenf\u00e4sser (je 300l + 500l) F\u00e4sser, in denen wir unsere kr\u00e4ftigen und alkoholstarken Weine verfeinern und malolaktisch g\u00e4ren (2. G\u00e4rung).<\/p>\n<p style=\"font-style: normal; font-variant-ligatures: normal; font-variant-caps: normal; font-weight: 400; font-size: 20px; font-family: 'Cormorant Infant', sans-serif;\">In der zweiten Halle werden die bereits abgef\u00fcllten Rotweine gelagert um weiter zu verfeinern und zu reifen. Dort bleiben Sie, bis sie perfekt f\u00fcr den Verzehr sind.\n\nVon dem Fasslager gehen wir dann zur Abf\u00fcllanlage, wo die Weine abgef\u00fcllt werden. Sie haben einen \u00dcberblick \u00fcber die Abf\u00fcllmaschinen und den Etikettier- und Verpackungsmaschinen.<\/p>\n<p style=\"font-style: normal; font-variant-ligatures: normal; font-variant-caps: normal; font-weight: 400; font-size: 20px; font-family: 'Cormorant Infant', sans-serif;\">W\u00e4hrend der Tour erfahren Sie nat\u00fcrlich viele Details zur Lenotti Familiengeschichte und erhalten exklusive Erkl\u00e4rungen und Geschichten zu den Weinen.<\/p>\n<p><span style=\"font-size: 24pt;\">DIE VERKOSTUNG<\/span><\/p>\n<p>Nach der F\u00fchrung kehren wir in den Barriquekeller zur\u00fcck, wo wir eine gef\u00fchrte Verkostung von vier gro\u00dfartigen Jahrg\u00e4ngen der repr\u00e4sentativsten Veroneser Rotweine durchf\u00fchren:&nbsp;<\/p>\n<p>-2001: ein milder Sommer und ein langer Herbst erm\u00f6glichten eine langsamere und kontrolliertere Appassimento, die den Weinen eine elegante Struktur mit weichen Tanninen verlieh. Unser IGT Rosso del Veneto \u201eMassimo\u201c bietet Noten von frischer Kirsche, aromatischen Kr\u00e4utern und leichten Gew\u00fcrzen. Er besitzt eine ausgezeichnete Lagerf\u00e4higkeit und die F\u00e4higkeit, sich \u00fcber die Zeit zu entwickeln.<\/p>\n<p class=\" translation-block\">-2004: Diese Saison zeichnete sich durch stabiles Klima aus, was eine Appassimento unter idealen Bedingungen erm\u00f6glichte, beg\u00fcnstigt durch k\u00fchle und konstante Temperaturen, die S\u00e4ure und Komplexit\u00e4t bewahrten. Der Cabernet Sauvignon IGT Rosso del Veneto \u201ePramonte\u201c behielt ein fruchtiges Profil mit guter Struktur und Eleganz bei.<\/p>\n<p class=\" translation-block\">-2008: das k\u00fchlere Wetter \u00fcberwog und beg\u00fcnstigte eine langsame Reifung \u2013 ideale Bedingungen f\u00fcr die Appassimento. Davon profitierte Il Ripasso della Valpolicella DOC Classico \u201eLe Crosare\u201c, ein Wein von seltener Frische und Komplexit\u00e4t, mit Noten von roten Fr\u00fcchten, kombiniert mit lebendiger S\u00e4ure.<\/p>\n<p>-2014: Dieser Jahrgang war auch von reichlichen Regenf\u00e4llen gepr\u00e4gt, was w\u00e4hrend der Appassimento (Trocknung der Trauben) Herausforderungen mit sich brachte. Diese wurde dank des Wissens unseres \u00d6nologen Giancarlo Lenotti brillant gemeistert. Seine Meisterleistung erm\u00f6glichte es uns, einen fruchtigen und ausgewogenen Bardolino Superiore DOCG Classico \u201eLe Olle\u201c mit einem lebhaften aromatischen Profil und einer leichten Struktur zu erzeugen.<\/p>\n<p><span style=\"font-size: 24pt;\">DANKE<\/span><\/p>\n<p>Wir hoffen, Ihnen mit diesem Vorschlag die Eigenschaften dieser au\u00dfergew\u00f6hnlichen Weine vollst\u00e4ndig n\u00e4herbringen und Ihnen die Sch\u00f6nheit unserer Gegend, die so pr\u00e4destiniert f\u00fcr den Weinbau ist, n\u00e4herbringen zu k\u00f6nnen.<\/p>\t\t\t\t\t\t<\/div>\n\t\t\t\t<\/div>\n\t\t\t\t\t<\/div>\n\t\t\t\t<\/div>\n\t\t\t\t\t<\/div>\n\t\t\t\t<\/div>\n\t\t<div class=\"elementor-element elementor-element-d873048 e-flex e-con-boxed e-con\" data-id=\"d873048\" data-element_type=\"container\" data-settings=\"{&quot;content_width&quot;:&quot;boxed&quot;}\">\n\t\t\t\t\t<div class=\"e-con-inner\">\n\t\t<div class=\"elementor-element elementor-element-2fbe3e2 e-flex e-con-boxed e-con\" data-id=\"2fbe3e2\" data-element_type=\"container\" data-settings=\"{&quot;content_width&quot;:&quot;boxed&quot;}\">\n\t\t\t\t\t<div class=\"e-con-inner\">\n\t\t\t\t<div class=\"elementor-element elementor-element-3181b5f elementor-widget-divider--view-line elementor-widget elementor-widget-divider\" data-id=\"3181b5f\" data-element_type=\"widget\" data-widget_type=\"divider.default\">\n\t\t\t\t<div class=\"elementor-widget-container\">\n\t\t\t\t\t<div class=\"elementor-divider\">\n\t\t\t<span class=\"elementor-divider-separator\">\n\t\t\t\t\t\t<\/span>\n\t\t<\/div>\n\t\t\t\t<\/div>\n\t\t\t\t<\/div>\n\t\t\t\t\t<\/div>\n\t\t\t\t<\/div>\n\t\t\t\t\t<\/div>\n\t\t\t\t<\/div>\n\t\t<div class=\"elementor-element elementor-element-7a5888c e-flex e-con-boxed e-con\" data-id=\"7a5888c\" data-element_type=\"container\" data-settings=\"{&quot;content_width&quot;:&quot;boxed&quot;}\">\n\t\t\t\t\t<div class=\"e-con-inner\">\n\t\t<div class=\"elementor-element elementor-element-4300b28 e-flex e-con-boxed e-con\" data-id=\"4300b28\" data-element_type=\"container\" data-settings=\"{&quot;content_width&quot;:&quot;boxed&quot;}\">\n\t\t\t\t\t<div class=\"e-con-inner\">\n\t\t<div class=\"elementor-element elementor-element-744a069 e-flex e-con-boxed e-con\" data-id=\"744a069\" data-element_type=\"container\" data-settings=\"{&quot;content_width&quot;:&quot;boxed&quot;}\">\n\t\t\t\t\t<div class=\"e-con-inner\">\n\t\t<div class=\"elementor-element elementor-element-7bb2149 e-con-full e-flex e-con\" data-id=\"7bb2149\" data-element_type=\"container\" data-settings=\"{&quot;content_width&quot;:&quot;full&quot;}\">\n\t\t\t\t<div class=\"elementor-element elementor-element-6fa490c elementor-widget elementor-widget-heading\" data-id=\"6fa490c\" data-element_type=\"widget\" data-widget_type=\"heading.default\">\n\t\t\t\t<div class=\"elementor-widget-container\">\n\t\t\t<h3 class=\"elementor-heading-title elementor-size-default\">Info<\/h3>\t\t<\/div>\n\t\t\t\t<\/div>\n\t\t\t\t<div class=\"elementor-element elementor-element-0d1fb03 elementor-view-default elementor-widget elementor-widget-icon\" data-id=\"0d1fb03\" data-element_type=\"widget\" data-widget_type=\"icon.default\">\n\t\t\t\t<div class=\"elementor-widget-container\">\n\t\t\t\t\t<div class=\"elementor-icon-wrapper\">\n\t\t\t<div class=\"elementor-icon\">\n\t\t\t<i aria-hidden=\"true\" class=\"fas fa-euro-sign\"><\/i>\t\t\t<\/div>\n\t\t<\/div>\n\t\t\t\t<\/div>\n\t\t\t\t<\/div>\n\t\t\t\t<div class=\"elementor-element elementor-element-952d37e elementor-widget elementor-widget-text-editor\" data-id=\"952d37e\" data-element_type=\"widget\" data-widget_type=\"text-editor.default\">\n\t\t\t\t<div class=\"elementor-widget-container\">\n\t\t\t\t\t\t\t<p style=\"text-align: center;\">Die Weinkellerf\u00fchrung mit Verkostung von 4 Rotwein-Jahrg\u00e4ngen kostet 195 \u20ac (unver\u00e4ndert f\u00fcr bis zu 6 Personen) bei Vorauszahlung. Kinder und Jugendliche bis 18 Jahre, die nicht an der Verkostung teilnehmen, sind kostenlos.<\/p>\t\t\t\t\t\t<\/div>\n\t\t\t\t<\/div>\n\t\t\t\t<div class=\"elementor-element elementor-element-2807cd6 elementor-view-default elementor-widget elementor-widget-icon\" data-id=\"2807cd6\" data-element_type=\"widget\" data-widget_type=\"icon.default\">\n\t\t\t\t<div class=\"elementor-widget-container\">\n\t\t\t\t\t<div class=\"elementor-icon-wrapper\">\n\t\t\t<div class=\"elementor-icon\">\n\t\t\t<i aria-hidden=\"true\" class=\"far fa-calendar-alt\"><\/i>\t\t\t<\/div>\n\t\t<\/div>\n\t\t\t\t<\/div>\n\t\t\t\t<\/div>\n\t\t\t\t<div class=\"elementor-element elementor-element-0088f97 elementor-widget elementor-widget-text-editor\" data-id=\"0088f97\" data-element_type=\"widget\" data-widget_type=\"text-editor.default\">\n\t\t\t\t<div class=\"elementor-widget-container\">\n\t\t\t\t\t\t\t<p style=\"text-align: center;\">Besuche sind nur nach Reservierung m\u00f6glich.<\/p>\t\t\t\t\t\t<\/div>\n\t\t\t\t<\/div>\n\t\t\t\t<div class=\"elementor-element elementor-element-f7f433b elementor-view-default elementor-widget elementor-widget-icon\" data-id=\"f7f433b\" data-element_type=\"widget\" data-widget_type=\"icon.default\">\n\t\t\t\t<div class=\"elementor-widget-container\">\n\t\t\t\t\t<div class=\"elementor-icon-wrapper\">\n\t\t\t<div class=\"elementor-icon\">\n\t\t\t<i aria-hidden=\"true\" class=\"fas fa-clock\"><\/i>\t\t\t<\/div>\n\t\t<\/div>\n\t\t\t\t<\/div>\n\t\t\t\t<\/div>\n\t\t\t\t<div class=\"elementor-element elementor-element-e9e3e83 elementor-widget elementor-widget-text-editor\" data-id=\"e9e3e83\" data-element_type=\"widget\" data-widget_type=\"text-editor.default\">\n\t\t\t\t<div class=\"elementor-widget-container\">\n\t\t\t\t\t\t\t<p style=\"text-align: center;\">Die Weingutbesichtigung dauert ca. 45min. Die anschlie\u00dfende Verkostung dauert ca. 30-40 min.<\/p>\t\t\t\t\t\t<\/div>\n\t\t\t\t<\/div>\n\t\t\t\t<div class=\"elementor-element elementor-element-c30e4fb elementor-view-default elementor-widget elementor-widget-icon\" data-id=\"c30e4fb\" data-element_type=\"widget\" data-widget_type=\"icon.default\">\n\t\t\t\t<div class=\"elementor-widget-container\">\n\t\t\t\t\t<div class=\"elementor-icon-wrapper\">\n\t\t\t<div class=\"elementor-icon\">\n\t\t\t<i aria-hidden=\"true\" class=\"fas fa-flag\"><\/i>\t\t\t<\/div>\n\t\t<\/div>\n\t\t\t\t<\/div>\n\t\t\t\t<\/div>\n\t\t\t\t<div class=\"elementor-element elementor-element-44bf992 elementor-widget elementor-widget-text-editor\" data-id=\"44bf992\" data-element_type=\"widget\" data-widget_type=\"text-editor.default\">\n\t\t\t\t<div class=\"elementor-widget-container\">\n\t\t\t\t\t\t\t<p style=\"text-align: center;\">Die F\u00fchrungen werden in Italienisch oder auf Englisch durchgef\u00fchrt.<\/p>\t\t\t\t\t\t<\/div>\n\t\t\t\t<\/div>\n\t\t\t\t<div class=\"elementor-element elementor-element-43023fe elementor-view-default elementor-widget elementor-widget-icon\" data-id=\"43023fe\" data-element_type=\"widget\" data-widget_type=\"icon.default\">\n\t\t\t\t<div class=\"elementor-widget-container\">\n\t\t\t\t\t<div class=\"elementor-icon-wrapper\">\n\t\t\t<div class=\"elementor-icon\">\n\t\t\t<i aria-hidden=\"true\" class=\"fas fa-wheelchair\"><\/i>\t\t\t<\/div>\n\t\t<\/div>\n\t\t\t\t<\/div>\n\t\t\t\t<\/div>\n\t\t\t\t<div class=\"elementor-element elementor-element-b4e1bf6 elementor-widget elementor-widget-text-editor\" data-id=\"b4e1bf6\" data-element_type=\"widget\" data-widget_type=\"text-editor.default\">\n\t\t\t\t<div class=\"elementor-widget-container\">\n\t\t\t\t\t\t\t<p style=\"text-align: center;\">Es gibt keine besonderen Barrieren, sodass die Tour grunds\u00e4tzlich allen Besuchern m\u00f6glich ist. Im Falle von eingeschr\u00e4nkter Mobilit\u00e4t bitten wir jedoch um vorherige Benachrichtigung, damit wir die Tour entsprechend planen k\u00f6nnen.<\/p>\t\t\t\t\t\t<\/div>\n\t\t\t\t<\/div>\n\t\t\t\t<div class=\"elementor-element elementor-element-c9824a7 elementor-view-default elementor-widget elementor-widget-icon\" data-id=\"c9824a7\" data-element_type=\"widget\" data-widget_type=\"icon.default\">\n\t\t\t\t<div class=\"elementor-widget-container\">\n\t\t\t\t\t<div class=\"elementor-icon-wrapper\">\n\t\t\t<div class=\"elementor-icon\">\n\t\t\t<i aria-hidden=\"true\" class=\"fas fa-shopping-basket\"><\/i>\t\t\t<\/div>\n\t\t<\/div>\n\t\t\t\t<\/div>\n\t\t\t\t<\/div>\n\t\t\t\t<div class=\"elementor-element elementor-element-8d9d4fe elementor-widget elementor-widget-text-editor\" data-id=\"8d9d4fe\" data-element_type=\"widget\" data-widget_type=\"text-editor.default\">\n\t\t\t\t<div class=\"elementor-widget-container\">\n\t\t\t\t\t\t\t<p style=\"text-align: center;\">Am Ende der Tour haben Sie die M\u00f6glichkeit, in unserem Weingutshop alle unsere Weine einzukaufen, unabh\u00e4ngig von der \u00d6ffnungszeit.<\/p>\t\t\t\t\t\t<\/div>\n\t\t\t\t<\/div>\n\t\t\t\t<div class=\"elementor-element elementor-element-f6a0576 elementor-view-default elementor-widget elementor-widget-icon\" data-id=\"f6a0576\" data-element_type=\"widget\" data-widget_type=\"icon.default\">\n\t\t\t\t<div class=\"elementor-widget-container\">\n\t\t\t\t\t<div class=\"elementor-icon-wrapper\">\n\t\t\t<div class=\"elementor-icon\">\n\t\t\t<i aria-hidden=\"true\" class=\"fas fa-dog\"><\/i>\t\t\t<\/div>\n\t\t<\/div>\n\t\t\t\t<\/div>\n\t\t\t\t<\/div>\n\t\t\t\t<div class=\"elementor-element elementor-element-3fc0128 elementor-widget elementor-widget-text-editor\" data-id=\"3fc0128\" data-element_type=\"widget\" data-widget_type=\"text-editor.default\">\n\t\t\t\t<div class=\"elementor-widget-container\">\n\t\t\t\t\t\t\t<p style=\"text-align: center;\">Wir lieben Tiere und besonders Hunde sind willkommen. Aus Hygienebestimmungen d\u00fcrfen Tiere\/Hunde nicht mit in das Weingut, aber Sie d\u00fcrfen gerne w\u00e4hrend Ihrer Tour in unserem shop oder Garten verweilen. Es ist uns eine Freude, sie w\u00e4hrend Ihrer Tour zu beaufsichtigen, damit Sie Ihre Weingutbesichtigung genie\u00dfen k\u00f6nnen.<\/p>\t\t\t\t\t\t<\/div>\n\t\t\t\t<\/div>\n\t\t\t\t<\/div>\n\t\t<div class=\"elementor-element elementor-element-99b270a e-con-full e-flex e-con\" data-id=\"99b270a\" data-element_type=\"container\" data-settings=\"{&quot;content_width&quot;:&quot;full&quot;}\">\n\t\t\t\t<div class=\"elementor-element elementor-element-fce594b elementor-widget elementor-widget-heading\" data-id=\"fce594b\" data-element_type=\"widget\" data-widget_type=\"heading.default\">\n\t\t\t\t<div class=\"elementor-widget-container\">\n\t\t\t<h3 class=\"elementor-heading-title elementor-size-default\">Wo sind wir<\/h3>\t\t<\/div>\n\t\t\t\t<\/div>\n\t\t\t\t<div class=\"elementor-element elementor-element-5d72f07 elementor-widget elementor-widget-html\" data-id=\"5d72f07\" data-element_type=\"widget\" data-widget_type=\"html.default\">\n\t\t\t\t<div class=\"elementor-widget-container\">\n\t\t\t<iframe src=\"https:\/\/www.google.com\/maps\/embed?pb=!1m14!1m8!1m3!1d1397.1551760937928!2d10.724467!3d45.544082!3m2!1i1024!2i768!4f13.1!3m3!1m2!1s0x0%3A0x3841f4b8f0c1702b!2sCantine%20Lenotti!5e0!3m2!1sit!2sit!4v1626095948225!5m2!1sit!2sit\" width=\"100%\" height=\"750\" style=\"border:0;\" allowfullscreen=\"\" loading=\"lazy\"><\/iframe>\t\t<\/div>\n\t\t\t\t<\/div>\n\t\t\t\t<\/div>\n\t\t\t\t\t<\/div>\n\t\t\t\t<\/div>\n\t\t\t\t\t<\/div>\n\t\t\t\t<\/div>\n\t\t\t\t\t<\/div>\n\t\t\t\t<\/div>\n\t\t<div class=\"elementor-element elementor-element-0630a8a e-flex e-con-boxed e-con\" data-id=\"0630a8a\" data-element_type=\"container\" data-settings=\"{&quot;content_width&quot;:&quot;boxed&quot;}\">\n\t\t\t\t\t<div class=\"e-con-inner\">\n\t\t\t\t<div class=\"elementor-element elementor-element-e839571 elementor-widget elementor-widget-eael-creative-button\" data-id=\"e839571\" data-element_type=\"widget\" data-widget_type=\"eael-creative-button.default\">\n\t\t\t\t<div class=\"elementor-widget-container\">\n\t\t\t        <div class=\"eael-creative-button-wrapper\">\n\n            <a class=\"eael-creative-button eael-creative-button--default\" href=\"https:\/\/www.lenotti.com\/de\/calendario-degustazioni-verona-verticale-4-annate\/\" data-text=\"Go!\">\n\n\t    \n                <div class=\"creative-button-inner\">\n\n                    \n                    <span class=\"cretive-button-text\">Jetzt Buchen<\/span>\n\n                                    <\/div>\n\t                        <\/a>\n        <\/div>\n\t\t<\/div>\n\t\t\t\t<\/div>\n\t\t\t\t\t<\/div>\n\t\t\t\t<\/div>\n\t\t\t\t\t\t\t<\/div>","protected":false},"excerpt":{"rendered":"<p>Verona verticale -4 annate- Un viaggio nel tempo per comprendere l&#8217;evoluzione del vino&#8230; L&#8217;esperienza che proponiamo si divide in due parti: il tour della cantina e la degustazione. IL TOUR Scopo del nostro tour \u00e8 far ripercorrere ai nostri visitatori le tappe che compie il grappolo d\u2019uva: dalla vigna alla bottiglia. Il tour inizia dal&#8230;<\/p>","protected":false},"author":1,"featured_media":0,"parent":0,"menu_order":0,"comment_status":"closed","ping_status":"closed","template":"","meta":{"_mo_disable_npp":"","footnotes":""},"class_list":["post-1001545","page","type-page","status-publish","hentry"],"_links":{"self":[{"href":"https:\/\/www.lenotti.com\/de\/wp-json\/wp\/v2\/pages\/1001545","targetHints":{"allow":["GET"]}}],"collection":[{"href":"https:\/\/www.lenotti.com\/de\/wp-json\/wp\/v2\/pages"}],"about":[{"href":"https:\/\/www.lenotti.com\/de\/wp-json\/wp\/v2\/types\/page"}],"author":[{"embeddable":true,"href":"https:\/\/www.lenotti.com\/de\/wp-json\/wp\/v2\/users\/1"}],"replies":[{"embeddable":true,"href":"https:\/\/www.lenotti.com\/de\/wp-json\/wp\/v2\/comments?post=1001545"}],"version-history":[{"count":14,"href":"https:\/\/www.lenotti.com\/de\/wp-json\/wp\/v2\/pages\/1001545\/revisions"}],"predecessor-version":[{"id":1002092,"href":"https:\/\/www.lenotti.com\/de\/wp-json\/wp\/v2\/pages\/1001545\/revisions\/1002092"}],"wp:attachment":[{"href":"https:\/\/www.lenotti.com\/de\/wp-json\/wp\/v2\/media?parent=1001545"}],"curies":[{"name":"wp","href":"https:\/\/api.w.org\/{rel}","templated":true}]}}