{"id":1001535,"date":"2025-05-27T09:53:56","date_gmt":"2025-05-27T07:53:56","guid":{"rendered":"https:\/\/www.lenotti.com\/?page_id=1001535"},"modified":"2025-11-13T17:24:41","modified_gmt":"2025-11-13T16:24:41","slug":"degustazione-verona-orizzontale-bardolino-lago-di-garda","status":"publish","type":"page","link":"https:\/\/www.lenotti.com\/de\/degustazione-verona-orizzontale-bardolino-lago-di-garda\/","title":{"rendered":"Verona orizzontale"},"content":{"rendered":"<!-- Added by Post\/Page specific custom CSS plugin, thank you for using! -->\n<style>.meta-header{\r\ndisplay: none;\r\n}<\/style>\n\t\t<div data-elementor-type=\"wp-page\" data-elementor-id=\"1001535\" class=\"elementor elementor-1001535\" data-elementor-post-type=\"page\">\n\t\t\t\t\t\t\t\t\t<section class=\"elementor-section elementor-top-section elementor-element elementor-element-1ab3026 elementor-section-height-min-height elementor-section-content-bottom elementor-section-boxed elementor-section-height-default elementor-section-items-middle\" data-id=\"1ab3026\" data-element_type=\"section\" data-settings=\"{&quot;background_background&quot;:&quot;classic&quot;}\">\n\t\t\t\t\t\t\t<div class=\"elementor-background-overlay\"><\/div>\n\t\t\t\t\t\t\t<div class=\"elementor-container elementor-column-gap-default\">\n\t\t\t\t\t<div class=\"elementor-column elementor-col-100 elementor-top-column elementor-element elementor-element-b0f7eaf\" data-id=\"b0f7eaf\" data-element_type=\"column\">\n\t\t\t<div class=\"elementor-widget-wrap elementor-element-populated\">\n\t\t\t\t\t\t\t\t<div class=\"elementor-element elementor-element-b934842 elementor-widget elementor-widget-heading\" data-id=\"b934842\" data-element_type=\"widget\" data-widget_type=\"heading.default\">\n\t\t\t\t<div class=\"elementor-widget-container\">\n\t\t\t<h1 class=\"elementor-heading-title elementor-size-default\">Verona orizzontale <br>-Jahrgang 2010-<\/h1>\t\t<\/div>\n\t\t\t\t<\/div>\n\t\t\t\t\t<\/div>\n\t\t<\/div>\n\t\t\t\t\t\t\t<\/div>\n\t\t<\/section>\n\t\t<div class=\"elementor-element elementor-element-4f5faf0 e-flex e-con-boxed e-con\" data-id=\"4f5faf0\" data-element_type=\"container\" data-settings=\"{&quot;content_width&quot;:&quot;boxed&quot;}\">\n\t\t\t\t\t<div class=\"e-con-inner\">\n\t\t<div class=\"elementor-element elementor-element-e886b0b e-flex e-con-boxed e-con\" data-id=\"e886b0b\" data-element_type=\"container\" data-settings=\"{&quot;content_width&quot;:&quot;boxed&quot;}\">\n\t\t\t\t\t<div class=\"e-con-inner\">\n\t\t\t\t<div class=\"elementor-element elementor-element-e8e453f elementor-widget elementor-widget-heading\" data-id=\"e8e453f\" data-element_type=\"widget\" data-widget_type=\"heading.default\">\n\t\t\t\t<div class=\"elementor-widget-container\">\n\t\t\t<h3 class=\"elementor-heading-title elementor-size-default\">Eine Zeitreise, um die Entwicklung des Weins zu verstehen...<\/h3>\t\t<\/div>\n\t\t\t\t<\/div>\n\t\t\t\t\t<\/div>\n\t\t\t\t<\/div>\n\t\t\t\t\t<\/div>\n\t\t\t\t<\/div>\n\t\t<div class=\"elementor-element elementor-element-975b972 e-flex e-con-boxed e-con\" data-id=\"975b972\" data-element_type=\"container\" data-settings=\"{&quot;content_width&quot;:&quot;boxed&quot;}\">\n\t\t\t\t\t<div class=\"e-con-inner\">\n\t\t<div class=\"elementor-element elementor-element-bfe4db8 e-flex e-con-boxed e-con\" data-id=\"bfe4db8\" data-element_type=\"container\" data-settings=\"{&quot;content_width&quot;:&quot;boxed&quot;}\">\n\t\t\t\t\t<div class=\"e-con-inner\">\n\t\t\t\t<div class=\"elementor-element elementor-element-2bba1cf elementor-widget elementor-widget-text-editor\" data-id=\"2bba1cf\" data-element_type=\"widget\" data-widget_type=\"text-editor.default\">\n\t\t\t\t<div class=\"elementor-widget-container\">\n\t\t\t\t\t\t\t<p>Das von uns angebotene Erlebnis gliedert sich in zwei Teile: die Weinkellerf\u00fchrung und die Verkostung.<\/p><p><span style=\"font-size: 24pt;\">DIE F\u00dcHRUNG<\/span><\/p><p style=\"font-style: normal; font-variant-ligatures: normal; font-variant-caps: normal; font-weight: 400; font-size: 20px; font-family: 'Cormorant Infant', sans-serif;\">Unser Ziel bei der F\u00fchrung ist es, unseren Besuchern die Reise der Weintraube aufzuzeigen: vom Weinberg bis zur Flasche.<\/p><p style=\"font-style: normal; font-variant-ligatures: normal; font-variant-caps: normal; font-weight: 400; font-size: 20px; font-family: 'Cormorant Infant', sans-serif;\">Die Tour startet im Weinberg \u201cSanta Christina\u201d direkt hinter dem Weingut, dem kleinsten unserer Weinberge (nur 12.000qm). Er ist einer der wenigen Weinberge direkt an den Ufern des Gardasees.<\/p><p style=\"font-style: normal; font-variant-ligatures: normal; font-variant-caps: normal; font-weight: 400; font-size: 20px; font-family: 'Cormorant Infant', sans-serif;\">Danach wenden wir uns der Traubenannahme, der Traubenpresse und dem G\u00e4rkeller zu, wo w\u00e4hrend der Ernte die Trauben gepresst und anschlie\u00dfend in kontrollierter Temperatur in Stahltanks g\u00e4ren.<\/p><p style=\"font-style: normal; font-variant-ligatures: normal; font-variant-caps: normal; font-weight: 400; font-size: 20px; font-family: 'Cormorant Infant', sans-serif;\">Nun gehen wir in den unterirdischen Fasskeller, der aus 2 Hallen mit gleichbleibender Temperatur und Luftfeuchtigkeit besteht: Die erste Halle enth\u00e4lt 40 gro\u00dfe Holzf\u00e4sser (2500 l je Fass) und rund 800 kleinere Eichenf\u00e4sser (je 300l + 500l) F\u00e4sser, in denen wir unsere kr\u00e4ftigen und alkoholstarken Weine verfeinern und malolaktisch g\u00e4ren (2. G\u00e4rung).<\/p><p style=\"font-style: normal; font-variant-ligatures: normal; font-variant-caps: normal; font-weight: 400; font-size: 20px; font-family: 'Cormorant Infant', sans-serif;\">In der zweiten Halle werden die bereits abgef\u00fcllten Rotweine gelagert um weiter zu verfeinern und zu reifen. Dort bleiben Sie, bis sie perfekt f\u00fcr den Verzehr sind.\n\nVon dem Fasslager gehen wir dann zur Abf\u00fcllanlage, wo die Weine abgef\u00fcllt werden. Sie haben einen \u00dcberblick \u00fcber die Abf\u00fcllmaschinen und den Etikettier- und Verpackungsmaschinen.<\/p><p style=\"font-style: normal; font-variant-ligatures: normal; font-variant-caps: normal; font-weight: 400; font-size: 20px; font-family: 'Cormorant Infant', sans-serif;\">W\u00e4hrend der Tour erfahren Sie nat\u00fcrlich viele Details zur Lenotti Familiengeschichte und erhalten exklusive Erkl\u00e4rungen und Geschichten zu den Weinen.<\/p><p><span style=\"font-size: 24pt;\">DIE VERKOSTUNG<\/span><\/p><p><span style=\"font-family: 'Cormorant Infant', sans-serif; font-size: 20px; font-style: normal; font-variant-ligatures: normal; font-variant-caps: normal; font-weight: 400;\">Nach der F\u00fchrung kehren wir in den Barriquekeller zur\u00fcck, wo wir eine gef\u00fchrte Verkostung der repr\u00e4sentativsten Veroneser Rotweine, alle aus demselben Jahrgang, anbieten:<\/span>\u00a0<\/p><p>-2010: Der Jahrgang war k\u00fchl und regnerisch, mit einer langsamen und gleichm\u00e4\u00dfigen Reifung. Die Appassimento (Traubentrocknung) erzeugte elegante und frische Weine. Noten von roten Fr\u00fcchten, aromatischen Kr\u00e4utern und leichten Gew\u00fcrzen werden von einer leichten, aber gut definierten Struktur begleitet. Die Tannine sind weich.<\/p><p><span style=\"font-family: 'Cormorant Infant', sans-serif; font-size: 20px; font-style: normal; font-variant-ligatures: normal; font-variant-caps: normal; font-weight: 400;\">Cabernet Sauvignon IGT Rosso del Veneto &#8220;Pramonte&#8221;<\/span><\/p><p><span style=\"font-family: 'Cormorant Infant', sans-serif; font-size: 20px; font-style: normal; font-variant-ligatures: normal; font-variant-caps: normal; font-weight: 400;\">Bardolino Superiore DOCG Classico &#8220;Le Olle&#8221;<\/span><\/p><p><span style=\"font-family: 'Cormorant Infant', sans-serif; font-size: 20px; font-style: normal; font-variant-ligatures: normal; font-variant-caps: normal; font-weight: 400;\">Ripasso della Valpolicella DOC Classico &#8220;Le Crosare&#8221;<\/span><\/p><p><span style=\"font-family: 'Cormorant Infant', sans-serif; font-size: 20px; font-style: normal; font-variant-ligatures: normal; font-variant-caps: normal; font-weight: 400;\">IGT Rosso del Veneto &#8220;Massimo&#8221;<\/span><\/p><p><span style=\"font-family: 'Cormorant Infant', sans-serif; font-size: 20px; font-style: normal; font-variant-ligatures: normal; font-variant-caps: normal; font-weight: 400;\">Sie sind unsere Spitzenweine, frisch und gut ausgewogen.<\/span><\/p><p><span style=\"font-size: 24pt;\">DANKE<\/span><\/p><p>Wir hoffen, Ihnen mit diesem Vorschlag die Eigenschaften dieses au\u00dfergew\u00f6hnlichen Weins umfassend n\u00e4herbringen zu k\u00f6nnen und Ihnen seine Entwicklung in den ersten Lebensjahren in der Flasche verst\u00e4ndlich zu machen. Dadurch m\u00f6chten wir Ihr Interesse wecken, alle m\u00f6glichen Entwicklungen zu erkunden, die sich in wesentlich l\u00e4nger gereiften Flaschen ergeben k\u00f6nnen.\u00a0<\/p><p>\u00a0<\/p>\t\t\t\t\t\t<\/div>\n\t\t\t\t<\/div>\n\t\t\t\t\t<\/div>\n\t\t\t\t<\/div>\n\t\t\t\t\t<\/div>\n\t\t\t\t<\/div>\n\t\t<div class=\"elementor-element elementor-element-b03f064 e-flex e-con-boxed e-con\" data-id=\"b03f064\" data-element_type=\"container\" data-settings=\"{&quot;content_width&quot;:&quot;boxed&quot;}\">\n\t\t\t\t\t<div class=\"e-con-inner\">\n\t\t\t\t<div class=\"elementor-element elementor-element-415ece6 elementor-widget-divider--view-line elementor-widget elementor-widget-divider\" data-id=\"415ece6\" data-element_type=\"widget\" data-widget_type=\"divider.default\">\n\t\t\t\t<div class=\"elementor-widget-container\">\n\t\t\t\t\t<div class=\"elementor-divider\">\n\t\t\t<span class=\"elementor-divider-separator\">\n\t\t\t\t\t\t<\/span>\n\t\t<\/div>\n\t\t\t\t<\/div>\n\t\t\t\t<\/div>\n\t\t\t\t\t<\/div>\n\t\t\t\t<\/div>\n\t\t<div class=\"elementor-element elementor-element-01f28f0 e-flex e-con-boxed e-con\" data-id=\"01f28f0\" data-element_type=\"container\" data-settings=\"{&quot;content_width&quot;:&quot;boxed&quot;}\">\n\t\t\t\t\t<div class=\"e-con-inner\">\n\t\t<div class=\"elementor-element elementor-element-1f3ab6c e-flex e-con-boxed e-con\" data-id=\"1f3ab6c\" data-element_type=\"container\" data-settings=\"{&quot;content_width&quot;:&quot;boxed&quot;}\">\n\t\t\t\t\t<div class=\"e-con-inner\">\n\t\t<div class=\"elementor-element elementor-element-cb40e95 e-flex e-con-boxed e-con\" data-id=\"cb40e95\" data-element_type=\"container\" data-settings=\"{&quot;content_width&quot;:&quot;boxed&quot;}\">\n\t\t\t\t\t<div class=\"e-con-inner\">\n\t\t<div class=\"elementor-element elementor-element-4f79673 e-con-full e-flex e-con\" data-id=\"4f79673\" data-element_type=\"container\" data-settings=\"{&quot;content_width&quot;:&quot;full&quot;}\">\n\t\t\t\t<div class=\"elementor-element elementor-element-97f24a2 elementor-widget elementor-widget-heading\" data-id=\"97f24a2\" data-element_type=\"widget\" data-widget_type=\"heading.default\">\n\t\t\t\t<div class=\"elementor-widget-container\">\n\t\t\t<h3 class=\"elementor-heading-title elementor-size-default\">Info<\/h3>\t\t<\/div>\n\t\t\t\t<\/div>\n\t\t\t\t<div class=\"elementor-element elementor-element-8e0740a elementor-view-default elementor-widget elementor-widget-icon\" data-id=\"8e0740a\" data-element_type=\"widget\" data-widget_type=\"icon.default\">\n\t\t\t\t<div class=\"elementor-widget-container\">\n\t\t\t\t\t<div class=\"elementor-icon-wrapper\">\n\t\t\t<div class=\"elementor-icon\">\n\t\t\t<i aria-hidden=\"true\" class=\"fas fa-euro-sign\"><\/i>\t\t\t<\/div>\n\t\t<\/div>\n\t\t\t\t<\/div>\n\t\t\t\t<\/div>\n\t\t\t\t<div class=\"elementor-element elementor-element-86c1fd3 elementor-widget elementor-widget-text-editor\" data-id=\"86c1fd3\" data-element_type=\"widget\" data-widget_type=\"text-editor.default\">\n\t\t\t\t<div class=\"elementor-widget-container\">\n\t\t\t\t\t\t\t<p style=\"text-align: center;\">Il tour della cantina con degustazione dell&#8217;annata 2010 di 4 vini rossi ha un costo complessivo di 235 \u20ac (invariato fino a 6 persone) con pagamento anticipato. I bambini\/ragazzi fino a 18 anni che non partecipano alla degustazione, sono gratuiti.<\/p>\t\t\t\t\t\t<\/div>\n\t\t\t\t<\/div>\n\t\t\t\t<div class=\"elementor-element elementor-element-58da08a elementor-view-default elementor-widget elementor-widget-icon\" data-id=\"58da08a\" data-element_type=\"widget\" data-widget_type=\"icon.default\">\n\t\t\t\t<div class=\"elementor-widget-container\">\n\t\t\t\t\t<div class=\"elementor-icon-wrapper\">\n\t\t\t<div class=\"elementor-icon\">\n\t\t\t<i aria-hidden=\"true\" class=\"far fa-calendar-alt\"><\/i>\t\t\t<\/div>\n\t\t<\/div>\n\t\t\t\t<\/div>\n\t\t\t\t<\/div>\n\t\t\t\t<div class=\"elementor-element elementor-element-ad8730e elementor-widget elementor-widget-text-editor\" data-id=\"ad8730e\" data-element_type=\"widget\" data-widget_type=\"text-editor.default\">\n\t\t\t\t<div class=\"elementor-widget-container\">\n\t\t\t\t\t\t\t<p style=\"text-align: center;\">Besuche sind nur nach Reservierung m\u00f6glich.<\/p>\t\t\t\t\t\t<\/div>\n\t\t\t\t<\/div>\n\t\t\t\t<div class=\"elementor-element elementor-element-4bc6cf7 elementor-view-default elementor-widget elementor-widget-icon\" data-id=\"4bc6cf7\" data-element_type=\"widget\" data-widget_type=\"icon.default\">\n\t\t\t\t<div class=\"elementor-widget-container\">\n\t\t\t\t\t<div class=\"elementor-icon-wrapper\">\n\t\t\t<div class=\"elementor-icon\">\n\t\t\t<i aria-hidden=\"true\" class=\"fas fa-clock\"><\/i>\t\t\t<\/div>\n\t\t<\/div>\n\t\t\t\t<\/div>\n\t\t\t\t<\/div>\n\t\t\t\t<div class=\"elementor-element elementor-element-ac09d89 elementor-widget elementor-widget-text-editor\" data-id=\"ac09d89\" data-element_type=\"widget\" data-widget_type=\"text-editor.default\">\n\t\t\t\t<div class=\"elementor-widget-container\">\n\t\t\t\t\t\t\t<p style=\"text-align: center;\">Die Weingutbesichtigung dauert ca. 45min. Die anschlie\u00dfende Verkostung dauert ca. 30-40 min.<\/p>\t\t\t\t\t\t<\/div>\n\t\t\t\t<\/div>\n\t\t\t\t<div class=\"elementor-element elementor-element-1f580ff elementor-view-default elementor-widget elementor-widget-icon\" data-id=\"1f580ff\" data-element_type=\"widget\" data-widget_type=\"icon.default\">\n\t\t\t\t<div class=\"elementor-widget-container\">\n\t\t\t\t\t<div class=\"elementor-icon-wrapper\">\n\t\t\t<div class=\"elementor-icon\">\n\t\t\t<i aria-hidden=\"true\" class=\"fas fa-flag\"><\/i>\t\t\t<\/div>\n\t\t<\/div>\n\t\t\t\t<\/div>\n\t\t\t\t<\/div>\n\t\t\t\t<div class=\"elementor-element elementor-element-88bfc27 elementor-widget elementor-widget-text-editor\" data-id=\"88bfc27\" data-element_type=\"widget\" data-widget_type=\"text-editor.default\">\n\t\t\t\t<div class=\"elementor-widget-container\">\n\t\t\t\t\t\t\t<p style=\"text-align: center;\">Die F\u00fchrungen werden in Italienisch oder auf Englisch durchgef\u00fchrt.<\/p>\t\t\t\t\t\t<\/div>\n\t\t\t\t<\/div>\n\t\t\t\t<div class=\"elementor-element elementor-element-e9b54be elementor-view-default elementor-widget elementor-widget-icon\" data-id=\"e9b54be\" data-element_type=\"widget\" data-widget_type=\"icon.default\">\n\t\t\t\t<div class=\"elementor-widget-container\">\n\t\t\t\t\t<div class=\"elementor-icon-wrapper\">\n\t\t\t<div class=\"elementor-icon\">\n\t\t\t<i aria-hidden=\"true\" class=\"fas fa-wheelchair\"><\/i>\t\t\t<\/div>\n\t\t<\/div>\n\t\t\t\t<\/div>\n\t\t\t\t<\/div>\n\t\t\t\t<div class=\"elementor-element elementor-element-b0be4a9 elementor-widget elementor-widget-text-editor\" data-id=\"b0be4a9\" data-element_type=\"widget\" data-widget_type=\"text-editor.default\">\n\t\t\t\t<div class=\"elementor-widget-container\">\n\t\t\t\t\t\t\t<p style=\"text-align: center;\">Es gibt keine besonderen Barrieren, sodass die Tour grunds\u00e4tzlich allen Besuchern m\u00f6glich ist. Im Falle von eingeschr\u00e4nkter Mobilit\u00e4t bitten wir jedoch um vorherige Benachrichtigung, damit wir die Tour entsprechend planen k\u00f6nnen.<\/p>\t\t\t\t\t\t<\/div>\n\t\t\t\t<\/div>\n\t\t\t\t<div class=\"elementor-element elementor-element-2b430ce elementor-view-default elementor-widget elementor-widget-icon\" data-id=\"2b430ce\" data-element_type=\"widget\" data-widget_type=\"icon.default\">\n\t\t\t\t<div class=\"elementor-widget-container\">\n\t\t\t\t\t<div class=\"elementor-icon-wrapper\">\n\t\t\t<div class=\"elementor-icon\">\n\t\t\t<i aria-hidden=\"true\" class=\"fas fa-shopping-basket\"><\/i>\t\t\t<\/div>\n\t\t<\/div>\n\t\t\t\t<\/div>\n\t\t\t\t<\/div>\n\t\t\t\t<div class=\"elementor-element elementor-element-82cfa43 elementor-widget elementor-widget-text-editor\" data-id=\"82cfa43\" data-element_type=\"widget\" data-widget_type=\"text-editor.default\">\n\t\t\t\t<div class=\"elementor-widget-container\">\n\t\t\t\t\t\t\t<p style=\"text-align: center;\">Am Ende der Tour haben Sie die M\u00f6glichkeit, in unserem Weingutshop alle unsere Weine einzukaufen, unabh\u00e4ngig von der \u00d6ffnungszeit.<\/p>\t\t\t\t\t\t<\/div>\n\t\t\t\t<\/div>\n\t\t\t\t<div class=\"elementor-element elementor-element-b2508a3 elementor-view-default elementor-widget elementor-widget-icon\" data-id=\"b2508a3\" data-element_type=\"widget\" data-widget_type=\"icon.default\">\n\t\t\t\t<div class=\"elementor-widget-container\">\n\t\t\t\t\t<div class=\"elementor-icon-wrapper\">\n\t\t\t<div class=\"elementor-icon\">\n\t\t\t<i aria-hidden=\"true\" class=\"fas fa-dog\"><\/i>\t\t\t<\/div>\n\t\t<\/div>\n\t\t\t\t<\/div>\n\t\t\t\t<\/div>\n\t\t\t\t<div class=\"elementor-element elementor-element-a08b272 elementor-widget elementor-widget-text-editor\" data-id=\"a08b272\" data-element_type=\"widget\" data-widget_type=\"text-editor.default\">\n\t\t\t\t<div class=\"elementor-widget-container\">\n\t\t\t\t\t\t\t<p style=\"text-align: center;\">Wir lieben Tiere und besonders Hunde sind willkommen. Aus Hygienebestimmungen d\u00fcrfen Tiere\/Hunde nicht mit in das Weingut, aber Sie d\u00fcrfen gerne w\u00e4hrend Ihrer Tour in unserem shop oder Garten verweilen. Es ist uns eine Freude, sie w\u00e4hrend Ihrer Tour zu beaufsichtigen, damit Sie Ihre Weingutbesichtigung genie\u00dfen k\u00f6nnen.<\/p>\t\t\t\t\t\t<\/div>\n\t\t\t\t<\/div>\n\t\t\t\t<\/div>\n\t\t<div class=\"elementor-element elementor-element-a551b36 e-con-full e-flex e-con\" data-id=\"a551b36\" data-element_type=\"container\" data-settings=\"{&quot;content_width&quot;:&quot;full&quot;}\">\n\t\t\t\t<div class=\"elementor-element elementor-element-2f19845 elementor-widget elementor-widget-heading\" data-id=\"2f19845\" data-element_type=\"widget\" data-widget_type=\"heading.default\">\n\t\t\t\t<div class=\"elementor-widget-container\">\n\t\t\t<h3 class=\"elementor-heading-title elementor-size-default\">Wo sind wir<\/h3>\t\t<\/div>\n\t\t\t\t<\/div>\n\t\t\t\t<div class=\"elementor-element elementor-element-99e2022 elementor-widget elementor-widget-html\" data-id=\"99e2022\" data-element_type=\"widget\" data-widget_type=\"html.default\">\n\t\t\t\t<div class=\"elementor-widget-container\">\n\t\t\t<iframe src=\"https:\/\/www.google.com\/maps\/embed?pb=!1m14!1m8!1m3!1d1397.1551760937928!2d10.724467!3d45.544082!3m2!1i1024!2i768!4f13.1!3m3!1m2!1s0x0%3A0x3841f4b8f0c1702b!2sCantine%20Lenotti!5e0!3m2!1sit!2sit!4v1626095948225!5m2!1sit!2sit\" width=\"100%\" height=\"750\" style=\"border:0;\" allowfullscreen=\"\" loading=\"lazy\"><\/iframe>\t\t<\/div>\n\t\t\t\t<\/div>\n\t\t\t\t<\/div>\n\t\t\t\t\t<\/div>\n\t\t\t\t<\/div>\n\t\t\t\t\t<\/div>\n\t\t\t\t<\/div>\n\t\t\t\t\t<\/div>\n\t\t\t\t<\/div>\n\t\t<div class=\"elementor-element elementor-element-adec62c e-flex e-con-boxed e-con\" data-id=\"adec62c\" data-element_type=\"container\" data-settings=\"{&quot;content_width&quot;:&quot;boxed&quot;}\">\n\t\t\t\t\t<div class=\"e-con-inner\">\n\t\t\t\t<div class=\"elementor-element elementor-element-8db2534 elementor-widget elementor-widget-eael-creative-button\" data-id=\"8db2534\" data-element_type=\"widget\" data-widget_type=\"eael-creative-button.default\">\n\t\t\t\t<div class=\"elementor-widget-container\">\n\t\t\t        <div class=\"eael-creative-button-wrapper\">\n\n            <a class=\"eael-creative-button eael-creative-button--default\" href=\"https:\/\/www.lenotti.com\/de\/calendario-degustazioni-verona-orizzontale-annata-2010\/\" data-text=\"Go!\">\n\n\t    \n                <div class=\"creative-button-inner\">\n\n                    \n                    <span class=\"cretive-button-text\">Jetzt Buchen<\/span>\n\n                                    <\/div>\n\t                        <\/a>\n        <\/div>\n\t\t<\/div>\n\t\t\t\t<\/div>\n\t\t\t\t\t<\/div>\n\t\t\t\t<\/div>\n\t\t\t\t\t\t\t<\/div>","protected":false},"excerpt":{"rendered":"<p>Verona orizzontale -annata 2010- Un viaggio nel tempo per comprendere l&#8217;evoluzione del vino&#8230; L&#8217;esperienza che proponiamo si divide in due parti: il tour della cantina e la degustazione. IL TOUR Scopo del nostro tour \u00e8 far ripercorrere ai nostri visitatori le tappe che compie il grappolo d\u2019uva: dalla vigna alla bottiglia. Il tour inizia dal&#8230;<\/p>","protected":false},"author":1,"featured_media":0,"parent":0,"menu_order":0,"comment_status":"closed","ping_status":"closed","template":"","meta":{"_mo_disable_npp":"","footnotes":""},"class_list":["post-1001535","page","type-page","status-publish","hentry"],"_links":{"self":[{"href":"https:\/\/www.lenotti.com\/de\/wp-json\/wp\/v2\/pages\/1001535","targetHints":{"allow":["GET"]}}],"collection":[{"href":"https:\/\/www.lenotti.com\/de\/wp-json\/wp\/v2\/pages"}],"about":[{"href":"https:\/\/www.lenotti.com\/de\/wp-json\/wp\/v2\/types\/page"}],"author":[{"embeddable":true,"href":"https:\/\/www.lenotti.com\/de\/wp-json\/wp\/v2\/users\/1"}],"replies":[{"embeddable":true,"href":"https:\/\/www.lenotti.com\/de\/wp-json\/wp\/v2\/comments?post=1001535"}],"version-history":[{"count":20,"href":"https:\/\/www.lenotti.com\/de\/wp-json\/wp\/v2\/pages\/1001535\/revisions"}],"predecessor-version":[{"id":1002095,"href":"https:\/\/www.lenotti.com\/de\/wp-json\/wp\/v2\/pages\/1001535\/revisions\/1002095"}],"wp:attachment":[{"href":"https:\/\/www.lenotti.com\/de\/wp-json\/wp\/v2\/media?parent=1001535"}],"curies":[{"name":"wp","href":"https:\/\/api.w.org\/{rel}","templated":true}]}}